{"id":14657,"date":"2024-09-28T11:02:36","date_gmt":"2024-09-28T11:02:36","guid":{"rendered":"https:\/\/Regalino-Shop.de\/?page_id=14657"},"modified":"2026-03-27T10:08:26","modified_gmt":"2026-03-27T10:08:26","slug":"schals-tuecher","status":"publish","type":"page","link":"https:\/\/Regalino-Shop.de\/?page_id=14657","title":{"rendered":"Schals &#038; T\u00fccher"},"content":{"rendered":"\n[et_pb_section fb_built=&#8220;1&#8243; _builder_version=&#8220;4.16&#8243; global_colors_info=&#8220;{}&#8220;][et_pb_row _builder_version=&#8220;4.16&#8243; _module_preset=&#8220;default&#8220; global_colors_info=&#8220;{}&#8220;][et_pb_column type=&#8220;4_4&#8243; _builder_version=&#8220;4.16&#8243; _module_preset=&#8220;default&#8220; global_colors_info=&#8220;{}&#8220;][et_pb_text _builder_version=&#8220;4.16&#8243; _dynamic_attributes=&#8220;content&#8220; _module_preset=&#8220;default&#8220; text_font=&#8220;ABeeZee||||||||&#8220; text_font_size=&#8220;39px&#8220; text_orientation=&#8220;center&#8220; global_colors_info=&#8220;{}&#8220;]@ET-DC@eyJkeW5hbWljIjp0cnVlLCJjb250ZW50IjoicG9zdF90aXRsZSIsInNldHRpbmdzIjp7ImJlZm9yZSI6IiIsImFmdGVyIjoiIn19@[\/et_pb_text][\/et_pb_column][\/et_pb_row][et_pb_row _builder_version=&#8220;4.27.6&#8243; _module_preset=&#8220;default&#8220; hover_enabled=&#8220;0&#8243; global_colors_info=&#8220;{}&#8220; width=&#8220;100%&#8220; sticky_enabled=&#8220;0&#8243;][et_pb_column type=&#8220;4_4&#8243; _builder_version=&#8220;4.16&#8243; _module_preset=&#8220;default&#8220; global_colors_info=&#8220;{}&#8220;][et_pb_shop type=&#8220;product_category&#8220; posts_number=&#8220;1000&#8243; include_categories=&#8220;1733&#8243; columns_number=&#8220;4&#8243; orderby=&#8220;date-desc&#8220; _builder_version=&#8220;4.27.6&#8243; _module_preset=&#8220;default&#8220; title_font=&#8220;ABeeZee||||||||&#8220; title_text_align=&#8220;center&#8220; title_font_size=&#8220;15px&#8220; price_text_align=&#8220;center&#8220; price_font_size=&#8220;21px&#8220; hover_enabled=&#8220;0&#8243; title_font_size_tablet=&#8220;&#8220; title_font_size_phone=&#8220;13px&#8220; title_font_size_last_edited=&#8220;on|phone&#8220; price_font_size_tablet=&#8220;&#8220; price_font_size_phone=&#8220;18px&#8220; price_font_size_last_edited=&#8220;on|tablet&#8220; global_colors_info=&#8220;{}&#8220; sticky_enabled=&#8220;0&#8243;][\/et_pb_shop][\/et_pb_column][\/et_pb_row][\/et_pb_section]\n","protected":false},"excerpt":{"rendered":"","protected":false},"author":1,"featured_media":0,"parent":0,"menu_order":0,"comment_status":"closed","ping_status":"closed","template":"","meta":{"_et_pb_use_builder":"on","_et_pb_old_content":"","_et_gb_content_width":"","footnotes":""},"class_list":["post-14657","page","type-page","status-publish","hentry"],"yoast_head":"<!-- This site is optimized with the Yoast SEO plugin v27.3 - https:\/\/yoast.com\/product\/yoast-seo-wordpress\/ -->\n<title>Schals &amp; T\u00fccher - Regalino -Lively Style Schals und T\u00fccher | regalino<\/title>\n<meta name=\"description\" content=\"Schals und T\u00fccher online kaufen bei regalino: Entdecke stilvolle T\u00fccher, leichte Schals und sch\u00f6ne Accessoires f\u00fcr jeden Tag \u2013 modern, vielseitig und liebevoll ausgew\u00e4hlt.\" \/>\n<meta name=\"robots\" content=\"index, follow, max-snippet:-1, max-image-preview:large, max-video-preview:-1\" \/>\n<link rel=\"canonical\" href=\"https:\/\/Regalino-Shop.de\/?page_id=14657\" \/>\n<meta property=\"og:locale\" content=\"de_DE\" \/>\n<meta property=\"og:type\" content=\"article\" \/>\n<meta property=\"og:title\" content=\"Schals &amp; T\u00fccher - Regalino -Lively Style Schals und T\u00fccher | regalino\" \/>\n<meta property=\"og:description\" content=\"Schals und T\u00fccher online kaufen bei regalino: Entdecke stilvolle T\u00fccher, leichte Schals und sch\u00f6ne Accessoires f\u00fcr jeden Tag \u2013 modern, vielseitig und liebevoll ausgew\u00e4hlt.\" \/>\n<meta property=\"og:url\" content=\"https:\/\/Regalino-Shop.de\/?page_id=14657\" \/>\n<meta property=\"og:site_name\" content=\"Regalino -Lively Style\" \/>\n<meta property=\"article:modified_time\" content=\"2026-03-27T10:08:26+00:00\" \/>\n<meta name=\"twitter:card\" content=\"summary_large_image\" \/>\n<meta name=\"twitter:label1\" content=\"Gesch\u00e4tzte Lesezeit\" \/>\n\t<meta name=\"twitter:data1\" content=\"1\u00a0Minute\" \/>\n<script type=\"application\/ld+json\" class=\"yoast-schema-graph\">{\"@context\":\"https:\\\/\\\/schema.org\",\"@graph\":[{\"@type\":\"WebPage\",\"@id\":\"https:\\\/\\\/Regalino-Shop.de\\\/?page_id=14657\",\"url\":\"https:\\\/\\\/Regalino-Shop.de\\\/?page_id=14657\",\"name\":\"Schals & T\u00fccher - Regalino -Lively Style Schals und T\u00fccher | regalino\",\"isPartOf\":{\"@id\":\"https:\\\/\\\/Regalino-Shop.de\\\/#website\"},\"datePublished\":\"2024-09-28T11:02:36+00:00\",\"dateModified\":\"2026-03-27T10:08:26+00:00\",\"description\":\"Schals und T\u00fccher online kaufen bei regalino: Entdecke stilvolle T\u00fccher, leichte Schals und sch\u00f6ne Accessoires f\u00fcr jeden Tag \u2013 modern, vielseitig und liebevoll ausgew\u00e4hlt.\",\"breadcrumb\":{\"@id\":\"https:\\\/\\\/Regalino-Shop.de\\\/?page_id=14657#breadcrumb\"},\"inLanguage\":\"de\",\"potentialAction\":[{\"@type\":\"ReadAction\",\"target\":[\"https:\\\/\\\/Regalino-Shop.de\\\/?page_id=14657\"]}]},{\"@type\":\"BreadcrumbList\",\"@id\":\"https:\\\/\\\/Regalino-Shop.de\\\/?page_id=14657#breadcrumb\",\"itemListElement\":[{\"@type\":\"ListItem\",\"position\":1,\"name\":\"Startseite\",\"item\":\"https:\\\/\\\/Regalino-Shop.de\\\/\"},{\"@type\":\"ListItem\",\"position\":2,\"name\":\"Schals &#038; T\u00fccher\"}]},{\"@type\":\"WebSite\",\"@id\":\"https:\\\/\\\/Regalino-Shop.de\\\/#website\",\"url\":\"https:\\\/\\\/Regalino-Shop.de\\\/\",\"name\":\"Regalino -Lively Style\",\"description\":\"gelebtes Zuhause\",\"potentialAction\":[{\"@type\":\"SearchAction\",\"target\":{\"@type\":\"EntryPoint\",\"urlTemplate\":\"https:\\\/\\\/Regalino-Shop.de\\\/?s={search_term_string}\"},\"query-input\":{\"@type\":\"PropertyValueSpecification\",\"valueRequired\":true,\"valueName\":\"search_term_string\"}}],\"inLanguage\":\"de\"}]}<\/script>\n<!-- \/ Yoast SEO plugin. -->","yoast_head_json":{"title":"Schals & T\u00fccher - Regalino -Lively Style Schals und T\u00fccher | regalino","description":"Schals und T\u00fccher online kaufen bei regalino: Entdecke stilvolle T\u00fccher, leichte Schals und sch\u00f6ne Accessoires f\u00fcr jeden Tag \u2013 modern, vielseitig und liebevoll ausgew\u00e4hlt.","robots":{"index":"index","follow":"follow","max-snippet":"max-snippet:-1","max-image-preview":"max-image-preview:large","max-video-preview":"max-video-preview:-1"},"canonical":"https:\/\/Regalino-Shop.de\/?page_id=14657","og_locale":"de_DE","og_type":"article","og_title":"Schals & T\u00fccher - Regalino -Lively Style Schals und T\u00fccher | regalino","og_description":"Schals und T\u00fccher online kaufen bei regalino: Entdecke stilvolle T\u00fccher, leichte Schals und sch\u00f6ne Accessoires f\u00fcr jeden Tag \u2013 modern, vielseitig und liebevoll ausgew\u00e4hlt.","og_url":"https:\/\/Regalino-Shop.de\/?page_id=14657","og_site_name":"Regalino -Lively Style","article_modified_time":"2026-03-27T10:08:26+00:00","twitter_card":"summary_large_image","twitter_misc":{"Gesch\u00e4tzte Lesezeit":"1\u00a0Minute"},"schema":{"@context":"https:\/\/schema.org","@graph":[{"@type":"WebPage","@id":"https:\/\/Regalino-Shop.de\/?page_id=14657","url":"https:\/\/Regalino-Shop.de\/?page_id=14657","name":"Schals & T\u00fccher - Regalino -Lively Style Schals und T\u00fccher | regalino","isPartOf":{"@id":"https:\/\/Regalino-Shop.de\/#website"},"datePublished":"2024-09-28T11:02:36+00:00","dateModified":"2026-03-27T10:08:26+00:00","description":"Schals und T\u00fccher online kaufen bei regalino: Entdecke stilvolle T\u00fccher, leichte Schals und sch\u00f6ne Accessoires f\u00fcr jeden Tag \u2013 modern, vielseitig und liebevoll ausgew\u00e4hlt.","breadcrumb":{"@id":"https:\/\/Regalino-Shop.de\/?page_id=14657#breadcrumb"},"inLanguage":"de","potentialAction":[{"@type":"ReadAction","target":["https:\/\/Regalino-Shop.de\/?page_id=14657"]}]},{"@type":"BreadcrumbList","@id":"https:\/\/Regalino-Shop.de\/?page_id=14657#breadcrumb","itemListElement":[{"@type":"ListItem","position":1,"name":"Startseite","item":"https:\/\/Regalino-Shop.de\/"},{"@type":"ListItem","position":2,"name":"Schals &#038; T\u00fccher"}]},{"@type":"WebSite","@id":"https:\/\/Regalino-Shop.de\/#website","url":"https:\/\/Regalino-Shop.de\/","name":"Regalino -Lively Style","description":"gelebtes Zuhause","potentialAction":[{"@type":"SearchAction","target":{"@type":"EntryPoint","urlTemplate":"https:\/\/Regalino-Shop.de\/?s={search_term_string}"},"query-input":{"@type":"PropertyValueSpecification","valueRequired":true,"valueName":"search_term_string"}}],"inLanguage":"de"}]}},"_links":{"self":[{"href":"https:\/\/Regalino-Shop.de\/index.php?rest_route=\/wp\/v2\/pages\/14657","targetHints":{"allow":["GET"]}}],"collection":[{"href":"https:\/\/Regalino-Shop.de\/index.php?rest_route=\/wp\/v2\/pages"}],"about":[{"href":"https:\/\/Regalino-Shop.de\/index.php?rest_route=\/wp\/v2\/types\/page"}],"author":[{"embeddable":true,"href":"https:\/\/Regalino-Shop.de\/index.php?rest_route=\/wp\/v2\/users\/1"}],"replies":[{"embeddable":true,"href":"https:\/\/Regalino-Shop.de\/index.php?rest_route=%2Fwp%2Fv2%2Fcomments&post=14657"}],"version-history":[{"count":7,"href":"https:\/\/Regalino-Shop.de\/index.php?rest_route=\/wp\/v2\/pages\/14657\/revisions"}],"predecessor-version":[{"id":18757,"href":"https:\/\/Regalino-Shop.de\/index.php?rest_route=\/wp\/v2\/pages\/14657\/revisions\/18757"}],"wp:attachment":[{"href":"https:\/\/Regalino-Shop.de\/index.php?rest_route=%2Fwp%2Fv2%2Fmedia&parent=14657"}],"curies":[{"name":"wp","href":"https:\/\/api.w.org\/{rel}","templated":true}]}}