{"id":18020,"date":"2026-03-10T07:56:19","date_gmt":"2026-03-10T07:56:19","guid":{"rendered":"https:\/\/Regalino-Shop.de\/?page_id=18020"},"modified":"2026-03-27T10:11:20","modified_gmt":"2026-03-27T10:11:20","slug":"tisch-genuss","status":"publish","type":"page","link":"https:\/\/Regalino-Shop.de\/?page_id=18020","title":{"rendered":"Tisch &#038; Genuss"},"content":{"rendered":"\n[et_pb_section admin_label=&#8220;section&#8220;]\n\t\t\t[et_pb_row admin_label=&#8220;row&#8220;]\n\t\t\t\t[et_pb_column type=&#8220;4_4&#8243;][\/et_pb_column]\n\t\t\t[\/et_pb_row]\n\t\t[\/et_pb_section]\n","protected":false},"excerpt":{"rendered":"","protected":false},"author":1,"featured_media":0,"parent":0,"menu_order":0,"comment_status":"closed","ping_status":"closed","template":"","meta":{"_et_pb_use_builder":"on","_et_pb_old_content":"","_et_gb_content_width":"","footnotes":""},"class_list":["post-18020","page","type-page","status-publish","hentry"],"yoast_head":"<!-- This site is optimized with the Yoast SEO plugin v27.5 - https:\/\/yoast.com\/product\/yoast-seo-wordpress\/ -->\n<title>Tisch &amp; Genuss - Regalino -Lively Style Tischdeko und K\u00fcchenaccessoires | regalino<\/title>\n<meta name=\"description\" content=\"Entdecke Tischdeko und K\u00fcchenaccessoires, Feinkost bei regalino: sch\u00f6ne Dinge f\u00fcr Kochen, Servieren und Genie\u00dfen \u2013 stilvoll, praktisch und liebevoll ausgew\u00e4hlt.\" \/>\n<meta name=\"robots\" content=\"index, follow, max-snippet:-1, max-image-preview:large, max-video-preview:-1\" \/>\n<link rel=\"canonical\" href=\"https:\/\/Regalino-Shop.de\/?page_id=18020\" \/>\n<meta property=\"og:locale\" content=\"de_DE\" \/>\n<meta property=\"og:type\" content=\"article\" \/>\n<meta property=\"og:title\" content=\"Tisch &amp; Genuss - Regalino -Lively Style Tischdeko und K\u00fcchenaccessoires | regalino\" \/>\n<meta property=\"og:description\" content=\"Entdecke Tischdeko und K\u00fcchenaccessoires, Feinkost bei regalino: sch\u00f6ne Dinge f\u00fcr Kochen, Servieren und Genie\u00dfen \u2013 stilvoll, praktisch und liebevoll ausgew\u00e4hlt.\" \/>\n<meta property=\"og:url\" content=\"https:\/\/Regalino-Shop.de\/?page_id=18020\" \/>\n<meta property=\"og:site_name\" content=\"Regalino -Lively Style\" \/>\n<meta property=\"article:modified_time\" content=\"2026-03-27T10:11:20+00:00\" \/>\n<meta name=\"twitter:card\" content=\"summary_large_image\" \/>\n<script type=\"application\/ld+json\" class=\"yoast-schema-graph\">{\"@context\":\"https:\\\/\\\/schema.org\",\"@graph\":[{\"@type\":\"WebPage\",\"@id\":\"https:\\\/\\\/Regalino-Shop.de\\\/?page_id=18020\",\"url\":\"https:\\\/\\\/Regalino-Shop.de\\\/?page_id=18020\",\"name\":\"Tisch & Genuss - Regalino -Lively Style Tischdeko und K\u00fcchenaccessoires | regalino\",\"isPartOf\":{\"@id\":\"https:\\\/\\\/Regalino-Shop.de\\\/#website\"},\"datePublished\":\"2026-03-10T07:56:19+00:00\",\"dateModified\":\"2026-03-27T10:11:20+00:00\",\"description\":\"Entdecke Tischdeko und K\u00fcchenaccessoires, Feinkost bei regalino: sch\u00f6ne Dinge f\u00fcr Kochen, Servieren und Genie\u00dfen \u2013 stilvoll, praktisch und liebevoll ausgew\u00e4hlt.\",\"breadcrumb\":{\"@id\":\"https:\\\/\\\/Regalino-Shop.de\\\/?page_id=18020#breadcrumb\"},\"inLanguage\":\"de\",\"potentialAction\":[{\"@type\":\"ReadAction\",\"target\":[\"https:\\\/\\\/Regalino-Shop.de\\\/?page_id=18020\"]}]},{\"@type\":\"BreadcrumbList\",\"@id\":\"https:\\\/\\\/Regalino-Shop.de\\\/?page_id=18020#breadcrumb\",\"itemListElement\":[{\"@type\":\"ListItem\",\"position\":1,\"name\":\"Startseite\",\"item\":\"https:\\\/\\\/Regalino-Shop.de\\\/\"},{\"@type\":\"ListItem\",\"position\":2,\"name\":\"Tisch &#038; Genuss\"}]},{\"@type\":\"WebSite\",\"@id\":\"https:\\\/\\\/Regalino-Shop.de\\\/#website\",\"url\":\"https:\\\/\\\/Regalino-Shop.de\\\/\",\"name\":\"Regalino -Lively Style\",\"description\":\"gelebtes Zuhause\",\"potentialAction\":[{\"@type\":\"SearchAction\",\"target\":{\"@type\":\"EntryPoint\",\"urlTemplate\":\"https:\\\/\\\/Regalino-Shop.de\\\/?s={search_term_string}\"},\"query-input\":{\"@type\":\"PropertyValueSpecification\",\"valueRequired\":true,\"valueName\":\"search_term_string\"}}],\"inLanguage\":\"de\"}]}<\/script>\n<!-- \/ Yoast SEO plugin. -->","yoast_head_json":{"title":"Tisch & Genuss - Regalino -Lively Style Tischdeko und K\u00fcchenaccessoires | regalino","description":"Entdecke Tischdeko und K\u00fcchenaccessoires, Feinkost bei regalino: sch\u00f6ne Dinge f\u00fcr Kochen, Servieren und Genie\u00dfen \u2013 stilvoll, praktisch und liebevoll ausgew\u00e4hlt.","robots":{"index":"index","follow":"follow","max-snippet":"max-snippet:-1","max-image-preview":"max-image-preview:large","max-video-preview":"max-video-preview:-1"},"canonical":"https:\/\/Regalino-Shop.de\/?page_id=18020","og_locale":"de_DE","og_type":"article","og_title":"Tisch & Genuss - Regalino -Lively Style Tischdeko und K\u00fcchenaccessoires | regalino","og_description":"Entdecke Tischdeko und K\u00fcchenaccessoires, Feinkost bei regalino: sch\u00f6ne Dinge f\u00fcr Kochen, Servieren und Genie\u00dfen \u2013 stilvoll, praktisch und liebevoll ausgew\u00e4hlt.","og_url":"https:\/\/Regalino-Shop.de\/?page_id=18020","og_site_name":"Regalino -Lively Style","article_modified_time":"2026-03-27T10:11:20+00:00","twitter_card":"summary_large_image","schema":{"@context":"https:\/\/schema.org","@graph":[{"@type":"WebPage","@id":"https:\/\/Regalino-Shop.de\/?page_id=18020","url":"https:\/\/Regalino-Shop.de\/?page_id=18020","name":"Tisch & Genuss - Regalino -Lively Style Tischdeko und K\u00fcchenaccessoires | regalino","isPartOf":{"@id":"https:\/\/Regalino-Shop.de\/#website"},"datePublished":"2026-03-10T07:56:19+00:00","dateModified":"2026-03-27T10:11:20+00:00","description":"Entdecke Tischdeko und K\u00fcchenaccessoires, Feinkost bei regalino: sch\u00f6ne Dinge f\u00fcr Kochen, Servieren und Genie\u00dfen \u2013 stilvoll, praktisch und liebevoll ausgew\u00e4hlt.","breadcrumb":{"@id":"https:\/\/Regalino-Shop.de\/?page_id=18020#breadcrumb"},"inLanguage":"de","potentialAction":[{"@type":"ReadAction","target":["https:\/\/Regalino-Shop.de\/?page_id=18020"]}]},{"@type":"BreadcrumbList","@id":"https:\/\/Regalino-Shop.de\/?page_id=18020#breadcrumb","itemListElement":[{"@type":"ListItem","position":1,"name":"Startseite","item":"https:\/\/Regalino-Shop.de\/"},{"@type":"ListItem","position":2,"name":"Tisch &#038; Genuss"}]},{"@type":"WebSite","@id":"https:\/\/Regalino-Shop.de\/#website","url":"https:\/\/Regalino-Shop.de\/","name":"Regalino -Lively Style","description":"gelebtes Zuhause","potentialAction":[{"@type":"SearchAction","target":{"@type":"EntryPoint","urlTemplate":"https:\/\/Regalino-Shop.de\/?s={search_term_string}"},"query-input":{"@type":"PropertyValueSpecification","valueRequired":true,"valueName":"search_term_string"}}],"inLanguage":"de"}]}},"_links":{"self":[{"href":"https:\/\/Regalino-Shop.de\/index.php?rest_route=\/wp\/v2\/pages\/18020","targetHints":{"allow":["GET"]}}],"collection":[{"href":"https:\/\/Regalino-Shop.de\/index.php?rest_route=\/wp\/v2\/pages"}],"about":[{"href":"https:\/\/Regalino-Shop.de\/index.php?rest_route=\/wp\/v2\/types\/page"}],"author":[{"embeddable":true,"href":"https:\/\/Regalino-Shop.de\/index.php?rest_route=\/wp\/v2\/users\/1"}],"replies":[{"embeddable":true,"href":"https:\/\/Regalino-Shop.de\/index.php?rest_route=%2Fwp%2Fv2%2Fcomments&post=18020"}],"version-history":[{"count":3,"href":"https:\/\/Regalino-Shop.de\/index.php?rest_route=\/wp\/v2\/pages\/18020\/revisions"}],"predecessor-version":[{"id":18758,"href":"https:\/\/Regalino-Shop.de\/index.php?rest_route=\/wp\/v2\/pages\/18020\/revisions\/18758"}],"wp:attachment":[{"href":"https:\/\/Regalino-Shop.de\/index.php?rest_route=%2Fwp%2Fv2%2Fmedia&parent=18020"}],"curies":[{"name":"wp","href":"https:\/\/api.w.org\/{rel}","templated":true}]}}