{"id":18022,"date":"2026-03-10T07:56:21","date_gmt":"2026-03-10T07:56:21","guid":{"rendered":"https:\/\/Regalino-Shop.de\/?page_id=18022"},"modified":"2026-03-27T10:16:52","modified_gmt":"2026-03-27T10:16:52","slug":"wohnen","status":"publish","type":"page","link":"https:\/\/Regalino-Shop.de\/?page_id=18022","title":{"rendered":"Wohnen"},"content":{"rendered":"","protected":false},"excerpt":{"rendered":"","protected":false},"author":1,"featured_media":0,"parent":0,"menu_order":0,"comment_status":"closed","ping_status":"closed","template":"","meta":{"_et_pb_use_builder":"","_et_pb_old_content":"","_et_gb_content_width":"","footnotes":""},"class_list":["post-18022","page","type-page","status-publish","hentry"],"yoast_head":"<!-- This site is optimized with the Yoast SEO plugin v27.5 - https:\/\/yoast.com\/product\/yoast-seo-wordpress\/ -->\n<title>Wohnen - Regalino -Lively Style Wohnaccessoires | Sch\u00f6ne Wohnideen bei regalino<\/title>\n<meta name=\"description\" content=\"Entdecke Wohnaccessoires bei regalino \u2013 sch\u00f6ne Deko und stilvolle Lieblingsst\u00fccke f\u00fcr ein harmonisches Zuhause.\" \/>\n<meta name=\"robots\" content=\"index, follow, max-snippet:-1, max-image-preview:large, max-video-preview:-1\" \/>\n<link rel=\"canonical\" href=\"https:\/\/Regalino-Shop.de\/?page_id=18022\" \/>\n<meta property=\"og:locale\" content=\"de_DE\" \/>\n<meta property=\"og:type\" content=\"article\" \/>\n<meta property=\"og:title\" content=\"Wohnen - Regalino -Lively Style Wohnaccessoires | Sch\u00f6ne Wohnideen bei regalino\" \/>\n<meta property=\"og:description\" content=\"Entdecke Wohnaccessoires bei regalino \u2013 sch\u00f6ne Deko und stilvolle Lieblingsst\u00fccke f\u00fcr ein harmonisches Zuhause.\" \/>\n<meta property=\"og:url\" content=\"https:\/\/Regalino-Shop.de\/?page_id=18022\" \/>\n<meta property=\"og:site_name\" content=\"Regalino -Lively Style\" \/>\n<meta property=\"article:modified_time\" content=\"2026-03-27T10:16:52+00:00\" \/>\n<meta name=\"twitter:card\" content=\"summary_large_image\" \/>\n<script type=\"application\/ld+json\" class=\"yoast-schema-graph\">{\"@context\":\"https:\\\/\\\/schema.org\",\"@graph\":[{\"@type\":\"WebPage\",\"@id\":\"https:\\\/\\\/Regalino-Shop.de\\\/?page_id=18022\",\"url\":\"https:\\\/\\\/Regalino-Shop.de\\\/?page_id=18022\",\"name\":\"Wohnen - Regalino -Lively Style Wohnaccessoires | Sch\u00f6ne Wohnideen bei regalino\",\"isPartOf\":{\"@id\":\"https:\\\/\\\/Regalino-Shop.de\\\/#website\"},\"datePublished\":\"2026-03-10T07:56:21+00:00\",\"dateModified\":\"2026-03-27T10:16:52+00:00\",\"description\":\"Entdecke Wohnaccessoires bei regalino \u2013 sch\u00f6ne Deko und stilvolle Lieblingsst\u00fccke f\u00fcr ein harmonisches Zuhause.\",\"breadcrumb\":{\"@id\":\"https:\\\/\\\/Regalino-Shop.de\\\/?page_id=18022#breadcrumb\"},\"inLanguage\":\"de\",\"potentialAction\":[{\"@type\":\"ReadAction\",\"target\":[\"https:\\\/\\\/Regalino-Shop.de\\\/?page_id=18022\"]}]},{\"@type\":\"BreadcrumbList\",\"@id\":\"https:\\\/\\\/Regalino-Shop.de\\\/?page_id=18022#breadcrumb\",\"itemListElement\":[{\"@type\":\"ListItem\",\"position\":1,\"name\":\"Startseite\",\"item\":\"https:\\\/\\\/Regalino-Shop.de\\\/\"},{\"@type\":\"ListItem\",\"position\":2,\"name\":\"Wohnen\"}]},{\"@type\":\"WebSite\",\"@id\":\"https:\\\/\\\/Regalino-Shop.de\\\/#website\",\"url\":\"https:\\\/\\\/Regalino-Shop.de\\\/\",\"name\":\"Regalino -Lively Style\",\"description\":\"gelebtes Zuhause\",\"potentialAction\":[{\"@type\":\"SearchAction\",\"target\":{\"@type\":\"EntryPoint\",\"urlTemplate\":\"https:\\\/\\\/Regalino-Shop.de\\\/?s={search_term_string}\"},\"query-input\":{\"@type\":\"PropertyValueSpecification\",\"valueRequired\":true,\"valueName\":\"search_term_string\"}}],\"inLanguage\":\"de\"}]}<\/script>\n<!-- \/ Yoast SEO plugin. -->","yoast_head_json":{"title":"Wohnen - Regalino -Lively Style Wohnaccessoires | Sch\u00f6ne Wohnideen bei regalino","description":"Entdecke Wohnaccessoires bei regalino \u2013 sch\u00f6ne Deko und stilvolle Lieblingsst\u00fccke f\u00fcr ein harmonisches Zuhause.","robots":{"index":"index","follow":"follow","max-snippet":"max-snippet:-1","max-image-preview":"max-image-preview:large","max-video-preview":"max-video-preview:-1"},"canonical":"https:\/\/Regalino-Shop.de\/?page_id=18022","og_locale":"de_DE","og_type":"article","og_title":"Wohnen - Regalino -Lively Style Wohnaccessoires | Sch\u00f6ne Wohnideen bei regalino","og_description":"Entdecke Wohnaccessoires bei regalino \u2013 sch\u00f6ne Deko und stilvolle Lieblingsst\u00fccke f\u00fcr ein harmonisches Zuhause.","og_url":"https:\/\/Regalino-Shop.de\/?page_id=18022","og_site_name":"Regalino -Lively Style","article_modified_time":"2026-03-27T10:16:52+00:00","twitter_card":"summary_large_image","schema":{"@context":"https:\/\/schema.org","@graph":[{"@type":"WebPage","@id":"https:\/\/Regalino-Shop.de\/?page_id=18022","url":"https:\/\/Regalino-Shop.de\/?page_id=18022","name":"Wohnen - Regalino -Lively Style Wohnaccessoires | Sch\u00f6ne Wohnideen bei regalino","isPartOf":{"@id":"https:\/\/Regalino-Shop.de\/#website"},"datePublished":"2026-03-10T07:56:21+00:00","dateModified":"2026-03-27T10:16:52+00:00","description":"Entdecke Wohnaccessoires bei regalino \u2013 sch\u00f6ne Deko und stilvolle Lieblingsst\u00fccke f\u00fcr ein harmonisches Zuhause.","breadcrumb":{"@id":"https:\/\/Regalino-Shop.de\/?page_id=18022#breadcrumb"},"inLanguage":"de","potentialAction":[{"@type":"ReadAction","target":["https:\/\/Regalino-Shop.de\/?page_id=18022"]}]},{"@type":"BreadcrumbList","@id":"https:\/\/Regalino-Shop.de\/?page_id=18022#breadcrumb","itemListElement":[{"@type":"ListItem","position":1,"name":"Startseite","item":"https:\/\/Regalino-Shop.de\/"},{"@type":"ListItem","position":2,"name":"Wohnen"}]},{"@type":"WebSite","@id":"https:\/\/Regalino-Shop.de\/#website","url":"https:\/\/Regalino-Shop.de\/","name":"Regalino -Lively Style","description":"gelebtes Zuhause","potentialAction":[{"@type":"SearchAction","target":{"@type":"EntryPoint","urlTemplate":"https:\/\/Regalino-Shop.de\/?s={search_term_string}"},"query-input":{"@type":"PropertyValueSpecification","valueRequired":true,"valueName":"search_term_string"}}],"inLanguage":"de"}]}},"_links":{"self":[{"href":"https:\/\/Regalino-Shop.de\/index.php?rest_route=\/wp\/v2\/pages\/18022","targetHints":{"allow":["GET"]}}],"collection":[{"href":"https:\/\/Regalino-Shop.de\/index.php?rest_route=\/wp\/v2\/pages"}],"about":[{"href":"https:\/\/Regalino-Shop.de\/index.php?rest_route=\/wp\/v2\/types\/page"}],"author":[{"embeddable":true,"href":"https:\/\/Regalino-Shop.de\/index.php?rest_route=\/wp\/v2\/users\/1"}],"replies":[{"embeddable":true,"href":"https:\/\/Regalino-Shop.de\/index.php?rest_route=%2Fwp%2Fv2%2Fcomments&post=18022"}],"version-history":[{"count":1,"href":"https:\/\/Regalino-Shop.de\/index.php?rest_route=\/wp\/v2\/pages\/18022\/revisions"}],"predecessor-version":[{"id":18026,"href":"https:\/\/Regalino-Shop.de\/index.php?rest_route=\/wp\/v2\/pages\/18022\/revisions\/18026"}],"wp:attachment":[{"href":"https:\/\/Regalino-Shop.de\/index.php?rest_route=%2Fwp%2Fv2%2Fmedia&parent=18022"}],"curies":[{"name":"wp","href":"https:\/\/api.w.org\/{rel}","templated":true}]}}