{"id":18660,"date":"2026-03-26T18:33:52","date_gmt":"2026-03-26T18:33:52","guid":{"rendered":"https:\/\/Regalino-Shop.de\/?page_id=18660"},"modified":"2026-03-26T18:44:32","modified_gmt":"2026-03-26T18:44:32","slug":"kuechentextilien","status":"publish","type":"page","link":"https:\/\/Regalino-Shop.de\/?page_id=18660","title":{"rendered":"K\u00fcchentextilien"},"content":{"rendered":"\n[et_pb_section fb_built=&#8220;1&#8243; _builder_version=&#8220;4.16&#8243; global_colors_info=&#8220;{}&#8220; theme_builder_area=&#8220;post_content&#8220;][et_pb_row _builder_version=&#8220;4.16&#8243; _module_preset=&#8220;default&#8220; global_colors_info=&#8220;{}&#8220; theme_builder_area=&#8220;post_content&#8220;][et_pb_column type=&#8220;4_4&#8243; _builder_version=&#8220;4.16&#8243; _module_preset=&#8220;default&#8220; global_colors_info=&#8220;{}&#8220; theme_builder_area=&#8220;post_content&#8220;][et_pb_text _builder_version=&#8220;4.16&#8243; _dynamic_attributes=&#8220;content&#8220; _module_preset=&#8220;default&#8220; text_font=&#8220;ABeeZee||||||||&#8220; text_font_size=&#8220;39px&#8220; text_orientation=&#8220;center&#8220; global_colors_info=&#8220;{}&#8220; theme_builder_area=&#8220;post_content&#8220;]@ET-DC@eyJkeW5hbWljIjp0cnVlLCJjb250ZW50IjoicG9zdF90aXRsZSIsInNldHRpbmdzIjp7ImJlZm9yZSI6IiIsImFmdGVyIjoiIn19@[\/et_pb_text][\/et_pb_column][\/et_pb_row][et_pb_row _builder_version=&#8220;4.27.6&#8243; _module_preset=&#8220;default&#8220; width=&#8220;100%&#8220; global_colors_info=&#8220;{}&#8220; theme_builder_area=&#8220;post_content&#8220;][et_pb_column type=&#8220;4_4&#8243; _builder_version=&#8220;4.16&#8243; _module_preset=&#8220;default&#8220; global_colors_info=&#8220;{}&#8220; theme_builder_area=&#8220;post_content&#8220;][et_pb_shop type=&#8220;product_category&#8220; posts_number=&#8220;1000&#8243; include_categories=&#8220;81&#8243; columns_number=&#8220;4&#8243; orderby=&#8220;date-desc&#8220; _builder_version=&#8220;4.27.6&#8243; _module_preset=&#8220;default&#8220; title_font=&#8220;ABeeZee||||||||&#8220; title_text_align=&#8220;center&#8220; title_font_size=&#8220;15px&#8220; price_text_align=&#8220;center&#8220; price_font_size=&#8220;21px&#8220; hover_enabled=&#8220;0&#8243; title_font_size_tablet=&#8220;&#8220; title_font_size_phone=&#8220;13px&#8220; title_font_size_last_edited=&#8220;on|phone&#8220; price_font_size_tablet=&#8220;&#8220; price_font_size_phone=&#8220;18px&#8220; price_font_size_last_edited=&#8220;on|tablet&#8220; global_colors_info=&#8220;{}&#8220; theme_builder_area=&#8220;post_content&#8220; sticky_enabled=&#8220;0&#8243;][\/et_pb_shop][\/et_pb_column][\/et_pb_row][\/et_pb_section]\n","protected":false},"excerpt":{"rendered":"","protected":false},"author":1,"featured_media":0,"parent":0,"menu_order":0,"comment_status":"closed","ping_status":"closed","template":"","meta":{"_et_pb_use_builder":"on","_et_pb_old_content":"","_et_gb_content_width":"","footnotes":""},"class_list":["post-18660","page","type-page","status-publish","hentry"],"yoast_head":"<!-- This site is optimized with the Yoast SEO plugin v27.5 - https:\/\/yoast.com\/product\/yoast-seo-wordpress\/ -->\n<title>K\u00fcchentextilien - Regalino -Lively Style K\u00fcchentextilien | regalino<\/title>\n<meta name=\"description\" content=\"Entdecke K\u00fcchentextilien bei regalino: Geschirrt\u00fccher, Sch\u00fcrzen und textile Lieblingsst\u00fccke im scandi-bretonischen Stil f\u00fcr K\u00fcche und Alltag.\" \/>\n<meta name=\"robots\" content=\"index, follow, max-snippet:-1, max-image-preview:large, max-video-preview:-1\" \/>\n<link rel=\"canonical\" href=\"https:\/\/Regalino-Shop.de\/?page_id=18660\" \/>\n<meta property=\"og:locale\" content=\"de_DE\" \/>\n<meta property=\"og:type\" content=\"article\" \/>\n<meta property=\"og:title\" content=\"K\u00fcchentextilien - Regalino -Lively Style K\u00fcchentextilien | regalino\" \/>\n<meta property=\"og:description\" content=\"Entdecke K\u00fcchentextilien bei regalino: Geschirrt\u00fccher, Sch\u00fcrzen und textile Lieblingsst\u00fccke im scandi-bretonischen Stil f\u00fcr K\u00fcche und Alltag.\" \/>\n<meta property=\"og:url\" content=\"https:\/\/Regalino-Shop.de\/?page_id=18660\" \/>\n<meta property=\"og:site_name\" content=\"Regalino -Lively Style\" \/>\n<meta property=\"article:modified_time\" content=\"2026-03-26T18:44:32+00:00\" \/>\n<meta name=\"twitter:card\" content=\"summary_large_image\" \/>\n<meta name=\"twitter:label1\" content=\"Gesch\u00e4tzte Lesezeit\" \/>\n\t<meta name=\"twitter:data1\" content=\"18\u00a0Minuten\" \/>\n<script type=\"application\/ld+json\" class=\"yoast-schema-graph\">{\"@context\":\"https:\\\/\\\/schema.org\",\"@graph\":[{\"@type\":\"WebPage\",\"@id\":\"https:\\\/\\\/Regalino-Shop.de\\\/?page_id=18660\",\"url\":\"https:\\\/\\\/Regalino-Shop.de\\\/?page_id=18660\",\"name\":\"K\u00fcchentextilien - Regalino -Lively Style K\u00fcchentextilien | regalino\",\"isPartOf\":{\"@id\":\"https:\\\/\\\/Regalino-Shop.de\\\/#website\"},\"datePublished\":\"2026-03-26T18:33:52+00:00\",\"dateModified\":\"2026-03-26T18:44:32+00:00\",\"description\":\"Entdecke K\u00fcchentextilien bei regalino: Geschirrt\u00fccher, Sch\u00fcrzen und textile Lieblingsst\u00fccke im scandi-bretonischen Stil f\u00fcr K\u00fcche und Alltag.\",\"breadcrumb\":{\"@id\":\"https:\\\/\\\/Regalino-Shop.de\\\/?page_id=18660#breadcrumb\"},\"inLanguage\":\"de\",\"potentialAction\":[{\"@type\":\"ReadAction\",\"target\":[\"https:\\\/\\\/Regalino-Shop.de\\\/?page_id=18660\"]}]},{\"@type\":\"BreadcrumbList\",\"@id\":\"https:\\\/\\\/Regalino-Shop.de\\\/?page_id=18660#breadcrumb\",\"itemListElement\":[{\"@type\":\"ListItem\",\"position\":1,\"name\":\"Startseite\",\"item\":\"https:\\\/\\\/Regalino-Shop.de\\\/\"},{\"@type\":\"ListItem\",\"position\":2,\"name\":\"K\u00fcchentextilien\"}]},{\"@type\":\"WebSite\",\"@id\":\"https:\\\/\\\/Regalino-Shop.de\\\/#website\",\"url\":\"https:\\\/\\\/Regalino-Shop.de\\\/\",\"name\":\"Regalino -Lively Style\",\"description\":\"gelebtes Zuhause\",\"potentialAction\":[{\"@type\":\"SearchAction\",\"target\":{\"@type\":\"EntryPoint\",\"urlTemplate\":\"https:\\\/\\\/Regalino-Shop.de\\\/?s={search_term_string}\"},\"query-input\":{\"@type\":\"PropertyValueSpecification\",\"valueRequired\":true,\"valueName\":\"search_term_string\"}}],\"inLanguage\":\"de\"}]}<\/script>\n<!-- \/ Yoast SEO plugin. -->","yoast_head_json":{"title":"K\u00fcchentextilien - Regalino -Lively Style K\u00fcchentextilien | regalino","description":"Entdecke K\u00fcchentextilien bei regalino: Geschirrt\u00fccher, Sch\u00fcrzen und textile Lieblingsst\u00fccke im scandi-bretonischen Stil f\u00fcr K\u00fcche und Alltag.","robots":{"index":"index","follow":"follow","max-snippet":"max-snippet:-1","max-image-preview":"max-image-preview:large","max-video-preview":"max-video-preview:-1"},"canonical":"https:\/\/Regalino-Shop.de\/?page_id=18660","og_locale":"de_DE","og_type":"article","og_title":"K\u00fcchentextilien - Regalino -Lively Style K\u00fcchentextilien | regalino","og_description":"Entdecke K\u00fcchentextilien bei regalino: Geschirrt\u00fccher, Sch\u00fcrzen und textile Lieblingsst\u00fccke im scandi-bretonischen Stil f\u00fcr K\u00fcche und Alltag.","og_url":"https:\/\/Regalino-Shop.de\/?page_id=18660","og_site_name":"Regalino -Lively Style","article_modified_time":"2026-03-26T18:44:32+00:00","twitter_card":"summary_large_image","twitter_misc":{"Gesch\u00e4tzte Lesezeit":"18\u00a0Minuten"},"schema":{"@context":"https:\/\/schema.org","@graph":[{"@type":"WebPage","@id":"https:\/\/Regalino-Shop.de\/?page_id=18660","url":"https:\/\/Regalino-Shop.de\/?page_id=18660","name":"K\u00fcchentextilien - Regalino -Lively Style K\u00fcchentextilien | regalino","isPartOf":{"@id":"https:\/\/Regalino-Shop.de\/#website"},"datePublished":"2026-03-26T18:33:52+00:00","dateModified":"2026-03-26T18:44:32+00:00","description":"Entdecke K\u00fcchentextilien bei regalino: Geschirrt\u00fccher, Sch\u00fcrzen und textile Lieblingsst\u00fccke im scandi-bretonischen Stil f\u00fcr K\u00fcche und Alltag.","breadcrumb":{"@id":"https:\/\/Regalino-Shop.de\/?page_id=18660#breadcrumb"},"inLanguage":"de","potentialAction":[{"@type":"ReadAction","target":["https:\/\/Regalino-Shop.de\/?page_id=18660"]}]},{"@type":"BreadcrumbList","@id":"https:\/\/Regalino-Shop.de\/?page_id=18660#breadcrumb","itemListElement":[{"@type":"ListItem","position":1,"name":"Startseite","item":"https:\/\/Regalino-Shop.de\/"},{"@type":"ListItem","position":2,"name":"K\u00fcchentextilien"}]},{"@type":"WebSite","@id":"https:\/\/Regalino-Shop.de\/#website","url":"https:\/\/Regalino-Shop.de\/","name":"Regalino -Lively Style","description":"gelebtes Zuhause","potentialAction":[{"@type":"SearchAction","target":{"@type":"EntryPoint","urlTemplate":"https:\/\/Regalino-Shop.de\/?s={search_term_string}"},"query-input":{"@type":"PropertyValueSpecification","valueRequired":true,"valueName":"search_term_string"}}],"inLanguage":"de"}]}},"_links":{"self":[{"href":"https:\/\/Regalino-Shop.de\/index.php?rest_route=\/wp\/v2\/pages\/18660","targetHints":{"allow":["GET"]}}],"collection":[{"href":"https:\/\/Regalino-Shop.de\/index.php?rest_route=\/wp\/v2\/pages"}],"about":[{"href":"https:\/\/Regalino-Shop.de\/index.php?rest_route=\/wp\/v2\/types\/page"}],"author":[{"embeddable":true,"href":"https:\/\/Regalino-Shop.de\/index.php?rest_route=\/wp\/v2\/users\/1"}],"replies":[{"embeddable":true,"href":"https:\/\/Regalino-Shop.de\/index.php?rest_route=%2Fwp%2Fv2%2Fcomments&post=18660"}],"version-history":[{"count":3,"href":"https:\/\/Regalino-Shop.de\/index.php?rest_route=\/wp\/v2\/pages\/18660\/revisions"}],"predecessor-version":[{"id":18665,"href":"https:\/\/Regalino-Shop.de\/index.php?rest_route=\/wp\/v2\/pages\/18660\/revisions\/18665"}],"wp:attachment":[{"href":"https:\/\/Regalino-Shop.de\/index.php?rest_route=%2Fwp%2Fv2%2Fmedia&parent=18660"}],"curies":[{"name":"wp","href":"https:\/\/api.w.org\/{rel}","templated":true}]}}