{"id":79,"date":"2020-08-19T06:30:46","date_gmt":"2020-08-19T06:30:46","guid":{"rendered":"https:\/\/Regalino-Shop.de\/?page_id=79"},"modified":"2026-03-29T11:40:38","modified_gmt":"2026-03-29T11:40:38","slug":"startseite","status":"publish","type":"page","link":"https:\/\/Regalino-Shop.de\/","title":{"rendered":"Startseite"},"content":{"rendered":"<p>[et_pb_section fb_built=&#8220;1&#8243; _builder_version=&#8220;4.27.6&#8243; _module_preset=&#8220;default&#8220; background_image=&#8220;https:\/\/Regalino-Shop.de\/wp-content\/uploads\/2026\/03\/Trend043_21011-30_21012-30_6175-68_2172-00_38031-14_9895-00_13800-01_9129-30_31095-30_trend2.jpg&#8220; width=&#8220;95%&#8220; module_alignment=&#8220;center&#8220; custom_margin=&#8220;40px||40px||false|false&#8220; global_colors_info=&#8220;{}&#8220;][et_pb_row column_structure=&#8220;1_2,1_2&#8243; disabled_on=&#8220;off|off|off&#8220; _builder_version=&#8220;4.27.5&#8243; _module_preset=&#8220;default&#8220; width=&#8220;85.8%&#8220; max_width=&#8220;909px&#8220; custom_margin=&#8220;0px||20px||false|false&#8220; custom_padding=&#8220;|||0px|false|false&#8220; global_colors_info=&#8220;{}&#8220;][et_pb_column type=&#8220;1_2&#8243; _builder_version=&#8220;4.16&#8243; _module_preset=&#8220;default&#8220; global_colors_info=&#8220;{}&#8220;][et_pb_text _builder_version=&#8220;4.27.5&#8243; _module_preset=&#8220;default&#8220; text_font=&#8220;|700|||||||&#8220; text_text_color=&#8220;#000000&#8243; header_font_tablet=&#8220;&#8220; header_font_phone=&#8220;&#8220; header_font_last_edited=&#8220;on|tablet&#8220; header_font_size_tablet=&#8220;38px&#8220; header_font_size_phone=&#8220;30px&#8220; header_font_size_last_edited=&#8220;on|phone&#8220; global_colors_info=&#8220;{}&#8220;]<\/p>\n<h1><\/h1>\n<h1>Regalino<\/h1>\n<h2>Lieblingsst\u00fccke f\u00fcr ein Zuhause mit Gef\u00fchl<\/h2>\n<p>&nbsp;<\/p>\n<p>Nordische Ruhe.<br \/>Mediterranes Herz.<br \/>Mit einem Augenzwinkern.<\/p>\n<p>[\/et_pb_text][et_pb_button button_url=&#8220;https:\/\/regalino-shop.de\/?page_id=2316&#8243; button_text=&#8220;Jetzt entdecken&#8220; _builder_version=&#8220;4.27.5&#8243; _module_preset=&#8220;default&#8220; custom_button=&#8220;on&#8220; button_text_size=&#8220;27px&#8220; button_text_color=&#8220;#085793&#8243; button_bg_color=&#8220;rgba(163,144,102,0.17)&#8220; button_border_width=&#8220;0px&#8220; custom_margin=&#8220;14px|26px|14px|26px|false|false&#8220; global_colors_info=&#8220;{}&#8220;][\/et_pb_button][\/et_pb_column][et_pb_column type=&#8220;1_2&#8243; _builder_version=&#8220;4.16&#8243; _module_preset=&#8220;default&#8220; global_colors_info=&#8220;{}&#8220;][\/et_pb_column][\/et_pb_row][\/et_pb_section][et_pb_section fb_built=&#8220;1&#8243; disabled_on=&#8220;off|off|off&#8220; _builder_version=&#8220;4.27.6&#8243; _module_preset=&#8220;default&#8220; width=&#8220;100%&#8220; custom_margin=&#8220;-10px||||false|false&#8220; global_colors_info=&#8220;{}&#8220;][et_pb_row _builder_version=&#8220;4.27.5&#8243; _module_preset=&#8220;default&#8220; global_colors_info=&#8220;{}&#8220;][et_pb_column type=&#8220;4_4&#8243; _builder_version=&#8220;4.16&#8243; _module_preset=&#8220;default&#8220; global_colors_info=&#8220;{}&#8220;][et_pb_text _builder_version=&#8220;4.27.5&#8243; _module_preset=&#8220;default&#8220; text_font=&#8220;ABeeZee||||||||&#8220; text_font_size=&#8220;27px&#8220; global_colors_info=&#8220;{}&#8220;]<\/p>\n<p>Lieblingswelten<\/p>\n<p>[\/et_pb_text][\/et_pb_column][\/et_pb_row][et_pb_row _builder_version=&#8220;4.16&#8243; _module_preset=&#8220;default&#8220; global_colors_info=&#8220;{}&#8220;][et_pb_column type=&#8220;4_4&#8243; _builder_version=&#8220;4.16&#8243; _module_preset=&#8220;default&#8220; global_colors_info=&#8220;{}&#8220;][et_pb_divider _builder_version=&#8220;4.16&#8243; _module_preset=&#8220;default&#8220; custom_margin=&#8220;-30px||||false|false&#8220; global_colors_info=&#8220;{}&#8220;][\/et_pb_divider][\/et_pb_column][\/et_pb_row][et_pb_row column_structure=&#8220;1_3,1_3,1_3&#8243; _builder_version=&#8220;4.27.6&#8243; _module_preset=&#8220;default&#8220; width=&#8220;95%&#8220; custom_margin=&#8220;-10px||0px||false|false&#8220; global_colors_info=&#8220;{}&#8220;][et_pb_column type=&#8220;1_3&#8243; _builder_version=&#8220;4.16&#8243; _module_preset=&#8220;default&#8220; global_colors_info=&#8220;{}&#8220;][et_pb_image src=&#8220;https:\/\/Regalino-Shop.de\/wp-content\/uploads\/2026\/03\/kueche_quadratisch.jpg&#8220; alt=&#8220;Minisieb Tisch und Genuss&#8220; title_text=&#8220;kueche_quadratisch&#8220; url=&#8220;https:\/\/regalino-shop.de\/?product_cat=skandinavische-kuechenaccessoires-maritime-tischdeko-regalino&#8220; _builder_version=&#8220;4.27.6&#8243; _module_preset=&#8220;default&#8220; animation_style=&#8220;zoom&#8220; animation_duration=&#8220;600ms&#8220; global_colors_info=&#8220;{}&#8220;][\/et_pb_image][et_pb_text _builder_version=&#8220;4.27.5&#8243; _module_preset=&#8220;default&#8220; text_font_size=&#8220;16px&#8220; text_orientation=&#8220;center&#8220; custom_margin=&#8220;20px||||false|false&#8220; global_colors_info=&#8220;{}&#8220;]<\/p>\n<p style=\"text-align: left;\">Tisch &amp; Genuss<br \/>F\u00fcr sch\u00f6ne Momente<\/p>\n<p>[\/et_pb_text][\/et_pb_column][et_pb_column type=&#8220;1_3&#8243; _builder_version=&#8220;4.16&#8243; _module_preset=&#8220;default&#8220; global_colors_info=&#8220;{}&#8220;][et_pb_image src=&#8220;https:\/\/Regalino-Shop.de\/wp-content\/uploads\/2026\/03\/wohnen-1.jpg&#8220; alt=&#8220;wohnen- \u00dcbertopf glasiert&#8220; title_text=&#8220;wohnen&#8220; url=&#8220;https:\/\/regalino-shop.de\/?product_cat=skandinavische-wohnaccesssoires-und-maritime-deko-regalino&#8220; _builder_version=&#8220;4.27.6&#8243; _module_preset=&#8220;default&#8220; animation_style=&#8220;zoom&#8220; animation_duration=&#8220;600ms&#8220; hover_enabled=&#8220;0&#8243; global_colors_info=&#8220;{}&#8220; sticky_enabled=&#8220;0&#8243;][\/et_pb_image][et_pb_text _builder_version=&#8220;4.27.5&#8243; _module_preset=&#8220;default&#8220; text_font_size=&#8220;16px&#8220; width=&#8220;90%&#8220; module_alignment=&#8220;center&#8220; custom_margin=&#8220;20px||||false|false&#8220; global_colors_info=&#8220;{}&#8220;]<\/p>\n<p style=\"text-align: left;\">Wohnen<br \/>Drinnen &amp; Drau\u00dfen<\/p>\n<p>[\/et_pb_text][\/et_pb_column][et_pb_column type=&#8220;1_3&#8243; _builder_version=&#8220;4.16&#8243; _module_preset=&#8220;default&#8220; global_colors_info=&#8220;{}&#8220;][et_pb_image src=&#8220;https:\/\/Regalino-Shop.de\/wp-content\/uploads\/2026\/03\/accessoires_quadratisch.jpg&#8220; alt=&#8220;accessoires, Taschen und schmuck&#8220; title_text=&#8220;accessoires_quadratisch&#8220; url=&#8220;https:\/\/regalino-shop.de\/?product_cat=accessoires&#8220; _builder_version=&#8220;4.27.6&#8243; _module_preset=&#8220;default&#8220; animation_style=&#8220;zoom&#8220; animation_duration=&#8220;600ms&#8220; global_colors_info=&#8220;{}&#8220;][\/et_pb_image][et_pb_text _builder_version=&#8220;4.27.5&#8243; _module_preset=&#8220;default&#8220; text_font_size=&#8220;16px&#8220; text_orientation=&#8220;center&#8220; custom_margin=&#8220;20px||||false|false&#8220; link_option_url=&#8220;https:\/\/regalino-shop.de\/?page_id=18078&#8243; global_colors_info=&#8220;{}&#8220;]<\/p>\n<p style=\"text-align: left;\">Accessoires\u00a0<br \/>Kleine Dinge mit besonderem Charme<\/p>\n<p>[\/et_pb_text][\/et_pb_column][\/et_pb_row][\/et_pb_section][et_pb_section fb_built=&#8220;1&#8243; _builder_version=&#8220;4.27.5&#8243; _module_preset=&#8220;default&#8220; global_colors_info=&#8220;{}&#8220;][et_pb_row _builder_version=&#8220;4.27.5&#8243; _module_preset=&#8220;default&#8220; custom_margin=&#8220;||-10px||false|false&#8220; global_colors_info=&#8220;{}&#8220;][et_pb_column type=&#8220;4_4&#8243; _builder_version=&#8220;4.27.5&#8243; _module_preset=&#8220;default&#8220; global_colors_info=&#8220;{}&#8220;][et_pb_text _builder_version=&#8220;4.27.5&#8243; _module_preset=&#8220;default&#8220; text_font_size=&#8220;28px&#8220; text_orientation=&#8220;center&#8220; global_colors_info=&#8220;{}&#8220;]<\/p>\n<p>Unsere Favoriten<\/p>\n<p>[\/et_pb_text][\/et_pb_column][\/et_pb_row][\/et_pb_section][et_pb_section fb_built=&#8220;1&#8243; _builder_version=&#8220;4.27.6&#8243; _module_preset=&#8220;default&#8220; custom_margin=&#8220;-15px||||false|false&#8220; global_colors_info=&#8220;{}&#8220;][et_pb_row _builder_version=&#8220;4.27.5&#8243; _module_preset=&#8220;default&#8220; global_colors_info=&#8220;{}&#8220;][et_pb_column type=&#8220;4_4&#8243; _builder_version=&#8220;4.27.5&#8243; _module_preset=&#8220;default&#8220; global_colors_info=&#8220;{}&#8220;][et_pb_shop type=&#8220;featured&#8220; posts_number=&#8220;6&#8243; columns_number=&#8220;3&#8243; _builder_version=&#8220;4.27.5&#8243; _module_preset=&#8220;default&#8220; global_colors_info=&#8220;{}&#8220;][\/et_pb_shop][\/et_pb_column][\/et_pb_row][\/et_pb_section][et_pb_section fb_built=&#8220;1&#8243; _builder_version=&#8220;4.27.5&#8243; _module_preset=&#8220;default&#8220; global_colors_info=&#8220;{}&#8220;][\/et_pb_section]<\/p>\n","protected":false},"excerpt":{"rendered":"<p>Regalino Lieblingsst\u00fccke f\u00fcr ein Zuhause mit Gef\u00fchl &nbsp; Nordische Ruhe.Mediterranes Herz.Mit einem Augenzwinkern.LieblingsweltenTisch &amp; GenussF\u00fcr sch\u00f6ne MomenteWohnenDrinnen &amp; Drau\u00dfenAccessoires\u00a0Kleine Dinge mit besonderem CharmeUnsere Favoriten<\/p>\n","protected":false},"author":1,"featured_media":13384,"parent":0,"menu_order":0,"comment_status":"closed","ping_status":"closed","template":"","meta":{"_et_pb_use_builder":"on","_et_pb_old_content":"","_et_gb_content_width":"","footnotes":""},"class_list":["post-79","page","type-page","status-publish","has-post-thumbnail","hentry"],"yoast_head":"<!-- This site is optimized with the Yoast SEO plugin v27.5 - https:\/\/yoast.com\/product\/yoast-seo-wordpress\/ -->\n<title>Startseite - Regalino -Lively Style regalino Onlineshop f\u00fcr Wohnen, K\u00fcche &amp; Geschenke scandi bretonisch<\/title>\n<meta name=\"description\" content=\"Entdecke bei regalino liebevoll ausgew\u00e4hlte Lieblingsst\u00fccke im scandi-bretonischen Stil \u2013 f\u00fcr Wohnen, K\u00fcche, Kinder und besondere Geschenke mit nordischer Leichtigkeit.\" \/>\n<meta name=\"robots\" content=\"index, follow, max-snippet:-1, max-image-preview:large, max-video-preview:-1\" \/>\n<link rel=\"canonical\" href=\"https:\/\/Regalino-Shop.de\/\" \/>\n<meta property=\"og:locale\" content=\"de_DE\" \/>\n<meta property=\"og:type\" content=\"article\" \/>\n<meta property=\"og:title\" content=\"Startseite - Regalino -Lively Style regalino Onlineshop f\u00fcr Wohnen, K\u00fcche &amp; Geschenke scandi bretonisch\" \/>\n<meta property=\"og:description\" content=\"Entdecke bei regalino liebevoll ausgew\u00e4hlte Lieblingsst\u00fccke im scandi-bretonischen Stil \u2013 f\u00fcr Wohnen, K\u00fcche, Kinder und besondere Geschenke mit nordischer Leichtigkeit.\" \/>\n<meta property=\"og:url\" content=\"https:\/\/Regalino-Shop.de\/\" \/>\n<meta property=\"og:site_name\" content=\"Regalino -Lively Style\" \/>\n<meta property=\"article:modified_time\" content=\"2026-03-29T11:40:38+00:00\" \/>\n<meta property=\"og:image\" content=\"https:\/\/Regalino-Shop.de\/wp-content\/uploads\/2024\/01\/20240108_123739_0000.png\" \/>\n\t<meta property=\"og:image:width\" content=\"2000\" \/>\n\t<meta property=\"og:image:height\" content=\"1600\" \/>\n\t<meta property=\"og:image:type\" content=\"image\/png\" \/>\n<meta name=\"twitter:card\" content=\"summary_large_image\" \/>\n<meta name=\"twitter:label1\" content=\"Gesch\u00e4tzte Lesezeit\" \/>\n\t<meta name=\"twitter:data1\" content=\"3\u00a0Minuten\" \/>\n<script type=\"application\/ld+json\" class=\"yoast-schema-graph\">{\"@context\":\"https:\\\/\\\/schema.org\",\"@graph\":[{\"@type\":\"WebPage\",\"@id\":\"https:\\\/\\\/Regalino-Shop.de\\\/\",\"url\":\"https:\\\/\\\/Regalino-Shop.de\\\/\",\"name\":\"Startseite - Regalino -Lively Style regalino Onlineshop f\u00fcr Wohnen, K\u00fcche & Geschenke scandi bretonisch\",\"isPartOf\":{\"@id\":\"https:\\\/\\\/Regalino-Shop.de\\\/#website\"},\"primaryImageOfPage\":{\"@id\":\"https:\\\/\\\/Regalino-Shop.de\\\/#primaryimage\"},\"image\":{\"@id\":\"https:\\\/\\\/Regalino-Shop.de\\\/#primaryimage\"},\"thumbnailUrl\":\"https:\\\/\\\/Regalino-Shop.de\\\/wp-content\\\/uploads\\\/2024\\\/01\\\/20240108_123739_0000.png\",\"datePublished\":\"2020-08-19T06:30:46+00:00\",\"dateModified\":\"2026-03-29T11:40:38+00:00\",\"description\":\"Entdecke bei regalino liebevoll ausgew\u00e4hlte Lieblingsst\u00fccke im scandi-bretonischen Stil \u2013 f\u00fcr Wohnen, K\u00fcche, Kinder und besondere Geschenke mit nordischer Leichtigkeit.\",\"breadcrumb\":{\"@id\":\"https:\\\/\\\/Regalino-Shop.de\\\/#breadcrumb\"},\"inLanguage\":\"de\",\"potentialAction\":[{\"@type\":\"ReadAction\",\"target\":[\"https:\\\/\\\/Regalino-Shop.de\\\/\"]}]},{\"@type\":\"ImageObject\",\"inLanguage\":\"de\",\"@id\":\"https:\\\/\\\/Regalino-Shop.de\\\/#primaryimage\",\"url\":\"https:\\\/\\\/Regalino-Shop.de\\\/wp-content\\\/uploads\\\/2024\\\/01\\\/20240108_123739_0000.png\",\"contentUrl\":\"https:\\\/\\\/Regalino-Shop.de\\\/wp-content\\\/uploads\\\/2024\\\/01\\\/20240108_123739_0000.png\",\"width\":2000,\"height\":1600},{\"@type\":\"BreadcrumbList\",\"@id\":\"https:\\\/\\\/Regalino-Shop.de\\\/#breadcrumb\",\"itemListElement\":[{\"@type\":\"ListItem\",\"position\":1,\"name\":\"Startseite\",\"item\":\"https:\\\/\\\/Regalino-Shop.de\\\/\"},{\"@type\":\"ListItem\",\"position\":2,\"name\":\"Startseite\"}]},{\"@type\":\"WebSite\",\"@id\":\"https:\\\/\\\/Regalino-Shop.de\\\/#website\",\"url\":\"https:\\\/\\\/Regalino-Shop.de\\\/\",\"name\":\"Regalino -Lively Style\",\"description\":\"gelebtes Zuhause\",\"potentialAction\":[{\"@type\":\"SearchAction\",\"target\":{\"@type\":\"EntryPoint\",\"urlTemplate\":\"https:\\\/\\\/Regalino-Shop.de\\\/?s={search_term_string}\"},\"query-input\":{\"@type\":\"PropertyValueSpecification\",\"valueRequired\":true,\"valueName\":\"search_term_string\"}}],\"inLanguage\":\"de\"}]}<\/script>\n<!-- \/ Yoast SEO plugin. -->","yoast_head_json":{"title":"Startseite - Regalino -Lively Style regalino Onlineshop f\u00fcr Wohnen, K\u00fcche & Geschenke scandi bretonisch","description":"Entdecke bei regalino liebevoll ausgew\u00e4hlte Lieblingsst\u00fccke im scandi-bretonischen Stil \u2013 f\u00fcr Wohnen, K\u00fcche, Kinder und besondere Geschenke mit nordischer Leichtigkeit.","robots":{"index":"index","follow":"follow","max-snippet":"max-snippet:-1","max-image-preview":"max-image-preview:large","max-video-preview":"max-video-preview:-1"},"canonical":"https:\/\/Regalino-Shop.de\/","og_locale":"de_DE","og_type":"article","og_title":"Startseite - Regalino -Lively Style regalino Onlineshop f\u00fcr Wohnen, K\u00fcche & Geschenke scandi bretonisch","og_description":"Entdecke bei regalino liebevoll ausgew\u00e4hlte Lieblingsst\u00fccke im scandi-bretonischen Stil \u2013 f\u00fcr Wohnen, K\u00fcche, Kinder und besondere Geschenke mit nordischer Leichtigkeit.","og_url":"https:\/\/Regalino-Shop.de\/","og_site_name":"Regalino -Lively Style","article_modified_time":"2026-03-29T11:40:38+00:00","og_image":[{"width":2000,"height":1600,"url":"https:\/\/Regalino-Shop.de\/wp-content\/uploads\/2024\/01\/20240108_123739_0000.png","type":"image\/png"}],"twitter_card":"summary_large_image","twitter_misc":{"Gesch\u00e4tzte Lesezeit":"3\u00a0Minuten"},"schema":{"@context":"https:\/\/schema.org","@graph":[{"@type":"WebPage","@id":"https:\/\/Regalino-Shop.de\/","url":"https:\/\/Regalino-Shop.de\/","name":"Startseite - Regalino -Lively Style regalino Onlineshop f\u00fcr Wohnen, K\u00fcche & Geschenke scandi bretonisch","isPartOf":{"@id":"https:\/\/Regalino-Shop.de\/#website"},"primaryImageOfPage":{"@id":"https:\/\/Regalino-Shop.de\/#primaryimage"},"image":{"@id":"https:\/\/Regalino-Shop.de\/#primaryimage"},"thumbnailUrl":"https:\/\/Regalino-Shop.de\/wp-content\/uploads\/2024\/01\/20240108_123739_0000.png","datePublished":"2020-08-19T06:30:46+00:00","dateModified":"2026-03-29T11:40:38+00:00","description":"Entdecke bei regalino liebevoll ausgew\u00e4hlte Lieblingsst\u00fccke im scandi-bretonischen Stil \u2013 f\u00fcr Wohnen, K\u00fcche, Kinder und besondere Geschenke mit nordischer Leichtigkeit.","breadcrumb":{"@id":"https:\/\/Regalino-Shop.de\/#breadcrumb"},"inLanguage":"de","potentialAction":[{"@type":"ReadAction","target":["https:\/\/Regalino-Shop.de\/"]}]},{"@type":"ImageObject","inLanguage":"de","@id":"https:\/\/Regalino-Shop.de\/#primaryimage","url":"https:\/\/Regalino-Shop.de\/wp-content\/uploads\/2024\/01\/20240108_123739_0000.png","contentUrl":"https:\/\/Regalino-Shop.de\/wp-content\/uploads\/2024\/01\/20240108_123739_0000.png","width":2000,"height":1600},{"@type":"BreadcrumbList","@id":"https:\/\/Regalino-Shop.de\/#breadcrumb","itemListElement":[{"@type":"ListItem","position":1,"name":"Startseite","item":"https:\/\/Regalino-Shop.de\/"},{"@type":"ListItem","position":2,"name":"Startseite"}]},{"@type":"WebSite","@id":"https:\/\/Regalino-Shop.de\/#website","url":"https:\/\/Regalino-Shop.de\/","name":"Regalino -Lively Style","description":"gelebtes Zuhause","potentialAction":[{"@type":"SearchAction","target":{"@type":"EntryPoint","urlTemplate":"https:\/\/Regalino-Shop.de\/?s={search_term_string}"},"query-input":{"@type":"PropertyValueSpecification","valueRequired":true,"valueName":"search_term_string"}}],"inLanguage":"de"}]}},"_links":{"self":[{"href":"https:\/\/Regalino-Shop.de\/index.php?rest_route=\/wp\/v2\/pages\/79","targetHints":{"allow":["GET"]}}],"collection":[{"href":"https:\/\/Regalino-Shop.de\/index.php?rest_route=\/wp\/v2\/pages"}],"about":[{"href":"https:\/\/Regalino-Shop.de\/index.php?rest_route=\/wp\/v2\/types\/page"}],"author":[{"embeddable":true,"href":"https:\/\/Regalino-Shop.de\/index.php?rest_route=\/wp\/v2\/users\/1"}],"replies":[{"embeddable":true,"href":"https:\/\/Regalino-Shop.de\/index.php?rest_route=%2Fwp%2Fv2%2Fcomments&post=79"}],"version-history":[{"count":363,"href":"https:\/\/Regalino-Shop.de\/index.php?rest_route=\/wp\/v2\/pages\/79\/revisions"}],"predecessor-version":[{"id":18815,"href":"https:\/\/Regalino-Shop.de\/index.php?rest_route=\/wp\/v2\/pages\/79\/revisions\/18815"}],"wp:featuredmedia":[{"embeddable":true,"href":"https:\/\/Regalino-Shop.de\/index.php?rest_route=\/wp\/v2\/media\/13384"}],"wp:attachment":[{"href":"https:\/\/Regalino-Shop.de\/index.php?rest_route=%2Fwp%2Fv2%2Fmedia&parent=79"}],"curies":[{"name":"wp","href":"https:\/\/api.w.org\/{rel}","templated":true}]}}