{"id":10944,"date":"2023-02-17T15:46:19","date_gmt":"2023-02-17T15:46:19","guid":{"rendered":"https:\/\/Regalino-Shop.de\/?post_type=product&#038;p=10944"},"modified":"2025-12-27T10:52:46","modified_gmt":"2025-12-27T10:52:46","slug":"kleiner-loeffel-herz-von-good-old-friends","status":"publish","type":"product","link":"https:\/\/Regalino-Shop.de\/?product=kleiner-loeffel-herz-von-good-old-friends","title":{"rendered":"kleiner L\u00f6ffel *Herz* von Good old friends"},"content":{"rendered":"","protected":false},"excerpt":{"rendered":"<div class=\"tabs accordion\">\n<h3>L\u00f6ffelchen f\u00fcr Dich<\/h3>\n<p>mit silbernem Herzaufdruck<\/p>\n<ul>\n<li>Ma\u00dfe:\u00a0 L\u00e4nge: 8 cm Breite: 3 &#8211; 4 cm<\/li>\n<li>Material: Porzellanl\u00f6ffel mit Decal, Papierherzanh\u00e4nger und grauem Band<\/li>\n<li>Farbe: wei\u00df &#8211; silber<\/li>\n<\/ul>\n<div id=\"content_tab_description\" class=\"tab-content tab-description\">\n<div class=\"tab-content-inner\"><\/div>\n<\/div>\n<\/div>\n<p>&nbsp;<\/p>\n","protected":false},"featured_media":10945,"template":"","meta":{"_et_pb_use_builder":"","_et_pb_old_content":"","_et_gb_content_width":""},"product_brand":[],"product_cat":[76,57],"product_tag":[337,601,1349],"class_list":{"0":"post-10944","1":"product","2":"type-product","3":"status-publish","4":"has-post-thumbnail","6":"product_cat-geschirr-fuer-stilvolle-genussmomente-regalino","7":"product_cat-neu-eingetroffen-neue-lieblingsstuecke-bei-regalino","8":"product_tag-hochzeit","9":"product_tag-liebe","10":"product_tag-loeffel","12":"first","13":"instock","14":"taxable","15":"shipping-taxable","16":"purchasable","17":"product-type-simple"},"yoast_head":"<!-- This site is optimized with the Yoast SEO plugin v27.5 - https:\/\/yoast.com\/product\/yoast-seo-wordpress\/ -->\n<title>kleiner L\u00f6ffel *Herz* von Good old friends - Regalino -Lively Style<\/title>\n<meta name=\"description\" content=\"L\u00f6ffelchen f\u00fcr dich mit silbernem Herz Aufdruck - Porzellan\" \/>\n<meta name=\"robots\" content=\"index, follow, max-snippet:-1, max-image-preview:large, max-video-preview:-1\" \/>\n<link rel=\"canonical\" href=\"https:\/\/Regalino-Shop.de\/?product=kleiner-loeffel-herz-von-good-old-friends\" \/>\n<meta property=\"og:locale\" content=\"de_DE\" \/>\n<meta property=\"og:type\" content=\"article\" \/>\n<meta property=\"og:title\" content=\"kleiner L\u00f6ffel *Herz* von Good old friends - Regalino -Lively Style\" \/>\n<meta property=\"og:description\" content=\"L\u00f6ffelchen f\u00fcr dich mit silbernem Herz Aufdruck - Porzellan\" \/>\n<meta property=\"og:url\" content=\"https:\/\/Regalino-Shop.de\/?product=kleiner-loeffel-herz-von-good-old-friends\" \/>\n<meta property=\"og:site_name\" content=\"Regalino -Lively Style\" \/>\n<meta property=\"article:modified_time\" content=\"2025-12-27T10:52:46+00:00\" \/>\n<meta property=\"og:image\" content=\"https:\/\/Regalino-Shop.de\/wp-content\/uploads\/2023\/02\/Loeffel-Herz.jpg\" \/>\n\t<meta property=\"og:image:width\" content=\"538\" \/>\n\t<meta property=\"og:image:height\" content=\"499\" \/>\n\t<meta property=\"og:image:type\" content=\"image\/jpeg\" \/>\n<meta name=\"twitter:card\" content=\"summary_large_image\" \/>\n<script type=\"application\/ld+json\" class=\"yoast-schema-graph\">{\"@context\":\"https:\\\/\\\/schema.org\",\"@graph\":[{\"@type\":\"WebPage\",\"@id\":\"https:\\\/\\\/Regalino-Shop.de\\\/?product=kleiner-loeffel-herz-von-good-old-friends\",\"url\":\"https:\\\/\\\/Regalino-Shop.de\\\/?product=kleiner-loeffel-herz-von-good-old-friends\",\"name\":\"kleiner L\u00f6ffel *Herz* von Good old friends - Regalino -Lively Style\",\"isPartOf\":{\"@id\":\"https:\\\/\\\/Regalino-Shop.de\\\/#website\"},\"primaryImageOfPage\":{\"@id\":\"https:\\\/\\\/Regalino-Shop.de\\\/?product=kleiner-loeffel-herz-von-good-old-friends#primaryimage\"},\"image\":{\"@id\":\"https:\\\/\\\/Regalino-Shop.de\\\/?product=kleiner-loeffel-herz-von-good-old-friends#primaryimage\"},\"thumbnailUrl\":\"https:\\\/\\\/Regalino-Shop.de\\\/wp-content\\\/uploads\\\/2023\\\/02\\\/Loeffel-Herz.jpg\",\"datePublished\":\"2023-02-17T15:46:19+00:00\",\"dateModified\":\"2025-12-27T10:52:46+00:00\",\"description\":\"L\u00f6ffelchen f\u00fcr dich mit silbernem Herz Aufdruck - Porzellan\",\"breadcrumb\":{\"@id\":\"https:\\\/\\\/Regalino-Shop.de\\\/?product=kleiner-loeffel-herz-von-good-old-friends#breadcrumb\"},\"inLanguage\":\"de\",\"potentialAction\":[{\"@type\":\"ReadAction\",\"target\":[\"https:\\\/\\\/Regalino-Shop.de\\\/?product=kleiner-loeffel-herz-von-good-old-friends\"]}]},{\"@type\":\"ImageObject\",\"inLanguage\":\"de\",\"@id\":\"https:\\\/\\\/Regalino-Shop.de\\\/?product=kleiner-loeffel-herz-von-good-old-friends#primaryimage\",\"url\":\"https:\\\/\\\/Regalino-Shop.de\\\/wp-content\\\/uploads\\\/2023\\\/02\\\/Loeffel-Herz.jpg\",\"contentUrl\":\"https:\\\/\\\/Regalino-Shop.de\\\/wp-content\\\/uploads\\\/2023\\\/02\\\/Loeffel-Herz.jpg\",\"width\":538,\"height\":499,\"caption\":\"good-old-friends-L\u00f6ffel-Herz-Hochzeit-Liebe\"},{\"@type\":\"BreadcrumbList\",\"@id\":\"https:\\\/\\\/Regalino-Shop.de\\\/?product=kleiner-loeffel-herz-von-good-old-friends#breadcrumb\",\"itemListElement\":[{\"@type\":\"ListItem\",\"position\":1,\"name\":\"Startseite\",\"item\":\"https:\\\/\\\/Regalino-Shop.de\\\/\"},{\"@type\":\"ListItem\",\"position\":2,\"name\":\"Shop\",\"item\":\"https:\\\/\\\/Regalino-Shop.de\\\/?page_id=40\"},{\"@type\":\"ListItem\",\"position\":3,\"name\":\"kleiner L\u00f6ffel *Herz* von Good old friends\"}]},{\"@type\":\"WebSite\",\"@id\":\"https:\\\/\\\/Regalino-Shop.de\\\/#website\",\"url\":\"https:\\\/\\\/Regalino-Shop.de\\\/\",\"name\":\"Regalino -Lively Style\",\"description\":\"gelebtes Zuhause\",\"potentialAction\":[{\"@type\":\"SearchAction\",\"target\":{\"@type\":\"EntryPoint\",\"urlTemplate\":\"https:\\\/\\\/Regalino-Shop.de\\\/?s={search_term_string}\"},\"query-input\":{\"@type\":\"PropertyValueSpecification\",\"valueRequired\":true,\"valueName\":\"search_term_string\"}}],\"inLanguage\":\"de\"}]}<\/script>\n<!-- \/ Yoast SEO plugin. -->","yoast_head_json":{"title":"kleiner L\u00f6ffel *Herz* von Good old friends - Regalino -Lively Style","description":"L\u00f6ffelchen f\u00fcr dich mit silbernem Herz Aufdruck - Porzellan","robots":{"index":"index","follow":"follow","max-snippet":"max-snippet:-1","max-image-preview":"max-image-preview:large","max-video-preview":"max-video-preview:-1"},"canonical":"https:\/\/Regalino-Shop.de\/?product=kleiner-loeffel-herz-von-good-old-friends","og_locale":"de_DE","og_type":"article","og_title":"kleiner L\u00f6ffel *Herz* von Good old friends - Regalino -Lively Style","og_description":"L\u00f6ffelchen f\u00fcr dich mit silbernem Herz Aufdruck - Porzellan","og_url":"https:\/\/Regalino-Shop.de\/?product=kleiner-loeffel-herz-von-good-old-friends","og_site_name":"Regalino -Lively Style","article_modified_time":"2025-12-27T10:52:46+00:00","og_image":[{"width":538,"height":499,"url":"https:\/\/Regalino-Shop.de\/wp-content\/uploads\/2023\/02\/Loeffel-Herz.jpg","type":"image\/jpeg"}],"twitter_card":"summary_large_image","schema":{"@context":"https:\/\/schema.org","@graph":[{"@type":"WebPage","@id":"https:\/\/Regalino-Shop.de\/?product=kleiner-loeffel-herz-von-good-old-friends","url":"https:\/\/Regalino-Shop.de\/?product=kleiner-loeffel-herz-von-good-old-friends","name":"kleiner L\u00f6ffel *Herz* von Good old friends - Regalino -Lively Style","isPartOf":{"@id":"https:\/\/Regalino-Shop.de\/#website"},"primaryImageOfPage":{"@id":"https:\/\/Regalino-Shop.de\/?product=kleiner-loeffel-herz-von-good-old-friends#primaryimage"},"image":{"@id":"https:\/\/Regalino-Shop.de\/?product=kleiner-loeffel-herz-von-good-old-friends#primaryimage"},"thumbnailUrl":"https:\/\/Regalino-Shop.de\/wp-content\/uploads\/2023\/02\/Loeffel-Herz.jpg","datePublished":"2023-02-17T15:46:19+00:00","dateModified":"2025-12-27T10:52:46+00:00","description":"L\u00f6ffelchen f\u00fcr dich mit silbernem Herz Aufdruck - Porzellan","breadcrumb":{"@id":"https:\/\/Regalino-Shop.de\/?product=kleiner-loeffel-herz-von-good-old-friends#breadcrumb"},"inLanguage":"de","potentialAction":[{"@type":"ReadAction","target":["https:\/\/Regalino-Shop.de\/?product=kleiner-loeffel-herz-von-good-old-friends"]}]},{"@type":"ImageObject","inLanguage":"de","@id":"https:\/\/Regalino-Shop.de\/?product=kleiner-loeffel-herz-von-good-old-friends#primaryimage","url":"https:\/\/Regalino-Shop.de\/wp-content\/uploads\/2023\/02\/Loeffel-Herz.jpg","contentUrl":"https:\/\/Regalino-Shop.de\/wp-content\/uploads\/2023\/02\/Loeffel-Herz.jpg","width":538,"height":499,"caption":"good-old-friends-L\u00f6ffel-Herz-Hochzeit-Liebe"},{"@type":"BreadcrumbList","@id":"https:\/\/Regalino-Shop.de\/?product=kleiner-loeffel-herz-von-good-old-friends#breadcrumb","itemListElement":[{"@type":"ListItem","position":1,"name":"Startseite","item":"https:\/\/Regalino-Shop.de\/"},{"@type":"ListItem","position":2,"name":"Shop","item":"https:\/\/Regalino-Shop.de\/?page_id=40"},{"@type":"ListItem","position":3,"name":"kleiner L\u00f6ffel *Herz* von Good old friends"}]},{"@type":"WebSite","@id":"https:\/\/Regalino-Shop.de\/#website","url":"https:\/\/Regalino-Shop.de\/","name":"Regalino -Lively Style","description":"gelebtes Zuhause","potentialAction":[{"@type":"SearchAction","target":{"@type":"EntryPoint","urlTemplate":"https:\/\/Regalino-Shop.de\/?s={search_term_string}"},"query-input":{"@type":"PropertyValueSpecification","valueRequired":true,"valueName":"search_term_string"}}],"inLanguage":"de"}]}},"_links":{"self":[{"href":"https:\/\/Regalino-Shop.de\/index.php?rest_route=\/wp\/v2\/product\/10944","targetHints":{"allow":["GET"]}}],"collection":[{"href":"https:\/\/Regalino-Shop.de\/index.php?rest_route=\/wp\/v2\/product"}],"about":[{"href":"https:\/\/Regalino-Shop.de\/index.php?rest_route=\/wp\/v2\/types\/product"}],"wp:featuredmedia":[{"embeddable":true,"href":"https:\/\/Regalino-Shop.de\/index.php?rest_route=\/wp\/v2\/media\/10945"}],"wp:attachment":[{"href":"https:\/\/Regalino-Shop.de\/index.php?rest_route=%2Fwp%2Fv2%2Fmedia&parent=10944"}],"wp:term":[{"taxonomy":"product_brand","embeddable":true,"href":"https:\/\/Regalino-Shop.de\/index.php?rest_route=%2Fwp%2Fv2%2Fproduct_brand&post=10944"},{"taxonomy":"product_cat","embeddable":true,"href":"https:\/\/Regalino-Shop.de\/index.php?rest_route=%2Fwp%2Fv2%2Fproduct_cat&post=10944"},{"taxonomy":"product_tag","embeddable":true,"href":"https:\/\/Regalino-Shop.de\/index.php?rest_route=%2Fwp%2Fv2%2Fproduct_tag&post=10944"}],"curies":[{"name":"wp","href":"https:\/\/api.w.org\/{rel}","templated":true}]}}