{"id":11410,"date":"2023-04-30T17:06:47","date_gmt":"2023-04-30T17:06:47","guid":{"rendered":"https:\/\/Regalino-Shop.de\/?post_type=product&#038;p=11410"},"modified":"2026-03-29T08:00:28","modified_gmt":"2026-03-29T08:00:28","slug":"harry-jute-natur-crossbody-bag-von-hindbag","status":"publish","type":"product","link":"https:\/\/Regalino-Shop.de\/?product=harry-jute-natur-crossbody-bag-von-hindbag","title":{"rendered":"*Harry* Jute natur crossbody-bag von Hindbag"},"content":{"rendered":"","protected":false},"excerpt":{"rendered":"<h3>stylische Crossbody-Bag&#8230;<\/h3>\n<p>Durch den verstellbaren Gurt tragbar \u00fcber dickeren Jacken aber auch leichten T-Shirts<\/p>\n<ul>\n<li>Material: 50% Bio-Baumwolle &#8211; 50% Jute (GOTS-Label)<\/li>\n<li>Gr\u00f6\u00dfe:\u00a0<span class=\"metafield-multi_line_text_field\">24 x 14 x 2 cm<\/span><\/li>\n<li>Farbe: natur<\/li>\n<li>Gurt verstellbar<\/li>\n<\/ul>\n<p>das sagt die Marke \u00fcber sich:<\/p>\n<p>Hindbag ist eine ethische und verantwortungsbewusste Marke f\u00fcr Taschen und Accessoires aus 100 % Bio-Baumwolle mit dem Label GOTS.<br \/>\nWir bieten zeitlose und trendige Mode, die aus einer \u201elangsamen\u201c und solidarischen Produktion resultiert, die entworfen wurde, um lange getragen und immer wieder getragen zu werden.<br \/>\nUnsere Produkte werden von unserer indischen Partner-NGO hergestellt, die sich f\u00fcr die St\u00e4rkung von Frauen in einem benachteiligten Gebiet von Delhi einsetzt.<br \/>\nDiese Frauen aus unterprivilegierten Vierteln stellen unsere Accessoires f\u00fcr ein Gehalt her, das dreimal h\u00f6her ist als das durchschnittliche indische Gehalt, Ausbildung und einen Schulplatz f\u00fcr ihre Kinder.<\/p>\n","protected":false},"featured_media":11414,"template":"","meta":{"_et_pb_use_builder":"","_et_pb_old_content":"","_et_gb_content_width":""},"product_brand":[],"product_cat":[2983,57,102],"product_tag":[1223,1390,363,1024],"class_list":{"0":"post-11410","1":"product","2":"type-product","3":"status-publish","4":"has-post-thumbnail","6":"product_cat-accessoires","7":"product_cat-neu-eingetroffen-neue-lieblingsstuecke-bei-regalino","8":"product_cat-taschen-handtaschen-stilvolle-alltagsbegleiter-regalino","9":"product_tag-crossbody","10":"product_tag-guerteltasche","11":"product_tag-nachhaltig","12":"product_tag-urlaub","14":"first","15":"instock","16":"taxable","17":"shipping-taxable","18":"purchasable","19":"product-type-simple"},"yoast_head":"<!-- This site is optimized with the Yoast SEO plugin v27.5 - https:\/\/yoast.com\/product\/yoast-seo-wordpress\/ -->\n<title>*Harry* Jute natur crossbody-bag von Hindbag - Regalino -Lively Style<\/title>\n<meta name=\"description\" content=\"stylische Crossbody-Bag.. Durch den verstellbaren Gurt tragbar \u00fcber dickeren Jacken aber auch leichten T-Shirts\" \/>\n<meta name=\"robots\" content=\"index, follow, max-snippet:-1, max-image-preview:large, max-video-preview:-1\" \/>\n<link rel=\"canonical\" href=\"https:\/\/Regalino-Shop.de\/?product=harry-jute-natur-crossbody-bag-von-hindbag\" \/>\n<meta property=\"og:locale\" content=\"de_DE\" \/>\n<meta property=\"og:type\" content=\"article\" \/>\n<meta property=\"og:title\" content=\"*Harry* Jute natur crossbody-bag von Hindbag - Regalino -Lively Style\" \/>\n<meta property=\"og:description\" content=\"stylische Crossbody-Bag.. Durch den verstellbaren Gurt tragbar \u00fcber dickeren Jacken aber auch leichten T-Shirts\" \/>\n<meta property=\"og:url\" content=\"https:\/\/Regalino-Shop.de\/?product=harry-jute-natur-crossbody-bag-von-hindbag\" \/>\n<meta property=\"og:site_name\" content=\"Regalino -Lively Style\" \/>\n<meta property=\"article:modified_time\" content=\"2026-03-29T08:00:28+00:00\" \/>\n<meta property=\"og:image\" content=\"https:\/\/Regalino-Shop.de\/wp-content\/uploads\/2023\/04\/harry-crossbody-2.jpg\" \/>\n\t<meta property=\"og:image:width\" content=\"405\" \/>\n\t<meta property=\"og:image:height\" content=\"409\" \/>\n\t<meta property=\"og:image:type\" content=\"image\/jpeg\" \/>\n<meta name=\"twitter:card\" content=\"summary_large_image\" \/>\n<script type=\"application\/ld+json\" class=\"yoast-schema-graph\">{\"@context\":\"https:\\\/\\\/schema.org\",\"@graph\":[{\"@type\":\"WebPage\",\"@id\":\"https:\\\/\\\/Regalino-Shop.de\\\/?product=harry-jute-natur-crossbody-bag-von-hindbag\",\"url\":\"https:\\\/\\\/Regalino-Shop.de\\\/?product=harry-jute-natur-crossbody-bag-von-hindbag\",\"name\":\"*Harry* Jute natur crossbody-bag von Hindbag - Regalino -Lively Style\",\"isPartOf\":{\"@id\":\"https:\\\/\\\/Regalino-Shop.de\\\/#website\"},\"primaryImageOfPage\":{\"@id\":\"https:\\\/\\\/Regalino-Shop.de\\\/?product=harry-jute-natur-crossbody-bag-von-hindbag#primaryimage\"},\"image\":{\"@id\":\"https:\\\/\\\/Regalino-Shop.de\\\/?product=harry-jute-natur-crossbody-bag-von-hindbag#primaryimage\"},\"thumbnailUrl\":\"https:\\\/\\\/Regalino-Shop.de\\\/wp-content\\\/uploads\\\/2023\\\/04\\\/harry-crossbody-2.jpg\",\"datePublished\":\"2023-04-30T17:06:47+00:00\",\"dateModified\":\"2026-03-29T08:00:28+00:00\",\"description\":\"stylische Crossbody-Bag.. Durch den verstellbaren Gurt tragbar \u00fcber dickeren Jacken aber auch leichten T-Shirts\",\"breadcrumb\":{\"@id\":\"https:\\\/\\\/Regalino-Shop.de\\\/?product=harry-jute-natur-crossbody-bag-von-hindbag#breadcrumb\"},\"inLanguage\":\"de\",\"potentialAction\":[{\"@type\":\"ReadAction\",\"target\":[\"https:\\\/\\\/Regalino-Shop.de\\\/?product=harry-jute-natur-crossbody-bag-von-hindbag\"]}]},{\"@type\":\"ImageObject\",\"inLanguage\":\"de\",\"@id\":\"https:\\\/\\\/Regalino-Shop.de\\\/?product=harry-jute-natur-crossbody-bag-von-hindbag#primaryimage\",\"url\":\"https:\\\/\\\/Regalino-Shop.de\\\/wp-content\\\/uploads\\\/2023\\\/04\\\/harry-crossbody-2.jpg\",\"contentUrl\":\"https:\\\/\\\/Regalino-Shop.de\\\/wp-content\\\/uploads\\\/2023\\\/04\\\/harry-crossbody-2.jpg\",\"width\":405,\"height\":409,\"caption\":\"harry-crossbody-guerteltasche-hindbag\"},{\"@type\":\"BreadcrumbList\",\"@id\":\"https:\\\/\\\/Regalino-Shop.de\\\/?product=harry-jute-natur-crossbody-bag-von-hindbag#breadcrumb\",\"itemListElement\":[{\"@type\":\"ListItem\",\"position\":1,\"name\":\"Startseite\",\"item\":\"https:\\\/\\\/Regalino-Shop.de\\\/\"},{\"@type\":\"ListItem\",\"position\":2,\"name\":\"Shop\",\"item\":\"https:\\\/\\\/Regalino-Shop.de\\\/?page_id=40\"},{\"@type\":\"ListItem\",\"position\":3,\"name\":\"*Harry* Jute natur crossbody-bag von Hindbag\"}]},{\"@type\":\"WebSite\",\"@id\":\"https:\\\/\\\/Regalino-Shop.de\\\/#website\",\"url\":\"https:\\\/\\\/Regalino-Shop.de\\\/\",\"name\":\"Regalino -Lively Style\",\"description\":\"gelebtes Zuhause\",\"potentialAction\":[{\"@type\":\"SearchAction\",\"target\":{\"@type\":\"EntryPoint\",\"urlTemplate\":\"https:\\\/\\\/Regalino-Shop.de\\\/?s={search_term_string}\"},\"query-input\":{\"@type\":\"PropertyValueSpecification\",\"valueRequired\":true,\"valueName\":\"search_term_string\"}}],\"inLanguage\":\"de\"}]}<\/script>\n<!-- \/ Yoast SEO plugin. -->","yoast_head_json":{"title":"*Harry* Jute natur crossbody-bag von Hindbag - Regalino -Lively Style","description":"stylische Crossbody-Bag.. Durch den verstellbaren Gurt tragbar \u00fcber dickeren Jacken aber auch leichten T-Shirts","robots":{"index":"index","follow":"follow","max-snippet":"max-snippet:-1","max-image-preview":"max-image-preview:large","max-video-preview":"max-video-preview:-1"},"canonical":"https:\/\/Regalino-Shop.de\/?product=harry-jute-natur-crossbody-bag-von-hindbag","og_locale":"de_DE","og_type":"article","og_title":"*Harry* Jute natur crossbody-bag von Hindbag - Regalino -Lively Style","og_description":"stylische Crossbody-Bag.. Durch den verstellbaren Gurt tragbar \u00fcber dickeren Jacken aber auch leichten T-Shirts","og_url":"https:\/\/Regalino-Shop.de\/?product=harry-jute-natur-crossbody-bag-von-hindbag","og_site_name":"Regalino -Lively Style","article_modified_time":"2026-03-29T08:00:28+00:00","og_image":[{"width":405,"height":409,"url":"https:\/\/Regalino-Shop.de\/wp-content\/uploads\/2023\/04\/harry-crossbody-2.jpg","type":"image\/jpeg"}],"twitter_card":"summary_large_image","schema":{"@context":"https:\/\/schema.org","@graph":[{"@type":"WebPage","@id":"https:\/\/Regalino-Shop.de\/?product=harry-jute-natur-crossbody-bag-von-hindbag","url":"https:\/\/Regalino-Shop.de\/?product=harry-jute-natur-crossbody-bag-von-hindbag","name":"*Harry* Jute natur crossbody-bag von Hindbag - Regalino -Lively Style","isPartOf":{"@id":"https:\/\/Regalino-Shop.de\/#website"},"primaryImageOfPage":{"@id":"https:\/\/Regalino-Shop.de\/?product=harry-jute-natur-crossbody-bag-von-hindbag#primaryimage"},"image":{"@id":"https:\/\/Regalino-Shop.de\/?product=harry-jute-natur-crossbody-bag-von-hindbag#primaryimage"},"thumbnailUrl":"https:\/\/Regalino-Shop.de\/wp-content\/uploads\/2023\/04\/harry-crossbody-2.jpg","datePublished":"2023-04-30T17:06:47+00:00","dateModified":"2026-03-29T08:00:28+00:00","description":"stylische Crossbody-Bag.. Durch den verstellbaren Gurt tragbar \u00fcber dickeren Jacken aber auch leichten T-Shirts","breadcrumb":{"@id":"https:\/\/Regalino-Shop.de\/?product=harry-jute-natur-crossbody-bag-von-hindbag#breadcrumb"},"inLanguage":"de","potentialAction":[{"@type":"ReadAction","target":["https:\/\/Regalino-Shop.de\/?product=harry-jute-natur-crossbody-bag-von-hindbag"]}]},{"@type":"ImageObject","inLanguage":"de","@id":"https:\/\/Regalino-Shop.de\/?product=harry-jute-natur-crossbody-bag-von-hindbag#primaryimage","url":"https:\/\/Regalino-Shop.de\/wp-content\/uploads\/2023\/04\/harry-crossbody-2.jpg","contentUrl":"https:\/\/Regalino-Shop.de\/wp-content\/uploads\/2023\/04\/harry-crossbody-2.jpg","width":405,"height":409,"caption":"harry-crossbody-guerteltasche-hindbag"},{"@type":"BreadcrumbList","@id":"https:\/\/Regalino-Shop.de\/?product=harry-jute-natur-crossbody-bag-von-hindbag#breadcrumb","itemListElement":[{"@type":"ListItem","position":1,"name":"Startseite","item":"https:\/\/Regalino-Shop.de\/"},{"@type":"ListItem","position":2,"name":"Shop","item":"https:\/\/Regalino-Shop.de\/?page_id=40"},{"@type":"ListItem","position":3,"name":"*Harry* Jute natur crossbody-bag von Hindbag"}]},{"@type":"WebSite","@id":"https:\/\/Regalino-Shop.de\/#website","url":"https:\/\/Regalino-Shop.de\/","name":"Regalino -Lively Style","description":"gelebtes Zuhause","potentialAction":[{"@type":"SearchAction","target":{"@type":"EntryPoint","urlTemplate":"https:\/\/Regalino-Shop.de\/?s={search_term_string}"},"query-input":{"@type":"PropertyValueSpecification","valueRequired":true,"valueName":"search_term_string"}}],"inLanguage":"de"}]}},"_links":{"self":[{"href":"https:\/\/Regalino-Shop.de\/index.php?rest_route=\/wp\/v2\/product\/11410","targetHints":{"allow":["GET"]}}],"collection":[{"href":"https:\/\/Regalino-Shop.de\/index.php?rest_route=\/wp\/v2\/product"}],"about":[{"href":"https:\/\/Regalino-Shop.de\/index.php?rest_route=\/wp\/v2\/types\/product"}],"wp:featuredmedia":[{"embeddable":true,"href":"https:\/\/Regalino-Shop.de\/index.php?rest_route=\/wp\/v2\/media\/11414"}],"wp:attachment":[{"href":"https:\/\/Regalino-Shop.de\/index.php?rest_route=%2Fwp%2Fv2%2Fmedia&parent=11410"}],"wp:term":[{"taxonomy":"product_brand","embeddable":true,"href":"https:\/\/Regalino-Shop.de\/index.php?rest_route=%2Fwp%2Fv2%2Fproduct_brand&post=11410"},{"taxonomy":"product_cat","embeddable":true,"href":"https:\/\/Regalino-Shop.de\/index.php?rest_route=%2Fwp%2Fv2%2Fproduct_cat&post=11410"},{"taxonomy":"product_tag","embeddable":true,"href":"https:\/\/Regalino-Shop.de\/index.php?rest_route=%2Fwp%2Fv2%2Fproduct_tag&post=11410"}],"curies":[{"name":"wp","href":"https:\/\/api.w.org\/{rel}","templated":true}]}}