{"id":11420,"date":"2023-05-01T07:42:04","date_gmt":"2023-05-01T07:42:04","guid":{"rendered":"https:\/\/Regalino-Shop.de\/?post_type=product&#038;p=11420"},"modified":"2026-03-29T08:00:27","modified_gmt":"2026-03-29T08:00:27","slug":"jeans-blush-weekender-von-hindbag","status":"publish","type":"product","link":"https:\/\/Regalino-Shop.de\/?product=jeans-blush-weekender-von-hindbag","title":{"rendered":"*Jeans* blush Weekender von Hindbag"},"content":{"rendered":"","protected":false},"excerpt":{"rendered":"<h3>der ger\u00e4umige Allesk\u00f6nner&#8230;<\/h3>\n<p>Strandtasche, Weekender &amp; mehr<\/p>\n<ul>\n<li>Material: 100% Bio-Baumwolle (GOTS-Label)<\/li>\n<li>Gr\u00f6\u00dfe: 60 cm x 33 cm x 16 cm<\/li>\n<li>Farbe: blush<\/li>\n<li>Gurte abnehmbar &amp; verstellbar<\/li>\n<li>mit Innenfach &amp; Rei\u00dfverschlu\u00df<\/li>\n<li><span class=\"Styles__Span-sc-4zz2i3-1 AccordionContainer__AccordionSpan-sc-10ikm52-2 fYstiQ izDESg\" data-test-id=\"accordion-text\">Futter mit traditionellen handgefertigten Mustern <\/span><\/li>\n<\/ul>\n<p>das sagt die Marke \u00fcber sich:<\/p>\n<p>Hindbag ist eine ethische und verantwortungsbewusste Marke f\u00fcr Taschen und Accessoires aus 100 % Bio-Baumwolle mit dem Label GOTS.<br \/>\nWir bieten zeitlose und trendige Mode, die aus einer \u201elangsamen\u201c und solidarischen Produktion resultiert, die entworfen wurde, um lange getragen und immer wieder getragen zu werden.<br \/>\nUnsere Produkte werden von unserer indischen Partner-NGO hergestellt, die sich f\u00fcr die St\u00e4rkung von Frauen in einem benachteiligten Gebiet von Delhi einsetzt.<br \/>\nDiese Frauen aus unterprivilegierten Vierteln stellen unsere Accessoires f\u00fcr ein Gehalt her, das dreimal h\u00f6her ist als das durchschnittliche indische Gehalt, Ausbildung und einen Schulplatz f\u00fcr ihre Kinder.<\/p>\n","protected":false},"featured_media":11422,"template":"","meta":{"_et_pb_use_builder":"","_et_pb_old_content":"","_et_gb_content_width":""},"product_brand":[],"product_cat":[2983,57,102],"product_tag":[363,1389,1388,1024],"class_list":{"0":"post-11420","1":"product","2":"type-product","3":"status-publish","4":"has-post-thumbnail","6":"product_cat-accessoires","7":"product_cat-neu-eingetroffen-neue-lieblingsstuecke-bei-regalino","8":"product_cat-taschen-handtaschen-stilvolle-alltagsbegleiter-regalino","9":"product_tag-nachhaltig","10":"product_tag-sonnenhut","11":"product_tag-sonnenschutz","12":"product_tag-urlaub","14":"first","15":"instock","16":"taxable","17":"shipping-taxable","18":"purchasable","19":"product-type-simple"},"yoast_head":"<!-- This site is optimized with the Yoast SEO plugin v27.5 - https:\/\/yoast.com\/product\/yoast-seo-wordpress\/ -->\n<title>*Jeans* blush Weekender von Hindbag - Regalino -Lively Style<\/title>\n<meta name=\"description\" content=\"ger\u00e4umiger Allesk\u00f6nner f\u00fcr den Strand, als Weekender &amp; mehr -Material: 100% Bio-Baumwolle (GOTS-Label) -Gr\u00f6\u00dfe: 51 cm x 33 cm x 14 cm\" \/>\n<meta name=\"robots\" content=\"index, follow, max-snippet:-1, max-image-preview:large, max-video-preview:-1\" \/>\n<link rel=\"canonical\" href=\"https:\/\/Regalino-Shop.de\/?product=jeans-blush-weekender-von-hindbag\" \/>\n<meta property=\"og:locale\" content=\"de_DE\" \/>\n<meta property=\"og:type\" content=\"article\" \/>\n<meta property=\"og:title\" content=\"*Jeans* blush Weekender von Hindbag - Regalino -Lively Style\" \/>\n<meta property=\"og:description\" content=\"ger\u00e4umiger Allesk\u00f6nner f\u00fcr den Strand, als Weekender &amp; mehr -Material: 100% Bio-Baumwolle (GOTS-Label) -Gr\u00f6\u00dfe: 51 cm x 33 cm x 14 cm\" \/>\n<meta property=\"og:url\" content=\"https:\/\/Regalino-Shop.de\/?product=jeans-blush-weekender-von-hindbag\" \/>\n<meta property=\"og:site_name\" content=\"Regalino -Lively Style\" \/>\n<meta property=\"article:modified_time\" content=\"2026-03-29T08:00:27+00:00\" \/>\n<meta property=\"og:image\" content=\"https:\/\/Regalino-Shop.de\/wp-content\/uploads\/2023\/05\/weekender-blush-hindbag-1.jpg\" \/>\n\t<meta property=\"og:image:width\" content=\"401\" \/>\n\t<meta property=\"og:image:height\" content=\"474\" \/>\n\t<meta property=\"og:image:type\" content=\"image\/jpeg\" \/>\n<meta name=\"twitter:card\" content=\"summary_large_image\" \/>\n<script type=\"application\/ld+json\" class=\"yoast-schema-graph\">{\"@context\":\"https:\\\/\\\/schema.org\",\"@graph\":[{\"@type\":\"WebPage\",\"@id\":\"https:\\\/\\\/Regalino-Shop.de\\\/?product=jeans-blush-weekender-von-hindbag\",\"url\":\"https:\\\/\\\/Regalino-Shop.de\\\/?product=jeans-blush-weekender-von-hindbag\",\"name\":\"*Jeans* blush Weekender von Hindbag - Regalino -Lively Style\",\"isPartOf\":{\"@id\":\"https:\\\/\\\/Regalino-Shop.de\\\/#website\"},\"primaryImageOfPage\":{\"@id\":\"https:\\\/\\\/Regalino-Shop.de\\\/?product=jeans-blush-weekender-von-hindbag#primaryimage\"},\"image\":{\"@id\":\"https:\\\/\\\/Regalino-Shop.de\\\/?product=jeans-blush-weekender-von-hindbag#primaryimage\"},\"thumbnailUrl\":\"https:\\\/\\\/Regalino-Shop.de\\\/wp-content\\\/uploads\\\/2023\\\/05\\\/weekender-blush-hindbag-1.jpg\",\"datePublished\":\"2023-05-01T07:42:04+00:00\",\"dateModified\":\"2026-03-29T08:00:27+00:00\",\"description\":\"ger\u00e4umiger Allesk\u00f6nner f\u00fcr den Strand, als Weekender & mehr -Material: 100% Bio-Baumwolle (GOTS-Label) -Gr\u00f6\u00dfe: 51 cm x 33 cm x 14 cm\",\"breadcrumb\":{\"@id\":\"https:\\\/\\\/Regalino-Shop.de\\\/?product=jeans-blush-weekender-von-hindbag#breadcrumb\"},\"inLanguage\":\"de\",\"potentialAction\":[{\"@type\":\"ReadAction\",\"target\":[\"https:\\\/\\\/Regalino-Shop.de\\\/?product=jeans-blush-weekender-von-hindbag\"]}]},{\"@type\":\"ImageObject\",\"inLanguage\":\"de\",\"@id\":\"https:\\\/\\\/Regalino-Shop.de\\\/?product=jeans-blush-weekender-von-hindbag#primaryimage\",\"url\":\"https:\\\/\\\/Regalino-Shop.de\\\/wp-content\\\/uploads\\\/2023\\\/05\\\/weekender-blush-hindbag-1.jpg\",\"contentUrl\":\"https:\\\/\\\/Regalino-Shop.de\\\/wp-content\\\/uploads\\\/2023\\\/05\\\/weekender-blush-hindbag-1.jpg\",\"width\":401,\"height\":474,\"caption\":\"hindbag-shopper-strandtasche-weekender-nachhaltig\"},{\"@type\":\"BreadcrumbList\",\"@id\":\"https:\\\/\\\/Regalino-Shop.de\\\/?product=jeans-blush-weekender-von-hindbag#breadcrumb\",\"itemListElement\":[{\"@type\":\"ListItem\",\"position\":1,\"name\":\"Startseite\",\"item\":\"https:\\\/\\\/Regalino-Shop.de\\\/\"},{\"@type\":\"ListItem\",\"position\":2,\"name\":\"Shop\",\"item\":\"https:\\\/\\\/Regalino-Shop.de\\\/?page_id=40\"},{\"@type\":\"ListItem\",\"position\":3,\"name\":\"*Jeans* blush Weekender von Hindbag\"}]},{\"@type\":\"WebSite\",\"@id\":\"https:\\\/\\\/Regalino-Shop.de\\\/#website\",\"url\":\"https:\\\/\\\/Regalino-Shop.de\\\/\",\"name\":\"Regalino -Lively Style\",\"description\":\"gelebtes Zuhause\",\"potentialAction\":[{\"@type\":\"SearchAction\",\"target\":{\"@type\":\"EntryPoint\",\"urlTemplate\":\"https:\\\/\\\/Regalino-Shop.de\\\/?s={search_term_string}\"},\"query-input\":{\"@type\":\"PropertyValueSpecification\",\"valueRequired\":true,\"valueName\":\"search_term_string\"}}],\"inLanguage\":\"de\"}]}<\/script>\n<!-- \/ Yoast SEO plugin. -->","yoast_head_json":{"title":"*Jeans* blush Weekender von Hindbag - Regalino -Lively Style","description":"ger\u00e4umiger Allesk\u00f6nner f\u00fcr den Strand, als Weekender & mehr -Material: 100% Bio-Baumwolle (GOTS-Label) -Gr\u00f6\u00dfe: 51 cm x 33 cm x 14 cm","robots":{"index":"index","follow":"follow","max-snippet":"max-snippet:-1","max-image-preview":"max-image-preview:large","max-video-preview":"max-video-preview:-1"},"canonical":"https:\/\/Regalino-Shop.de\/?product=jeans-blush-weekender-von-hindbag","og_locale":"de_DE","og_type":"article","og_title":"*Jeans* blush Weekender von Hindbag - Regalino -Lively Style","og_description":"ger\u00e4umiger Allesk\u00f6nner f\u00fcr den Strand, als Weekender & mehr -Material: 100% Bio-Baumwolle (GOTS-Label) -Gr\u00f6\u00dfe: 51 cm x 33 cm x 14 cm","og_url":"https:\/\/Regalino-Shop.de\/?product=jeans-blush-weekender-von-hindbag","og_site_name":"Regalino -Lively Style","article_modified_time":"2026-03-29T08:00:27+00:00","og_image":[{"width":401,"height":474,"url":"https:\/\/Regalino-Shop.de\/wp-content\/uploads\/2023\/05\/weekender-blush-hindbag-1.jpg","type":"image\/jpeg"}],"twitter_card":"summary_large_image","schema":{"@context":"https:\/\/schema.org","@graph":[{"@type":"WebPage","@id":"https:\/\/Regalino-Shop.de\/?product=jeans-blush-weekender-von-hindbag","url":"https:\/\/Regalino-Shop.de\/?product=jeans-blush-weekender-von-hindbag","name":"*Jeans* blush Weekender von Hindbag - Regalino -Lively Style","isPartOf":{"@id":"https:\/\/Regalino-Shop.de\/#website"},"primaryImageOfPage":{"@id":"https:\/\/Regalino-Shop.de\/?product=jeans-blush-weekender-von-hindbag#primaryimage"},"image":{"@id":"https:\/\/Regalino-Shop.de\/?product=jeans-blush-weekender-von-hindbag#primaryimage"},"thumbnailUrl":"https:\/\/Regalino-Shop.de\/wp-content\/uploads\/2023\/05\/weekender-blush-hindbag-1.jpg","datePublished":"2023-05-01T07:42:04+00:00","dateModified":"2026-03-29T08:00:27+00:00","description":"ger\u00e4umiger Allesk\u00f6nner f\u00fcr den Strand, als Weekender & mehr -Material: 100% Bio-Baumwolle (GOTS-Label) -Gr\u00f6\u00dfe: 51 cm x 33 cm x 14 cm","breadcrumb":{"@id":"https:\/\/Regalino-Shop.de\/?product=jeans-blush-weekender-von-hindbag#breadcrumb"},"inLanguage":"de","potentialAction":[{"@type":"ReadAction","target":["https:\/\/Regalino-Shop.de\/?product=jeans-blush-weekender-von-hindbag"]}]},{"@type":"ImageObject","inLanguage":"de","@id":"https:\/\/Regalino-Shop.de\/?product=jeans-blush-weekender-von-hindbag#primaryimage","url":"https:\/\/Regalino-Shop.de\/wp-content\/uploads\/2023\/05\/weekender-blush-hindbag-1.jpg","contentUrl":"https:\/\/Regalino-Shop.de\/wp-content\/uploads\/2023\/05\/weekender-blush-hindbag-1.jpg","width":401,"height":474,"caption":"hindbag-shopper-strandtasche-weekender-nachhaltig"},{"@type":"BreadcrumbList","@id":"https:\/\/Regalino-Shop.de\/?product=jeans-blush-weekender-von-hindbag#breadcrumb","itemListElement":[{"@type":"ListItem","position":1,"name":"Startseite","item":"https:\/\/Regalino-Shop.de\/"},{"@type":"ListItem","position":2,"name":"Shop","item":"https:\/\/Regalino-Shop.de\/?page_id=40"},{"@type":"ListItem","position":3,"name":"*Jeans* blush Weekender von Hindbag"}]},{"@type":"WebSite","@id":"https:\/\/Regalino-Shop.de\/#website","url":"https:\/\/Regalino-Shop.de\/","name":"Regalino -Lively Style","description":"gelebtes Zuhause","potentialAction":[{"@type":"SearchAction","target":{"@type":"EntryPoint","urlTemplate":"https:\/\/Regalino-Shop.de\/?s={search_term_string}"},"query-input":{"@type":"PropertyValueSpecification","valueRequired":true,"valueName":"search_term_string"}}],"inLanguage":"de"}]}},"_links":{"self":[{"href":"https:\/\/Regalino-Shop.de\/index.php?rest_route=\/wp\/v2\/product\/11420","targetHints":{"allow":["GET"]}}],"collection":[{"href":"https:\/\/Regalino-Shop.de\/index.php?rest_route=\/wp\/v2\/product"}],"about":[{"href":"https:\/\/Regalino-Shop.de\/index.php?rest_route=\/wp\/v2\/types\/product"}],"wp:featuredmedia":[{"embeddable":true,"href":"https:\/\/Regalino-Shop.de\/index.php?rest_route=\/wp\/v2\/media\/11422"}],"wp:attachment":[{"href":"https:\/\/Regalino-Shop.de\/index.php?rest_route=%2Fwp%2Fv2%2Fmedia&parent=11420"}],"wp:term":[{"taxonomy":"product_brand","embeddable":true,"href":"https:\/\/Regalino-Shop.de\/index.php?rest_route=%2Fwp%2Fv2%2Fproduct_brand&post=11420"},{"taxonomy":"product_cat","embeddable":true,"href":"https:\/\/Regalino-Shop.de\/index.php?rest_route=%2Fwp%2Fv2%2Fproduct_cat&post=11420"},{"taxonomy":"product_tag","embeddable":true,"href":"https:\/\/Regalino-Shop.de\/index.php?rest_route=%2Fwp%2Fv2%2Fproduct_tag&post=11420"}],"curies":[{"name":"wp","href":"https:\/\/api.w.org\/{rel}","templated":true}]}}