{"id":11546,"date":"2023-05-03T10:17:21","date_gmt":"2023-05-03T10:17:21","guid":{"rendered":"https:\/\/Regalino-Shop.de\/?post_type=product&#038;p=11546"},"modified":"2026-03-11T15:31:53","modified_gmt":"2026-03-11T15:31:53","slug":"led-nachtlicht-joseph-rose-in-april","status":"publish","type":"product","link":"https:\/\/Regalino-Shop.de\/?product=led-nachtlicht-joseph-rose-in-april","title":{"rendered":"LED Nachtlicht *Joseph* Rose in April"},"content":{"rendered":"","protected":false},"excerpt":{"rendered":"<h3>wer schaut denn da?<\/h3>\n<p>Herr Joseph vom franz\u00f6sichen Label Rose in April &#8211; nimmt Platz auf Regalbrettern, am Nachttisch &#8230;\u00a0 nicht nur ein Schlummerlicht, durch den beweglichen Kopf kann es zum Kind schauen &amp; die s\u00fc\u00dfen Tr\u00e4ume bewachen &#8211; durch das LED Licht wird die Lampe auch nicht hei\u00df<\/p>\n<ul>\n<li>Material: Polypropylen<\/li>\n<li>Gr\u00f6\u00dfe: 20 x 22 x 58 cm ((Kabell\u00e4nge: 125 cm)<\/li>\n<li>Farbe: wei\u00df<\/li>\n<li>LED-Leuchtmittel:\u00a0energiesparend und umweltschonend (Lebensdauer von mehr als 25.000 Stunden)<\/li>\n<li>Netzbetrieb (inkl. Kabel mit Schalter)<\/li>\n<li>kein Kinderspielzeug<\/li>\n<\/ul>\n<p>&nbsp;<\/p>\n","protected":false},"featured_media":11547,"template":"","meta":{"_et_pb_use_builder":"","_et_pb_old_content":"","_et_gb_content_width":""},"product_brand":[],"product_cat":[62,57,94],"product_tag":[837,334,1402,1401,1400],"class_list":{"0":"post-11546","1":"product","2":"type-product","3":"status-publish","4":"has-post-thumbnail","6":"product_cat-licht-lampen-kerzen-im-scandi-breton-stil-regalino","7":"product_cat-neu-eingetroffen-neue-lieblingsstuecke-bei-regalino","8":"product_cat-kinderzimmer-deko-im-scandi-breton-stil-regalino","9":"product_tag-baby","10":"product_tag-kinderzimmer","11":"product_tag-lampe","12":"product_tag-led_lampe","13":"product_tag-nachtlicht","15":"first","16":"instock","17":"taxable","18":"shipping-taxable","19":"purchasable","20":"product-type-simple"},"yoast_head":"<!-- This site is optimized with the Yoast SEO plugin v27.5 - https:\/\/yoast.com\/product\/yoast-seo-wordpress\/ -->\n<title>LED Nachtlicht *Joseph* Rose in April - Regalino -Lively Style<\/title>\n<meta name=\"description\" content=\"nimmt Platz auf Regalbrettern, am Nachttisch ...\u00a0 nicht nur ein Schlummerlicht, durch den beweglichen Kopf kann es zum Kind schauen &amp; die s\u00fc\u00dfen Tr\u00e4ume bewachen\" \/>\n<meta name=\"robots\" content=\"index, follow, max-snippet:-1, max-image-preview:large, max-video-preview:-1\" \/>\n<link rel=\"canonical\" href=\"https:\/\/Regalino-Shop.de\/?product=led-nachtlicht-joseph-rose-in-april\" \/>\n<meta property=\"og:locale\" content=\"de_DE\" \/>\n<meta property=\"og:type\" content=\"article\" \/>\n<meta property=\"og:title\" content=\"LED Nachtlicht *Joseph* Rose in April - Regalino -Lively Style\" \/>\n<meta property=\"og:description\" content=\"nimmt Platz auf Regalbrettern, am Nachttisch ...\u00a0 nicht nur ein Schlummerlicht, durch den beweglichen Kopf kann es zum Kind schauen &amp; die s\u00fc\u00dfen Tr\u00e4ume bewachen\" \/>\n<meta property=\"og:url\" content=\"https:\/\/Regalino-Shop.de\/?product=led-nachtlicht-joseph-rose-in-april\" \/>\n<meta property=\"og:site_name\" content=\"Regalino -Lively Style\" \/>\n<meta property=\"article:modified_time\" content=\"2026-03-11T15:31:53+00:00\" \/>\n<meta property=\"og:image\" content=\"https:\/\/Regalino-Shop.de\/wp-content\/uploads\/2023\/05\/LED_Licht_Joseph_Rose_in_April.jpg\" \/>\n\t<meta property=\"og:image:width\" content=\"525\" \/>\n\t<meta property=\"og:image:height\" content=\"553\" \/>\n\t<meta property=\"og:image:type\" content=\"image\/jpeg\" \/>\n<meta name=\"twitter:card\" content=\"summary_large_image\" \/>\n<script type=\"application\/ld+json\" class=\"yoast-schema-graph\">{\"@context\":\"https:\\\/\\\/schema.org\",\"@graph\":[{\"@type\":\"WebPage\",\"@id\":\"https:\\\/\\\/Regalino-Shop.de\\\/?product=led-nachtlicht-joseph-rose-in-april\",\"url\":\"https:\\\/\\\/Regalino-Shop.de\\\/?product=led-nachtlicht-joseph-rose-in-april\",\"name\":\"LED Nachtlicht *Joseph* Rose in April - Regalino -Lively Style\",\"isPartOf\":{\"@id\":\"https:\\\/\\\/Regalino-Shop.de\\\/#website\"},\"primaryImageOfPage\":{\"@id\":\"https:\\\/\\\/Regalino-Shop.de\\\/?product=led-nachtlicht-joseph-rose-in-april#primaryimage\"},\"image\":{\"@id\":\"https:\\\/\\\/Regalino-Shop.de\\\/?product=led-nachtlicht-joseph-rose-in-april#primaryimage\"},\"thumbnailUrl\":\"https:\\\/\\\/Regalino-Shop.de\\\/wp-content\\\/uploads\\\/2023\\\/05\\\/LED_Licht_Joseph_Rose_in_April.jpg\",\"datePublished\":\"2023-05-03T10:17:21+00:00\",\"dateModified\":\"2026-03-11T15:31:53+00:00\",\"description\":\"nimmt Platz auf Regalbrettern, am Nachttisch ...\u00a0 nicht nur ein Schlummerlicht, durch den beweglichen Kopf kann es zum Kind schauen & die s\u00fc\u00dfen Tr\u00e4ume bewachen\",\"breadcrumb\":{\"@id\":\"https:\\\/\\\/Regalino-Shop.de\\\/?product=led-nachtlicht-joseph-rose-in-april#breadcrumb\"},\"inLanguage\":\"de\",\"potentialAction\":[{\"@type\":\"ReadAction\",\"target\":[\"https:\\\/\\\/Regalino-Shop.de\\\/?product=led-nachtlicht-joseph-rose-in-april\"]}]},{\"@type\":\"ImageObject\",\"inLanguage\":\"de\",\"@id\":\"https:\\\/\\\/Regalino-Shop.de\\\/?product=led-nachtlicht-joseph-rose-in-april#primaryimage\",\"url\":\"https:\\\/\\\/Regalino-Shop.de\\\/wp-content\\\/uploads\\\/2023\\\/05\\\/LED_Licht_Joseph_Rose_in_April.jpg\",\"contentUrl\":\"https:\\\/\\\/Regalino-Shop.de\\\/wp-content\\\/uploads\\\/2023\\\/05\\\/LED_Licht_Joseph_Rose_in_April.jpg\",\"width\":525,\"height\":553,\"caption\":\"LED_Licht_Joseph_Rose_in_Apri\"},{\"@type\":\"BreadcrumbList\",\"@id\":\"https:\\\/\\\/Regalino-Shop.de\\\/?product=led-nachtlicht-joseph-rose-in-april#breadcrumb\",\"itemListElement\":[{\"@type\":\"ListItem\",\"position\":1,\"name\":\"Startseite\",\"item\":\"https:\\\/\\\/Regalino-Shop.de\\\/\"},{\"@type\":\"ListItem\",\"position\":2,\"name\":\"Shop\",\"item\":\"https:\\\/\\\/Regalino-Shop.de\\\/?page_id=40\"},{\"@type\":\"ListItem\",\"position\":3,\"name\":\"LED Nachtlicht *Joseph* Rose in April\"}]},{\"@type\":\"WebSite\",\"@id\":\"https:\\\/\\\/Regalino-Shop.de\\\/#website\",\"url\":\"https:\\\/\\\/Regalino-Shop.de\\\/\",\"name\":\"Regalino -Lively Style\",\"description\":\"gelebtes Zuhause\",\"potentialAction\":[{\"@type\":\"SearchAction\",\"target\":{\"@type\":\"EntryPoint\",\"urlTemplate\":\"https:\\\/\\\/Regalino-Shop.de\\\/?s={search_term_string}\"},\"query-input\":{\"@type\":\"PropertyValueSpecification\",\"valueRequired\":true,\"valueName\":\"search_term_string\"}}],\"inLanguage\":\"de\"}]}<\/script>\n<!-- \/ Yoast SEO plugin. -->","yoast_head_json":{"title":"LED Nachtlicht *Joseph* Rose in April - Regalino -Lively Style","description":"nimmt Platz auf Regalbrettern, am Nachttisch ...\u00a0 nicht nur ein Schlummerlicht, durch den beweglichen Kopf kann es zum Kind schauen & die s\u00fc\u00dfen Tr\u00e4ume bewachen","robots":{"index":"index","follow":"follow","max-snippet":"max-snippet:-1","max-image-preview":"max-image-preview:large","max-video-preview":"max-video-preview:-1"},"canonical":"https:\/\/Regalino-Shop.de\/?product=led-nachtlicht-joseph-rose-in-april","og_locale":"de_DE","og_type":"article","og_title":"LED Nachtlicht *Joseph* Rose in April - Regalino -Lively Style","og_description":"nimmt Platz auf Regalbrettern, am Nachttisch ...\u00a0 nicht nur ein Schlummerlicht, durch den beweglichen Kopf kann es zum Kind schauen & die s\u00fc\u00dfen Tr\u00e4ume bewachen","og_url":"https:\/\/Regalino-Shop.de\/?product=led-nachtlicht-joseph-rose-in-april","og_site_name":"Regalino -Lively Style","article_modified_time":"2026-03-11T15:31:53+00:00","og_image":[{"width":525,"height":553,"url":"https:\/\/Regalino-Shop.de\/wp-content\/uploads\/2023\/05\/LED_Licht_Joseph_Rose_in_April.jpg","type":"image\/jpeg"}],"twitter_card":"summary_large_image","schema":{"@context":"https:\/\/schema.org","@graph":[{"@type":"WebPage","@id":"https:\/\/Regalino-Shop.de\/?product=led-nachtlicht-joseph-rose-in-april","url":"https:\/\/Regalino-Shop.de\/?product=led-nachtlicht-joseph-rose-in-april","name":"LED Nachtlicht *Joseph* Rose in April - Regalino -Lively Style","isPartOf":{"@id":"https:\/\/Regalino-Shop.de\/#website"},"primaryImageOfPage":{"@id":"https:\/\/Regalino-Shop.de\/?product=led-nachtlicht-joseph-rose-in-april#primaryimage"},"image":{"@id":"https:\/\/Regalino-Shop.de\/?product=led-nachtlicht-joseph-rose-in-april#primaryimage"},"thumbnailUrl":"https:\/\/Regalino-Shop.de\/wp-content\/uploads\/2023\/05\/LED_Licht_Joseph_Rose_in_April.jpg","datePublished":"2023-05-03T10:17:21+00:00","dateModified":"2026-03-11T15:31:53+00:00","description":"nimmt Platz auf Regalbrettern, am Nachttisch ...\u00a0 nicht nur ein Schlummerlicht, durch den beweglichen Kopf kann es zum Kind schauen & die s\u00fc\u00dfen Tr\u00e4ume bewachen","breadcrumb":{"@id":"https:\/\/Regalino-Shop.de\/?product=led-nachtlicht-joseph-rose-in-april#breadcrumb"},"inLanguage":"de","potentialAction":[{"@type":"ReadAction","target":["https:\/\/Regalino-Shop.de\/?product=led-nachtlicht-joseph-rose-in-april"]}]},{"@type":"ImageObject","inLanguage":"de","@id":"https:\/\/Regalino-Shop.de\/?product=led-nachtlicht-joseph-rose-in-april#primaryimage","url":"https:\/\/Regalino-Shop.de\/wp-content\/uploads\/2023\/05\/LED_Licht_Joseph_Rose_in_April.jpg","contentUrl":"https:\/\/Regalino-Shop.de\/wp-content\/uploads\/2023\/05\/LED_Licht_Joseph_Rose_in_April.jpg","width":525,"height":553,"caption":"LED_Licht_Joseph_Rose_in_Apri"},{"@type":"BreadcrumbList","@id":"https:\/\/Regalino-Shop.de\/?product=led-nachtlicht-joseph-rose-in-april#breadcrumb","itemListElement":[{"@type":"ListItem","position":1,"name":"Startseite","item":"https:\/\/Regalino-Shop.de\/"},{"@type":"ListItem","position":2,"name":"Shop","item":"https:\/\/Regalino-Shop.de\/?page_id=40"},{"@type":"ListItem","position":3,"name":"LED Nachtlicht *Joseph* Rose in April"}]},{"@type":"WebSite","@id":"https:\/\/Regalino-Shop.de\/#website","url":"https:\/\/Regalino-Shop.de\/","name":"Regalino -Lively Style","description":"gelebtes Zuhause","potentialAction":[{"@type":"SearchAction","target":{"@type":"EntryPoint","urlTemplate":"https:\/\/Regalino-Shop.de\/?s={search_term_string}"},"query-input":{"@type":"PropertyValueSpecification","valueRequired":true,"valueName":"search_term_string"}}],"inLanguage":"de"}]}},"_links":{"self":[{"href":"https:\/\/Regalino-Shop.de\/index.php?rest_route=\/wp\/v2\/product\/11546","targetHints":{"allow":["GET"]}}],"collection":[{"href":"https:\/\/Regalino-Shop.de\/index.php?rest_route=\/wp\/v2\/product"}],"about":[{"href":"https:\/\/Regalino-Shop.de\/index.php?rest_route=\/wp\/v2\/types\/product"}],"wp:featuredmedia":[{"embeddable":true,"href":"https:\/\/Regalino-Shop.de\/index.php?rest_route=\/wp\/v2\/media\/11547"}],"wp:attachment":[{"href":"https:\/\/Regalino-Shop.de\/index.php?rest_route=%2Fwp%2Fv2%2Fmedia&parent=11546"}],"wp:term":[{"taxonomy":"product_brand","embeddable":true,"href":"https:\/\/Regalino-Shop.de\/index.php?rest_route=%2Fwp%2Fv2%2Fproduct_brand&post=11546"},{"taxonomy":"product_cat","embeddable":true,"href":"https:\/\/Regalino-Shop.de\/index.php?rest_route=%2Fwp%2Fv2%2Fproduct_cat&post=11546"},{"taxonomy":"product_tag","embeddable":true,"href":"https:\/\/Regalino-Shop.de\/index.php?rest_route=%2Fwp%2Fv2%2Fproduct_tag&post=11546"}],"curies":[{"name":"wp","href":"https:\/\/api.w.org\/{rel}","templated":true}]}}