{"id":11761,"date":"2023-09-07T15:01:39","date_gmt":"2023-09-07T15:01:39","guid":{"rendered":"https:\/\/Regalino-Shop.de\/?post_type=product&#038;p=11761"},"modified":"2026-03-29T08:08:12","modified_gmt":"2026-03-29T08:08:12","slug":"schluesselkette-pink-sea-von-dropletsy","status":"publish","type":"product","link":"https:\/\/Regalino-Shop.de\/?product=schluesselkette-pink-sea-von-dropletsy","title":{"rendered":"Schl\u00fcsselkette *Pink sea* von DROPLETSY"},"content":{"rendered":"","protected":false},"excerpt":{"rendered":"<h3>Handgefertigte Schl\u00fcsselringkette<\/h3>\n<p><strong>L\u00e4nge:<\/strong>\u00a025cm<br \/>\n<strong>Perlengr\u00f6\u00dfe:<\/strong>\u00a012mm<\/p>\n<p>Jede Schl\u00fcsselkette enth\u00e4lt eine Perle mit dem Dropletsy Logo, damit k\u00f6nnt ihr sicher sein, dass es sich um eine originale DROPLETSY Kette handelt.<\/p>\n<p>Universal einsetzbare Kette mit einem Schl\u00fcsselring und einem Karabiner f\u00fcr Handyh\u00fclle oder Schl\u00fcssel<\/p>\n<p><strong>STYLISCH &amp; PRAKTISCH:<\/strong>\u00a0Praktisch verbunden mit Karabiner &amp; Schl\u00fcsselring hast du deine Schl\u00fcssel oder dein Handy immer stylisch mit deiner Chain an deiner Seite.<\/p>\n<p><strong>HANDGEFERTIGT:<\/strong>\u00a0DROPLETSY Schl\u00fcsselketten sind aus Holzperlen handgefertigte Ketten. Du kannst deine universale Handykordel mit silber farbenen Karabinerhaken und Ring an deiner Handyh\u00fclle oder Schl\u00fcssel befestigen, dein perfektes Accessoire.<\/p>\n<p><strong>HOLZPERLEN:<\/strong> Die Perlen sind auf Wasserbasis bunt gef\u00e4rbte Holzperlen, umweltfreundlich und schadstoffarm gem\u00e4\u00df der europ\u00e4ischen Norm EN71 f\u00fcr Spielzeugsicherheit.<\/p>\n","protected":false},"featured_media":11764,"template":"","meta":{"_et_pb_use_builder":"","_et_pb_old_content":"","_et_gb_content_width":""},"product_brand":[],"product_cat":[2983,1255],"product_tag":[1417,354,1418,363,1416],"class_list":{"0":"post-11761","1":"product","2":"type-product","3":"status-publish","4":"has-post-thumbnail","6":"product_cat-accessoires","7":"product_cat-schluesselanhaenger-handyketten-praktische-accessoires-regalino","8":"product_tag-chain","9":"product_tag-geschenkidee","10":"product_tag-handyhuelle","11":"product_tag-nachhaltig","12":"product_tag-schluesselring","14":"first","15":"instock","16":"taxable","17":"shipping-taxable","18":"purchasable","19":"product-type-simple"},"yoast_head":"<!-- This site is optimized with the Yoast SEO plugin v27.5 - https:\/\/yoast.com\/product\/yoast-seo-wordpress\/ -->\n<title>Schl\u00fcsselkette *Pink sea* von DROPLETSY - Regalino -Lively Style<\/title>\n<meta name=\"description\" content=\"auf Wasserbasis gef\u00e4rbte Holzperlen - f\u00fcr Handy oder Schl\u00fcssel - das perfekte Accessoires - mit 12 Perlen\" \/>\n<meta name=\"robots\" content=\"index, follow, max-snippet:-1, max-image-preview:large, max-video-preview:-1\" \/>\n<link rel=\"canonical\" href=\"https:\/\/Regalino-Shop.de\/?product=schluesselkette-pink-sea-von-dropletsy\" \/>\n<meta property=\"og:locale\" content=\"de_DE\" \/>\n<meta property=\"og:type\" content=\"article\" \/>\n<meta property=\"og:title\" content=\"Schl\u00fcsselkette *Pink sea* von DROPLETSY - Regalino -Lively Style\" \/>\n<meta property=\"og:description\" content=\"auf Wasserbasis gef\u00e4rbte Holzperlen - f\u00fcr Handy oder Schl\u00fcssel - das perfekte Accessoires - mit 12 Perlen\" \/>\n<meta property=\"og:url\" content=\"https:\/\/Regalino-Shop.de\/?product=schluesselkette-pink-sea-von-dropletsy\" \/>\n<meta property=\"og:site_name\" content=\"Regalino -Lively Style\" \/>\n<meta property=\"article:modified_time\" content=\"2026-03-29T08:08:12+00:00\" \/>\n<meta property=\"og:image\" content=\"https:\/\/Regalino-Shop.de\/wp-content\/uploads\/2023\/09\/pink-sea-chain-mini-1.jpg\" \/>\n\t<meta property=\"og:image:width\" content=\"560\" \/>\n\t<meta property=\"og:image:height\" content=\"539\" \/>\n\t<meta property=\"og:image:type\" content=\"image\/jpeg\" \/>\n<meta name=\"twitter:card\" content=\"summary_large_image\" \/>\n<script type=\"application\/ld+json\" class=\"yoast-schema-graph\">{\"@context\":\"https:\\\/\\\/schema.org\",\"@graph\":[{\"@type\":\"WebPage\",\"@id\":\"https:\\\/\\\/Regalino-Shop.de\\\/?product=schluesselkette-pink-sea-von-dropletsy\",\"url\":\"https:\\\/\\\/Regalino-Shop.de\\\/?product=schluesselkette-pink-sea-von-dropletsy\",\"name\":\"Schl\u00fcsselkette *Pink sea* von DROPLETSY - Regalino -Lively Style\",\"isPartOf\":{\"@id\":\"https:\\\/\\\/Regalino-Shop.de\\\/#website\"},\"primaryImageOfPage\":{\"@id\":\"https:\\\/\\\/Regalino-Shop.de\\\/?product=schluesselkette-pink-sea-von-dropletsy#primaryimage\"},\"image\":{\"@id\":\"https:\\\/\\\/Regalino-Shop.de\\\/?product=schluesselkette-pink-sea-von-dropletsy#primaryimage\"},\"thumbnailUrl\":\"https:\\\/\\\/Regalino-Shop.de\\\/wp-content\\\/uploads\\\/2023\\\/09\\\/pink-sea-chain-mini-1.jpg\",\"datePublished\":\"2023-09-07T15:01:39+00:00\",\"dateModified\":\"2026-03-29T08:08:12+00:00\",\"description\":\"auf Wasserbasis gef\u00e4rbte Holzperlen - f\u00fcr Handy oder Schl\u00fcssel - das perfekte Accessoires - mit 12 Perlen\",\"breadcrumb\":{\"@id\":\"https:\\\/\\\/Regalino-Shop.de\\\/?product=schluesselkette-pink-sea-von-dropletsy#breadcrumb\"},\"inLanguage\":\"de\",\"potentialAction\":[{\"@type\":\"ReadAction\",\"target\":[\"https:\\\/\\\/Regalino-Shop.de\\\/?product=schluesselkette-pink-sea-von-dropletsy\"]}]},{\"@type\":\"ImageObject\",\"inLanguage\":\"de\",\"@id\":\"https:\\\/\\\/Regalino-Shop.de\\\/?product=schluesselkette-pink-sea-von-dropletsy#primaryimage\",\"url\":\"https:\\\/\\\/Regalino-Shop.de\\\/wp-content\\\/uploads\\\/2023\\\/09\\\/pink-sea-chain-mini-1.jpg\",\"contentUrl\":\"https:\\\/\\\/Regalino-Shop.de\\\/wp-content\\\/uploads\\\/2023\\\/09\\\/pink-sea-chain-mini-1.jpg\",\"width\":560,\"height\":539},{\"@type\":\"BreadcrumbList\",\"@id\":\"https:\\\/\\\/Regalino-Shop.de\\\/?product=schluesselkette-pink-sea-von-dropletsy#breadcrumb\",\"itemListElement\":[{\"@type\":\"ListItem\",\"position\":1,\"name\":\"Startseite\",\"item\":\"https:\\\/\\\/Regalino-Shop.de\\\/\"},{\"@type\":\"ListItem\",\"position\":2,\"name\":\"Shop\",\"item\":\"https:\\\/\\\/Regalino-Shop.de\\\/?page_id=40\"},{\"@type\":\"ListItem\",\"position\":3,\"name\":\"Schl\u00fcsselkette *Pink sea* von DROPLETSY\"}]},{\"@type\":\"WebSite\",\"@id\":\"https:\\\/\\\/Regalino-Shop.de\\\/#website\",\"url\":\"https:\\\/\\\/Regalino-Shop.de\\\/\",\"name\":\"Regalino -Lively Style\",\"description\":\"gelebtes Zuhause\",\"potentialAction\":[{\"@type\":\"SearchAction\",\"target\":{\"@type\":\"EntryPoint\",\"urlTemplate\":\"https:\\\/\\\/Regalino-Shop.de\\\/?s={search_term_string}\"},\"query-input\":{\"@type\":\"PropertyValueSpecification\",\"valueRequired\":true,\"valueName\":\"search_term_string\"}}],\"inLanguage\":\"de\"}]}<\/script>\n<!-- \/ Yoast SEO plugin. -->","yoast_head_json":{"title":"Schl\u00fcsselkette *Pink sea* von DROPLETSY - Regalino -Lively Style","description":"auf Wasserbasis gef\u00e4rbte Holzperlen - f\u00fcr Handy oder Schl\u00fcssel - das perfekte Accessoires - mit 12 Perlen","robots":{"index":"index","follow":"follow","max-snippet":"max-snippet:-1","max-image-preview":"max-image-preview:large","max-video-preview":"max-video-preview:-1"},"canonical":"https:\/\/Regalino-Shop.de\/?product=schluesselkette-pink-sea-von-dropletsy","og_locale":"de_DE","og_type":"article","og_title":"Schl\u00fcsselkette *Pink sea* von DROPLETSY - Regalino -Lively Style","og_description":"auf Wasserbasis gef\u00e4rbte Holzperlen - f\u00fcr Handy oder Schl\u00fcssel - das perfekte Accessoires - mit 12 Perlen","og_url":"https:\/\/Regalino-Shop.de\/?product=schluesselkette-pink-sea-von-dropletsy","og_site_name":"Regalino -Lively Style","article_modified_time":"2026-03-29T08:08:12+00:00","og_image":[{"width":560,"height":539,"url":"https:\/\/Regalino-Shop.de\/wp-content\/uploads\/2023\/09\/pink-sea-chain-mini-1.jpg","type":"image\/jpeg"}],"twitter_card":"summary_large_image","schema":{"@context":"https:\/\/schema.org","@graph":[{"@type":"WebPage","@id":"https:\/\/Regalino-Shop.de\/?product=schluesselkette-pink-sea-von-dropletsy","url":"https:\/\/Regalino-Shop.de\/?product=schluesselkette-pink-sea-von-dropletsy","name":"Schl\u00fcsselkette *Pink sea* von DROPLETSY - Regalino -Lively Style","isPartOf":{"@id":"https:\/\/Regalino-Shop.de\/#website"},"primaryImageOfPage":{"@id":"https:\/\/Regalino-Shop.de\/?product=schluesselkette-pink-sea-von-dropletsy#primaryimage"},"image":{"@id":"https:\/\/Regalino-Shop.de\/?product=schluesselkette-pink-sea-von-dropletsy#primaryimage"},"thumbnailUrl":"https:\/\/Regalino-Shop.de\/wp-content\/uploads\/2023\/09\/pink-sea-chain-mini-1.jpg","datePublished":"2023-09-07T15:01:39+00:00","dateModified":"2026-03-29T08:08:12+00:00","description":"auf Wasserbasis gef\u00e4rbte Holzperlen - f\u00fcr Handy oder Schl\u00fcssel - das perfekte Accessoires - mit 12 Perlen","breadcrumb":{"@id":"https:\/\/Regalino-Shop.de\/?product=schluesselkette-pink-sea-von-dropletsy#breadcrumb"},"inLanguage":"de","potentialAction":[{"@type":"ReadAction","target":["https:\/\/Regalino-Shop.de\/?product=schluesselkette-pink-sea-von-dropletsy"]}]},{"@type":"ImageObject","inLanguage":"de","@id":"https:\/\/Regalino-Shop.de\/?product=schluesselkette-pink-sea-von-dropletsy#primaryimage","url":"https:\/\/Regalino-Shop.de\/wp-content\/uploads\/2023\/09\/pink-sea-chain-mini-1.jpg","contentUrl":"https:\/\/Regalino-Shop.de\/wp-content\/uploads\/2023\/09\/pink-sea-chain-mini-1.jpg","width":560,"height":539},{"@type":"BreadcrumbList","@id":"https:\/\/Regalino-Shop.de\/?product=schluesselkette-pink-sea-von-dropletsy#breadcrumb","itemListElement":[{"@type":"ListItem","position":1,"name":"Startseite","item":"https:\/\/Regalino-Shop.de\/"},{"@type":"ListItem","position":2,"name":"Shop","item":"https:\/\/Regalino-Shop.de\/?page_id=40"},{"@type":"ListItem","position":3,"name":"Schl\u00fcsselkette *Pink sea* von DROPLETSY"}]},{"@type":"WebSite","@id":"https:\/\/Regalino-Shop.de\/#website","url":"https:\/\/Regalino-Shop.de\/","name":"Regalino -Lively Style","description":"gelebtes Zuhause","potentialAction":[{"@type":"SearchAction","target":{"@type":"EntryPoint","urlTemplate":"https:\/\/Regalino-Shop.de\/?s={search_term_string}"},"query-input":{"@type":"PropertyValueSpecification","valueRequired":true,"valueName":"search_term_string"}}],"inLanguage":"de"}]}},"_links":{"self":[{"href":"https:\/\/Regalino-Shop.de\/index.php?rest_route=\/wp\/v2\/product\/11761","targetHints":{"allow":["GET"]}}],"collection":[{"href":"https:\/\/Regalino-Shop.de\/index.php?rest_route=\/wp\/v2\/product"}],"about":[{"href":"https:\/\/Regalino-Shop.de\/index.php?rest_route=\/wp\/v2\/types\/product"}],"wp:featuredmedia":[{"embeddable":true,"href":"https:\/\/Regalino-Shop.de\/index.php?rest_route=\/wp\/v2\/media\/11764"}],"wp:attachment":[{"href":"https:\/\/Regalino-Shop.de\/index.php?rest_route=%2Fwp%2Fv2%2Fmedia&parent=11761"}],"wp:term":[{"taxonomy":"product_brand","embeddable":true,"href":"https:\/\/Regalino-Shop.de\/index.php?rest_route=%2Fwp%2Fv2%2Fproduct_brand&post=11761"},{"taxonomy":"product_cat","embeddable":true,"href":"https:\/\/Regalino-Shop.de\/index.php?rest_route=%2Fwp%2Fv2%2Fproduct_cat&post=11761"},{"taxonomy":"product_tag","embeddable":true,"href":"https:\/\/Regalino-Shop.de\/index.php?rest_route=%2Fwp%2Fv2%2Fproduct_tag&post=11761"}],"curies":[{"name":"wp","href":"https:\/\/api.w.org\/{rel}","templated":true}]}}