{"id":11907,"date":"2023-09-20T09:41:25","date_gmt":"2023-09-20T09:41:25","guid":{"rendered":"https:\/\/Regalino-Shop.de\/?post_type=product&#038;p=11907"},"modified":"2025-03-25T15:12:18","modified_gmt":"2025-03-25T15:12:18","slug":"4-set-becher-mit-astrid-lindgren-motiven-von-raett-start","status":"publish","type":"product","link":"https:\/\/Regalino-Shop.de\/?product=4-set-becher-mit-astrid-lindgren-motiven-von-raett-start","title":{"rendered":"4-Set Becher mit Astrid Lindgren Motiven von R\u00e4tt Start"},"content":{"rendered":"","protected":false},"excerpt":{"rendered":"<div class=\"product--description block\">\n<h3>Kinder aus Bullerb\u00fc, Madita, Gebr\u00fcder L\u00f6wenherz, Lotta aus der Krachmacherstrasse..<\/h3>\n<p>wundersch\u00f6ne Becher aus Melamin, perfekt auch f\u00fcr unterwegs<\/p>\n<ul>\n<li>mit den Illustrationen von Ilon Wikland<\/li>\n<li>Material: Melamin<\/li>\n<li>F\u00fcllmenge: 150 ml<\/li>\n<li>sp\u00fclmaschinen- &amp; mikrowellenfest<\/li>\n<\/ul>\n<\/div>\n","protected":false},"featured_media":11908,"template":"","meta":{"_et_pb_use_builder":"","_et_pb_old_content":"","_et_gb_content_width":""},"product_brand":[],"product_cat":[845],"product_tag":[1433,1208,353,1434,1038,1207],"class_list":{"0":"post-11907","1":"product","2":"type-product","3":"status-publish","4":"has-post-thumbnail","6":"product_cat-kindergeschirr-mit-nordischem-charme-regalino","7":"product_tag-astrid-lindgren","8":"product_tag-babybecher","9":"product_tag-becher","10":"product_tag-ilon-wikland","11":"product_tag-trinkbecher","12":"product_tag-trinklernbecher","14":"first","15":"instock","16":"taxable","17":"shipping-taxable","18":"purchasable","19":"product-type-simple"},"yoast_head":"<!-- This site is optimized with the Yoast SEO plugin v27.5 - https:\/\/yoast.com\/product\/yoast-seo-wordpress\/ -->\n<title>4-Set Becher mit Astrid Lindgren Motiven von R\u00e4tt Start - Regalino -Lively Style<\/title>\n<meta name=\"description\" content=\"Kinder aus Bullerb\u00fc, Madita, Gebr\u00fcder L\u00f6wenherz, Lotta aus der Krachmacherstrasse..wundersch\u00f6ne Becher aus Melamin, perfekt auch f\u00fcr unterwegs\" \/>\n<meta name=\"robots\" content=\"index, follow, max-snippet:-1, max-image-preview:large, max-video-preview:-1\" \/>\n<link rel=\"canonical\" href=\"https:\/\/Regalino-Shop.de\/?product=4-set-becher-mit-astrid-lindgren-motiven-von-raett-start\" \/>\n<meta property=\"og:locale\" content=\"de_DE\" \/>\n<meta property=\"og:type\" content=\"article\" \/>\n<meta property=\"og:title\" content=\"4-Set Becher mit Astrid Lindgren Motiven von R\u00e4tt Start - Regalino -Lively Style\" \/>\n<meta property=\"og:description\" content=\"Kinder aus Bullerb\u00fc, Madita, Gebr\u00fcder L\u00f6wenherz, Lotta aus der Krachmacherstrasse..wundersch\u00f6ne Becher aus Melamin, perfekt auch f\u00fcr unterwegs\" \/>\n<meta property=\"og:url\" content=\"https:\/\/Regalino-Shop.de\/?product=4-set-becher-mit-astrid-lindgren-motiven-von-raett-start\" \/>\n<meta property=\"og:site_name\" content=\"Regalino -Lively Style\" \/>\n<meta property=\"article:modified_time\" content=\"2025-03-25T15:12:18+00:00\" \/>\n<meta property=\"og:image\" content=\"https:\/\/Regalino-Shop.de\/wp-content\/uploads\/2023\/09\/Set-Becher-Sammeltassen-Astrid-Lindgren-Ilon-Wikland-mood.jpg\" \/>\n\t<meta property=\"og:image:width\" content=\"1300\" \/>\n\t<meta property=\"og:image:height\" content=\"1700\" \/>\n\t<meta property=\"og:image:type\" content=\"image\/jpeg\" \/>\n<meta name=\"twitter:card\" content=\"summary_large_image\" \/>\n<script type=\"application\/ld+json\" class=\"yoast-schema-graph\">{\"@context\":\"https:\\\/\\\/schema.org\",\"@graph\":[{\"@type\":\"WebPage\",\"@id\":\"https:\\\/\\\/Regalino-Shop.de\\\/?product=4-set-becher-mit-astrid-lindgren-motiven-von-raett-start\",\"url\":\"https:\\\/\\\/Regalino-Shop.de\\\/?product=4-set-becher-mit-astrid-lindgren-motiven-von-raett-start\",\"name\":\"4-Set Becher mit Astrid Lindgren Motiven von R\u00e4tt Start - Regalino -Lively Style\",\"isPartOf\":{\"@id\":\"https:\\\/\\\/Regalino-Shop.de\\\/#website\"},\"primaryImageOfPage\":{\"@id\":\"https:\\\/\\\/Regalino-Shop.de\\\/?product=4-set-becher-mit-astrid-lindgren-motiven-von-raett-start#primaryimage\"},\"image\":{\"@id\":\"https:\\\/\\\/Regalino-Shop.de\\\/?product=4-set-becher-mit-astrid-lindgren-motiven-von-raett-start#primaryimage\"},\"thumbnailUrl\":\"https:\\\/\\\/Regalino-Shop.de\\\/wp-content\\\/uploads\\\/2023\\\/09\\\/Set-Becher-Sammeltassen-Astrid-Lindgren-Ilon-Wikland-mood.jpg\",\"datePublished\":\"2023-09-20T09:41:25+00:00\",\"dateModified\":\"2025-03-25T15:12:18+00:00\",\"description\":\"Kinder aus Bullerb\u00fc, Madita, Gebr\u00fcder L\u00f6wenherz, Lotta aus der Krachmacherstrasse..wundersch\u00f6ne Becher aus Melamin, perfekt auch f\u00fcr unterwegs\",\"breadcrumb\":{\"@id\":\"https:\\\/\\\/Regalino-Shop.de\\\/?product=4-set-becher-mit-astrid-lindgren-motiven-von-raett-start#breadcrumb\"},\"inLanguage\":\"de\",\"potentialAction\":[{\"@type\":\"ReadAction\",\"target\":[\"https:\\\/\\\/Regalino-Shop.de\\\/?product=4-set-becher-mit-astrid-lindgren-motiven-von-raett-start\"]}]},{\"@type\":\"ImageObject\",\"inLanguage\":\"de\",\"@id\":\"https:\\\/\\\/Regalino-Shop.de\\\/?product=4-set-becher-mit-astrid-lindgren-motiven-von-raett-start#primaryimage\",\"url\":\"https:\\\/\\\/Regalino-Shop.de\\\/wp-content\\\/uploads\\\/2023\\\/09\\\/Set-Becher-Sammeltassen-Astrid-Lindgren-Ilon-Wikland-mood.jpg\",\"contentUrl\":\"https:\\\/\\\/Regalino-Shop.de\\\/wp-content\\\/uploads\\\/2023\\\/09\\\/Set-Becher-Sammeltassen-Astrid-Lindgren-Ilon-Wikland-mood.jpg\",\"width\":1300,\"height\":1700},{\"@type\":\"BreadcrumbList\",\"@id\":\"https:\\\/\\\/Regalino-Shop.de\\\/?product=4-set-becher-mit-astrid-lindgren-motiven-von-raett-start#breadcrumb\",\"itemListElement\":[{\"@type\":\"ListItem\",\"position\":1,\"name\":\"Startseite\",\"item\":\"https:\\\/\\\/Regalino-Shop.de\\\/\"},{\"@type\":\"ListItem\",\"position\":2,\"name\":\"Shop\",\"item\":\"https:\\\/\\\/Regalino-Shop.de\\\/?page_id=40\"},{\"@type\":\"ListItem\",\"position\":3,\"name\":\"4-Set Becher mit Astrid Lindgren Motiven von R\u00e4tt Start\"}]},{\"@type\":\"WebSite\",\"@id\":\"https:\\\/\\\/Regalino-Shop.de\\\/#website\",\"url\":\"https:\\\/\\\/Regalino-Shop.de\\\/\",\"name\":\"Regalino -Lively Style\",\"description\":\"gelebtes Zuhause\",\"potentialAction\":[{\"@type\":\"SearchAction\",\"target\":{\"@type\":\"EntryPoint\",\"urlTemplate\":\"https:\\\/\\\/Regalino-Shop.de\\\/?s={search_term_string}\"},\"query-input\":{\"@type\":\"PropertyValueSpecification\",\"valueRequired\":true,\"valueName\":\"search_term_string\"}}],\"inLanguage\":\"de\"}]}<\/script>\n<!-- \/ Yoast SEO plugin. -->","yoast_head_json":{"title":"4-Set Becher mit Astrid Lindgren Motiven von R\u00e4tt Start - Regalino -Lively Style","description":"Kinder aus Bullerb\u00fc, Madita, Gebr\u00fcder L\u00f6wenherz, Lotta aus der Krachmacherstrasse..wundersch\u00f6ne Becher aus Melamin, perfekt auch f\u00fcr unterwegs","robots":{"index":"index","follow":"follow","max-snippet":"max-snippet:-1","max-image-preview":"max-image-preview:large","max-video-preview":"max-video-preview:-1"},"canonical":"https:\/\/Regalino-Shop.de\/?product=4-set-becher-mit-astrid-lindgren-motiven-von-raett-start","og_locale":"de_DE","og_type":"article","og_title":"4-Set Becher mit Astrid Lindgren Motiven von R\u00e4tt Start - Regalino -Lively Style","og_description":"Kinder aus Bullerb\u00fc, Madita, Gebr\u00fcder L\u00f6wenherz, Lotta aus der Krachmacherstrasse..wundersch\u00f6ne Becher aus Melamin, perfekt auch f\u00fcr unterwegs","og_url":"https:\/\/Regalino-Shop.de\/?product=4-set-becher-mit-astrid-lindgren-motiven-von-raett-start","og_site_name":"Regalino -Lively Style","article_modified_time":"2025-03-25T15:12:18+00:00","og_image":[{"width":1300,"height":1700,"url":"https:\/\/Regalino-Shop.de\/wp-content\/uploads\/2023\/09\/Set-Becher-Sammeltassen-Astrid-Lindgren-Ilon-Wikland-mood.jpg","type":"image\/jpeg"}],"twitter_card":"summary_large_image","schema":{"@context":"https:\/\/schema.org","@graph":[{"@type":"WebPage","@id":"https:\/\/Regalino-Shop.de\/?product=4-set-becher-mit-astrid-lindgren-motiven-von-raett-start","url":"https:\/\/Regalino-Shop.de\/?product=4-set-becher-mit-astrid-lindgren-motiven-von-raett-start","name":"4-Set Becher mit Astrid Lindgren Motiven von R\u00e4tt Start - Regalino -Lively Style","isPartOf":{"@id":"https:\/\/Regalino-Shop.de\/#website"},"primaryImageOfPage":{"@id":"https:\/\/Regalino-Shop.de\/?product=4-set-becher-mit-astrid-lindgren-motiven-von-raett-start#primaryimage"},"image":{"@id":"https:\/\/Regalino-Shop.de\/?product=4-set-becher-mit-astrid-lindgren-motiven-von-raett-start#primaryimage"},"thumbnailUrl":"https:\/\/Regalino-Shop.de\/wp-content\/uploads\/2023\/09\/Set-Becher-Sammeltassen-Astrid-Lindgren-Ilon-Wikland-mood.jpg","datePublished":"2023-09-20T09:41:25+00:00","dateModified":"2025-03-25T15:12:18+00:00","description":"Kinder aus Bullerb\u00fc, Madita, Gebr\u00fcder L\u00f6wenherz, Lotta aus der Krachmacherstrasse..wundersch\u00f6ne Becher aus Melamin, perfekt auch f\u00fcr unterwegs","breadcrumb":{"@id":"https:\/\/Regalino-Shop.de\/?product=4-set-becher-mit-astrid-lindgren-motiven-von-raett-start#breadcrumb"},"inLanguage":"de","potentialAction":[{"@type":"ReadAction","target":["https:\/\/Regalino-Shop.de\/?product=4-set-becher-mit-astrid-lindgren-motiven-von-raett-start"]}]},{"@type":"ImageObject","inLanguage":"de","@id":"https:\/\/Regalino-Shop.de\/?product=4-set-becher-mit-astrid-lindgren-motiven-von-raett-start#primaryimage","url":"https:\/\/Regalino-Shop.de\/wp-content\/uploads\/2023\/09\/Set-Becher-Sammeltassen-Astrid-Lindgren-Ilon-Wikland-mood.jpg","contentUrl":"https:\/\/Regalino-Shop.de\/wp-content\/uploads\/2023\/09\/Set-Becher-Sammeltassen-Astrid-Lindgren-Ilon-Wikland-mood.jpg","width":1300,"height":1700},{"@type":"BreadcrumbList","@id":"https:\/\/Regalino-Shop.de\/?product=4-set-becher-mit-astrid-lindgren-motiven-von-raett-start#breadcrumb","itemListElement":[{"@type":"ListItem","position":1,"name":"Startseite","item":"https:\/\/Regalino-Shop.de\/"},{"@type":"ListItem","position":2,"name":"Shop","item":"https:\/\/Regalino-Shop.de\/?page_id=40"},{"@type":"ListItem","position":3,"name":"4-Set Becher mit Astrid Lindgren Motiven von R\u00e4tt Start"}]},{"@type":"WebSite","@id":"https:\/\/Regalino-Shop.de\/#website","url":"https:\/\/Regalino-Shop.de\/","name":"Regalino -Lively Style","description":"gelebtes Zuhause","potentialAction":[{"@type":"SearchAction","target":{"@type":"EntryPoint","urlTemplate":"https:\/\/Regalino-Shop.de\/?s={search_term_string}"},"query-input":{"@type":"PropertyValueSpecification","valueRequired":true,"valueName":"search_term_string"}}],"inLanguage":"de"}]}},"_links":{"self":[{"href":"https:\/\/Regalino-Shop.de\/index.php?rest_route=\/wp\/v2\/product\/11907","targetHints":{"allow":["GET"]}}],"collection":[{"href":"https:\/\/Regalino-Shop.de\/index.php?rest_route=\/wp\/v2\/product"}],"about":[{"href":"https:\/\/Regalino-Shop.de\/index.php?rest_route=\/wp\/v2\/types\/product"}],"wp:featuredmedia":[{"embeddable":true,"href":"https:\/\/Regalino-Shop.de\/index.php?rest_route=\/wp\/v2\/media\/11908"}],"wp:attachment":[{"href":"https:\/\/Regalino-Shop.de\/index.php?rest_route=%2Fwp%2Fv2%2Fmedia&parent=11907"}],"wp:term":[{"taxonomy":"product_brand","embeddable":true,"href":"https:\/\/Regalino-Shop.de\/index.php?rest_route=%2Fwp%2Fv2%2Fproduct_brand&post=11907"},{"taxonomy":"product_cat","embeddable":true,"href":"https:\/\/Regalino-Shop.de\/index.php?rest_route=%2Fwp%2Fv2%2Fproduct_cat&post=11907"},{"taxonomy":"product_tag","embeddable":true,"href":"https:\/\/Regalino-Shop.de\/index.php?rest_route=%2Fwp%2Fv2%2Fproduct_tag&post=11907"}],"curies":[{"name":"wp","href":"https:\/\/api.w.org\/{rel}","templated":true}]}}