{"id":12150,"date":"2023-10-05T10:09:15","date_gmt":"2023-10-05T10:09:15","guid":{"rendered":"https:\/\/Regalino-Shop.de\/?post_type=product&#038;p=12150"},"modified":"2026-01-14T14:23:52","modified_gmt":"2026-01-14T14:23:52","slug":"plaid-lois-ecru-gruen","status":"publish","type":"product","link":"https:\/\/Regalino-Shop.de\/?product=plaid-lois-ecru-gruen","title":{"rendered":"Plaid *Lois* ecru gr\u00fcn"},"content":{"rendered":"","protected":false},"excerpt":{"rendered":"<div id=\"tab-product-description\" class=\"ui-tabs-panel ui-widget-content ui-corner-bottom\" role=\"tabpanel\" aria-labelledby=\"ui-id-1\" aria-hidden=\"false\">\n<div class=\"description\">\n<h3>F\u00fcr kuschelige Stunden auf dem Sofa, dem Sessel oder nat\u00fcrlich im Bett<\/h3>\n<p>in ecru\/gr\u00fcn mit Blattmotiv<\/p>\n<ul>\n<li>Wende Plaid: eine helle Seite und eine dunkle<\/li>\n<li>Ma\u00dfe: 150x120cm<\/li>\n<li>Materialien: 100% Baumwolle<\/li>\n<li>waschbar bei 30\u00b0C<\/li>\n<\/ul>\n<\/div>\n<\/div>\n","protected":false},"featured_media":12151,"template":"","meta":{"_et_pb_use_builder":"","_et_pb_old_content":"","_et_gb_content_width":""},"product_brand":[],"product_cat":[57,68],"product_tag":[542,767,543,541,1295],"class_list":{"0":"post-12150","1":"product","2":"type-product","3":"status-publish","4":"has-post-thumbnail","6":"product_cat-neu-eingetroffen-neue-lieblingsstuecke-bei-regalino","7":"product_cat-wohntextilien-fuer-ein-stilvolles-zuhause-regalino","8":"product_tag-kuscheldecke","9":"product_tag-plaid","10":"product_tag-strandlaken","11":"product_tag-ueberwurf","12":"product_tag-yogadecke","14":"first","15":"instock","16":"taxable","17":"shipping-taxable","18":"purchasable","19":"product-type-simple"},"yoast_head":"<!-- This site is optimized with the Yoast SEO plugin v27.5 - https:\/\/yoast.com\/product\/yoast-seo-wordpress\/ -->\n<title>Plaid *Lois* ecru gr\u00fcn - Regalino -Lively Style<\/title>\n<meta name=\"description\" content=\"kuschelige Wendedecke, eine Seite ecru gr\u00fcn, eine Seite gr\u00fcn ecru - 100% Baumwolle - Gr\u00f6\u00dfe 120 x 150 cm - waschbar bei 30\u00b0C\" \/>\n<meta name=\"robots\" content=\"index, follow, max-snippet:-1, max-image-preview:large, max-video-preview:-1\" \/>\n<link rel=\"canonical\" href=\"https:\/\/Regalino-Shop.de\/?product=plaid-lois-ecru-gruen\" \/>\n<meta property=\"og:locale\" content=\"de_DE\" \/>\n<meta property=\"og:type\" content=\"article\" \/>\n<meta property=\"og:title\" content=\"Plaid *Lois* ecru gr\u00fcn - Regalino -Lively Style\" \/>\n<meta property=\"og:description\" content=\"kuschelige Wendedecke, eine Seite ecru gr\u00fcn, eine Seite gr\u00fcn ecru - 100% Baumwolle - Gr\u00f6\u00dfe 120 x 150 cm - waschbar bei 30\u00b0C\" \/>\n<meta property=\"og:url\" content=\"https:\/\/Regalino-Shop.de\/?product=plaid-lois-ecru-gruen\" \/>\n<meta property=\"og:site_name\" content=\"Regalino -Lively Style\" \/>\n<meta property=\"article:modified_time\" content=\"2026-01-14T14:23:52+00:00\" \/>\n<meta property=\"og:image\" content=\"https:\/\/Regalino-Shop.de\/wp-content\/uploads\/2023\/10\/Plaid-Decke-Baumwolle-ecru-gruen.jpg\" \/>\n\t<meta property=\"og:image:width\" content=\"557\" \/>\n\t<meta property=\"og:image:height\" content=\"611\" \/>\n\t<meta property=\"og:image:type\" content=\"image\/jpeg\" \/>\n<meta name=\"twitter:card\" content=\"summary_large_image\" \/>\n<script type=\"application\/ld+json\" class=\"yoast-schema-graph\">{\"@context\":\"https:\\\/\\\/schema.org\",\"@graph\":[{\"@type\":\"WebPage\",\"@id\":\"https:\\\/\\\/Regalino-Shop.de\\\/?product=plaid-lois-ecru-gruen\",\"url\":\"https:\\\/\\\/Regalino-Shop.de\\\/?product=plaid-lois-ecru-gruen\",\"name\":\"Plaid *Lois* ecru gr\u00fcn - Regalino -Lively Style\",\"isPartOf\":{\"@id\":\"https:\\\/\\\/Regalino-Shop.de\\\/#website\"},\"primaryImageOfPage\":{\"@id\":\"https:\\\/\\\/Regalino-Shop.de\\\/?product=plaid-lois-ecru-gruen#primaryimage\"},\"image\":{\"@id\":\"https:\\\/\\\/Regalino-Shop.de\\\/?product=plaid-lois-ecru-gruen#primaryimage\"},\"thumbnailUrl\":\"https:\\\/\\\/Regalino-Shop.de\\\/wp-content\\\/uploads\\\/2023\\\/10\\\/Plaid-Decke-Baumwolle-ecru-gruen.jpg\",\"datePublished\":\"2023-10-05T10:09:15+00:00\",\"dateModified\":\"2026-01-14T14:23:52+00:00\",\"description\":\"kuschelige Wendedecke, eine Seite ecru gr\u00fcn, eine Seite gr\u00fcn ecru - 100% Baumwolle - Gr\u00f6\u00dfe 120 x 150 cm - waschbar bei 30\u00b0C\",\"breadcrumb\":{\"@id\":\"https:\\\/\\\/Regalino-Shop.de\\\/?product=plaid-lois-ecru-gruen#breadcrumb\"},\"inLanguage\":\"de\",\"potentialAction\":[{\"@type\":\"ReadAction\",\"target\":[\"https:\\\/\\\/Regalino-Shop.de\\\/?product=plaid-lois-ecru-gruen\"]}]},{\"@type\":\"ImageObject\",\"inLanguage\":\"de\",\"@id\":\"https:\\\/\\\/Regalino-Shop.de\\\/?product=plaid-lois-ecru-gruen#primaryimage\",\"url\":\"https:\\\/\\\/Regalino-Shop.de\\\/wp-content\\\/uploads\\\/2023\\\/10\\\/Plaid-Decke-Baumwolle-ecru-gruen.jpg\",\"contentUrl\":\"https:\\\/\\\/Regalino-Shop.de\\\/wp-content\\\/uploads\\\/2023\\\/10\\\/Plaid-Decke-Baumwolle-ecru-gruen.jpg\",\"width\":557,\"height\":611},{\"@type\":\"BreadcrumbList\",\"@id\":\"https:\\\/\\\/Regalino-Shop.de\\\/?product=plaid-lois-ecru-gruen#breadcrumb\",\"itemListElement\":[{\"@type\":\"ListItem\",\"position\":1,\"name\":\"Startseite\",\"item\":\"https:\\\/\\\/Regalino-Shop.de\\\/\"},{\"@type\":\"ListItem\",\"position\":2,\"name\":\"Shop\",\"item\":\"https:\\\/\\\/Regalino-Shop.de\\\/?page_id=40\"},{\"@type\":\"ListItem\",\"position\":3,\"name\":\"Plaid *Lois* ecru gr\u00fcn\"}]},{\"@type\":\"WebSite\",\"@id\":\"https:\\\/\\\/Regalino-Shop.de\\\/#website\",\"url\":\"https:\\\/\\\/Regalino-Shop.de\\\/\",\"name\":\"Regalino -Lively Style\",\"description\":\"gelebtes Zuhause\",\"potentialAction\":[{\"@type\":\"SearchAction\",\"target\":{\"@type\":\"EntryPoint\",\"urlTemplate\":\"https:\\\/\\\/Regalino-Shop.de\\\/?s={search_term_string}\"},\"query-input\":{\"@type\":\"PropertyValueSpecification\",\"valueRequired\":true,\"valueName\":\"search_term_string\"}}],\"inLanguage\":\"de\"}]}<\/script>\n<!-- \/ Yoast SEO plugin. -->","yoast_head_json":{"title":"Plaid *Lois* ecru gr\u00fcn - Regalino -Lively Style","description":"kuschelige Wendedecke, eine Seite ecru gr\u00fcn, eine Seite gr\u00fcn ecru - 100% Baumwolle - Gr\u00f6\u00dfe 120 x 150 cm - waschbar bei 30\u00b0C","robots":{"index":"index","follow":"follow","max-snippet":"max-snippet:-1","max-image-preview":"max-image-preview:large","max-video-preview":"max-video-preview:-1"},"canonical":"https:\/\/Regalino-Shop.de\/?product=plaid-lois-ecru-gruen","og_locale":"de_DE","og_type":"article","og_title":"Plaid *Lois* ecru gr\u00fcn - Regalino -Lively Style","og_description":"kuschelige Wendedecke, eine Seite ecru gr\u00fcn, eine Seite gr\u00fcn ecru - 100% Baumwolle - Gr\u00f6\u00dfe 120 x 150 cm - waschbar bei 30\u00b0C","og_url":"https:\/\/Regalino-Shop.de\/?product=plaid-lois-ecru-gruen","og_site_name":"Regalino -Lively Style","article_modified_time":"2026-01-14T14:23:52+00:00","og_image":[{"width":557,"height":611,"url":"https:\/\/Regalino-Shop.de\/wp-content\/uploads\/2023\/10\/Plaid-Decke-Baumwolle-ecru-gruen.jpg","type":"image\/jpeg"}],"twitter_card":"summary_large_image","schema":{"@context":"https:\/\/schema.org","@graph":[{"@type":"WebPage","@id":"https:\/\/Regalino-Shop.de\/?product=plaid-lois-ecru-gruen","url":"https:\/\/Regalino-Shop.de\/?product=plaid-lois-ecru-gruen","name":"Plaid *Lois* ecru gr\u00fcn - Regalino -Lively Style","isPartOf":{"@id":"https:\/\/Regalino-Shop.de\/#website"},"primaryImageOfPage":{"@id":"https:\/\/Regalino-Shop.de\/?product=plaid-lois-ecru-gruen#primaryimage"},"image":{"@id":"https:\/\/Regalino-Shop.de\/?product=plaid-lois-ecru-gruen#primaryimage"},"thumbnailUrl":"https:\/\/Regalino-Shop.de\/wp-content\/uploads\/2023\/10\/Plaid-Decke-Baumwolle-ecru-gruen.jpg","datePublished":"2023-10-05T10:09:15+00:00","dateModified":"2026-01-14T14:23:52+00:00","description":"kuschelige Wendedecke, eine Seite ecru gr\u00fcn, eine Seite gr\u00fcn ecru - 100% Baumwolle - Gr\u00f6\u00dfe 120 x 150 cm - waschbar bei 30\u00b0C","breadcrumb":{"@id":"https:\/\/Regalino-Shop.de\/?product=plaid-lois-ecru-gruen#breadcrumb"},"inLanguage":"de","potentialAction":[{"@type":"ReadAction","target":["https:\/\/Regalino-Shop.de\/?product=plaid-lois-ecru-gruen"]}]},{"@type":"ImageObject","inLanguage":"de","@id":"https:\/\/Regalino-Shop.de\/?product=plaid-lois-ecru-gruen#primaryimage","url":"https:\/\/Regalino-Shop.de\/wp-content\/uploads\/2023\/10\/Plaid-Decke-Baumwolle-ecru-gruen.jpg","contentUrl":"https:\/\/Regalino-Shop.de\/wp-content\/uploads\/2023\/10\/Plaid-Decke-Baumwolle-ecru-gruen.jpg","width":557,"height":611},{"@type":"BreadcrumbList","@id":"https:\/\/Regalino-Shop.de\/?product=plaid-lois-ecru-gruen#breadcrumb","itemListElement":[{"@type":"ListItem","position":1,"name":"Startseite","item":"https:\/\/Regalino-Shop.de\/"},{"@type":"ListItem","position":2,"name":"Shop","item":"https:\/\/Regalino-Shop.de\/?page_id=40"},{"@type":"ListItem","position":3,"name":"Plaid *Lois* ecru gr\u00fcn"}]},{"@type":"WebSite","@id":"https:\/\/Regalino-Shop.de\/#website","url":"https:\/\/Regalino-Shop.de\/","name":"Regalino -Lively Style","description":"gelebtes Zuhause","potentialAction":[{"@type":"SearchAction","target":{"@type":"EntryPoint","urlTemplate":"https:\/\/Regalino-Shop.de\/?s={search_term_string}"},"query-input":{"@type":"PropertyValueSpecification","valueRequired":true,"valueName":"search_term_string"}}],"inLanguage":"de"}]}},"_links":{"self":[{"href":"https:\/\/Regalino-Shop.de\/index.php?rest_route=\/wp\/v2\/product\/12150","targetHints":{"allow":["GET"]}}],"collection":[{"href":"https:\/\/Regalino-Shop.de\/index.php?rest_route=\/wp\/v2\/product"}],"about":[{"href":"https:\/\/Regalino-Shop.de\/index.php?rest_route=\/wp\/v2\/types\/product"}],"wp:featuredmedia":[{"embeddable":true,"href":"https:\/\/Regalino-Shop.de\/index.php?rest_route=\/wp\/v2\/media\/12151"}],"wp:attachment":[{"href":"https:\/\/Regalino-Shop.de\/index.php?rest_route=%2Fwp%2Fv2%2Fmedia&parent=12150"}],"wp:term":[{"taxonomy":"product_brand","embeddable":true,"href":"https:\/\/Regalino-Shop.de\/index.php?rest_route=%2Fwp%2Fv2%2Fproduct_brand&post=12150"},{"taxonomy":"product_cat","embeddable":true,"href":"https:\/\/Regalino-Shop.de\/index.php?rest_route=%2Fwp%2Fv2%2Fproduct_cat&post=12150"},{"taxonomy":"product_tag","embeddable":true,"href":"https:\/\/Regalino-Shop.de\/index.php?rest_route=%2Fwp%2Fv2%2Fproduct_tag&post=12150"}],"curies":[{"name":"wp","href":"https:\/\/api.w.org\/{rel}","templated":true}]}}