{"id":12315,"date":"2023-10-17T14:51:30","date_gmt":"2023-10-17T14:51:30","guid":{"rendered":"https:\/\/Regalino-Shop.de\/?post_type=product&#038;p=12315"},"modified":"2026-04-22T13:01:11","modified_gmt":"2026-04-22T13:01:11","slug":"handlotion-altum-lilac-bloom-500-ml-von-ib-laursen","status":"publish","type":"product","link":"https:\/\/Regalino-Shop.de\/?product=handlotion-altum-lilac-bloom-500-ml-von-ib-laursen","title":{"rendered":"Handlotion Altum *Lilac Bloom* 500 ml von Ib Laursen"},"content":{"rendered":"","protected":false},"excerpt":{"rendered":"<h3>aus der ALTUM Reihe von Ib Laursen<strong><br \/>\n<\/strong><\/h3>\n<p>Altum &#8211; lateinisch f\u00fcr das weite Meer. Davon ist die Altum Spa- und Wellness Reihe inspiriert&#8230;<\/p>\n<p>F\u00fcr samtweiche H\u00e4nde. Mit pflegender Kamille.<\/p>\n<p>Menge: 500 ml<br \/>\nInhaltsstoffe:\u00a0 Aqua, Prunus Amygdalus Dulcis Oil, Glyceryl Stearate Citrate, Cetearyl Alcohol, Glyceryl Stearate, Glycerin, Hydrogenated Ethylhexyl Olivate, Hydrogenated Olive Oil Unsaponifiables, Cera Alba, Sodium Levulinate, Potassium Sorbate, Carbomer, Oryza Sativa Starch, Tocopherol, Alcohol, Chamomilla Recutica (Matricaria) Flower Extract, Helianthus Annuus Seed Oil, Parfum, Citral, Citronellol, Geraniol, D-limonene, Linalool. Extract: Chamomile<\/p>\n<p>Alle Bestandteile stammen aus D\u00e4nemark und sind dort ohne Tierversuche entwickelt und produziert.<\/p>\n<p>&nbsp;<\/p>\n","protected":false},"featured_media":12316,"template":"","meta":{"_et_pb_use_builder":"","_et_pb_old_content":"","_et_gb_content_width":""},"product_brand":[],"product_cat":[83,3068,3067],"product_tag":[552,812,395,1099],"class_list":{"0":"post-12315","1":"product","2":"type-product","3":"status-publish","4":"has-post-thumbnail","6":"product_cat-bad-spa-besondere-wohlfuehlmomente-regalino","7":"product_cat-fuer-mama-oma","8":"product_cat-geschenkideen","9":"product_tag-altum","10":"product_tag-handcreme","11":"product_tag-handlotion","12":"product_tag-wellness","14":"first","15":"instock","16":"taxable","17":"shipping-taxable","18":"purchasable","19":"product-type-simple"},"yoast_head":"<!-- This site is optimized with the Yoast SEO plugin v27.5 - https:\/\/yoast.com\/product\/yoast-seo-wordpress\/ -->\n<title>Handlotion Altum *Lilac Bloom* 500 ml von Ib Laursen - Regalino -Lively Style<\/title>\n<meta name=\"description\" content=\"F\u00fcr samtweiche H\u00e4nde - Mit pflegender Kamille - Menge: 500 ml - aus der beliebten Altum Reihe von Ib Laursen- aus D\u00e4nemark\" \/>\n<meta name=\"robots\" content=\"index, follow, max-snippet:-1, max-image-preview:large, max-video-preview:-1\" \/>\n<link rel=\"canonical\" href=\"https:\/\/Regalino-Shop.de\/?product=handlotion-altum-lilac-bloom-500-ml-von-ib-laursen\" \/>\n<meta property=\"og:locale\" content=\"de_DE\" \/>\n<meta property=\"og:type\" content=\"article\" \/>\n<meta property=\"og:title\" content=\"Handlotion Altum *Lilac Bloom* 500 ml von Ib Laursen - Regalino -Lively Style\" \/>\n<meta property=\"og:description\" content=\"F\u00fcr samtweiche H\u00e4nde - Mit pflegender Kamille - Menge: 500 ml - aus der beliebten Altum Reihe von Ib Laursen- aus D\u00e4nemark\" \/>\n<meta property=\"og:url\" content=\"https:\/\/Regalino-Shop.de\/?product=handlotion-altum-lilac-bloom-500-ml-von-ib-laursen\" \/>\n<meta property=\"og:site_name\" content=\"Regalino -Lively Style\" \/>\n<meta property=\"article:modified_time\" content=\"2026-04-22T13:01:11+00:00\" \/>\n<meta property=\"og:image\" content=\"https:\/\/Regalino-Shop.de\/wp-content\/uploads\/2023\/10\/Handlotion-altum-wellness-spa-ib-laursen-fliederbluete-lilac_bloom.jpg\" \/>\n\t<meta property=\"og:image:width\" content=\"500\" \/>\n\t<meta property=\"og:image:height\" content=\"500\" \/>\n\t<meta property=\"og:image:type\" content=\"image\/jpeg\" \/>\n<meta name=\"twitter:card\" content=\"summary_large_image\" \/>\n<script type=\"application\/ld+json\" class=\"yoast-schema-graph\">{\"@context\":\"https:\\\/\\\/schema.org\",\"@graph\":[{\"@type\":\"WebPage\",\"@id\":\"https:\\\/\\\/Regalino-Shop.de\\\/?product=handlotion-altum-lilac-bloom-500-ml-von-ib-laursen\",\"url\":\"https:\\\/\\\/Regalino-Shop.de\\\/?product=handlotion-altum-lilac-bloom-500-ml-von-ib-laursen\",\"name\":\"Handlotion Altum *Lilac Bloom* 500 ml von Ib Laursen - Regalino -Lively Style\",\"isPartOf\":{\"@id\":\"https:\\\/\\\/Regalino-Shop.de\\\/#website\"},\"primaryImageOfPage\":{\"@id\":\"https:\\\/\\\/Regalino-Shop.de\\\/?product=handlotion-altum-lilac-bloom-500-ml-von-ib-laursen#primaryimage\"},\"image\":{\"@id\":\"https:\\\/\\\/Regalino-Shop.de\\\/?product=handlotion-altum-lilac-bloom-500-ml-von-ib-laursen#primaryimage\"},\"thumbnailUrl\":\"https:\\\/\\\/Regalino-Shop.de\\\/wp-content\\\/uploads\\\/2023\\\/10\\\/Handlotion-altum-wellness-spa-ib-laursen-fliederbluete-lilac_bloom.jpg\",\"datePublished\":\"2023-10-17T14:51:30+00:00\",\"dateModified\":\"2026-04-22T13:01:11+00:00\",\"description\":\"F\u00fcr samtweiche H\u00e4nde - Mit pflegender Kamille - Menge: 500 ml - aus der beliebten Altum Reihe von Ib Laursen- aus D\u00e4nemark\",\"breadcrumb\":{\"@id\":\"https:\\\/\\\/Regalino-Shop.de\\\/?product=handlotion-altum-lilac-bloom-500-ml-von-ib-laursen#breadcrumb\"},\"inLanguage\":\"de\",\"potentialAction\":[{\"@type\":\"ReadAction\",\"target\":[\"https:\\\/\\\/Regalino-Shop.de\\\/?product=handlotion-altum-lilac-bloom-500-ml-von-ib-laursen\"]}]},{\"@type\":\"ImageObject\",\"inLanguage\":\"de\",\"@id\":\"https:\\\/\\\/Regalino-Shop.de\\\/?product=handlotion-altum-lilac-bloom-500-ml-von-ib-laursen#primaryimage\",\"url\":\"https:\\\/\\\/Regalino-Shop.de\\\/wp-content\\\/uploads\\\/2023\\\/10\\\/Handlotion-altum-wellness-spa-ib-laursen-fliederbluete-lilac_bloom.jpg\",\"contentUrl\":\"https:\\\/\\\/Regalino-Shop.de\\\/wp-content\\\/uploads\\\/2023\\\/10\\\/Handlotion-altum-wellness-spa-ib-laursen-fliederbluete-lilac_bloom.jpg\",\"width\":500,\"height\":500},{\"@type\":\"BreadcrumbList\",\"@id\":\"https:\\\/\\\/Regalino-Shop.de\\\/?product=handlotion-altum-lilac-bloom-500-ml-von-ib-laursen#breadcrumb\",\"itemListElement\":[{\"@type\":\"ListItem\",\"position\":1,\"name\":\"Startseite\",\"item\":\"https:\\\/\\\/Regalino-Shop.de\\\/\"},{\"@type\":\"ListItem\",\"position\":2,\"name\":\"Shop\",\"item\":\"https:\\\/\\\/Regalino-Shop.de\\\/?page_id=40\"},{\"@type\":\"ListItem\",\"position\":3,\"name\":\"Handlotion Altum *Lilac Bloom* 500 ml von Ib Laursen\"}]},{\"@type\":\"WebSite\",\"@id\":\"https:\\\/\\\/Regalino-Shop.de\\\/#website\",\"url\":\"https:\\\/\\\/Regalino-Shop.de\\\/\",\"name\":\"Regalino -Lively Style\",\"description\":\"gelebtes Zuhause\",\"potentialAction\":[{\"@type\":\"SearchAction\",\"target\":{\"@type\":\"EntryPoint\",\"urlTemplate\":\"https:\\\/\\\/Regalino-Shop.de\\\/?s={search_term_string}\"},\"query-input\":{\"@type\":\"PropertyValueSpecification\",\"valueRequired\":true,\"valueName\":\"search_term_string\"}}],\"inLanguage\":\"de\"}]}<\/script>\n<!-- \/ Yoast SEO plugin. -->","yoast_head_json":{"title":"Handlotion Altum *Lilac Bloom* 500 ml von Ib Laursen - Regalino -Lively Style","description":"F\u00fcr samtweiche H\u00e4nde - Mit pflegender Kamille - Menge: 500 ml - aus der beliebten Altum Reihe von Ib Laursen- aus D\u00e4nemark","robots":{"index":"index","follow":"follow","max-snippet":"max-snippet:-1","max-image-preview":"max-image-preview:large","max-video-preview":"max-video-preview:-1"},"canonical":"https:\/\/Regalino-Shop.de\/?product=handlotion-altum-lilac-bloom-500-ml-von-ib-laursen","og_locale":"de_DE","og_type":"article","og_title":"Handlotion Altum *Lilac Bloom* 500 ml von Ib Laursen - Regalino -Lively Style","og_description":"F\u00fcr samtweiche H\u00e4nde - Mit pflegender Kamille - Menge: 500 ml - aus der beliebten Altum Reihe von Ib Laursen- aus D\u00e4nemark","og_url":"https:\/\/Regalino-Shop.de\/?product=handlotion-altum-lilac-bloom-500-ml-von-ib-laursen","og_site_name":"Regalino -Lively Style","article_modified_time":"2026-04-22T13:01:11+00:00","og_image":[{"width":500,"height":500,"url":"https:\/\/Regalino-Shop.de\/wp-content\/uploads\/2023\/10\/Handlotion-altum-wellness-spa-ib-laursen-fliederbluete-lilac_bloom.jpg","type":"image\/jpeg"}],"twitter_card":"summary_large_image","schema":{"@context":"https:\/\/schema.org","@graph":[{"@type":"WebPage","@id":"https:\/\/Regalino-Shop.de\/?product=handlotion-altum-lilac-bloom-500-ml-von-ib-laursen","url":"https:\/\/Regalino-Shop.de\/?product=handlotion-altum-lilac-bloom-500-ml-von-ib-laursen","name":"Handlotion Altum *Lilac Bloom* 500 ml von Ib Laursen - Regalino -Lively Style","isPartOf":{"@id":"https:\/\/Regalino-Shop.de\/#website"},"primaryImageOfPage":{"@id":"https:\/\/Regalino-Shop.de\/?product=handlotion-altum-lilac-bloom-500-ml-von-ib-laursen#primaryimage"},"image":{"@id":"https:\/\/Regalino-Shop.de\/?product=handlotion-altum-lilac-bloom-500-ml-von-ib-laursen#primaryimage"},"thumbnailUrl":"https:\/\/Regalino-Shop.de\/wp-content\/uploads\/2023\/10\/Handlotion-altum-wellness-spa-ib-laursen-fliederbluete-lilac_bloom.jpg","datePublished":"2023-10-17T14:51:30+00:00","dateModified":"2026-04-22T13:01:11+00:00","description":"F\u00fcr samtweiche H\u00e4nde - Mit pflegender Kamille - Menge: 500 ml - aus der beliebten Altum Reihe von Ib Laursen- aus D\u00e4nemark","breadcrumb":{"@id":"https:\/\/Regalino-Shop.de\/?product=handlotion-altum-lilac-bloom-500-ml-von-ib-laursen#breadcrumb"},"inLanguage":"de","potentialAction":[{"@type":"ReadAction","target":["https:\/\/Regalino-Shop.de\/?product=handlotion-altum-lilac-bloom-500-ml-von-ib-laursen"]}]},{"@type":"ImageObject","inLanguage":"de","@id":"https:\/\/Regalino-Shop.de\/?product=handlotion-altum-lilac-bloom-500-ml-von-ib-laursen#primaryimage","url":"https:\/\/Regalino-Shop.de\/wp-content\/uploads\/2023\/10\/Handlotion-altum-wellness-spa-ib-laursen-fliederbluete-lilac_bloom.jpg","contentUrl":"https:\/\/Regalino-Shop.de\/wp-content\/uploads\/2023\/10\/Handlotion-altum-wellness-spa-ib-laursen-fliederbluete-lilac_bloom.jpg","width":500,"height":500},{"@type":"BreadcrumbList","@id":"https:\/\/Regalino-Shop.de\/?product=handlotion-altum-lilac-bloom-500-ml-von-ib-laursen#breadcrumb","itemListElement":[{"@type":"ListItem","position":1,"name":"Startseite","item":"https:\/\/Regalino-Shop.de\/"},{"@type":"ListItem","position":2,"name":"Shop","item":"https:\/\/Regalino-Shop.de\/?page_id=40"},{"@type":"ListItem","position":3,"name":"Handlotion Altum *Lilac Bloom* 500 ml von Ib Laursen"}]},{"@type":"WebSite","@id":"https:\/\/Regalino-Shop.de\/#website","url":"https:\/\/Regalino-Shop.de\/","name":"Regalino -Lively Style","description":"gelebtes Zuhause","potentialAction":[{"@type":"SearchAction","target":{"@type":"EntryPoint","urlTemplate":"https:\/\/Regalino-Shop.de\/?s={search_term_string}"},"query-input":{"@type":"PropertyValueSpecification","valueRequired":true,"valueName":"search_term_string"}}],"inLanguage":"de"}]}},"_links":{"self":[{"href":"https:\/\/Regalino-Shop.de\/index.php?rest_route=\/wp\/v2\/product\/12315","targetHints":{"allow":["GET"]}}],"collection":[{"href":"https:\/\/Regalino-Shop.de\/index.php?rest_route=\/wp\/v2\/product"}],"about":[{"href":"https:\/\/Regalino-Shop.de\/index.php?rest_route=\/wp\/v2\/types\/product"}],"wp:featuredmedia":[{"embeddable":true,"href":"https:\/\/Regalino-Shop.de\/index.php?rest_route=\/wp\/v2\/media\/12316"}],"wp:attachment":[{"href":"https:\/\/Regalino-Shop.de\/index.php?rest_route=%2Fwp%2Fv2%2Fmedia&parent=12315"}],"wp:term":[{"taxonomy":"product_brand","embeddable":true,"href":"https:\/\/Regalino-Shop.de\/index.php?rest_route=%2Fwp%2Fv2%2Fproduct_brand&post=12315"},{"taxonomy":"product_cat","embeddable":true,"href":"https:\/\/Regalino-Shop.de\/index.php?rest_route=%2Fwp%2Fv2%2Fproduct_cat&post=12315"},{"taxonomy":"product_tag","embeddable":true,"href":"https:\/\/Regalino-Shop.de\/index.php?rest_route=%2Fwp%2Fv2%2Fproduct_tag&post=12315"}],"curies":[{"name":"wp","href":"https:\/\/api.w.org\/{rel}","templated":true}]}}