{"id":12372,"date":"2023-10-18T13:24:56","date_gmt":"2023-10-18T13:24:56","guid":{"rendered":"https:\/\/Regalino-Shop.de\/?post_type=product&#038;p=12372"},"modified":"2026-03-17T13:33:27","modified_gmt":"2026-03-17T13:33:27","slug":"karte-gaensebluemchen-von-frollein-luecke","status":"publish","type":"product","link":"https:\/\/Regalino-Shop.de\/?product=karte-gaensebluemchen-von-frollein-luecke","title":{"rendered":"Karte *G\u00e4nsebl\u00fcmchen* von Frollein L\u00fccke"},"content":{"rendered":"<p>&nbsp;<\/p>\n<p>&nbsp;<\/p>\n","protected":false},"excerpt":{"rendered":"<h3>Woher wissen die G\u00e4nsebl\u00fcmchen eigentlich wer in wen verliebt ist?<\/h3>\n<p>Dieses Motiv wurde von Frollein L\u00fccke liebevoll entworfen und mit Aquarellfarben gemalt. Die Schrift wurde mit Tusche und Feder kalligrafiert.<\/p>\n<p>Anschlie\u00dfend wurde das Motiv digitalisiert und auf 300g schweren, eierschalenfarbenen Naturkarton gedruckt. Die R\u00fcckseite l\u00e4sst viel Platz f\u00fcr handgeschriebene Gr\u00fc\u00dfe.<\/p>\n<ul>\n<li>Format: DIN A6, 105x148mm<\/li>\n<li>Papier: Druck auf hochwertigem 300g Naturkarton<\/li>\n<li>Herstellung: Produktion in Deutschland<\/li>\n<li>R\u00fcckseite: Blanko mit Frollein L\u00fccke Logo am unteren Rand<\/li>\n<\/ul>\n<p>Lieferumfang: 1 Postkarte<\/p>\n","protected":false},"featured_media":12373,"template":"","meta":{"_et_pb_use_builder":"","_et_pb_old_content":"","_et_gb_content_width":""},"product_brand":[],"product_cat":[97],"product_tag":[1478,331,337,601,330],"class_list":{"0":"post-12372","1":"product","2":"type-product","3":"status-publish","4":"has-post-thumbnail","6":"product_cat-poster-postkarten-besondere-papeterie-regalino","7":"product_tag-frollein-luecke","8":"product_tag-grusskarte","9":"product_tag-hochzeit","10":"product_tag-liebe","11":"product_tag-postkarte","13":"first","14":"instock","15":"taxable","16":"shipping-taxable","17":"purchasable","18":"product-type-simple"},"yoast_head":"<!-- This site is optimized with the Yoast SEO plugin v27.5 - https:\/\/yoast.com\/product\/yoast-seo-wordpress\/ -->\n<title>Karte *G\u00e4nsebl\u00fcmchen* von Frollein L\u00fccke - Regalino -Lively Style<\/title>\n<meta name=\"description\" content=\"Dieses Motiv wurde von Frollein L\u00fccke liebevoll entworfen und mit Aquarellfarben gemalt. Die Schrift wurde mit Tusche und Feder kalligrafiert , anschlie\u00dfend digitalis\u00edert\" \/>\n<meta name=\"robots\" content=\"index, follow, max-snippet:-1, max-image-preview:large, max-video-preview:-1\" \/>\n<link rel=\"canonical\" href=\"https:\/\/Regalino-Shop.de\/?product=karte-gaensebluemchen-von-frollein-luecke\" \/>\n<meta property=\"og:locale\" content=\"de_DE\" \/>\n<meta property=\"og:type\" content=\"article\" \/>\n<meta property=\"og:title\" content=\"Karte *G\u00e4nsebl\u00fcmchen* von Frollein L\u00fccke - Regalino -Lively Style\" \/>\n<meta property=\"og:description\" content=\"Dieses Motiv wurde von Frollein L\u00fccke liebevoll entworfen und mit Aquarellfarben gemalt. Die Schrift wurde mit Tusche und Feder kalligrafiert , anschlie\u00dfend digitalis\u00edert\" \/>\n<meta property=\"og:url\" content=\"https:\/\/Regalino-Shop.de\/?product=karte-gaensebluemchen-von-frollein-luecke\" \/>\n<meta property=\"og:site_name\" content=\"Regalino -Lively Style\" \/>\n<meta property=\"article:modified_time\" content=\"2026-03-17T13:33:27+00:00\" \/>\n<meta property=\"og:image\" content=\"https:\/\/Regalino-Shop.de\/wp-content\/uploads\/2023\/10\/Gaensebluemchen-frollein-luecke-postkarte-grusskarte-mood.jpg\" \/>\n\t<meta property=\"og:image:width\" content=\"764\" \/>\n\t<meta property=\"og:image:height\" content=\"807\" \/>\n\t<meta property=\"og:image:type\" content=\"image\/jpeg\" \/>\n<meta name=\"twitter:card\" content=\"summary_large_image\" \/>\n<script type=\"application\/ld+json\" class=\"yoast-schema-graph\">{\"@context\":\"https:\\\/\\\/schema.org\",\"@graph\":[{\"@type\":\"WebPage\",\"@id\":\"https:\\\/\\\/Regalino-Shop.de\\\/?product=karte-gaensebluemchen-von-frollein-luecke\",\"url\":\"https:\\\/\\\/Regalino-Shop.de\\\/?product=karte-gaensebluemchen-von-frollein-luecke\",\"name\":\"Karte *G\u00e4nsebl\u00fcmchen* von Frollein L\u00fccke - Regalino -Lively Style\",\"isPartOf\":{\"@id\":\"https:\\\/\\\/Regalino-Shop.de\\\/#website\"},\"primaryImageOfPage\":{\"@id\":\"https:\\\/\\\/Regalino-Shop.de\\\/?product=karte-gaensebluemchen-von-frollein-luecke#primaryimage\"},\"image\":{\"@id\":\"https:\\\/\\\/Regalino-Shop.de\\\/?product=karte-gaensebluemchen-von-frollein-luecke#primaryimage\"},\"thumbnailUrl\":\"https:\\\/\\\/Regalino-Shop.de\\\/wp-content\\\/uploads\\\/2023\\\/10\\\/Gaensebluemchen-frollein-luecke-postkarte-grusskarte-mood.jpg\",\"datePublished\":\"2023-10-18T13:24:56+00:00\",\"dateModified\":\"2026-03-17T13:33:27+00:00\",\"description\":\"Dieses Motiv wurde von Frollein L\u00fccke liebevoll entworfen und mit Aquarellfarben gemalt. Die Schrift wurde mit Tusche und Feder kalligrafiert , anschlie\u00dfend digitalis\u00edert\",\"breadcrumb\":{\"@id\":\"https:\\\/\\\/Regalino-Shop.de\\\/?product=karte-gaensebluemchen-von-frollein-luecke#breadcrumb\"},\"inLanguage\":\"de\",\"potentialAction\":[{\"@type\":\"ReadAction\",\"target\":[\"https:\\\/\\\/Regalino-Shop.de\\\/?product=karte-gaensebluemchen-von-frollein-luecke\"]}]},{\"@type\":\"ImageObject\",\"inLanguage\":\"de\",\"@id\":\"https:\\\/\\\/Regalino-Shop.de\\\/?product=karte-gaensebluemchen-von-frollein-luecke#primaryimage\",\"url\":\"https:\\\/\\\/Regalino-Shop.de\\\/wp-content\\\/uploads\\\/2023\\\/10\\\/Gaensebluemchen-frollein-luecke-postkarte-grusskarte-mood.jpg\",\"contentUrl\":\"https:\\\/\\\/Regalino-Shop.de\\\/wp-content\\\/uploads\\\/2023\\\/10\\\/Gaensebluemchen-frollein-luecke-postkarte-grusskarte-mood.jpg\",\"width\":764,\"height\":807},{\"@type\":\"BreadcrumbList\",\"@id\":\"https:\\\/\\\/Regalino-Shop.de\\\/?product=karte-gaensebluemchen-von-frollein-luecke#breadcrumb\",\"itemListElement\":[{\"@type\":\"ListItem\",\"position\":1,\"name\":\"Startseite\",\"item\":\"https:\\\/\\\/Regalino-Shop.de\\\/\"},{\"@type\":\"ListItem\",\"position\":2,\"name\":\"Shop\",\"item\":\"https:\\\/\\\/Regalino-Shop.de\\\/?page_id=40\"},{\"@type\":\"ListItem\",\"position\":3,\"name\":\"Karte *G\u00e4nsebl\u00fcmchen* von Frollein L\u00fccke\"}]},{\"@type\":\"WebSite\",\"@id\":\"https:\\\/\\\/Regalino-Shop.de\\\/#website\",\"url\":\"https:\\\/\\\/Regalino-Shop.de\\\/\",\"name\":\"Regalino -Lively Style\",\"description\":\"gelebtes Zuhause\",\"potentialAction\":[{\"@type\":\"SearchAction\",\"target\":{\"@type\":\"EntryPoint\",\"urlTemplate\":\"https:\\\/\\\/Regalino-Shop.de\\\/?s={search_term_string}\"},\"query-input\":{\"@type\":\"PropertyValueSpecification\",\"valueRequired\":true,\"valueName\":\"search_term_string\"}}],\"inLanguage\":\"de\"}]}<\/script>\n<!-- \/ Yoast SEO plugin. -->","yoast_head_json":{"title":"Karte *G\u00e4nsebl\u00fcmchen* von Frollein L\u00fccke - Regalino -Lively Style","description":"Dieses Motiv wurde von Frollein L\u00fccke liebevoll entworfen und mit Aquarellfarben gemalt. Die Schrift wurde mit Tusche und Feder kalligrafiert , anschlie\u00dfend digitalis\u00edert","robots":{"index":"index","follow":"follow","max-snippet":"max-snippet:-1","max-image-preview":"max-image-preview:large","max-video-preview":"max-video-preview:-1"},"canonical":"https:\/\/Regalino-Shop.de\/?product=karte-gaensebluemchen-von-frollein-luecke","og_locale":"de_DE","og_type":"article","og_title":"Karte *G\u00e4nsebl\u00fcmchen* von Frollein L\u00fccke - Regalino -Lively Style","og_description":"Dieses Motiv wurde von Frollein L\u00fccke liebevoll entworfen und mit Aquarellfarben gemalt. Die Schrift wurde mit Tusche und Feder kalligrafiert , anschlie\u00dfend digitalis\u00edert","og_url":"https:\/\/Regalino-Shop.de\/?product=karte-gaensebluemchen-von-frollein-luecke","og_site_name":"Regalino -Lively Style","article_modified_time":"2026-03-17T13:33:27+00:00","og_image":[{"width":764,"height":807,"url":"https:\/\/Regalino-Shop.de\/wp-content\/uploads\/2023\/10\/Gaensebluemchen-frollein-luecke-postkarte-grusskarte-mood.jpg","type":"image\/jpeg"}],"twitter_card":"summary_large_image","schema":{"@context":"https:\/\/schema.org","@graph":[{"@type":"WebPage","@id":"https:\/\/Regalino-Shop.de\/?product=karte-gaensebluemchen-von-frollein-luecke","url":"https:\/\/Regalino-Shop.de\/?product=karte-gaensebluemchen-von-frollein-luecke","name":"Karte *G\u00e4nsebl\u00fcmchen* von Frollein L\u00fccke - Regalino -Lively Style","isPartOf":{"@id":"https:\/\/Regalino-Shop.de\/#website"},"primaryImageOfPage":{"@id":"https:\/\/Regalino-Shop.de\/?product=karte-gaensebluemchen-von-frollein-luecke#primaryimage"},"image":{"@id":"https:\/\/Regalino-Shop.de\/?product=karte-gaensebluemchen-von-frollein-luecke#primaryimage"},"thumbnailUrl":"https:\/\/Regalino-Shop.de\/wp-content\/uploads\/2023\/10\/Gaensebluemchen-frollein-luecke-postkarte-grusskarte-mood.jpg","datePublished":"2023-10-18T13:24:56+00:00","dateModified":"2026-03-17T13:33:27+00:00","description":"Dieses Motiv wurde von Frollein L\u00fccke liebevoll entworfen und mit Aquarellfarben gemalt. Die Schrift wurde mit Tusche und Feder kalligrafiert , anschlie\u00dfend digitalis\u00edert","breadcrumb":{"@id":"https:\/\/Regalino-Shop.de\/?product=karte-gaensebluemchen-von-frollein-luecke#breadcrumb"},"inLanguage":"de","potentialAction":[{"@type":"ReadAction","target":["https:\/\/Regalino-Shop.de\/?product=karte-gaensebluemchen-von-frollein-luecke"]}]},{"@type":"ImageObject","inLanguage":"de","@id":"https:\/\/Regalino-Shop.de\/?product=karte-gaensebluemchen-von-frollein-luecke#primaryimage","url":"https:\/\/Regalino-Shop.de\/wp-content\/uploads\/2023\/10\/Gaensebluemchen-frollein-luecke-postkarte-grusskarte-mood.jpg","contentUrl":"https:\/\/Regalino-Shop.de\/wp-content\/uploads\/2023\/10\/Gaensebluemchen-frollein-luecke-postkarte-grusskarte-mood.jpg","width":764,"height":807},{"@type":"BreadcrumbList","@id":"https:\/\/Regalino-Shop.de\/?product=karte-gaensebluemchen-von-frollein-luecke#breadcrumb","itemListElement":[{"@type":"ListItem","position":1,"name":"Startseite","item":"https:\/\/Regalino-Shop.de\/"},{"@type":"ListItem","position":2,"name":"Shop","item":"https:\/\/Regalino-Shop.de\/?page_id=40"},{"@type":"ListItem","position":3,"name":"Karte *G\u00e4nsebl\u00fcmchen* von Frollein L\u00fccke"}]},{"@type":"WebSite","@id":"https:\/\/Regalino-Shop.de\/#website","url":"https:\/\/Regalino-Shop.de\/","name":"Regalino -Lively Style","description":"gelebtes Zuhause","potentialAction":[{"@type":"SearchAction","target":{"@type":"EntryPoint","urlTemplate":"https:\/\/Regalino-Shop.de\/?s={search_term_string}"},"query-input":{"@type":"PropertyValueSpecification","valueRequired":true,"valueName":"search_term_string"}}],"inLanguage":"de"}]}},"_links":{"self":[{"href":"https:\/\/Regalino-Shop.de\/index.php?rest_route=\/wp\/v2\/product\/12372","targetHints":{"allow":["GET"]}}],"collection":[{"href":"https:\/\/Regalino-Shop.de\/index.php?rest_route=\/wp\/v2\/product"}],"about":[{"href":"https:\/\/Regalino-Shop.de\/index.php?rest_route=\/wp\/v2\/types\/product"}],"wp:featuredmedia":[{"embeddable":true,"href":"https:\/\/Regalino-Shop.de\/index.php?rest_route=\/wp\/v2\/media\/12373"}],"wp:attachment":[{"href":"https:\/\/Regalino-Shop.de\/index.php?rest_route=%2Fwp%2Fv2%2Fmedia&parent=12372"}],"wp:term":[{"taxonomy":"product_brand","embeddable":true,"href":"https:\/\/Regalino-Shop.de\/index.php?rest_route=%2Fwp%2Fv2%2Fproduct_brand&post=12372"},{"taxonomy":"product_cat","embeddable":true,"href":"https:\/\/Regalino-Shop.de\/index.php?rest_route=%2Fwp%2Fv2%2Fproduct_cat&post=12372"},{"taxonomy":"product_tag","embeddable":true,"href":"https:\/\/Regalino-Shop.de\/index.php?rest_route=%2Fwp%2Fv2%2Fproduct_tag&post=12372"}],"curies":[{"name":"wp","href":"https:\/\/api.w.org\/{rel}","templated":true}]}}