{"id":12673,"date":"2023-10-27T13:17:33","date_gmt":"2023-10-27T13:17:33","guid":{"rendered":"https:\/\/Regalino-Shop.de\/?post_type=product&#038;p=12673"},"modified":"2026-03-11T15:26:18","modified_gmt":"2026-03-11T15:26:18","slug":"isotherme-karaffe-pastell-rosa-1000-ml-von-qwetch","status":"publish","type":"product","link":"https:\/\/Regalino-Shop.de\/?product=isotherme-karaffe-pastell-rosa-1000-ml-von-qwetch","title":{"rendered":"Isotherme Karaffe *Pastell Rosa* 1000 ml von Qwetch"},"content":{"rendered":"","protected":false},"excerpt":{"rendered":"<div class=\"col-md-6 pr-0 pr-md-2\">\n<div class=\"caracteristic_from_variation\">\n<h3>isothermische Karaffe in coolem Design<strong><br \/>\n<\/strong><\/h3>\n<p>Dank des integrierten Filters kann Wasser ganz einfach aufbr\u00fchen, aromatisieren oder reinigen, w\u00e4hrend die Doppelwand und der Deckel das Getr\u00e4nk warm oder kalt halten. Sie ist der ideale Begleiter f\u00fcr jede Gelegenheit: ein Essen mit der Familie oder ein entspannter Nachmittag mit Freunden.<\/p>\n<div class=\"caracteristic_from_variation\">\n<div class=\"caracteristic_from_variation\">\n<div class=\"caracteristic_from_variation\">\n<div class=\"col-md-6 pr-0 pr-md-2\">\n<div class=\"caracteristic_from_variation\">\n<p><strong>Farbe<\/strong><\/p>\n<ul>\n<li>pastell rosa<\/li>\n<\/ul>\n<p><strong>Ma\u00dfe und Gewicht<\/strong><\/p>\n<ul>\n<li>H\u00f6he: 29,5 cm<br \/>\nDurchmesser: 11 cm<br \/>\nDurchmesser der \u00d6ffnung: 6cm<br \/>\nGewicht: 0,60 kg<\/li>\n<li>Kapazit\u00e4t: 1000 ml<\/li>\n<\/ul>\n<p><strong>Materialien\u00a0<\/strong><\/p>\n<ul>\n<li><span class=\"metafield-multi_line_text_field\">Rostfreier Stahl 304 (18\/8)<br \/>\nDichtung aus Silikon<\/span><\/li>\n<\/ul>\n<\/div>\n<\/div>\n<div class=\"col-md-6 pl-2 pl-md-4 mt-4 mt-md-0 icones_caracteristic_from_variation\">\n<div class=\"mb-4\"><img decoding=\"async\" class=\"mr-3\" src=\"https:\/\/www.qwetch.com\/wp-content\/uploads\/2021\/04\/5h-chaud.png\" \/> 6h Warm<\/div>\n<div class=\"mb-4\"><img decoding=\"async\" class=\"mr-3\" src=\"https:\/\/www.qwetch.com\/wp-content\/uploads\/2021\/04\/7h-froid.png\" \/> 12h Kalt<\/div>\n<div class=\"mb-4\"><img decoding=\"async\" class=\"mr-3\" src=\"https:\/\/www.qwetch.com\/wp-content\/uploads\/2021\/04\/bpa-free.png\" \/> BPA-frei<\/div>\n<div class=\"mb-4\"><\/div>\n<\/div>\n<\/div>\n<\/div>\n<\/div>\n<\/div>\n<\/div>\n","protected":false},"featured_media":12675,"template":"","meta":{"_et_pb_use_builder":"","_et_pb_old_content":"","_et_gb_content_width":""},"product_brand":[],"product_cat":[82],"product_tag":[379,1184,1519,1520,701,1188,763,378,381],"class_list":{"0":"post-12673","1":"product","2":"type-product","3":"status-publish","4":"has-post-thumbnail","6":"product_cat-unterwegs-picknick-praktische-lieblingsstuecke-regalino","7":"product_tag-flasche","8":"product_tag-isolierflasche","9":"product_tag-karaffe","10":"product_tag-qwetch","11":"product_tag-tee","12":"product_tag-teebecher","13":"product_tag-teekanne","14":"product_tag-thermoskanne","15":"product_tag-trinkflasche","17":"first","18":"instock","19":"taxable","20":"shipping-taxable","21":"purchasable","22":"product-type-simple"},"yoast_head":"<!-- This site is optimized with the Yoast SEO plugin v27.5 - https:\/\/yoast.com\/product\/yoast-seo-wordpress\/ -->\n<title>Isotherme Karaffe *Pastell Rosa* 1000 ml von Qwetch - Regalino -Lively Style<\/title>\n<meta name=\"description\" content=\"isothermische Karaffe in coolem Design - h\u00e4lt bis zu 6 Stunden warm und bis zu 12 Stunden kalt - rostfreier Edelstahl - 1 L\" \/>\n<meta name=\"robots\" content=\"index, follow, max-snippet:-1, max-image-preview:large, max-video-preview:-1\" \/>\n<link rel=\"canonical\" href=\"https:\/\/Regalino-Shop.de\/?product=isotherme-karaffe-pastell-rosa-1000-ml-von-qwetch\" \/>\n<meta property=\"og:locale\" content=\"de_DE\" \/>\n<meta property=\"og:type\" content=\"article\" \/>\n<meta property=\"og:title\" content=\"Isotherme Karaffe *Pastell Rosa* 1000 ml von Qwetch - Regalino -Lively Style\" \/>\n<meta property=\"og:description\" content=\"isothermische Karaffe in coolem Design - h\u00e4lt bis zu 6 Stunden warm und bis zu 12 Stunden kalt - rostfreier Edelstahl - 1 L\" \/>\n<meta property=\"og:url\" content=\"https:\/\/Regalino-Shop.de\/?product=isotherme-karaffe-pastell-rosa-1000-ml-von-qwetch\" \/>\n<meta property=\"og:site_name\" content=\"Regalino -Lively Style\" \/>\n<meta property=\"article:modified_time\" content=\"2026-03-11T15:26:18+00:00\" \/>\n<meta property=\"og:image\" content=\"https:\/\/Regalino-Shop.de\/wp-content\/uploads\/2023\/10\/Karaffe-isotherm-pastell-rosa-qwetch.jpg\" \/>\n\t<meta property=\"og:image:width\" content=\"595\" \/>\n\t<meta property=\"og:image:height\" content=\"586\" \/>\n\t<meta property=\"og:image:type\" content=\"image\/jpeg\" \/>\n<meta name=\"twitter:card\" content=\"summary_large_image\" \/>\n<script type=\"application\/ld+json\" class=\"yoast-schema-graph\">{\"@context\":\"https:\\\/\\\/schema.org\",\"@graph\":[{\"@type\":\"WebPage\",\"@id\":\"https:\\\/\\\/Regalino-Shop.de\\\/?product=isotherme-karaffe-pastell-rosa-1000-ml-von-qwetch\",\"url\":\"https:\\\/\\\/Regalino-Shop.de\\\/?product=isotherme-karaffe-pastell-rosa-1000-ml-von-qwetch\",\"name\":\"Isotherme Karaffe *Pastell Rosa* 1000 ml von Qwetch - Regalino -Lively Style\",\"isPartOf\":{\"@id\":\"https:\\\/\\\/Regalino-Shop.de\\\/#website\"},\"primaryImageOfPage\":{\"@id\":\"https:\\\/\\\/Regalino-Shop.de\\\/?product=isotherme-karaffe-pastell-rosa-1000-ml-von-qwetch#primaryimage\"},\"image\":{\"@id\":\"https:\\\/\\\/Regalino-Shop.de\\\/?product=isotherme-karaffe-pastell-rosa-1000-ml-von-qwetch#primaryimage\"},\"thumbnailUrl\":\"https:\\\/\\\/Regalino-Shop.de\\\/wp-content\\\/uploads\\\/2023\\\/10\\\/Karaffe-isotherm-pastell-rosa-qwetch.jpg\",\"datePublished\":\"2023-10-27T13:17:33+00:00\",\"dateModified\":\"2026-03-11T15:26:18+00:00\",\"description\":\"isothermische Karaffe in coolem Design - h\u00e4lt bis zu 6 Stunden warm und bis zu 12 Stunden kalt - rostfreier Edelstahl - 1 L\",\"breadcrumb\":{\"@id\":\"https:\\\/\\\/Regalino-Shop.de\\\/?product=isotherme-karaffe-pastell-rosa-1000-ml-von-qwetch#breadcrumb\"},\"inLanguage\":\"de\",\"potentialAction\":[{\"@type\":\"ReadAction\",\"target\":[\"https:\\\/\\\/Regalino-Shop.de\\\/?product=isotherme-karaffe-pastell-rosa-1000-ml-von-qwetch\"]}]},{\"@type\":\"ImageObject\",\"inLanguage\":\"de\",\"@id\":\"https:\\\/\\\/Regalino-Shop.de\\\/?product=isotherme-karaffe-pastell-rosa-1000-ml-von-qwetch#primaryimage\",\"url\":\"https:\\\/\\\/Regalino-Shop.de\\\/wp-content\\\/uploads\\\/2023\\\/10\\\/Karaffe-isotherm-pastell-rosa-qwetch.jpg\",\"contentUrl\":\"https:\\\/\\\/Regalino-Shop.de\\\/wp-content\\\/uploads\\\/2023\\\/10\\\/Karaffe-isotherm-pastell-rosa-qwetch.jpg\",\"width\":595,\"height\":586,\"caption\":\"Karaffe-isotherm-pastell-rosa-qwetch\"},{\"@type\":\"BreadcrumbList\",\"@id\":\"https:\\\/\\\/Regalino-Shop.de\\\/?product=isotherme-karaffe-pastell-rosa-1000-ml-von-qwetch#breadcrumb\",\"itemListElement\":[{\"@type\":\"ListItem\",\"position\":1,\"name\":\"Startseite\",\"item\":\"https:\\\/\\\/Regalino-Shop.de\\\/\"},{\"@type\":\"ListItem\",\"position\":2,\"name\":\"Shop\",\"item\":\"https:\\\/\\\/Regalino-Shop.de\\\/?page_id=40\"},{\"@type\":\"ListItem\",\"position\":3,\"name\":\"Isotherme Karaffe *Pastell Rosa* 1000 ml von Qwetch\"}]},{\"@type\":\"WebSite\",\"@id\":\"https:\\\/\\\/Regalino-Shop.de\\\/#website\",\"url\":\"https:\\\/\\\/Regalino-Shop.de\\\/\",\"name\":\"Regalino -Lively Style\",\"description\":\"gelebtes Zuhause\",\"potentialAction\":[{\"@type\":\"SearchAction\",\"target\":{\"@type\":\"EntryPoint\",\"urlTemplate\":\"https:\\\/\\\/Regalino-Shop.de\\\/?s={search_term_string}\"},\"query-input\":{\"@type\":\"PropertyValueSpecification\",\"valueRequired\":true,\"valueName\":\"search_term_string\"}}],\"inLanguage\":\"de\"}]}<\/script>\n<!-- \/ Yoast SEO plugin. -->","yoast_head_json":{"title":"Isotherme Karaffe *Pastell Rosa* 1000 ml von Qwetch - Regalino -Lively Style","description":"isothermische Karaffe in coolem Design - h\u00e4lt bis zu 6 Stunden warm und bis zu 12 Stunden kalt - rostfreier Edelstahl - 1 L","robots":{"index":"index","follow":"follow","max-snippet":"max-snippet:-1","max-image-preview":"max-image-preview:large","max-video-preview":"max-video-preview:-1"},"canonical":"https:\/\/Regalino-Shop.de\/?product=isotherme-karaffe-pastell-rosa-1000-ml-von-qwetch","og_locale":"de_DE","og_type":"article","og_title":"Isotherme Karaffe *Pastell Rosa* 1000 ml von Qwetch - Regalino -Lively Style","og_description":"isothermische Karaffe in coolem Design - h\u00e4lt bis zu 6 Stunden warm und bis zu 12 Stunden kalt - rostfreier Edelstahl - 1 L","og_url":"https:\/\/Regalino-Shop.de\/?product=isotherme-karaffe-pastell-rosa-1000-ml-von-qwetch","og_site_name":"Regalino -Lively Style","article_modified_time":"2026-03-11T15:26:18+00:00","og_image":[{"width":595,"height":586,"url":"https:\/\/Regalino-Shop.de\/wp-content\/uploads\/2023\/10\/Karaffe-isotherm-pastell-rosa-qwetch.jpg","type":"image\/jpeg"}],"twitter_card":"summary_large_image","schema":{"@context":"https:\/\/schema.org","@graph":[{"@type":"WebPage","@id":"https:\/\/Regalino-Shop.de\/?product=isotherme-karaffe-pastell-rosa-1000-ml-von-qwetch","url":"https:\/\/Regalino-Shop.de\/?product=isotherme-karaffe-pastell-rosa-1000-ml-von-qwetch","name":"Isotherme Karaffe *Pastell Rosa* 1000 ml von Qwetch - Regalino -Lively Style","isPartOf":{"@id":"https:\/\/Regalino-Shop.de\/#website"},"primaryImageOfPage":{"@id":"https:\/\/Regalino-Shop.de\/?product=isotherme-karaffe-pastell-rosa-1000-ml-von-qwetch#primaryimage"},"image":{"@id":"https:\/\/Regalino-Shop.de\/?product=isotherme-karaffe-pastell-rosa-1000-ml-von-qwetch#primaryimage"},"thumbnailUrl":"https:\/\/Regalino-Shop.de\/wp-content\/uploads\/2023\/10\/Karaffe-isotherm-pastell-rosa-qwetch.jpg","datePublished":"2023-10-27T13:17:33+00:00","dateModified":"2026-03-11T15:26:18+00:00","description":"isothermische Karaffe in coolem Design - h\u00e4lt bis zu 6 Stunden warm und bis zu 12 Stunden kalt - rostfreier Edelstahl - 1 L","breadcrumb":{"@id":"https:\/\/Regalino-Shop.de\/?product=isotherme-karaffe-pastell-rosa-1000-ml-von-qwetch#breadcrumb"},"inLanguage":"de","potentialAction":[{"@type":"ReadAction","target":["https:\/\/Regalino-Shop.de\/?product=isotherme-karaffe-pastell-rosa-1000-ml-von-qwetch"]}]},{"@type":"ImageObject","inLanguage":"de","@id":"https:\/\/Regalino-Shop.de\/?product=isotherme-karaffe-pastell-rosa-1000-ml-von-qwetch#primaryimage","url":"https:\/\/Regalino-Shop.de\/wp-content\/uploads\/2023\/10\/Karaffe-isotherm-pastell-rosa-qwetch.jpg","contentUrl":"https:\/\/Regalino-Shop.de\/wp-content\/uploads\/2023\/10\/Karaffe-isotherm-pastell-rosa-qwetch.jpg","width":595,"height":586,"caption":"Karaffe-isotherm-pastell-rosa-qwetch"},{"@type":"BreadcrumbList","@id":"https:\/\/Regalino-Shop.de\/?product=isotherme-karaffe-pastell-rosa-1000-ml-von-qwetch#breadcrumb","itemListElement":[{"@type":"ListItem","position":1,"name":"Startseite","item":"https:\/\/Regalino-Shop.de\/"},{"@type":"ListItem","position":2,"name":"Shop","item":"https:\/\/Regalino-Shop.de\/?page_id=40"},{"@type":"ListItem","position":3,"name":"Isotherme Karaffe *Pastell Rosa* 1000 ml von Qwetch"}]},{"@type":"WebSite","@id":"https:\/\/Regalino-Shop.de\/#website","url":"https:\/\/Regalino-Shop.de\/","name":"Regalino -Lively Style","description":"gelebtes Zuhause","potentialAction":[{"@type":"SearchAction","target":{"@type":"EntryPoint","urlTemplate":"https:\/\/Regalino-Shop.de\/?s={search_term_string}"},"query-input":{"@type":"PropertyValueSpecification","valueRequired":true,"valueName":"search_term_string"}}],"inLanguage":"de"}]}},"_links":{"self":[{"href":"https:\/\/Regalino-Shop.de\/index.php?rest_route=\/wp\/v2\/product\/12673","targetHints":{"allow":["GET"]}}],"collection":[{"href":"https:\/\/Regalino-Shop.de\/index.php?rest_route=\/wp\/v2\/product"}],"about":[{"href":"https:\/\/Regalino-Shop.de\/index.php?rest_route=\/wp\/v2\/types\/product"}],"wp:featuredmedia":[{"embeddable":true,"href":"https:\/\/Regalino-Shop.de\/index.php?rest_route=\/wp\/v2\/media\/12675"}],"wp:attachment":[{"href":"https:\/\/Regalino-Shop.de\/index.php?rest_route=%2Fwp%2Fv2%2Fmedia&parent=12673"}],"wp:term":[{"taxonomy":"product_brand","embeddable":true,"href":"https:\/\/Regalino-Shop.de\/index.php?rest_route=%2Fwp%2Fv2%2Fproduct_brand&post=12673"},{"taxonomy":"product_cat","embeddable":true,"href":"https:\/\/Regalino-Shop.de\/index.php?rest_route=%2Fwp%2Fv2%2Fproduct_cat&post=12673"},{"taxonomy":"product_tag","embeddable":true,"href":"https:\/\/Regalino-Shop.de\/index.php?rest_route=%2Fwp%2Fv2%2Fproduct_tag&post=12673"}],"curies":[{"name":"wp","href":"https:\/\/api.w.org\/{rel}","templated":true}]}}