{"id":12755,"date":"2023-10-29T16:34:28","date_gmt":"2023-10-29T16:34:28","guid":{"rendered":"https:\/\/Regalino-Shop.de\/?post_type=product&#038;p=12755"},"modified":"2026-03-29T08:00:25","modified_gmt":"2026-03-29T08:00:25","slug":"kleines-taeschchen-geldboerse-pusteblume-dunkelblau-von-olala-mia","status":"publish","type":"product","link":"https:\/\/Regalino-Shop.de\/?product=kleines-taeschchen-geldboerse-pusteblume-dunkelblau-von-olala-mia","title":{"rendered":"kleines T\u00e4schchen\/Geldb\u00f6rse *Pusteblume* dunkelblau von Olala Mia"},"content":{"rendered":"","protected":false},"excerpt":{"rendered":"<h3>handbesticktes kleines Etui&#8230;<\/h3>\n<p>Das sagt Olala Mia: Stickerei ist ein traditionelles Handwerk in Vietnam mit einer langen Geschichte, die bis ins 17. Jahrhundert zur\u00fcckreicht. Die Kunst des Stickens wird in Handwerksd\u00f6rfern aufbewahrt und \u00fcber Generationen in Familien weitergegeben. Leider setzen mit der Entwicklung der Fast Fashion weniger Menschen in den Handwerksd\u00f6rfern diese traditionelle Arbeit fort. Wir bei Olala Mia glauben, dass keine moderne Maschine die raffinierten Linien ersetzen kann, die von talentierten Handwerkern mit der Hand gesetzt werden . Mit dem Wunsch, die Stickereid\u00f6rfer zu erhalten und weiterzuentwickeln, arbeitet Olala Mia mit vietnamesischen Handwerkern zusammen, um Ihnen die einzigartigen und sch\u00f6nen Produkte anbieten zu k\u00f6nnen. Da die Stickerei sehr zeitaufw\u00e4ndig ist, stehen unsere Produkte nur in begrenzten Mengen zur Verf\u00fcgung.<\/p>\n<ul>\n<li>Material: Oberstoff: 70% Leinen, 30% Baumwolle\u00a0 &#8211; Futter: 100% Baumwolle &#8211; Stickerei: 100% Baumwolle<\/li>\n<li>Gr\u00f6\u00dfe: L\u00e4nge ca. 11.5cm x Breite ca.9.5cm<\/li>\n<li>Farbe: dunkelblaublau mit Pusteblume\/ L\u00f6wenzahn<\/li>\n<li>mit Rei\u00dfverschlu\u00df<\/li>\n<\/ul>\n<p>&nbsp;<\/p>\n","protected":false},"featured_media":12756,"template":"","meta":{"_et_pb_use_builder":"","_et_pb_old_content":"","_et_gb_content_width":""},"product_brand":[],"product_cat":[2983,102],"product_tag":[1225,1403,288,1531,731,883],"class_list":{"0":"post-12755","1":"product","2":"type-product","3":"status-publish","4":"has-post-thumbnail","6":"product_cat-accessoires","7":"product_cat-taschen-handtaschen-stilvolle-alltagsbegleiter-regalino","8":"product_tag-etui","9":"product_tag-geldboerse","10":"product_tag-geschenk","11":"product_tag-handbestickt","12":"product_tag-handmade","13":"product_tag-kosmetik","15":"first","16":"instock","17":"taxable","18":"shipping-taxable","19":"purchasable","20":"product-type-simple"},"yoast_head":"<!-- This site is optimized with the Yoast SEO plugin v27.5 - https:\/\/yoast.com\/product\/yoast-seo-wordpress\/ -->\n<title>kleines T\u00e4schchen\/Geldb\u00f6rse *Pusteblume* dunkelblau von Olala Mia - Regalino -Lively Style<\/title>\n<meta name=\"description\" content=\"als Geldb\u00f6rse, kleines Kosmetikt\u00e4schchen, f\u00fcr Kleinigkeiten - niedliches T\u00e4schen mit Stickerei - handbestickt\" \/>\n<meta name=\"robots\" content=\"index, follow, max-snippet:-1, max-image-preview:large, max-video-preview:-1\" \/>\n<link rel=\"canonical\" href=\"https:\/\/Regalino-Shop.de\/?product=kleines-taeschchen-geldboerse-pusteblume-dunkelblau-von-olala-mia\" \/>\n<meta property=\"og:locale\" content=\"de_DE\" \/>\n<meta property=\"og:type\" content=\"article\" \/>\n<meta property=\"og:title\" content=\"kleines T\u00e4schchen\/Geldb\u00f6rse *Pusteblume* dunkelblau von Olala Mia - Regalino -Lively Style\" \/>\n<meta property=\"og:description\" content=\"als Geldb\u00f6rse, kleines Kosmetikt\u00e4schchen, f\u00fcr Kleinigkeiten - niedliches T\u00e4schen mit Stickerei - handbestickt\" \/>\n<meta property=\"og:url\" content=\"https:\/\/Regalino-Shop.de\/?product=kleines-taeschchen-geldboerse-pusteblume-dunkelblau-von-olala-mia\" \/>\n<meta property=\"og:site_name\" content=\"Regalino -Lively Style\" \/>\n<meta property=\"article:modified_time\" content=\"2026-03-29T08:00:25+00:00\" \/>\n<meta property=\"og:image\" content=\"https:\/\/Regalino-Shop.de\/wp-content\/uploads\/2023\/10\/Etui-Geldboerse-Olala-Mia-handbestickt-handmade-Loewenzahn.jpg\" \/>\n\t<meta property=\"og:image:width\" content=\"530\" \/>\n\t<meta property=\"og:image:height\" content=\"525\" \/>\n\t<meta property=\"og:image:type\" content=\"image\/jpeg\" \/>\n<meta name=\"twitter:card\" content=\"summary_large_image\" \/>\n<script type=\"application\/ld+json\" class=\"yoast-schema-graph\">{\"@context\":\"https:\\\/\\\/schema.org\",\"@graph\":[{\"@type\":\"WebPage\",\"@id\":\"https:\\\/\\\/Regalino-Shop.de\\\/?product=kleines-taeschchen-geldboerse-pusteblume-dunkelblau-von-olala-mia\",\"url\":\"https:\\\/\\\/Regalino-Shop.de\\\/?product=kleines-taeschchen-geldboerse-pusteblume-dunkelblau-von-olala-mia\",\"name\":\"kleines T\u00e4schchen\\\/Geldb\u00f6rse *Pusteblume* dunkelblau von Olala Mia - Regalino -Lively Style\",\"isPartOf\":{\"@id\":\"https:\\\/\\\/Regalino-Shop.de\\\/#website\"},\"primaryImageOfPage\":{\"@id\":\"https:\\\/\\\/Regalino-Shop.de\\\/?product=kleines-taeschchen-geldboerse-pusteblume-dunkelblau-von-olala-mia#primaryimage\"},\"image\":{\"@id\":\"https:\\\/\\\/Regalino-Shop.de\\\/?product=kleines-taeschchen-geldboerse-pusteblume-dunkelblau-von-olala-mia#primaryimage\"},\"thumbnailUrl\":\"https:\\\/\\\/Regalino-Shop.de\\\/wp-content\\\/uploads\\\/2023\\\/10\\\/Etui-Geldboerse-Olala-Mia-handbestickt-handmade-Loewenzahn.jpg\",\"datePublished\":\"2023-10-29T16:34:28+00:00\",\"dateModified\":\"2026-03-29T08:00:25+00:00\",\"description\":\"als Geldb\u00f6rse, kleines Kosmetikt\u00e4schchen, f\u00fcr Kleinigkeiten - niedliches T\u00e4schen mit Stickerei - handbestickt\",\"breadcrumb\":{\"@id\":\"https:\\\/\\\/Regalino-Shop.de\\\/?product=kleines-taeschchen-geldboerse-pusteblume-dunkelblau-von-olala-mia#breadcrumb\"},\"inLanguage\":\"de\",\"potentialAction\":[{\"@type\":\"ReadAction\",\"target\":[\"https:\\\/\\\/Regalino-Shop.de\\\/?product=kleines-taeschchen-geldboerse-pusteblume-dunkelblau-von-olala-mia\"]}]},{\"@type\":\"ImageObject\",\"inLanguage\":\"de\",\"@id\":\"https:\\\/\\\/Regalino-Shop.de\\\/?product=kleines-taeschchen-geldboerse-pusteblume-dunkelblau-von-olala-mia#primaryimage\",\"url\":\"https:\\\/\\\/Regalino-Shop.de\\\/wp-content\\\/uploads\\\/2023\\\/10\\\/Etui-Geldboerse-Olala-Mia-handbestickt-handmade-Loewenzahn.jpg\",\"contentUrl\":\"https:\\\/\\\/Regalino-Shop.de\\\/wp-content\\\/uploads\\\/2023\\\/10\\\/Etui-Geldboerse-Olala-Mia-handbestickt-handmade-Loewenzahn.jpg\",\"width\":530,\"height\":525},{\"@type\":\"BreadcrumbList\",\"@id\":\"https:\\\/\\\/Regalino-Shop.de\\\/?product=kleines-taeschchen-geldboerse-pusteblume-dunkelblau-von-olala-mia#breadcrumb\",\"itemListElement\":[{\"@type\":\"ListItem\",\"position\":1,\"name\":\"Startseite\",\"item\":\"https:\\\/\\\/Regalino-Shop.de\\\/\"},{\"@type\":\"ListItem\",\"position\":2,\"name\":\"Shop\",\"item\":\"https:\\\/\\\/Regalino-Shop.de\\\/?page_id=40\"},{\"@type\":\"ListItem\",\"position\":3,\"name\":\"kleines T\u00e4schchen\\\/Geldb\u00f6rse *Pusteblume* dunkelblau von Olala Mia\"}]},{\"@type\":\"WebSite\",\"@id\":\"https:\\\/\\\/Regalino-Shop.de\\\/#website\",\"url\":\"https:\\\/\\\/Regalino-Shop.de\\\/\",\"name\":\"Regalino -Lively Style\",\"description\":\"gelebtes Zuhause\",\"potentialAction\":[{\"@type\":\"SearchAction\",\"target\":{\"@type\":\"EntryPoint\",\"urlTemplate\":\"https:\\\/\\\/Regalino-Shop.de\\\/?s={search_term_string}\"},\"query-input\":{\"@type\":\"PropertyValueSpecification\",\"valueRequired\":true,\"valueName\":\"search_term_string\"}}],\"inLanguage\":\"de\"}]}<\/script>\n<!-- \/ Yoast SEO plugin. -->","yoast_head_json":{"title":"kleines T\u00e4schchen\/Geldb\u00f6rse *Pusteblume* dunkelblau von Olala Mia - Regalino -Lively Style","description":"als Geldb\u00f6rse, kleines Kosmetikt\u00e4schchen, f\u00fcr Kleinigkeiten - niedliches T\u00e4schen mit Stickerei - handbestickt","robots":{"index":"index","follow":"follow","max-snippet":"max-snippet:-1","max-image-preview":"max-image-preview:large","max-video-preview":"max-video-preview:-1"},"canonical":"https:\/\/Regalino-Shop.de\/?product=kleines-taeschchen-geldboerse-pusteblume-dunkelblau-von-olala-mia","og_locale":"de_DE","og_type":"article","og_title":"kleines T\u00e4schchen\/Geldb\u00f6rse *Pusteblume* dunkelblau von Olala Mia - Regalino -Lively Style","og_description":"als Geldb\u00f6rse, kleines Kosmetikt\u00e4schchen, f\u00fcr Kleinigkeiten - niedliches T\u00e4schen mit Stickerei - handbestickt","og_url":"https:\/\/Regalino-Shop.de\/?product=kleines-taeschchen-geldboerse-pusteblume-dunkelblau-von-olala-mia","og_site_name":"Regalino -Lively Style","article_modified_time":"2026-03-29T08:00:25+00:00","og_image":[{"width":530,"height":525,"url":"https:\/\/Regalino-Shop.de\/wp-content\/uploads\/2023\/10\/Etui-Geldboerse-Olala-Mia-handbestickt-handmade-Loewenzahn.jpg","type":"image\/jpeg"}],"twitter_card":"summary_large_image","schema":{"@context":"https:\/\/schema.org","@graph":[{"@type":"WebPage","@id":"https:\/\/Regalino-Shop.de\/?product=kleines-taeschchen-geldboerse-pusteblume-dunkelblau-von-olala-mia","url":"https:\/\/Regalino-Shop.de\/?product=kleines-taeschchen-geldboerse-pusteblume-dunkelblau-von-olala-mia","name":"kleines T\u00e4schchen\/Geldb\u00f6rse *Pusteblume* dunkelblau von Olala Mia - Regalino -Lively Style","isPartOf":{"@id":"https:\/\/Regalino-Shop.de\/#website"},"primaryImageOfPage":{"@id":"https:\/\/Regalino-Shop.de\/?product=kleines-taeschchen-geldboerse-pusteblume-dunkelblau-von-olala-mia#primaryimage"},"image":{"@id":"https:\/\/Regalino-Shop.de\/?product=kleines-taeschchen-geldboerse-pusteblume-dunkelblau-von-olala-mia#primaryimage"},"thumbnailUrl":"https:\/\/Regalino-Shop.de\/wp-content\/uploads\/2023\/10\/Etui-Geldboerse-Olala-Mia-handbestickt-handmade-Loewenzahn.jpg","datePublished":"2023-10-29T16:34:28+00:00","dateModified":"2026-03-29T08:00:25+00:00","description":"als Geldb\u00f6rse, kleines Kosmetikt\u00e4schchen, f\u00fcr Kleinigkeiten - niedliches T\u00e4schen mit Stickerei - handbestickt","breadcrumb":{"@id":"https:\/\/Regalino-Shop.de\/?product=kleines-taeschchen-geldboerse-pusteblume-dunkelblau-von-olala-mia#breadcrumb"},"inLanguage":"de","potentialAction":[{"@type":"ReadAction","target":["https:\/\/Regalino-Shop.de\/?product=kleines-taeschchen-geldboerse-pusteblume-dunkelblau-von-olala-mia"]}]},{"@type":"ImageObject","inLanguage":"de","@id":"https:\/\/Regalino-Shop.de\/?product=kleines-taeschchen-geldboerse-pusteblume-dunkelblau-von-olala-mia#primaryimage","url":"https:\/\/Regalino-Shop.de\/wp-content\/uploads\/2023\/10\/Etui-Geldboerse-Olala-Mia-handbestickt-handmade-Loewenzahn.jpg","contentUrl":"https:\/\/Regalino-Shop.de\/wp-content\/uploads\/2023\/10\/Etui-Geldboerse-Olala-Mia-handbestickt-handmade-Loewenzahn.jpg","width":530,"height":525},{"@type":"BreadcrumbList","@id":"https:\/\/Regalino-Shop.de\/?product=kleines-taeschchen-geldboerse-pusteblume-dunkelblau-von-olala-mia#breadcrumb","itemListElement":[{"@type":"ListItem","position":1,"name":"Startseite","item":"https:\/\/Regalino-Shop.de\/"},{"@type":"ListItem","position":2,"name":"Shop","item":"https:\/\/Regalino-Shop.de\/?page_id=40"},{"@type":"ListItem","position":3,"name":"kleines T\u00e4schchen\/Geldb\u00f6rse *Pusteblume* dunkelblau von Olala Mia"}]},{"@type":"WebSite","@id":"https:\/\/Regalino-Shop.de\/#website","url":"https:\/\/Regalino-Shop.de\/","name":"Regalino -Lively Style","description":"gelebtes Zuhause","potentialAction":[{"@type":"SearchAction","target":{"@type":"EntryPoint","urlTemplate":"https:\/\/Regalino-Shop.de\/?s={search_term_string}"},"query-input":{"@type":"PropertyValueSpecification","valueRequired":true,"valueName":"search_term_string"}}],"inLanguage":"de"}]}},"_links":{"self":[{"href":"https:\/\/Regalino-Shop.de\/index.php?rest_route=\/wp\/v2\/product\/12755","targetHints":{"allow":["GET"]}}],"collection":[{"href":"https:\/\/Regalino-Shop.de\/index.php?rest_route=\/wp\/v2\/product"}],"about":[{"href":"https:\/\/Regalino-Shop.de\/index.php?rest_route=\/wp\/v2\/types\/product"}],"wp:featuredmedia":[{"embeddable":true,"href":"https:\/\/Regalino-Shop.de\/index.php?rest_route=\/wp\/v2\/media\/12756"}],"wp:attachment":[{"href":"https:\/\/Regalino-Shop.de\/index.php?rest_route=%2Fwp%2Fv2%2Fmedia&parent=12755"}],"wp:term":[{"taxonomy":"product_brand","embeddable":true,"href":"https:\/\/Regalino-Shop.de\/index.php?rest_route=%2Fwp%2Fv2%2Fproduct_brand&post=12755"},{"taxonomy":"product_cat","embeddable":true,"href":"https:\/\/Regalino-Shop.de\/index.php?rest_route=%2Fwp%2Fv2%2Fproduct_cat&post=12755"},{"taxonomy":"product_tag","embeddable":true,"href":"https:\/\/Regalino-Shop.de\/index.php?rest_route=%2Fwp%2Fv2%2Fproduct_tag&post=12755"}],"curies":[{"name":"wp","href":"https:\/\/api.w.org\/{rel}","templated":true}]}}