{"id":13355,"date":"2024-01-08T13:26:50","date_gmt":"2024-01-08T13:26:50","guid":{"rendered":"https:\/\/Regalino-Shop.de\/?post_type=product&#038;p=13355"},"modified":"2026-03-29T08:00:21","modified_gmt":"2026-03-29T08:00:21","slug":"beutel-cat-von-kind-bag-london","status":"publish","type":"product","link":"https:\/\/Regalino-Shop.de\/?product=beutel-cat-von-kind-bag-london","title":{"rendered":"Beutel *Cat* von kind bag London"},"content":{"rendered":"<blockquote><p>&nbsp;<\/p><\/blockquote>\n","protected":false},"excerpt":{"rendered":"<h3>praktisch &amp; nachhaltig<\/h3>\n<p>aus recycelten Plastikflaschen &#8211; wasserfest &amp; leicht<\/p>\n<ul>\n<li>Material: <span class=\"Styles__Span-sc-4zz2i3-1 AccordionContainer__AccordionSpan-sc-10ikm52-2 fYstiQ eeYIDp\" data-test-id=\"accordion-text\">Kunststoff<br \/>\n<\/span><\/li>\n<li>Gr\u00f6\u00dfe:\u00a0 39 x 64 x 17 cm<\/li>\n<li>Farbe: hellblau, wei\u00df, rot<\/li>\n<li>Starke N\u00e4hte, um schwere Lasten bis zu 20 kg zu tragen.<\/li>\n<li>Gro\u00dfes Fassungsverm\u00f6gen, passend f\u00fcr 2-3 Einkaufst\u00fcten.<\/li>\n<li>L\u00e4sst sich in der beigef\u00fcgten kleinen Tasche zusammenfalten und passt in jede Tasche oder Handtasche.<\/li>\n<li>breite Tr\u00e4ger sorgen f\u00fcr einen bequemen Sitz um die Schulter.<\/li>\n<li>Pflegeanleitung: 30 Grad Schonwaschgang, nicht trocknergeeignet<\/li>\n<\/ul>\n<p>Lieferumfang: 1 Tasche<\/p>\n<p>&nbsp;<\/p>\n","protected":false},"featured_media":13356,"template":"","meta":{"_et_pb_use_builder":"","_et_pb_old_content":"","_et_gb_content_width":""},"product_brand":[],"product_cat":[2983,57,102],"product_tag":[1604,1603,1602,363,1607,1088,1605],"class_list":{"0":"post-13355","1":"product","2":"type-product","3":"status-publish","4":"has-post-thumbnail","6":"product_cat-accessoires","7":"product_cat-neu-eingetroffen-neue-lieblingsstuecke-bei-regalino","8":"product_cat-taschen-handtaschen-stilvolle-alltagsbegleiter-regalino","9":"product_tag-einkaufsbeutel","10":"product_tag-einkausnetz","11":"product_tag-einkaustasche","12":"product_tag-nachhaltig","13":"product_tag-recycelt","14":"product_tag-strandtasche","15":"product_tag-tasche","17":"first","18":"instock","19":"taxable","20":"shipping-taxable","21":"purchasable","22":"product-type-simple"},"yoast_head":"<!-- This site is optimized with the Yoast SEO plugin v27.5 - https:\/\/yoast.com\/product\/yoast-seo-wordpress\/ -->\n<title>Beutel *Cat* von kind bag London - Regalino -Lively Style<\/title>\n<meta name=\"description\" content=\"praktisch &amp; nachhaltig\u00a0aus recycelten Plastikflaschen - wasserfest &amp; leicht - waschbar - platzsparend faltbar - Tragf\u00e4higkeit bis 20 kg\" \/>\n<meta name=\"robots\" content=\"index, follow, max-snippet:-1, max-image-preview:large, max-video-preview:-1\" \/>\n<link rel=\"canonical\" href=\"https:\/\/Regalino-Shop.de\/?product=beutel-cat-von-kind-bag-london\" \/>\n<meta property=\"og:locale\" content=\"de_DE\" \/>\n<meta property=\"og:type\" content=\"article\" \/>\n<meta property=\"og:title\" content=\"Beutel *Cat* von kind bag London - Regalino -Lively Style\" \/>\n<meta property=\"og:description\" content=\"praktisch &amp; nachhaltig\u00a0aus recycelten Plastikflaschen - wasserfest &amp; leicht - waschbar - platzsparend faltbar - Tragf\u00e4higkeit bis 20 kg\" \/>\n<meta property=\"og:url\" content=\"https:\/\/Regalino-Shop.de\/?product=beutel-cat-von-kind-bag-london\" \/>\n<meta property=\"og:site_name\" content=\"Regalino -Lively Style\" \/>\n<meta property=\"article:modified_time\" content=\"2026-03-29T08:00:21+00:00\" \/>\n<meta property=\"og:image\" content=\"https:\/\/Regalino-Shop.de\/wp-content\/uploads\/2024\/01\/Cat-Print-Red-and-Blue-Medium-Reusable-Bag-Lifestyle-Front-View_3000x-scaled.jpg\" \/>\n\t<meta property=\"og:image:width\" content=\"1677\" \/>\n\t<meta property=\"og:image:height\" content=\"2560\" \/>\n\t<meta property=\"og:image:type\" content=\"image\/jpeg\" \/>\n<meta name=\"twitter:card\" content=\"summary_large_image\" \/>\n<script type=\"application\/ld+json\" class=\"yoast-schema-graph\">{\"@context\":\"https:\\\/\\\/schema.org\",\"@graph\":[{\"@type\":\"WebPage\",\"@id\":\"https:\\\/\\\/Regalino-Shop.de\\\/?product=beutel-cat-von-kind-bag-london\",\"url\":\"https:\\\/\\\/Regalino-Shop.de\\\/?product=beutel-cat-von-kind-bag-london\",\"name\":\"Beutel *Cat* von kind bag London - Regalino -Lively Style\",\"isPartOf\":{\"@id\":\"https:\\\/\\\/Regalino-Shop.de\\\/#website\"},\"primaryImageOfPage\":{\"@id\":\"https:\\\/\\\/Regalino-Shop.de\\\/?product=beutel-cat-von-kind-bag-london#primaryimage\"},\"image\":{\"@id\":\"https:\\\/\\\/Regalino-Shop.de\\\/?product=beutel-cat-von-kind-bag-london#primaryimage\"},\"thumbnailUrl\":\"https:\\\/\\\/Regalino-Shop.de\\\/wp-content\\\/uploads\\\/2024\\\/01\\\/Cat-Print-Red-and-Blue-Medium-Reusable-Bag-Lifestyle-Front-View_3000x-scaled.jpg\",\"datePublished\":\"2024-01-08T13:26:50+00:00\",\"dateModified\":\"2026-03-29T08:00:21+00:00\",\"description\":\"praktisch & nachhaltig\u00a0aus recycelten Plastikflaschen - wasserfest & leicht - waschbar - platzsparend faltbar - Tragf\u00e4higkeit bis 20 kg\",\"breadcrumb\":{\"@id\":\"https:\\\/\\\/Regalino-Shop.de\\\/?product=beutel-cat-von-kind-bag-london#breadcrumb\"},\"inLanguage\":\"de\",\"potentialAction\":[{\"@type\":\"ReadAction\",\"target\":[\"https:\\\/\\\/Regalino-Shop.de\\\/?product=beutel-cat-von-kind-bag-london\"]}]},{\"@type\":\"ImageObject\",\"inLanguage\":\"de\",\"@id\":\"https:\\\/\\\/Regalino-Shop.de\\\/?product=beutel-cat-von-kind-bag-london#primaryimage\",\"url\":\"https:\\\/\\\/Regalino-Shop.de\\\/wp-content\\\/uploads\\\/2024\\\/01\\\/Cat-Print-Red-and-Blue-Medium-Reusable-Bag-Lifestyle-Front-View_3000x-scaled.jpg\",\"contentUrl\":\"https:\\\/\\\/Regalino-Shop.de\\\/wp-content\\\/uploads\\\/2024\\\/01\\\/Cat-Print-Red-and-Blue-Medium-Reusable-Bag-Lifestyle-Front-View_3000x-scaled.jpg\",\"width\":1677,\"height\":2560},{\"@type\":\"BreadcrumbList\",\"@id\":\"https:\\\/\\\/Regalino-Shop.de\\\/?product=beutel-cat-von-kind-bag-london#breadcrumb\",\"itemListElement\":[{\"@type\":\"ListItem\",\"position\":1,\"name\":\"Startseite\",\"item\":\"https:\\\/\\\/Regalino-Shop.de\\\/\"},{\"@type\":\"ListItem\",\"position\":2,\"name\":\"Shop\",\"item\":\"https:\\\/\\\/Regalino-Shop.de\\\/?page_id=40\"},{\"@type\":\"ListItem\",\"position\":3,\"name\":\"Beutel *Cat* von kind bag London\"}]},{\"@type\":\"WebSite\",\"@id\":\"https:\\\/\\\/Regalino-Shop.de\\\/#website\",\"url\":\"https:\\\/\\\/Regalino-Shop.de\\\/\",\"name\":\"Regalino -Lively Style\",\"description\":\"gelebtes Zuhause\",\"potentialAction\":[{\"@type\":\"SearchAction\",\"target\":{\"@type\":\"EntryPoint\",\"urlTemplate\":\"https:\\\/\\\/Regalino-Shop.de\\\/?s={search_term_string}\"},\"query-input\":{\"@type\":\"PropertyValueSpecification\",\"valueRequired\":true,\"valueName\":\"search_term_string\"}}],\"inLanguage\":\"de\"}]}<\/script>\n<!-- \/ Yoast SEO plugin. -->","yoast_head_json":{"title":"Beutel *Cat* von kind bag London - Regalino -Lively Style","description":"praktisch & nachhaltig\u00a0aus recycelten Plastikflaschen - wasserfest & leicht - waschbar - platzsparend faltbar - Tragf\u00e4higkeit bis 20 kg","robots":{"index":"index","follow":"follow","max-snippet":"max-snippet:-1","max-image-preview":"max-image-preview:large","max-video-preview":"max-video-preview:-1"},"canonical":"https:\/\/Regalino-Shop.de\/?product=beutel-cat-von-kind-bag-london","og_locale":"de_DE","og_type":"article","og_title":"Beutel *Cat* von kind bag London - Regalino -Lively Style","og_description":"praktisch & nachhaltig\u00a0aus recycelten Plastikflaschen - wasserfest & leicht - waschbar - platzsparend faltbar - Tragf\u00e4higkeit bis 20 kg","og_url":"https:\/\/Regalino-Shop.de\/?product=beutel-cat-von-kind-bag-london","og_site_name":"Regalino -Lively Style","article_modified_time":"2026-03-29T08:00:21+00:00","og_image":[{"width":1677,"height":2560,"url":"https:\/\/Regalino-Shop.de\/wp-content\/uploads\/2024\/01\/Cat-Print-Red-and-Blue-Medium-Reusable-Bag-Lifestyle-Front-View_3000x-scaled.jpg","type":"image\/jpeg"}],"twitter_card":"summary_large_image","schema":{"@context":"https:\/\/schema.org","@graph":[{"@type":"WebPage","@id":"https:\/\/Regalino-Shop.de\/?product=beutel-cat-von-kind-bag-london","url":"https:\/\/Regalino-Shop.de\/?product=beutel-cat-von-kind-bag-london","name":"Beutel *Cat* von kind bag London - Regalino -Lively Style","isPartOf":{"@id":"https:\/\/Regalino-Shop.de\/#website"},"primaryImageOfPage":{"@id":"https:\/\/Regalino-Shop.de\/?product=beutel-cat-von-kind-bag-london#primaryimage"},"image":{"@id":"https:\/\/Regalino-Shop.de\/?product=beutel-cat-von-kind-bag-london#primaryimage"},"thumbnailUrl":"https:\/\/Regalino-Shop.de\/wp-content\/uploads\/2024\/01\/Cat-Print-Red-and-Blue-Medium-Reusable-Bag-Lifestyle-Front-View_3000x-scaled.jpg","datePublished":"2024-01-08T13:26:50+00:00","dateModified":"2026-03-29T08:00:21+00:00","description":"praktisch & nachhaltig\u00a0aus recycelten Plastikflaschen - wasserfest & leicht - waschbar - platzsparend faltbar - Tragf\u00e4higkeit bis 20 kg","breadcrumb":{"@id":"https:\/\/Regalino-Shop.de\/?product=beutel-cat-von-kind-bag-london#breadcrumb"},"inLanguage":"de","potentialAction":[{"@type":"ReadAction","target":["https:\/\/Regalino-Shop.de\/?product=beutel-cat-von-kind-bag-london"]}]},{"@type":"ImageObject","inLanguage":"de","@id":"https:\/\/Regalino-Shop.de\/?product=beutel-cat-von-kind-bag-london#primaryimage","url":"https:\/\/Regalino-Shop.de\/wp-content\/uploads\/2024\/01\/Cat-Print-Red-and-Blue-Medium-Reusable-Bag-Lifestyle-Front-View_3000x-scaled.jpg","contentUrl":"https:\/\/Regalino-Shop.de\/wp-content\/uploads\/2024\/01\/Cat-Print-Red-and-Blue-Medium-Reusable-Bag-Lifestyle-Front-View_3000x-scaled.jpg","width":1677,"height":2560},{"@type":"BreadcrumbList","@id":"https:\/\/Regalino-Shop.de\/?product=beutel-cat-von-kind-bag-london#breadcrumb","itemListElement":[{"@type":"ListItem","position":1,"name":"Startseite","item":"https:\/\/Regalino-Shop.de\/"},{"@type":"ListItem","position":2,"name":"Shop","item":"https:\/\/Regalino-Shop.de\/?page_id=40"},{"@type":"ListItem","position":3,"name":"Beutel *Cat* von kind bag London"}]},{"@type":"WebSite","@id":"https:\/\/Regalino-Shop.de\/#website","url":"https:\/\/Regalino-Shop.de\/","name":"Regalino -Lively Style","description":"gelebtes Zuhause","potentialAction":[{"@type":"SearchAction","target":{"@type":"EntryPoint","urlTemplate":"https:\/\/Regalino-Shop.de\/?s={search_term_string}"},"query-input":{"@type":"PropertyValueSpecification","valueRequired":true,"valueName":"search_term_string"}}],"inLanguage":"de"}]}},"_links":{"self":[{"href":"https:\/\/Regalino-Shop.de\/index.php?rest_route=\/wp\/v2\/product\/13355","targetHints":{"allow":["GET"]}}],"collection":[{"href":"https:\/\/Regalino-Shop.de\/index.php?rest_route=\/wp\/v2\/product"}],"about":[{"href":"https:\/\/Regalino-Shop.de\/index.php?rest_route=\/wp\/v2\/types\/product"}],"wp:featuredmedia":[{"embeddable":true,"href":"https:\/\/Regalino-Shop.de\/index.php?rest_route=\/wp\/v2\/media\/13356"}],"wp:attachment":[{"href":"https:\/\/Regalino-Shop.de\/index.php?rest_route=%2Fwp%2Fv2%2Fmedia&parent=13355"}],"wp:term":[{"taxonomy":"product_brand","embeddable":true,"href":"https:\/\/Regalino-Shop.de\/index.php?rest_route=%2Fwp%2Fv2%2Fproduct_brand&post=13355"},{"taxonomy":"product_cat","embeddable":true,"href":"https:\/\/Regalino-Shop.de\/index.php?rest_route=%2Fwp%2Fv2%2Fproduct_cat&post=13355"},{"taxonomy":"product_tag","embeddable":true,"href":"https:\/\/Regalino-Shop.de\/index.php?rest_route=%2Fwp%2Fv2%2Fproduct_tag&post=13355"}],"curies":[{"name":"wp","href":"https:\/\/api.w.org\/{rel}","templated":true}]}}