{"id":13850,"date":"2024-05-03T12:34:57","date_gmt":"2024-05-03T12:34:57","guid":{"rendered":"https:\/\/Regalino-Shop.de\/?post_type=product&#038;p=13850"},"modified":"2025-12-20T12:46:28","modified_gmt":"2025-12-20T12:46:28","slug":"back-auflaufform-pacifica-marshmallow-von-casafina","status":"publish","type":"product","link":"https:\/\/Regalino-Shop.de\/?product=back-auflaufform-pacifica-marshmallow-von-casafina","title":{"rendered":"Back-\/Auflaufform *Pacifica* marshmallow von Casafina"},"content":{"rendered":"","protected":false},"excerpt":{"rendered":"<h3><span data-mce-mark=\"1\">handgefertigt in Portugal<br \/>\n<\/span><\/h3>\n<p><span data-mce-mark=\"1\">Aus hochwertigem Steinzeug. F\u00fcr leckere Aufl\u00e4ufe, als Servierform oder Brotkorb<br \/>\n<\/span><\/p>\n<ul>\n<li><span data-mce-mark=\"1\">temperaturbest\u00e4ndig, mikrowellenfest &amp; sp\u00fclmaschinengeeignet<\/span><\/li>\n<li><span data-mce-mark=\"1\">Material: Steinzeug<\/span><\/li>\n<li><span data-mce-mark=\"1\">Farbe: marshmallow<\/span><\/li>\n<li><span data-mce-mark=\"1\">Ma\u00dfe: <\/span>30,8 x 25 x 8,2 cm<\/li>\n<\/ul>\n<p><span data-mce-mark=\"1\">\u00a0<\/span>bei hohen Temperaturen gebrannt &#8211; sp\u00fclmaschinenfest, mikrowellen- und backofenfest <strong><br \/>\n<\/strong><\/p>\n<p>Lieferumfang: 1 Auflaufform<\/p>\n<p>&nbsp;<\/p>\n","protected":false},"featured_media":13852,"template":"","meta":{"_et_pb_use_builder":"","_et_pb_old_content":"","_et_gb_content_width":""},"product_brand":[],"product_cat":[76,57],"product_tag":[1082,786,731,351,1078,225],"class_list":{"0":"post-13850","1":"product","2":"type-product","3":"status-publish","4":"has-post-thumbnail","6":"product_cat-geschirr-fuer-stilvolle-genussmomente-regalino","7":"product_cat-neu-eingetroffen-neue-lieblingsstuecke-bei-regalino","8":"product_tag-auflaufform","9":"product_tag-backform","10":"product_tag-handmade","11":"product_tag-keramik","12":"product_tag-portugal","13":"product_tag-servierplatte","15":"first","16":"instock","17":"taxable","18":"shipping-taxable","19":"purchasable","20":"product-type-simple"},"yoast_head":"<!-- This site is optimized with the Yoast SEO plugin v27.5 - https:\/\/yoast.com\/product\/yoast-seo-wordpress\/ -->\n<title>Back-\/Auflaufform *Pacifica* marshmallow von Casafina - Regalino -Lively Style<\/title>\n<meta name=\"description\" content=\"perfekt f\u00fcr alles aus dem Ofen - hochwertiges Steinzeug- handmade in Portugal - von Casafina - temperaturbest\u00e4ndig, mikrowellenfest &amp; sp\u00fclmaschinengeeignet\" \/>\n<meta name=\"robots\" content=\"index, follow, max-snippet:-1, max-image-preview:large, max-video-preview:-1\" \/>\n<link rel=\"canonical\" href=\"https:\/\/Regalino-Shop.de\/?product=back-auflaufform-pacifica-marshmallow-von-casafina\" \/>\n<meta property=\"og:locale\" content=\"de_DE\" \/>\n<meta property=\"og:type\" content=\"article\" \/>\n<meta property=\"og:title\" content=\"Back-\/Auflaufform *Pacifica* marshmallow von Casafina - Regalino -Lively Style\" \/>\n<meta property=\"og:description\" content=\"perfekt f\u00fcr alles aus dem Ofen - hochwertiges Steinzeug- handmade in Portugal - von Casafina - temperaturbest\u00e4ndig, mikrowellenfest &amp; sp\u00fclmaschinengeeignet\" \/>\n<meta property=\"og:url\" content=\"https:\/\/Regalino-Shop.de\/?product=back-auflaufform-pacifica-marshmallow-von-casafina\" \/>\n<meta property=\"og:site_name\" content=\"Regalino -Lively Style\" \/>\n<meta property=\"article:modified_time\" content=\"2025-12-20T12:46:28+00:00\" \/>\n<meta property=\"og:image\" content=\"https:\/\/Regalino-Shop.de\/wp-content\/uploads\/2024\/05\/Auflaufform-pacifica-marshmallow-costa-nova-casa-fina-1.jpg\" \/>\n\t<meta property=\"og:image:width\" content=\"685\" \/>\n\t<meta property=\"og:image:height\" content=\"511\" \/>\n\t<meta property=\"og:image:type\" content=\"image\/jpeg\" \/>\n<meta name=\"twitter:card\" content=\"summary_large_image\" \/>\n<meta name=\"twitter:label1\" content=\"Gesch\u00e4tzte Lesezeit\" \/>\n\t<meta name=\"twitter:data1\" content=\"1\u00a0Minute\" \/>\n<script type=\"application\/ld+json\" class=\"yoast-schema-graph\">{\"@context\":\"https:\\\/\\\/schema.org\",\"@graph\":[{\"@type\":\"WebPage\",\"@id\":\"https:\\\/\\\/Regalino-Shop.de\\\/?product=back-auflaufform-pacifica-marshmallow-von-casafina\",\"url\":\"https:\\\/\\\/Regalino-Shop.de\\\/?product=back-auflaufform-pacifica-marshmallow-von-casafina\",\"name\":\"Back-\\\/Auflaufform *Pacifica* marshmallow von Casafina - Regalino -Lively Style\",\"isPartOf\":{\"@id\":\"https:\\\/\\\/Regalino-Shop.de\\\/#website\"},\"primaryImageOfPage\":{\"@id\":\"https:\\\/\\\/Regalino-Shop.de\\\/?product=back-auflaufform-pacifica-marshmallow-von-casafina#primaryimage\"},\"image\":{\"@id\":\"https:\\\/\\\/Regalino-Shop.de\\\/?product=back-auflaufform-pacifica-marshmallow-von-casafina#primaryimage\"},\"thumbnailUrl\":\"https:\\\/\\\/Regalino-Shop.de\\\/wp-content\\\/uploads\\\/2024\\\/05\\\/Auflaufform-pacifica-marshmallow-costa-nova-casa-fina-1.jpg\",\"datePublished\":\"2024-05-03T12:34:57+00:00\",\"dateModified\":\"2025-12-20T12:46:28+00:00\",\"description\":\"perfekt f\u00fcr alles aus dem Ofen - hochwertiges Steinzeug- handmade in Portugal - von Casafina - temperaturbest\u00e4ndig, mikrowellenfest & sp\u00fclmaschinengeeignet\",\"breadcrumb\":{\"@id\":\"https:\\\/\\\/Regalino-Shop.de\\\/?product=back-auflaufform-pacifica-marshmallow-von-casafina#breadcrumb\"},\"inLanguage\":\"de\",\"potentialAction\":[{\"@type\":\"ReadAction\",\"target\":[\"https:\\\/\\\/Regalino-Shop.de\\\/?product=back-auflaufform-pacifica-marshmallow-von-casafina\"]}]},{\"@type\":\"ImageObject\",\"inLanguage\":\"de\",\"@id\":\"https:\\\/\\\/Regalino-Shop.de\\\/?product=back-auflaufform-pacifica-marshmallow-von-casafina#primaryimage\",\"url\":\"https:\\\/\\\/Regalino-Shop.de\\\/wp-content\\\/uploads\\\/2024\\\/05\\\/Auflaufform-pacifica-marshmallow-costa-nova-casa-fina-1.jpg\",\"contentUrl\":\"https:\\\/\\\/Regalino-Shop.de\\\/wp-content\\\/uploads\\\/2024\\\/05\\\/Auflaufform-pacifica-marshmallow-costa-nova-casa-fina-1.jpg\",\"width\":685,\"height\":511},{\"@type\":\"BreadcrumbList\",\"@id\":\"https:\\\/\\\/Regalino-Shop.de\\\/?product=back-auflaufform-pacifica-marshmallow-von-casafina#breadcrumb\",\"itemListElement\":[{\"@type\":\"ListItem\",\"position\":1,\"name\":\"Startseite\",\"item\":\"https:\\\/\\\/Regalino-Shop.de\\\/\"},{\"@type\":\"ListItem\",\"position\":2,\"name\":\"Shop\",\"item\":\"https:\\\/\\\/Regalino-Shop.de\\\/?page_id=40\"},{\"@type\":\"ListItem\",\"position\":3,\"name\":\"Back-\\\/Auflaufform *Pacifica* marshmallow von Casafina\"}]},{\"@type\":\"WebSite\",\"@id\":\"https:\\\/\\\/Regalino-Shop.de\\\/#website\",\"url\":\"https:\\\/\\\/Regalino-Shop.de\\\/\",\"name\":\"Regalino -Lively Style\",\"description\":\"gelebtes Zuhause\",\"potentialAction\":[{\"@type\":\"SearchAction\",\"target\":{\"@type\":\"EntryPoint\",\"urlTemplate\":\"https:\\\/\\\/Regalino-Shop.de\\\/?s={search_term_string}\"},\"query-input\":{\"@type\":\"PropertyValueSpecification\",\"valueRequired\":true,\"valueName\":\"search_term_string\"}}],\"inLanguage\":\"de\"}]}<\/script>\n<!-- \/ Yoast SEO plugin. -->","yoast_head_json":{"title":"Back-\/Auflaufform *Pacifica* marshmallow von Casafina - Regalino -Lively Style","description":"perfekt f\u00fcr alles aus dem Ofen - hochwertiges Steinzeug- handmade in Portugal - von Casafina - temperaturbest\u00e4ndig, mikrowellenfest & sp\u00fclmaschinengeeignet","robots":{"index":"index","follow":"follow","max-snippet":"max-snippet:-1","max-image-preview":"max-image-preview:large","max-video-preview":"max-video-preview:-1"},"canonical":"https:\/\/Regalino-Shop.de\/?product=back-auflaufform-pacifica-marshmallow-von-casafina","og_locale":"de_DE","og_type":"article","og_title":"Back-\/Auflaufform *Pacifica* marshmallow von Casafina - Regalino -Lively Style","og_description":"perfekt f\u00fcr alles aus dem Ofen - hochwertiges Steinzeug- handmade in Portugal - von Casafina - temperaturbest\u00e4ndig, mikrowellenfest & sp\u00fclmaschinengeeignet","og_url":"https:\/\/Regalino-Shop.de\/?product=back-auflaufform-pacifica-marshmallow-von-casafina","og_site_name":"Regalino -Lively Style","article_modified_time":"2025-12-20T12:46:28+00:00","og_image":[{"width":685,"height":511,"url":"https:\/\/Regalino-Shop.de\/wp-content\/uploads\/2024\/05\/Auflaufform-pacifica-marshmallow-costa-nova-casa-fina-1.jpg","type":"image\/jpeg"}],"twitter_card":"summary_large_image","twitter_misc":{"Gesch\u00e4tzte Lesezeit":"1\u00a0Minute"},"schema":{"@context":"https:\/\/schema.org","@graph":[{"@type":"WebPage","@id":"https:\/\/Regalino-Shop.de\/?product=back-auflaufform-pacifica-marshmallow-von-casafina","url":"https:\/\/Regalino-Shop.de\/?product=back-auflaufform-pacifica-marshmallow-von-casafina","name":"Back-\/Auflaufform *Pacifica* marshmallow von Casafina - Regalino -Lively Style","isPartOf":{"@id":"https:\/\/Regalino-Shop.de\/#website"},"primaryImageOfPage":{"@id":"https:\/\/Regalino-Shop.de\/?product=back-auflaufform-pacifica-marshmallow-von-casafina#primaryimage"},"image":{"@id":"https:\/\/Regalino-Shop.de\/?product=back-auflaufform-pacifica-marshmallow-von-casafina#primaryimage"},"thumbnailUrl":"https:\/\/Regalino-Shop.de\/wp-content\/uploads\/2024\/05\/Auflaufform-pacifica-marshmallow-costa-nova-casa-fina-1.jpg","datePublished":"2024-05-03T12:34:57+00:00","dateModified":"2025-12-20T12:46:28+00:00","description":"perfekt f\u00fcr alles aus dem Ofen - hochwertiges Steinzeug- handmade in Portugal - von Casafina - temperaturbest\u00e4ndig, mikrowellenfest & sp\u00fclmaschinengeeignet","breadcrumb":{"@id":"https:\/\/Regalino-Shop.de\/?product=back-auflaufform-pacifica-marshmallow-von-casafina#breadcrumb"},"inLanguage":"de","potentialAction":[{"@type":"ReadAction","target":["https:\/\/Regalino-Shop.de\/?product=back-auflaufform-pacifica-marshmallow-von-casafina"]}]},{"@type":"ImageObject","inLanguage":"de","@id":"https:\/\/Regalino-Shop.de\/?product=back-auflaufform-pacifica-marshmallow-von-casafina#primaryimage","url":"https:\/\/Regalino-Shop.de\/wp-content\/uploads\/2024\/05\/Auflaufform-pacifica-marshmallow-costa-nova-casa-fina-1.jpg","contentUrl":"https:\/\/Regalino-Shop.de\/wp-content\/uploads\/2024\/05\/Auflaufform-pacifica-marshmallow-costa-nova-casa-fina-1.jpg","width":685,"height":511},{"@type":"BreadcrumbList","@id":"https:\/\/Regalino-Shop.de\/?product=back-auflaufform-pacifica-marshmallow-von-casafina#breadcrumb","itemListElement":[{"@type":"ListItem","position":1,"name":"Startseite","item":"https:\/\/Regalino-Shop.de\/"},{"@type":"ListItem","position":2,"name":"Shop","item":"https:\/\/Regalino-Shop.de\/?page_id=40"},{"@type":"ListItem","position":3,"name":"Back-\/Auflaufform *Pacifica* marshmallow von Casafina"}]},{"@type":"WebSite","@id":"https:\/\/Regalino-Shop.de\/#website","url":"https:\/\/Regalino-Shop.de\/","name":"Regalino -Lively Style","description":"gelebtes Zuhause","potentialAction":[{"@type":"SearchAction","target":{"@type":"EntryPoint","urlTemplate":"https:\/\/Regalino-Shop.de\/?s={search_term_string}"},"query-input":{"@type":"PropertyValueSpecification","valueRequired":true,"valueName":"search_term_string"}}],"inLanguage":"de"}]}},"_links":{"self":[{"href":"https:\/\/Regalino-Shop.de\/index.php?rest_route=\/wp\/v2\/product\/13850","targetHints":{"allow":["GET"]}}],"collection":[{"href":"https:\/\/Regalino-Shop.de\/index.php?rest_route=\/wp\/v2\/product"}],"about":[{"href":"https:\/\/Regalino-Shop.de\/index.php?rest_route=\/wp\/v2\/types\/product"}],"wp:featuredmedia":[{"embeddable":true,"href":"https:\/\/Regalino-Shop.de\/index.php?rest_route=\/wp\/v2\/media\/13852"}],"wp:attachment":[{"href":"https:\/\/Regalino-Shop.de\/index.php?rest_route=%2Fwp%2Fv2%2Fmedia&parent=13850"}],"wp:term":[{"taxonomy":"product_brand","embeddable":true,"href":"https:\/\/Regalino-Shop.de\/index.php?rest_route=%2Fwp%2Fv2%2Fproduct_brand&post=13850"},{"taxonomy":"product_cat","embeddable":true,"href":"https:\/\/Regalino-Shop.de\/index.php?rest_route=%2Fwp%2Fv2%2Fproduct_cat&post=13850"},{"taxonomy":"product_tag","embeddable":true,"href":"https:\/\/Regalino-Shop.de\/index.php?rest_route=%2Fwp%2Fv2%2Fproduct_tag&post=13850"}],"curies":[{"name":"wp","href":"https:\/\/api.w.org\/{rel}","templated":true}]}}