{"id":14321,"date":"2024-08-20T14:44:28","date_gmt":"2024-08-20T14:44:28","guid":{"rendered":"https:\/\/Regalino-Shop.de\/?post_type=product&#038;p=14321"},"modified":"2025-08-13T10:00:04","modified_gmt":"2025-08-13T10:00:04","slug":"tapasschale-rustique-von-ib-laursen-2","status":"publish","type":"product","link":"https:\/\/Regalino-Shop.de\/?product=tapasschale-rustique-von-ib-laursen-2","title":{"rendered":"Tapasschale *Rustique* von Ib Laursen"},"content":{"rendered":"","protected":false},"excerpt":{"rendered":"<h3>charmante kleine Tapas-Schale<\/h3>\n<p>eignet sich perfekt zum Servieren von Snacks, N\u00fcssen, Oliven, Dips oder einem klein portionierten Dessert wie Cr\u00e8me br\u00fbl\u00e9e. Die Serie hat eine sch\u00f6ne r\u00f6tlich-braune Farbe und eine feine, gl\u00e4nzende Glasur. Sie ist teilweise handgefertigt, was ihr zus\u00e4tzlichen Charme und Pers\u00f6nlichkeit verleiht. Alle Teile der Serie sind ofenfest und sp\u00fclmaschinengeeignet. Die Serie Rustique wird in Spanien hergestellt und besteht aus Ton<\/p>\n<ul>\n<li>Gr\u00f6\u00dfe: H\u00f6he 3 cm , Durchmesser ca 12 cm<\/li>\n<li>Farbe: r\u00f6tlich braun<\/li>\n<li>Material: Steingut<\/li>\n<li>sp\u00fclmaschinen-, ofengeeignet<\/li>\n<\/ul>\n<p>Lieferumfang: 1 Sch\u00e4lchen ohne Dekoration<\/p>\n<p>Stichwort: Herbst<\/p>\n","protected":false},"featured_media":14322,"template":"","meta":{"_et_pb_use_builder":"","_et_pb_old_content":"","_et_gb_content_width":""},"product_brand":[],"product_cat":[76,57],"product_tag":[245,657,367,423],"class_list":{"0":"post-14321","1":"product","2":"type-product","3":"status-publish","4":"has-post-thumbnail","6":"product_cat-geschirr-fuer-stilvolle-genussmomente-regalino","7":"product_cat-neu-eingetroffen-neue-lieblingsstuecke-bei-regalino","8":"product_tag-ib-laursen","9":"product_tag-kanne","10":"product_tag-krug","11":"product_tag-vase","13":"first","14":"instock","15":"taxable","16":"shipping-taxable","17":"purchasable","18":"product-type-simple"},"yoast_head":"<!-- This site is optimized with the Yoast SEO plugin v27.5 - https:\/\/yoast.com\/product\/yoast-seo-wordpress\/ -->\n<title>Tapasschale *Rustique* von Ib Laursen - Regalino -Lively Style<\/title>\n<meta name=\"description\" content=\"charmante kleine Tapas-Schaleeignet sich perfekt zum Servieren von Snacks, N\u00fcssen, Oliven, Dips\" \/>\n<meta name=\"robots\" content=\"index, follow, max-snippet:-1, max-image-preview:large, max-video-preview:-1\" \/>\n<link rel=\"canonical\" href=\"https:\/\/Regalino-Shop.de\/?product=tapasschale-rustique-von-ib-laursen-2\" \/>\n<meta property=\"og:locale\" content=\"de_DE\" \/>\n<meta property=\"og:type\" content=\"article\" \/>\n<meta property=\"og:title\" content=\"Tapasschale *Rustique* von Ib Laursen - Regalino -Lively Style\" \/>\n<meta property=\"og:description\" content=\"charmante kleine Tapas-Schaleeignet sich perfekt zum Servieren von Snacks, N\u00fcssen, Oliven, Dips\" \/>\n<meta property=\"og:url\" content=\"https:\/\/Regalino-Shop.de\/?product=tapasschale-rustique-von-ib-laursen-2\" \/>\n<meta property=\"og:site_name\" content=\"Regalino -Lively Style\" \/>\n<meta property=\"article:modified_time\" content=\"2025-08-13T10:00:04+00:00\" \/>\n<meta property=\"og:image\" content=\"https:\/\/Regalino-Shop.de\/wp-content\/uploads\/2024\/08\/24008-00.jpg\" \/>\n\t<meta property=\"og:image:width\" content=\"1400\" \/>\n\t<meta property=\"og:image:height\" content=\"1400\" \/>\n\t<meta property=\"og:image:type\" content=\"image\/jpeg\" \/>\n<meta name=\"twitter:card\" content=\"summary_large_image\" \/>\n<meta name=\"twitter:label1\" content=\"Gesch\u00e4tzte Lesezeit\" \/>\n\t<meta name=\"twitter:data1\" content=\"1\u00a0Minute\" \/>\n<script type=\"application\/ld+json\" class=\"yoast-schema-graph\">{\"@context\":\"https:\\\/\\\/schema.org\",\"@graph\":[{\"@type\":\"WebPage\",\"@id\":\"https:\\\/\\\/Regalino-Shop.de\\\/?product=tapasschale-rustique-von-ib-laursen-2\",\"url\":\"https:\\\/\\\/Regalino-Shop.de\\\/?product=tapasschale-rustique-von-ib-laursen-2\",\"name\":\"Tapasschale *Rustique* von Ib Laursen - Regalino -Lively Style\",\"isPartOf\":{\"@id\":\"https:\\\/\\\/Regalino-Shop.de\\\/#website\"},\"primaryImageOfPage\":{\"@id\":\"https:\\\/\\\/Regalino-Shop.de\\\/?product=tapasschale-rustique-von-ib-laursen-2#primaryimage\"},\"image\":{\"@id\":\"https:\\\/\\\/Regalino-Shop.de\\\/?product=tapasschale-rustique-von-ib-laursen-2#primaryimage\"},\"thumbnailUrl\":\"https:\\\/\\\/Regalino-Shop.de\\\/wp-content\\\/uploads\\\/2024\\\/08\\\/24008-00.jpg\",\"datePublished\":\"2024-08-20T14:44:28+00:00\",\"dateModified\":\"2025-08-13T10:00:04+00:00\",\"description\":\"charmante kleine Tapas-Schaleeignet sich perfekt zum Servieren von Snacks, N\u00fcssen, Oliven, Dips\",\"breadcrumb\":{\"@id\":\"https:\\\/\\\/Regalino-Shop.de\\\/?product=tapasschale-rustique-von-ib-laursen-2#breadcrumb\"},\"inLanguage\":\"de\",\"potentialAction\":[{\"@type\":\"ReadAction\",\"target\":[\"https:\\\/\\\/Regalino-Shop.de\\\/?product=tapasschale-rustique-von-ib-laursen-2\"]}]},{\"@type\":\"ImageObject\",\"inLanguage\":\"de\",\"@id\":\"https:\\\/\\\/Regalino-Shop.de\\\/?product=tapasschale-rustique-von-ib-laursen-2#primaryimage\",\"url\":\"https:\\\/\\\/Regalino-Shop.de\\\/wp-content\\\/uploads\\\/2024\\\/08\\\/24008-00.jpg\",\"contentUrl\":\"https:\\\/\\\/Regalino-Shop.de\\\/wp-content\\\/uploads\\\/2024\\\/08\\\/24008-00.jpg\",\"width\":1400,\"height\":1400,\"caption\":\"tapas-tapassschale-Ib-Laursen\"},{\"@type\":\"BreadcrumbList\",\"@id\":\"https:\\\/\\\/Regalino-Shop.de\\\/?product=tapasschale-rustique-von-ib-laursen-2#breadcrumb\",\"itemListElement\":[{\"@type\":\"ListItem\",\"position\":1,\"name\":\"Startseite\",\"item\":\"https:\\\/\\\/Regalino-Shop.de\\\/\"},{\"@type\":\"ListItem\",\"position\":2,\"name\":\"Shop\",\"item\":\"https:\\\/\\\/Regalino-Shop.de\\\/?page_id=40\"},{\"@type\":\"ListItem\",\"position\":3,\"name\":\"Tapasschale *Rustique* von Ib Laursen\"}]},{\"@type\":\"WebSite\",\"@id\":\"https:\\\/\\\/Regalino-Shop.de\\\/#website\",\"url\":\"https:\\\/\\\/Regalino-Shop.de\\\/\",\"name\":\"Regalino -Lively Style\",\"description\":\"gelebtes Zuhause\",\"potentialAction\":[{\"@type\":\"SearchAction\",\"target\":{\"@type\":\"EntryPoint\",\"urlTemplate\":\"https:\\\/\\\/Regalino-Shop.de\\\/?s={search_term_string}\"},\"query-input\":{\"@type\":\"PropertyValueSpecification\",\"valueRequired\":true,\"valueName\":\"search_term_string\"}}],\"inLanguage\":\"de\"}]}<\/script>\n<!-- \/ Yoast SEO plugin. -->","yoast_head_json":{"title":"Tapasschale *Rustique* von Ib Laursen - Regalino -Lively Style","description":"charmante kleine Tapas-Schaleeignet sich perfekt zum Servieren von Snacks, N\u00fcssen, Oliven, Dips","robots":{"index":"index","follow":"follow","max-snippet":"max-snippet:-1","max-image-preview":"max-image-preview:large","max-video-preview":"max-video-preview:-1"},"canonical":"https:\/\/Regalino-Shop.de\/?product=tapasschale-rustique-von-ib-laursen-2","og_locale":"de_DE","og_type":"article","og_title":"Tapasschale *Rustique* von Ib Laursen - Regalino -Lively Style","og_description":"charmante kleine Tapas-Schaleeignet sich perfekt zum Servieren von Snacks, N\u00fcssen, Oliven, Dips","og_url":"https:\/\/Regalino-Shop.de\/?product=tapasschale-rustique-von-ib-laursen-2","og_site_name":"Regalino -Lively Style","article_modified_time":"2025-08-13T10:00:04+00:00","og_image":[{"width":1400,"height":1400,"url":"https:\/\/Regalino-Shop.de\/wp-content\/uploads\/2024\/08\/24008-00.jpg","type":"image\/jpeg"}],"twitter_card":"summary_large_image","twitter_misc":{"Gesch\u00e4tzte Lesezeit":"1\u00a0Minute"},"schema":{"@context":"https:\/\/schema.org","@graph":[{"@type":"WebPage","@id":"https:\/\/Regalino-Shop.de\/?product=tapasschale-rustique-von-ib-laursen-2","url":"https:\/\/Regalino-Shop.de\/?product=tapasschale-rustique-von-ib-laursen-2","name":"Tapasschale *Rustique* von Ib Laursen - Regalino -Lively Style","isPartOf":{"@id":"https:\/\/Regalino-Shop.de\/#website"},"primaryImageOfPage":{"@id":"https:\/\/Regalino-Shop.de\/?product=tapasschale-rustique-von-ib-laursen-2#primaryimage"},"image":{"@id":"https:\/\/Regalino-Shop.de\/?product=tapasschale-rustique-von-ib-laursen-2#primaryimage"},"thumbnailUrl":"https:\/\/Regalino-Shop.de\/wp-content\/uploads\/2024\/08\/24008-00.jpg","datePublished":"2024-08-20T14:44:28+00:00","dateModified":"2025-08-13T10:00:04+00:00","description":"charmante kleine Tapas-Schaleeignet sich perfekt zum Servieren von Snacks, N\u00fcssen, Oliven, Dips","breadcrumb":{"@id":"https:\/\/Regalino-Shop.de\/?product=tapasschale-rustique-von-ib-laursen-2#breadcrumb"},"inLanguage":"de","potentialAction":[{"@type":"ReadAction","target":["https:\/\/Regalino-Shop.de\/?product=tapasschale-rustique-von-ib-laursen-2"]}]},{"@type":"ImageObject","inLanguage":"de","@id":"https:\/\/Regalino-Shop.de\/?product=tapasschale-rustique-von-ib-laursen-2#primaryimage","url":"https:\/\/Regalino-Shop.de\/wp-content\/uploads\/2024\/08\/24008-00.jpg","contentUrl":"https:\/\/Regalino-Shop.de\/wp-content\/uploads\/2024\/08\/24008-00.jpg","width":1400,"height":1400,"caption":"tapas-tapassschale-Ib-Laursen"},{"@type":"BreadcrumbList","@id":"https:\/\/Regalino-Shop.de\/?product=tapasschale-rustique-von-ib-laursen-2#breadcrumb","itemListElement":[{"@type":"ListItem","position":1,"name":"Startseite","item":"https:\/\/Regalino-Shop.de\/"},{"@type":"ListItem","position":2,"name":"Shop","item":"https:\/\/Regalino-Shop.de\/?page_id=40"},{"@type":"ListItem","position":3,"name":"Tapasschale *Rustique* von Ib Laursen"}]},{"@type":"WebSite","@id":"https:\/\/Regalino-Shop.de\/#website","url":"https:\/\/Regalino-Shop.de\/","name":"Regalino -Lively Style","description":"gelebtes Zuhause","potentialAction":[{"@type":"SearchAction","target":{"@type":"EntryPoint","urlTemplate":"https:\/\/Regalino-Shop.de\/?s={search_term_string}"},"query-input":{"@type":"PropertyValueSpecification","valueRequired":true,"valueName":"search_term_string"}}],"inLanguage":"de"}]}},"_links":{"self":[{"href":"https:\/\/Regalino-Shop.de\/index.php?rest_route=\/wp\/v2\/product\/14321","targetHints":{"allow":["GET"]}}],"collection":[{"href":"https:\/\/Regalino-Shop.de\/index.php?rest_route=\/wp\/v2\/product"}],"about":[{"href":"https:\/\/Regalino-Shop.de\/index.php?rest_route=\/wp\/v2\/types\/product"}],"wp:featuredmedia":[{"embeddable":true,"href":"https:\/\/Regalino-Shop.de\/index.php?rest_route=\/wp\/v2\/media\/14322"}],"wp:attachment":[{"href":"https:\/\/Regalino-Shop.de\/index.php?rest_route=%2Fwp%2Fv2%2Fmedia&parent=14321"}],"wp:term":[{"taxonomy":"product_brand","embeddable":true,"href":"https:\/\/Regalino-Shop.de\/index.php?rest_route=%2Fwp%2Fv2%2Fproduct_brand&post=14321"},{"taxonomy":"product_cat","embeddable":true,"href":"https:\/\/Regalino-Shop.de\/index.php?rest_route=%2Fwp%2Fv2%2Fproduct_cat&post=14321"},{"taxonomy":"product_tag","embeddable":true,"href":"https:\/\/Regalino-Shop.de\/index.php?rest_route=%2Fwp%2Fv2%2Fproduct_tag&post=14321"}],"curies":[{"name":"wp","href":"https:\/\/api.w.org\/{rel}","templated":true}]}}