{"id":14325,"date":"2024-08-20T14:50:18","date_gmt":"2024-08-20T14:50:18","guid":{"rendered":"https:\/\/Regalino-Shop.de\/?post_type=product&#038;p=14325"},"modified":"2025-10-27T12:30:53","modified_gmt":"2025-10-27T12:30:53","slug":"kerzenhalter-f-stabkerze-steingut-natur-braun-gestreift-handbemalt-von-ib-laursen","status":"publish","type":"product","link":"https:\/\/Regalino-Shop.de\/?product=kerzenhalter-f-stabkerze-steingut-natur-braun-gestreift-handbemalt-von-ib-laursen","title":{"rendered":"Kerzenhalter f\/Stabkerze Steingut natur\/braun gestreift handbemalt von Ib Laursen"},"content":{"rendered":"","protected":false},"excerpt":{"rendered":"<div id=\"tab-product-description\" class=\"ui-tabs-panel ui-widget-content ui-corner-bottom\" role=\"tabpanel\" aria-labelledby=\"ui-id-1\" aria-hidden=\"false\">\n<div class=\"description\">\n<div id=\"tab-product-description\" class=\"ui-tabs-panel ui-widget-content ui-corner-bottom\" role=\"tabpanel\" aria-labelledby=\"ui-id-1\" aria-hidden=\"false\">\n<div class=\"description\">\n<div id=\"tab-product-description\" class=\"ui-tabs-panel ui-widget-content ui-corner-bottom\" role=\"tabpanel\" aria-labelledby=\"ui-id-1\" aria-hidden=\"false\">\n<div class=\"description\">\n<h3>passt einfach \u00fcberall&#8230;<\/h3>\n<p>mit handbemalten Streifen<\/p>\n<p>von Ib Laursen<\/p>\n<ul>\n<li>Gr\u00f6\u00dfe:\u00a0 H\u00f6he 3,5 cm &#8211;\u00a0 \u00d8: 15,5 cm<\/li>\n<li>Material: Steingut<\/li>\n<li>Farbe: natur, braun<\/li>\n<li>f\u00fcr Stabkerzen im Durchmesser 2,2 cm<\/li>\n<\/ul>\n<p>Lieferung ohne Kerze\/Deko (Herbst)<\/p>\n<\/div>\n<\/div>\n<\/div>\n<\/div>\n<\/div>\n<\/div>\n","protected":false},"featured_media":14326,"template":"","meta":{"_et_pb_use_builder":"","_et_pb_old_content":"","_et_gb_content_width":""},"product_brand":[],"product_cat":[62,57],"product_tag":[245,216],"class_list":{"0":"post-14325","1":"product","2":"type-product","3":"status-publish","4":"has-post-thumbnail","6":"product_cat-licht-lampen-kerzen-im-scandi-breton-stil-regalino","7":"product_cat-neu-eingetroffen-neue-lieblingsstuecke-bei-regalino","8":"product_tag-ib-laursen","9":"product_tag-kerzenhalter","11":"first","12":"instock","13":"taxable","14":"shipping-taxable","15":"purchasable","16":"product-type-simple"},"yoast_head":"<!-- This site is optimized with the Yoast SEO plugin v27.3 - https:\/\/yoast.com\/product\/yoast-seo-wordpress\/ -->\n<title>Kerzenhalter f\/Stabkerze Steingut natur\/braun gestreift handbemalt von Ib Laursen - Regalino -Lively Style<\/title>\n<meta name=\"description\" content=\"schlichter Kerzenhalter aus Steingut von Ib Laursen - passt einfach \u00fcberall - f\u00fcr Stabkerzen \u00d8 2,2 cm\" \/>\n<meta name=\"robots\" content=\"index, follow, max-snippet:-1, max-image-preview:large, max-video-preview:-1\" \/>\n<link rel=\"canonical\" href=\"https:\/\/Regalino-Shop.de\/?product=kerzenhalter-f-stabkerze-steingut-natur-braun-gestreift-handbemalt-von-ib-laursen\" \/>\n<meta property=\"og:locale\" content=\"de_DE\" \/>\n<meta property=\"og:type\" content=\"article\" \/>\n<meta property=\"og:title\" content=\"Kerzenhalter f\/Stabkerze Steingut natur\/braun gestreift handbemalt von Ib Laursen - Regalino -Lively Style\" \/>\n<meta property=\"og:description\" content=\"schlichter Kerzenhalter aus Steingut von Ib Laursen - passt einfach \u00fcberall - f\u00fcr Stabkerzen \u00d8 2,2 cm\" \/>\n<meta property=\"og:url\" content=\"https:\/\/Regalino-Shop.de\/?product=kerzenhalter-f-stabkerze-steingut-natur-braun-gestreift-handbemalt-von-ib-laursen\" \/>\n<meta property=\"og:site_name\" content=\"Regalino -Lively Style\" \/>\n<meta property=\"article:modified_time\" content=\"2025-10-27T12:30:53+00:00\" \/>\n<meta property=\"og:image\" content=\"https:\/\/Regalino-Shop.de\/wp-content\/uploads\/2024\/08\/92182-14.jpg\" \/>\n\t<meta property=\"og:image:width\" content=\"1400\" \/>\n\t<meta property=\"og:image:height\" content=\"1400\" \/>\n\t<meta property=\"og:image:type\" content=\"image\/jpeg\" \/>\n<meta name=\"twitter:card\" content=\"summary_large_image\" \/>\n<meta name=\"twitter:label1\" content=\"Gesch\u00e4tzte Lesezeit\" \/>\n\t<meta name=\"twitter:data1\" content=\"1\u00a0Minute\" \/>\n<script type=\"application\/ld+json\" class=\"yoast-schema-graph\">{\"@context\":\"https:\\\/\\\/schema.org\",\"@graph\":[{\"@type\":\"WebPage\",\"@id\":\"https:\\\/\\\/Regalino-Shop.de\\\/?product=kerzenhalter-f-stabkerze-steingut-natur-braun-gestreift-handbemalt-von-ib-laursen\",\"url\":\"https:\\\/\\\/Regalino-Shop.de\\\/?product=kerzenhalter-f-stabkerze-steingut-natur-braun-gestreift-handbemalt-von-ib-laursen\",\"name\":\"Kerzenhalter f\\\/Stabkerze Steingut natur\\\/braun gestreift handbemalt von Ib Laursen - Regalino -Lively Style\",\"isPartOf\":{\"@id\":\"https:\\\/\\\/Regalino-Shop.de\\\/#website\"},\"primaryImageOfPage\":{\"@id\":\"https:\\\/\\\/Regalino-Shop.de\\\/?product=kerzenhalter-f-stabkerze-steingut-natur-braun-gestreift-handbemalt-von-ib-laursen#primaryimage\"},\"image\":{\"@id\":\"https:\\\/\\\/Regalino-Shop.de\\\/?product=kerzenhalter-f-stabkerze-steingut-natur-braun-gestreift-handbemalt-von-ib-laursen#primaryimage\"},\"thumbnailUrl\":\"https:\\\/\\\/Regalino-Shop.de\\\/wp-content\\\/uploads\\\/2024\\\/08\\\/92182-14.jpg\",\"datePublished\":\"2024-08-20T14:50:18+00:00\",\"dateModified\":\"2025-10-27T12:30:53+00:00\",\"description\":\"schlichter Kerzenhalter aus Steingut von Ib Laursen - passt einfach \u00fcberall - f\u00fcr Stabkerzen \u00d8 2,2 cm\",\"breadcrumb\":{\"@id\":\"https:\\\/\\\/Regalino-Shop.de\\\/?product=kerzenhalter-f-stabkerze-steingut-natur-braun-gestreift-handbemalt-von-ib-laursen#breadcrumb\"},\"inLanguage\":\"de\",\"potentialAction\":[{\"@type\":\"ReadAction\",\"target\":[\"https:\\\/\\\/Regalino-Shop.de\\\/?product=kerzenhalter-f-stabkerze-steingut-natur-braun-gestreift-handbemalt-von-ib-laursen\"]}]},{\"@type\":\"ImageObject\",\"inLanguage\":\"de\",\"@id\":\"https:\\\/\\\/Regalino-Shop.de\\\/?product=kerzenhalter-f-stabkerze-steingut-natur-braun-gestreift-handbemalt-von-ib-laursen#primaryimage\",\"url\":\"https:\\\/\\\/Regalino-Shop.de\\\/wp-content\\\/uploads\\\/2024\\\/08\\\/92182-14.jpg\",\"contentUrl\":\"https:\\\/\\\/Regalino-Shop.de\\\/wp-content\\\/uploads\\\/2024\\\/08\\\/92182-14.jpg\",\"width\":1400,\"height\":1400,\"caption\":\"Kerzenhalter-Ib-Laursen\"},{\"@type\":\"BreadcrumbList\",\"@id\":\"https:\\\/\\\/Regalino-Shop.de\\\/?product=kerzenhalter-f-stabkerze-steingut-natur-braun-gestreift-handbemalt-von-ib-laursen#breadcrumb\",\"itemListElement\":[{\"@type\":\"ListItem\",\"position\":1,\"name\":\"Startseite\",\"item\":\"https:\\\/\\\/Regalino-Shop.de\\\/\"},{\"@type\":\"ListItem\",\"position\":2,\"name\":\"Shop\",\"item\":\"https:\\\/\\\/Regalino-Shop.de\\\/?page_id=40\"},{\"@type\":\"ListItem\",\"position\":3,\"name\":\"Kerzenhalter f\\\/Stabkerze Steingut natur\\\/braun gestreift handbemalt von Ib Laursen\"}]},{\"@type\":\"WebSite\",\"@id\":\"https:\\\/\\\/Regalino-Shop.de\\\/#website\",\"url\":\"https:\\\/\\\/Regalino-Shop.de\\\/\",\"name\":\"Regalino -Lively Style\",\"description\":\"gelebtes Zuhause\",\"potentialAction\":[{\"@type\":\"SearchAction\",\"target\":{\"@type\":\"EntryPoint\",\"urlTemplate\":\"https:\\\/\\\/Regalino-Shop.de\\\/?s={search_term_string}\"},\"query-input\":{\"@type\":\"PropertyValueSpecification\",\"valueRequired\":true,\"valueName\":\"search_term_string\"}}],\"inLanguage\":\"de\"}]}<\/script>\n<!-- \/ Yoast SEO plugin. -->","yoast_head_json":{"title":"Kerzenhalter f\/Stabkerze Steingut natur\/braun gestreift handbemalt von Ib Laursen - Regalino -Lively Style","description":"schlichter Kerzenhalter aus Steingut von Ib Laursen - passt einfach \u00fcberall - f\u00fcr Stabkerzen \u00d8 2,2 cm","robots":{"index":"index","follow":"follow","max-snippet":"max-snippet:-1","max-image-preview":"max-image-preview:large","max-video-preview":"max-video-preview:-1"},"canonical":"https:\/\/Regalino-Shop.de\/?product=kerzenhalter-f-stabkerze-steingut-natur-braun-gestreift-handbemalt-von-ib-laursen","og_locale":"de_DE","og_type":"article","og_title":"Kerzenhalter f\/Stabkerze Steingut natur\/braun gestreift handbemalt von Ib Laursen - Regalino -Lively Style","og_description":"schlichter Kerzenhalter aus Steingut von Ib Laursen - passt einfach \u00fcberall - f\u00fcr Stabkerzen \u00d8 2,2 cm","og_url":"https:\/\/Regalino-Shop.de\/?product=kerzenhalter-f-stabkerze-steingut-natur-braun-gestreift-handbemalt-von-ib-laursen","og_site_name":"Regalino -Lively Style","article_modified_time":"2025-10-27T12:30:53+00:00","og_image":[{"width":1400,"height":1400,"url":"https:\/\/Regalino-Shop.de\/wp-content\/uploads\/2024\/08\/92182-14.jpg","type":"image\/jpeg"}],"twitter_card":"summary_large_image","twitter_misc":{"Gesch\u00e4tzte Lesezeit":"1\u00a0Minute"},"schema":{"@context":"https:\/\/schema.org","@graph":[{"@type":"WebPage","@id":"https:\/\/Regalino-Shop.de\/?product=kerzenhalter-f-stabkerze-steingut-natur-braun-gestreift-handbemalt-von-ib-laursen","url":"https:\/\/Regalino-Shop.de\/?product=kerzenhalter-f-stabkerze-steingut-natur-braun-gestreift-handbemalt-von-ib-laursen","name":"Kerzenhalter f\/Stabkerze Steingut natur\/braun gestreift handbemalt von Ib Laursen - Regalino -Lively Style","isPartOf":{"@id":"https:\/\/Regalino-Shop.de\/#website"},"primaryImageOfPage":{"@id":"https:\/\/Regalino-Shop.de\/?product=kerzenhalter-f-stabkerze-steingut-natur-braun-gestreift-handbemalt-von-ib-laursen#primaryimage"},"image":{"@id":"https:\/\/Regalino-Shop.de\/?product=kerzenhalter-f-stabkerze-steingut-natur-braun-gestreift-handbemalt-von-ib-laursen#primaryimage"},"thumbnailUrl":"https:\/\/Regalino-Shop.de\/wp-content\/uploads\/2024\/08\/92182-14.jpg","datePublished":"2024-08-20T14:50:18+00:00","dateModified":"2025-10-27T12:30:53+00:00","description":"schlichter Kerzenhalter aus Steingut von Ib Laursen - passt einfach \u00fcberall - f\u00fcr Stabkerzen \u00d8 2,2 cm","breadcrumb":{"@id":"https:\/\/Regalino-Shop.de\/?product=kerzenhalter-f-stabkerze-steingut-natur-braun-gestreift-handbemalt-von-ib-laursen#breadcrumb"},"inLanguage":"de","potentialAction":[{"@type":"ReadAction","target":["https:\/\/Regalino-Shop.de\/?product=kerzenhalter-f-stabkerze-steingut-natur-braun-gestreift-handbemalt-von-ib-laursen"]}]},{"@type":"ImageObject","inLanguage":"de","@id":"https:\/\/Regalino-Shop.de\/?product=kerzenhalter-f-stabkerze-steingut-natur-braun-gestreift-handbemalt-von-ib-laursen#primaryimage","url":"https:\/\/Regalino-Shop.de\/wp-content\/uploads\/2024\/08\/92182-14.jpg","contentUrl":"https:\/\/Regalino-Shop.de\/wp-content\/uploads\/2024\/08\/92182-14.jpg","width":1400,"height":1400,"caption":"Kerzenhalter-Ib-Laursen"},{"@type":"BreadcrumbList","@id":"https:\/\/Regalino-Shop.de\/?product=kerzenhalter-f-stabkerze-steingut-natur-braun-gestreift-handbemalt-von-ib-laursen#breadcrumb","itemListElement":[{"@type":"ListItem","position":1,"name":"Startseite","item":"https:\/\/Regalino-Shop.de\/"},{"@type":"ListItem","position":2,"name":"Shop","item":"https:\/\/Regalino-Shop.de\/?page_id=40"},{"@type":"ListItem","position":3,"name":"Kerzenhalter f\/Stabkerze Steingut natur\/braun gestreift handbemalt von Ib Laursen"}]},{"@type":"WebSite","@id":"https:\/\/Regalino-Shop.de\/#website","url":"https:\/\/Regalino-Shop.de\/","name":"Regalino -Lively Style","description":"gelebtes Zuhause","potentialAction":[{"@type":"SearchAction","target":{"@type":"EntryPoint","urlTemplate":"https:\/\/Regalino-Shop.de\/?s={search_term_string}"},"query-input":{"@type":"PropertyValueSpecification","valueRequired":true,"valueName":"search_term_string"}}],"inLanguage":"de"}]}},"_links":{"self":[{"href":"https:\/\/Regalino-Shop.de\/index.php?rest_route=\/wp\/v2\/product\/14325","targetHints":{"allow":["GET"]}}],"collection":[{"href":"https:\/\/Regalino-Shop.de\/index.php?rest_route=\/wp\/v2\/product"}],"about":[{"href":"https:\/\/Regalino-Shop.de\/index.php?rest_route=\/wp\/v2\/types\/product"}],"wp:featuredmedia":[{"embeddable":true,"href":"https:\/\/Regalino-Shop.de\/index.php?rest_route=\/wp\/v2\/media\/14326"}],"wp:attachment":[{"href":"https:\/\/Regalino-Shop.de\/index.php?rest_route=%2Fwp%2Fv2%2Fmedia&parent=14325"}],"wp:term":[{"taxonomy":"product_brand","embeddable":true,"href":"https:\/\/Regalino-Shop.de\/index.php?rest_route=%2Fwp%2Fv2%2Fproduct_brand&post=14325"},{"taxonomy":"product_cat","embeddable":true,"href":"https:\/\/Regalino-Shop.de\/index.php?rest_route=%2Fwp%2Fv2%2Fproduct_cat&post=14325"},{"taxonomy":"product_tag","embeddable":true,"href":"https:\/\/Regalino-Shop.de\/index.php?rest_route=%2Fwp%2Fv2%2Fproduct_tag&post=14325"}],"curies":[{"name":"wp","href":"https:\/\/api.w.org\/{rel}","templated":true}]}}