{"id":14364,"date":"2024-08-21T08:34:12","date_gmt":"2024-08-21T08:34:12","guid":{"rendered":"https:\/\/Regalino-Shop.de\/?post_type=product&#038;p=14364"},"modified":"2026-03-11T15:10:33","modified_gmt":"2026-03-11T15:10:33","slug":"kuscheltier-stoffpuppe-reh-rosa-von-mea-living","status":"publish","type":"product","link":"https:\/\/Regalino-Shop.de\/?product=kuscheltier-stoffpuppe-reh-rosa-von-mea-living","title":{"rendered":"Kuscheltier Stoffpuppe *Reh Rosa* von Mea Living"},"content":{"rendered":"<p>g<\/p>\n","protected":false},"excerpt":{"rendered":"<h3>zuckers\u00fc\u00df<\/h3>\n<p><span class=\"_1ntfbzc4 _1ntfbzc18 _1ntfbzc19 _1ntfbzc1j _1ntfbzc1r _1ntfbzc1u _1ntfbzc5 sc-43b0d28d-3 jsAEoF\" data-test-id=\"accordion-text\">Reh Rosa ist eine zauberhafte Stoffpuppe, mit vielen liebevollen Details. Mit ihrem leichten Sommerkleid und der kleinen Umh\u00e4ngetasche ist Rosa wunderh\u00fcbsch anzusehen und gleichzeitig wunderbar kuschelig. Die Materialien bestehen aus Naturstoffen wie Baumwolle und Leinen. Die weiche Puppe ist ein tolles Geschenk f\u00fcr kleine und gro\u00dfe Kuschelfreunde und ein h\u00fcbsches Dekoelement f\u00fcr jedes Kinderzimmer.<\/span><\/p>\n<ul>\n<li>Gr\u00f6\u00dfe: 40 cm<\/li>\n<li>Farbe: gedeckte Pastellt\u00f6ne<\/li>\n<li>Material: <span class=\"_1ntfbzc4 _1ntfbzc18 _1ntfbzc19 _1ntfbzc1j _1ntfbzc1r _1ntfbzc1u _1ntfbzc5 sc-43b0d28d-3 huGlLI\" data-test-id=\"accordion-text\">Leinen, Baumwolle, Polyester<\/span> &#8211; <span class=\"x94\">F\u00fcllung <span class=\"_1ntfbzc4 _1ntfbzc18 _1ntfbzc19 _1ntfbzc1j _1ntfbzc1r _1ntfbzc1u _1ntfbzc5 sc-43b0d28d-3 huGlLI\" data-test-id=\"accordion-text\">100% recycelte Polyesterwatte<\/span><br \/>\n<\/span><\/li>\n<li><span class=\"x94\">Pflege: waschbar bei 30\u00b0 C<\/span><\/li>\n<\/ul>\n<p>Lieferumfang: 1 Stoffpuppe<\/p>\n","protected":false},"featured_media":14365,"template":"","meta":{"_et_pb_use_builder":"","_et_pb_old_content":"","_et_gb_content_width":""},"product_brand":[],"product_cat":[93],"product_tag":[837,280,219,1687,1688,284],"class_list":{"0":"post-14364","1":"product","2":"type-product","3":"status-publish","4":"has-post-thumbnail","6":"product_cat-spielzeug-kuscheltiere-mit-liebevollen-details-regalino","7":"product_tag-baby","8":"product_tag-kuscheltier","9":"product_tag-maileg","10":"product_tag-reh","11":"product_tag-stoffpuppe","12":"product_tag-tiere","14":"first","15":"instock","16":"taxable","17":"shipping-taxable","18":"purchasable","19":"product-type-simple"},"yoast_head":"<!-- This site is optimized with the Yoast SEO plugin v27.5 - https:\/\/yoast.com\/product\/yoast-seo-wordpress\/ -->\n<title>Kuscheltier Stoffpuppe *Reh Rosa* von Mea Living - Regalino -Lively Style<\/title>\n<meta name=\"description\" content=\"Reh Rosa ist eine zauberhafte Stoffpuppe, mit vielen liebevollen Details - Gr\u00f6\u00dfe 40 cm\" \/>\n<meta name=\"robots\" content=\"index, follow, max-snippet:-1, max-image-preview:large, max-video-preview:-1\" \/>\n<link rel=\"canonical\" href=\"https:\/\/Regalino-Shop.de\/?product=kuscheltier-stoffpuppe-reh-rosa-von-mea-living\" \/>\n<meta property=\"og:locale\" content=\"de_DE\" \/>\n<meta property=\"og:type\" content=\"article\" \/>\n<meta property=\"og:title\" content=\"Kuscheltier Stoffpuppe *Reh Rosa* von Mea Living - Regalino -Lively Style\" \/>\n<meta property=\"og:description\" content=\"Reh Rosa ist eine zauberhafte Stoffpuppe, mit vielen liebevollen Details - Gr\u00f6\u00dfe 40 cm\" \/>\n<meta property=\"og:url\" content=\"https:\/\/Regalino-Shop.de\/?product=kuscheltier-stoffpuppe-reh-rosa-von-mea-living\" \/>\n<meta property=\"og:site_name\" content=\"Regalino -Lively Style\" \/>\n<meta property=\"article:modified_time\" content=\"2026-03-11T15:10:33+00:00\" \/>\n<meta property=\"og:image\" content=\"https:\/\/Regalino-Shop.de\/wp-content\/uploads\/2024\/08\/reh-Rosa-Stoffpuppe-Kuscheltier-mea-living-lini.jpg\" \/>\n\t<meta property=\"og:image:width\" content=\"417\" \/>\n\t<meta property=\"og:image:height\" content=\"358\" \/>\n\t<meta property=\"og:image:type\" content=\"image\/jpeg\" \/>\n<meta name=\"twitter:card\" content=\"summary_large_image\" \/>\n<meta name=\"twitter:label1\" content=\"Gesch\u00e4tzte Lesezeit\" \/>\n\t<meta name=\"twitter:data1\" content=\"1\u00a0Minute\" \/>\n<script type=\"application\/ld+json\" class=\"yoast-schema-graph\">{\"@context\":\"https:\\\/\\\/schema.org\",\"@graph\":[{\"@type\":\"WebPage\",\"@id\":\"https:\\\/\\\/Regalino-Shop.de\\\/?product=kuscheltier-stoffpuppe-reh-rosa-von-mea-living\",\"url\":\"https:\\\/\\\/Regalino-Shop.de\\\/?product=kuscheltier-stoffpuppe-reh-rosa-von-mea-living\",\"name\":\"Kuscheltier Stoffpuppe *Reh Rosa* von Mea Living - Regalino -Lively Style\",\"isPartOf\":{\"@id\":\"https:\\\/\\\/Regalino-Shop.de\\\/#website\"},\"primaryImageOfPage\":{\"@id\":\"https:\\\/\\\/Regalino-Shop.de\\\/?product=kuscheltier-stoffpuppe-reh-rosa-von-mea-living#primaryimage\"},\"image\":{\"@id\":\"https:\\\/\\\/Regalino-Shop.de\\\/?product=kuscheltier-stoffpuppe-reh-rosa-von-mea-living#primaryimage\"},\"thumbnailUrl\":\"https:\\\/\\\/Regalino-Shop.de\\\/wp-content\\\/uploads\\\/2024\\\/08\\\/reh-Rosa-Stoffpuppe-Kuscheltier-mea-living-lini.jpg\",\"datePublished\":\"2024-08-21T08:34:12+00:00\",\"dateModified\":\"2026-03-11T15:10:33+00:00\",\"description\":\"Reh Rosa ist eine zauberhafte Stoffpuppe, mit vielen liebevollen Details - Gr\u00f6\u00dfe 40 cm\",\"breadcrumb\":{\"@id\":\"https:\\\/\\\/Regalino-Shop.de\\\/?product=kuscheltier-stoffpuppe-reh-rosa-von-mea-living#breadcrumb\"},\"inLanguage\":\"de\",\"potentialAction\":[{\"@type\":\"ReadAction\",\"target\":[\"https:\\\/\\\/Regalino-Shop.de\\\/?product=kuscheltier-stoffpuppe-reh-rosa-von-mea-living\"]}]},{\"@type\":\"ImageObject\",\"inLanguage\":\"de\",\"@id\":\"https:\\\/\\\/Regalino-Shop.de\\\/?product=kuscheltier-stoffpuppe-reh-rosa-von-mea-living#primaryimage\",\"url\":\"https:\\\/\\\/Regalino-Shop.de\\\/wp-content\\\/uploads\\\/2024\\\/08\\\/reh-Rosa-Stoffpuppe-Kuscheltier-mea-living-lini.jpg\",\"contentUrl\":\"https:\\\/\\\/Regalino-Shop.de\\\/wp-content\\\/uploads\\\/2024\\\/08\\\/reh-Rosa-Stoffpuppe-Kuscheltier-mea-living-lini.jpg\",\"width\":417,\"height\":358},{\"@type\":\"BreadcrumbList\",\"@id\":\"https:\\\/\\\/Regalino-Shop.de\\\/?product=kuscheltier-stoffpuppe-reh-rosa-von-mea-living#breadcrumb\",\"itemListElement\":[{\"@type\":\"ListItem\",\"position\":1,\"name\":\"Startseite\",\"item\":\"https:\\\/\\\/Regalino-Shop.de\\\/\"},{\"@type\":\"ListItem\",\"position\":2,\"name\":\"Shop\",\"item\":\"https:\\\/\\\/Regalino-Shop.de\\\/?page_id=40\"},{\"@type\":\"ListItem\",\"position\":3,\"name\":\"Kuscheltier Stoffpuppe *Reh Rosa* von Mea Living\"}]},{\"@type\":\"WebSite\",\"@id\":\"https:\\\/\\\/Regalino-Shop.de\\\/#website\",\"url\":\"https:\\\/\\\/Regalino-Shop.de\\\/\",\"name\":\"Regalino -Lively Style\",\"description\":\"gelebtes Zuhause\",\"potentialAction\":[{\"@type\":\"SearchAction\",\"target\":{\"@type\":\"EntryPoint\",\"urlTemplate\":\"https:\\\/\\\/Regalino-Shop.de\\\/?s={search_term_string}\"},\"query-input\":{\"@type\":\"PropertyValueSpecification\",\"valueRequired\":true,\"valueName\":\"search_term_string\"}}],\"inLanguage\":\"de\"}]}<\/script>\n<!-- \/ Yoast SEO plugin. -->","yoast_head_json":{"title":"Kuscheltier Stoffpuppe *Reh Rosa* von Mea Living - Regalino -Lively Style","description":"Reh Rosa ist eine zauberhafte Stoffpuppe, mit vielen liebevollen Details - Gr\u00f6\u00dfe 40 cm","robots":{"index":"index","follow":"follow","max-snippet":"max-snippet:-1","max-image-preview":"max-image-preview:large","max-video-preview":"max-video-preview:-1"},"canonical":"https:\/\/Regalino-Shop.de\/?product=kuscheltier-stoffpuppe-reh-rosa-von-mea-living","og_locale":"de_DE","og_type":"article","og_title":"Kuscheltier Stoffpuppe *Reh Rosa* von Mea Living - Regalino -Lively Style","og_description":"Reh Rosa ist eine zauberhafte Stoffpuppe, mit vielen liebevollen Details - Gr\u00f6\u00dfe 40 cm","og_url":"https:\/\/Regalino-Shop.de\/?product=kuscheltier-stoffpuppe-reh-rosa-von-mea-living","og_site_name":"Regalino -Lively Style","article_modified_time":"2026-03-11T15:10:33+00:00","og_image":[{"width":417,"height":358,"url":"https:\/\/Regalino-Shop.de\/wp-content\/uploads\/2024\/08\/reh-Rosa-Stoffpuppe-Kuscheltier-mea-living-lini.jpg","type":"image\/jpeg"}],"twitter_card":"summary_large_image","twitter_misc":{"Gesch\u00e4tzte Lesezeit":"1\u00a0Minute"},"schema":{"@context":"https:\/\/schema.org","@graph":[{"@type":"WebPage","@id":"https:\/\/Regalino-Shop.de\/?product=kuscheltier-stoffpuppe-reh-rosa-von-mea-living","url":"https:\/\/Regalino-Shop.de\/?product=kuscheltier-stoffpuppe-reh-rosa-von-mea-living","name":"Kuscheltier Stoffpuppe *Reh Rosa* von Mea Living - Regalino -Lively Style","isPartOf":{"@id":"https:\/\/Regalino-Shop.de\/#website"},"primaryImageOfPage":{"@id":"https:\/\/Regalino-Shop.de\/?product=kuscheltier-stoffpuppe-reh-rosa-von-mea-living#primaryimage"},"image":{"@id":"https:\/\/Regalino-Shop.de\/?product=kuscheltier-stoffpuppe-reh-rosa-von-mea-living#primaryimage"},"thumbnailUrl":"https:\/\/Regalino-Shop.de\/wp-content\/uploads\/2024\/08\/reh-Rosa-Stoffpuppe-Kuscheltier-mea-living-lini.jpg","datePublished":"2024-08-21T08:34:12+00:00","dateModified":"2026-03-11T15:10:33+00:00","description":"Reh Rosa ist eine zauberhafte Stoffpuppe, mit vielen liebevollen Details - Gr\u00f6\u00dfe 40 cm","breadcrumb":{"@id":"https:\/\/Regalino-Shop.de\/?product=kuscheltier-stoffpuppe-reh-rosa-von-mea-living#breadcrumb"},"inLanguage":"de","potentialAction":[{"@type":"ReadAction","target":["https:\/\/Regalino-Shop.de\/?product=kuscheltier-stoffpuppe-reh-rosa-von-mea-living"]}]},{"@type":"ImageObject","inLanguage":"de","@id":"https:\/\/Regalino-Shop.de\/?product=kuscheltier-stoffpuppe-reh-rosa-von-mea-living#primaryimage","url":"https:\/\/Regalino-Shop.de\/wp-content\/uploads\/2024\/08\/reh-Rosa-Stoffpuppe-Kuscheltier-mea-living-lini.jpg","contentUrl":"https:\/\/Regalino-Shop.de\/wp-content\/uploads\/2024\/08\/reh-Rosa-Stoffpuppe-Kuscheltier-mea-living-lini.jpg","width":417,"height":358},{"@type":"BreadcrumbList","@id":"https:\/\/Regalino-Shop.de\/?product=kuscheltier-stoffpuppe-reh-rosa-von-mea-living#breadcrumb","itemListElement":[{"@type":"ListItem","position":1,"name":"Startseite","item":"https:\/\/Regalino-Shop.de\/"},{"@type":"ListItem","position":2,"name":"Shop","item":"https:\/\/Regalino-Shop.de\/?page_id=40"},{"@type":"ListItem","position":3,"name":"Kuscheltier Stoffpuppe *Reh Rosa* von Mea Living"}]},{"@type":"WebSite","@id":"https:\/\/Regalino-Shop.de\/#website","url":"https:\/\/Regalino-Shop.de\/","name":"Regalino -Lively Style","description":"gelebtes Zuhause","potentialAction":[{"@type":"SearchAction","target":{"@type":"EntryPoint","urlTemplate":"https:\/\/Regalino-Shop.de\/?s={search_term_string}"},"query-input":{"@type":"PropertyValueSpecification","valueRequired":true,"valueName":"search_term_string"}}],"inLanguage":"de"}]}},"_links":{"self":[{"href":"https:\/\/Regalino-Shop.de\/index.php?rest_route=\/wp\/v2\/product\/14364","targetHints":{"allow":["GET"]}}],"collection":[{"href":"https:\/\/Regalino-Shop.de\/index.php?rest_route=\/wp\/v2\/product"}],"about":[{"href":"https:\/\/Regalino-Shop.de\/index.php?rest_route=\/wp\/v2\/types\/product"}],"wp:featuredmedia":[{"embeddable":true,"href":"https:\/\/Regalino-Shop.de\/index.php?rest_route=\/wp\/v2\/media\/14365"}],"wp:attachment":[{"href":"https:\/\/Regalino-Shop.de\/index.php?rest_route=%2Fwp%2Fv2%2Fmedia&parent=14364"}],"wp:term":[{"taxonomy":"product_brand","embeddable":true,"href":"https:\/\/Regalino-Shop.de\/index.php?rest_route=%2Fwp%2Fv2%2Fproduct_brand&post=14364"},{"taxonomy":"product_cat","embeddable":true,"href":"https:\/\/Regalino-Shop.de\/index.php?rest_route=%2Fwp%2Fv2%2Fproduct_cat&post=14364"},{"taxonomy":"product_tag","embeddable":true,"href":"https:\/\/Regalino-Shop.de\/index.php?rest_route=%2Fwp%2Fv2%2Fproduct_tag&post=14364"}],"curies":[{"name":"wp","href":"https:\/\/api.w.org\/{rel}","templated":true}]}}