{"id":14390,"date":"2024-08-21T10:33:17","date_gmt":"2024-08-21T10:33:17","guid":{"rendered":"https:\/\/Regalino-Shop.de\/?post_type=product&#038;p=14390"},"modified":"2026-03-29T08:07:33","modified_gmt":"2026-03-29T08:07:33","slug":"schluesselanhaenger-herz-weiss-von-stationery-gift","status":"publish","type":"product","link":"https:\/\/Regalino-Shop.de\/?product=schluesselanhaenger-herz-weiss-von-stationery-gift","title":{"rendered":"Schl\u00fcsselanh\u00e4nger *Herz* wei\u00df von STATIONERY &#038; GIFT"},"content":{"rendered":"","protected":false},"excerpt":{"rendered":"<h3>Schl\u00fcssel- oder Taschenanh\u00e4nger<\/h3>\n<p><span class=\"_1ntfbzc4 _1ntfbzc18 _1ntfbzc19 _1ntfbzc1j _1ntfbzc1r _1ntfbzc1u _1ntfbzc5 sc-43b0d28d-3 huGlLI\" data-test-id=\"accordion-text\">Der zus\u00e4tzliche Clip macht es sehr praktisch, ihn an Ihrer Tasche aufzuh\u00e4ngen. Auf diese Weise verlieren Sie Ihre Schl\u00fcssel bestimmt nicht wieder! Der Clip ist sehr robust. Nicht nur ein praktischer Artikel, sondern auch ein Hingucker, denn das ist wundersch\u00f6n anzusehen. Wie sch\u00f6n zu verschenken, wenn jemand ein neues Haus bekommt, zusammenzieht oder wenn man ihn einfach liebt! Das sind die besten Geschenke. Der Schl\u00fcsselring hat eine Gesamtl\u00e4nge von 15 cm und ist leicht. Also kein schwerer Schl\u00fcsselbund an deiner Tasche. <\/span><\/p>\n<ul>\n<li>L\u00e4nge: 15 cm , Gr\u00f6\u00dfe Herz: 4 x 4,5 cm<\/li>\n<li>Schl\u00fcsselring, Karabinerhaken<\/li>\n<li>Farbe: messing, Herz in wei\u00df<\/li>\n<\/ul>\n<p>Lieferumfang: 1 Schl\u00fcsselanh\u00e4nger ohne Dekoration<\/p>\n","protected":false},"featured_media":14391,"template":"","meta":{"_et_pb_use_builder":"","_et_pb_old_content":"","_et_gb_content_width":""},"product_brand":[],"product_cat":[2983,1255],"product_tag":[598,354,337,601,1416,1694],"class_list":{"0":"post-14390","1":"product","2":"type-product","3":"status-publish","4":"has-post-thumbnail","6":"product_cat-accessoires","7":"product_cat-schluesselanhaenger-handyketten-praktische-accessoires-regalino","8":"product_tag-geburtstag","9":"product_tag-geschenkidee","10":"product_tag-hochzeit","11":"product_tag-liebe","12":"product_tag-schluesselring","13":"product_tag-taschenanhaenger","15":"first","16":"instock","17":"taxable","18":"shipping-taxable","19":"purchasable","20":"product-type-simple"},"yoast_head":"<!-- This site is optimized with the Yoast SEO plugin v27.5 - https:\/\/yoast.com\/product\/yoast-seo-wordpress\/ -->\n<title>Schl\u00fcsselanh\u00e4nger *Herz* wei\u00df von STATIONERY &amp; GIFT - Regalino -Lively Style<\/title>\n<meta name=\"description\" content=\"Ist der nicht s\u00fcss! Schl\u00fcsselanh\u00e4nger - Der zus\u00e4tzliche Clip macht es sehr praktisch, ihn an Ihrer Tasche aufzuh\u00e4ngen - Metall\" \/>\n<meta name=\"robots\" content=\"index, follow, max-snippet:-1, max-image-preview:large, max-video-preview:-1\" \/>\n<link rel=\"canonical\" href=\"https:\/\/Regalino-Shop.de\/?product=schluesselanhaenger-herz-weiss-von-stationery-gift\" \/>\n<meta property=\"og:locale\" content=\"de_DE\" \/>\n<meta property=\"og:type\" content=\"article\" \/>\n<meta property=\"og:title\" content=\"Schl\u00fcsselanh\u00e4nger *Herz* wei\u00df von STATIONERY &amp; GIFT - Regalino -Lively Style\" \/>\n<meta property=\"og:description\" content=\"Ist der nicht s\u00fcss! Schl\u00fcsselanh\u00e4nger - Der zus\u00e4tzliche Clip macht es sehr praktisch, ihn an Ihrer Tasche aufzuh\u00e4ngen - Metall\" \/>\n<meta property=\"og:url\" content=\"https:\/\/Regalino-Shop.de\/?product=schluesselanhaenger-herz-weiss-von-stationery-gift\" \/>\n<meta property=\"og:site_name\" content=\"Regalino -Lively Style\" \/>\n<meta property=\"article:modified_time\" content=\"2026-03-29T08:07:33+00:00\" \/>\n<meta property=\"og:image\" content=\"https:\/\/Regalino-Shop.de\/wp-content\/uploads\/2024\/08\/schluesselanhaenger-Taschenanhaenger-herz-weiss.jpg\" \/>\n\t<meta property=\"og:image:width\" content=\"567\" \/>\n\t<meta property=\"og:image:height\" content=\"503\" \/>\n\t<meta property=\"og:image:type\" content=\"image\/jpeg\" \/>\n<meta name=\"twitter:card\" content=\"summary_large_image\" \/>\n<meta name=\"twitter:label1\" content=\"Gesch\u00e4tzte Lesezeit\" \/>\n\t<meta name=\"twitter:data1\" content=\"1\u00a0Minute\" \/>\n<script type=\"application\/ld+json\" class=\"yoast-schema-graph\">{\"@context\":\"https:\\\/\\\/schema.org\",\"@graph\":[{\"@type\":\"WebPage\",\"@id\":\"https:\\\/\\\/Regalino-Shop.de\\\/?product=schluesselanhaenger-herz-weiss-von-stationery-gift\",\"url\":\"https:\\\/\\\/Regalino-Shop.de\\\/?product=schluesselanhaenger-herz-weiss-von-stationery-gift\",\"name\":\"Schl\u00fcsselanh\u00e4nger *Herz* wei\u00df von STATIONERY & GIFT - Regalino -Lively Style\",\"isPartOf\":{\"@id\":\"https:\\\/\\\/Regalino-Shop.de\\\/#website\"},\"primaryImageOfPage\":{\"@id\":\"https:\\\/\\\/Regalino-Shop.de\\\/?product=schluesselanhaenger-herz-weiss-von-stationery-gift#primaryimage\"},\"image\":{\"@id\":\"https:\\\/\\\/Regalino-Shop.de\\\/?product=schluesselanhaenger-herz-weiss-von-stationery-gift#primaryimage\"},\"thumbnailUrl\":\"https:\\\/\\\/Regalino-Shop.de\\\/wp-content\\\/uploads\\\/2024\\\/08\\\/schluesselanhaenger-Taschenanhaenger-herz-weiss.jpg\",\"datePublished\":\"2024-08-21T10:33:17+00:00\",\"dateModified\":\"2026-03-29T08:07:33+00:00\",\"description\":\"Ist der nicht s\u00fcss! Schl\u00fcsselanh\u00e4nger - Der zus\u00e4tzliche Clip macht es sehr praktisch, ihn an Ihrer Tasche aufzuh\u00e4ngen - Metall\",\"breadcrumb\":{\"@id\":\"https:\\\/\\\/Regalino-Shop.de\\\/?product=schluesselanhaenger-herz-weiss-von-stationery-gift#breadcrumb\"},\"inLanguage\":\"de\",\"potentialAction\":[{\"@type\":\"ReadAction\",\"target\":[\"https:\\\/\\\/Regalino-Shop.de\\\/?product=schluesselanhaenger-herz-weiss-von-stationery-gift\"]}]},{\"@type\":\"ImageObject\",\"inLanguage\":\"de\",\"@id\":\"https:\\\/\\\/Regalino-Shop.de\\\/?product=schluesselanhaenger-herz-weiss-von-stationery-gift#primaryimage\",\"url\":\"https:\\\/\\\/Regalino-Shop.de\\\/wp-content\\\/uploads\\\/2024\\\/08\\\/schluesselanhaenger-Taschenanhaenger-herz-weiss.jpg\",\"contentUrl\":\"https:\\\/\\\/Regalino-Shop.de\\\/wp-content\\\/uploads\\\/2024\\\/08\\\/schluesselanhaenger-Taschenanhaenger-herz-weiss.jpg\",\"width\":567,\"height\":503},{\"@type\":\"BreadcrumbList\",\"@id\":\"https:\\\/\\\/Regalino-Shop.de\\\/?product=schluesselanhaenger-herz-weiss-von-stationery-gift#breadcrumb\",\"itemListElement\":[{\"@type\":\"ListItem\",\"position\":1,\"name\":\"Startseite\",\"item\":\"https:\\\/\\\/Regalino-Shop.de\\\/\"},{\"@type\":\"ListItem\",\"position\":2,\"name\":\"Shop\",\"item\":\"https:\\\/\\\/Regalino-Shop.de\\\/?page_id=40\"},{\"@type\":\"ListItem\",\"position\":3,\"name\":\"Schl\u00fcsselanh\u00e4nger *Herz* wei\u00df von STATIONERY &#038; GIFT\"}]},{\"@type\":\"WebSite\",\"@id\":\"https:\\\/\\\/Regalino-Shop.de\\\/#website\",\"url\":\"https:\\\/\\\/Regalino-Shop.de\\\/\",\"name\":\"Regalino -Lively Style\",\"description\":\"gelebtes Zuhause\",\"potentialAction\":[{\"@type\":\"SearchAction\",\"target\":{\"@type\":\"EntryPoint\",\"urlTemplate\":\"https:\\\/\\\/Regalino-Shop.de\\\/?s={search_term_string}\"},\"query-input\":{\"@type\":\"PropertyValueSpecification\",\"valueRequired\":true,\"valueName\":\"search_term_string\"}}],\"inLanguage\":\"de\"}]}<\/script>\n<!-- \/ Yoast SEO plugin. -->","yoast_head_json":{"title":"Schl\u00fcsselanh\u00e4nger *Herz* wei\u00df von STATIONERY & GIFT - Regalino -Lively Style","description":"Ist der nicht s\u00fcss! Schl\u00fcsselanh\u00e4nger - Der zus\u00e4tzliche Clip macht es sehr praktisch, ihn an Ihrer Tasche aufzuh\u00e4ngen - Metall","robots":{"index":"index","follow":"follow","max-snippet":"max-snippet:-1","max-image-preview":"max-image-preview:large","max-video-preview":"max-video-preview:-1"},"canonical":"https:\/\/Regalino-Shop.de\/?product=schluesselanhaenger-herz-weiss-von-stationery-gift","og_locale":"de_DE","og_type":"article","og_title":"Schl\u00fcsselanh\u00e4nger *Herz* wei\u00df von STATIONERY & GIFT - Regalino -Lively Style","og_description":"Ist der nicht s\u00fcss! Schl\u00fcsselanh\u00e4nger - Der zus\u00e4tzliche Clip macht es sehr praktisch, ihn an Ihrer Tasche aufzuh\u00e4ngen - Metall","og_url":"https:\/\/Regalino-Shop.de\/?product=schluesselanhaenger-herz-weiss-von-stationery-gift","og_site_name":"Regalino -Lively Style","article_modified_time":"2026-03-29T08:07:33+00:00","og_image":[{"width":567,"height":503,"url":"https:\/\/Regalino-Shop.de\/wp-content\/uploads\/2024\/08\/schluesselanhaenger-Taschenanhaenger-herz-weiss.jpg","type":"image\/jpeg"}],"twitter_card":"summary_large_image","twitter_misc":{"Gesch\u00e4tzte Lesezeit":"1\u00a0Minute"},"schema":{"@context":"https:\/\/schema.org","@graph":[{"@type":"WebPage","@id":"https:\/\/Regalino-Shop.de\/?product=schluesselanhaenger-herz-weiss-von-stationery-gift","url":"https:\/\/Regalino-Shop.de\/?product=schluesselanhaenger-herz-weiss-von-stationery-gift","name":"Schl\u00fcsselanh\u00e4nger *Herz* wei\u00df von STATIONERY & GIFT - Regalino -Lively Style","isPartOf":{"@id":"https:\/\/Regalino-Shop.de\/#website"},"primaryImageOfPage":{"@id":"https:\/\/Regalino-Shop.de\/?product=schluesselanhaenger-herz-weiss-von-stationery-gift#primaryimage"},"image":{"@id":"https:\/\/Regalino-Shop.de\/?product=schluesselanhaenger-herz-weiss-von-stationery-gift#primaryimage"},"thumbnailUrl":"https:\/\/Regalino-Shop.de\/wp-content\/uploads\/2024\/08\/schluesselanhaenger-Taschenanhaenger-herz-weiss.jpg","datePublished":"2024-08-21T10:33:17+00:00","dateModified":"2026-03-29T08:07:33+00:00","description":"Ist der nicht s\u00fcss! Schl\u00fcsselanh\u00e4nger - Der zus\u00e4tzliche Clip macht es sehr praktisch, ihn an Ihrer Tasche aufzuh\u00e4ngen - Metall","breadcrumb":{"@id":"https:\/\/Regalino-Shop.de\/?product=schluesselanhaenger-herz-weiss-von-stationery-gift#breadcrumb"},"inLanguage":"de","potentialAction":[{"@type":"ReadAction","target":["https:\/\/Regalino-Shop.de\/?product=schluesselanhaenger-herz-weiss-von-stationery-gift"]}]},{"@type":"ImageObject","inLanguage":"de","@id":"https:\/\/Regalino-Shop.de\/?product=schluesselanhaenger-herz-weiss-von-stationery-gift#primaryimage","url":"https:\/\/Regalino-Shop.de\/wp-content\/uploads\/2024\/08\/schluesselanhaenger-Taschenanhaenger-herz-weiss.jpg","contentUrl":"https:\/\/Regalino-Shop.de\/wp-content\/uploads\/2024\/08\/schluesselanhaenger-Taschenanhaenger-herz-weiss.jpg","width":567,"height":503},{"@type":"BreadcrumbList","@id":"https:\/\/Regalino-Shop.de\/?product=schluesselanhaenger-herz-weiss-von-stationery-gift#breadcrumb","itemListElement":[{"@type":"ListItem","position":1,"name":"Startseite","item":"https:\/\/Regalino-Shop.de\/"},{"@type":"ListItem","position":2,"name":"Shop","item":"https:\/\/Regalino-Shop.de\/?page_id=40"},{"@type":"ListItem","position":3,"name":"Schl\u00fcsselanh\u00e4nger *Herz* wei\u00df von STATIONERY &#038; GIFT"}]},{"@type":"WebSite","@id":"https:\/\/Regalino-Shop.de\/#website","url":"https:\/\/Regalino-Shop.de\/","name":"Regalino -Lively Style","description":"gelebtes Zuhause","potentialAction":[{"@type":"SearchAction","target":{"@type":"EntryPoint","urlTemplate":"https:\/\/Regalino-Shop.de\/?s={search_term_string}"},"query-input":{"@type":"PropertyValueSpecification","valueRequired":true,"valueName":"search_term_string"}}],"inLanguage":"de"}]}},"_links":{"self":[{"href":"https:\/\/Regalino-Shop.de\/index.php?rest_route=\/wp\/v2\/product\/14390","targetHints":{"allow":["GET"]}}],"collection":[{"href":"https:\/\/Regalino-Shop.de\/index.php?rest_route=\/wp\/v2\/product"}],"about":[{"href":"https:\/\/Regalino-Shop.de\/index.php?rest_route=\/wp\/v2\/types\/product"}],"wp:featuredmedia":[{"embeddable":true,"href":"https:\/\/Regalino-Shop.de\/index.php?rest_route=\/wp\/v2\/media\/14391"}],"wp:attachment":[{"href":"https:\/\/Regalino-Shop.de\/index.php?rest_route=%2Fwp%2Fv2%2Fmedia&parent=14390"}],"wp:term":[{"taxonomy":"product_brand","embeddable":true,"href":"https:\/\/Regalino-Shop.de\/index.php?rest_route=%2Fwp%2Fv2%2Fproduct_brand&post=14390"},{"taxonomy":"product_cat","embeddable":true,"href":"https:\/\/Regalino-Shop.de\/index.php?rest_route=%2Fwp%2Fv2%2Fproduct_cat&post=14390"},{"taxonomy":"product_tag","embeddable":true,"href":"https:\/\/Regalino-Shop.de\/index.php?rest_route=%2Fwp%2Fv2%2Fproduct_tag&post=14390"}],"curies":[{"name":"wp","href":"https:\/\/api.w.org\/{rel}","templated":true}]}}