{"id":14480,"date":"2024-08-29T12:45:13","date_gmt":"2024-08-29T12:45:13","guid":{"rendered":"https:\/\/Regalino-Shop.de\/?post_type=product&#038;p=14480"},"modified":"2025-09-16T11:07:07","modified_gmt":"2025-09-16T11:07:07","slug":"steckenpferd-pferdestall-by-astrup","status":"publish","type":"product","link":"https:\/\/Regalino-Shop.de\/?product=steckenpferd-pferdestall-by-astrup","title":{"rendered":"Steckenpferd *Pferdestall* by Astrup1"},"content":{"rendered":"<p>g<\/p>\n","protected":false},"excerpt":{"rendered":"<h3><\/h3>\n<h3>f\u00fcr 2 Steckenpferde<\/h3>\n<p>eine tolle Spielidee. By ASTRUP ist ein d\u00e4nischer Spielzeughersteller, bekannt f\u00fcr langlebiges und typisch nordisches Design.<\/p>\n<p>ein so toller Pferdestall, mit Fl\u00fcgelt\u00fcren, Futtertr\u00f6ge und Heuraufe an jeder Seite.. Aufh\u00e4nghaken seitlich, 2 kleine Tafeln zum Beschriften und 2 Aufstellh\u00fclsen &#8211; Pferde und weiteres Zubeh\u00f6r ist nicht enthalten, findet ihr ebenfalls im Shop<\/p>\n<ul>\n<li>St\u00e4rkt die F\u00e4higkeit des Kindes Empathie und F\u00fcrsorge aufzubauen<\/li>\n<li>regt die Fantasie\u00a0 an<\/li>\n<li>Altersempfehlung ab 3 Jahren<\/li>\n<\/ul>\n<p>&nbsp;<\/p>\n<ul>\n<li>Ma\u00dfe: 60 x 24,5 x 104 cm (L\u00e4nge inkl. 2 Futterkrippen: 84 cm)<\/li>\n<li>Farbe: wei\u00df, natur<\/li>\n<li>Material: Holz<span class=\"x94\"><br \/>\n<\/span><\/li>\n<\/ul>\n<p>Lieferumfang: 1 Stall wie oben beschrieben &#8211; zerlegt verpackt<\/p>\n","protected":false},"featured_media":14481,"template":"","meta":{"_et_pb_use_builder":"","_et_pb_old_content":"","_et_gb_content_width":""},"product_brand":[],"product_cat":[94,93],"product_tag":[823,1690,1689,1706,1705,1704,284],"class_list":{"0":"post-14480","1":"product","2":"type-product","3":"status-publish","4":"has-post-thumbnail","6":"product_cat-kinderzimmer-deko-im-scandi-breton-stil-regalino","7":"product_cat-spielzeug-kuscheltiere-mit-liebevollen-details-regalino","8":"product_tag-astrup","9":"product_tag-hobby-horsing","10":"product_tag-pferd","11":"product_tag-pferdestall","12":"product_tag-stall","13":"product_tag-steckenpferd","14":"product_tag-tiere","16":"first","17":"instock","18":"taxable","19":"shipping-taxable","20":"purchasable","21":"product-type-simple"},"yoast_head":"<!-- This site is optimized with the Yoast SEO plugin v27.5 - https:\/\/yoast.com\/product\/yoast-seo-wordpress\/ -->\n<title>Steckenpferd *Pferdestall* by Astrup1 - Regalino -Lively Style<\/title>\n<meta name=\"description\" content=\"das perfekte Zubeh\u00f6r f\u00fcr alle Hobby Horsing Fans! So ein toller Stall f\u00fcr 2 Steckenpferde - Holz - Ma\u00dfe: 60 x 24,5 x 104 cm (L\u00e4nge inkl. 2 Futterkrippen: 84 cm)\" \/>\n<meta name=\"robots\" content=\"index, follow, max-snippet:-1, max-image-preview:large, max-video-preview:-1\" \/>\n<link rel=\"canonical\" href=\"https:\/\/Regalino-Shop.de\/?product=steckenpferd-pferdestall-by-astrup\" \/>\n<meta property=\"og:locale\" content=\"de_DE\" \/>\n<meta property=\"og:type\" content=\"article\" \/>\n<meta property=\"og:title\" content=\"Steckenpferd *Pferdestall* by Astrup1 - Regalino -Lively Style\" \/>\n<meta property=\"og:description\" content=\"das perfekte Zubeh\u00f6r f\u00fcr alle Hobby Horsing Fans! So ein toller Stall f\u00fcr 2 Steckenpferde - Holz - Ma\u00dfe: 60 x 24,5 x 104 cm (L\u00e4nge inkl. 2 Futterkrippen: 84 cm)\" \/>\n<meta property=\"og:url\" content=\"https:\/\/Regalino-Shop.de\/?product=steckenpferd-pferdestall-by-astrup\" \/>\n<meta property=\"og:site_name\" content=\"Regalino -Lively Style\" \/>\n<meta property=\"article:modified_time\" content=\"2025-09-16T11:07:07+00:00\" \/>\n<meta property=\"og:image\" content=\"https:\/\/Regalino-Shop.de\/wp-content\/uploads\/2024\/08\/steckenpferd-hobby-horsing-Stall-Pferdestall-astrup.jpg\" \/>\n\t<meta property=\"og:image:width\" content=\"577\" \/>\n\t<meta property=\"og:image:height\" content=\"610\" \/>\n\t<meta property=\"og:image:type\" content=\"image\/jpeg\" \/>\n<meta name=\"twitter:card\" content=\"summary_large_image\" \/>\n<meta name=\"twitter:label1\" content=\"Gesch\u00e4tzte Lesezeit\" \/>\n\t<meta name=\"twitter:data1\" content=\"1\u00a0Minute\" \/>\n<script type=\"application\/ld+json\" class=\"yoast-schema-graph\">{\"@context\":\"https:\\\/\\\/schema.org\",\"@graph\":[{\"@type\":\"WebPage\",\"@id\":\"https:\\\/\\\/Regalino-Shop.de\\\/?product=steckenpferd-pferdestall-by-astrup\",\"url\":\"https:\\\/\\\/Regalino-Shop.de\\\/?product=steckenpferd-pferdestall-by-astrup\",\"name\":\"Steckenpferd *Pferdestall* by Astrup1 - Regalino -Lively Style\",\"isPartOf\":{\"@id\":\"https:\\\/\\\/Regalino-Shop.de\\\/#website\"},\"primaryImageOfPage\":{\"@id\":\"https:\\\/\\\/Regalino-Shop.de\\\/?product=steckenpferd-pferdestall-by-astrup#primaryimage\"},\"image\":{\"@id\":\"https:\\\/\\\/Regalino-Shop.de\\\/?product=steckenpferd-pferdestall-by-astrup#primaryimage\"},\"thumbnailUrl\":\"https:\\\/\\\/Regalino-Shop.de\\\/wp-content\\\/uploads\\\/2024\\\/08\\\/steckenpferd-hobby-horsing-Stall-Pferdestall-astrup.jpg\",\"datePublished\":\"2024-08-29T12:45:13+00:00\",\"dateModified\":\"2025-09-16T11:07:07+00:00\",\"description\":\"das perfekte Zubeh\u00f6r f\u00fcr alle Hobby Horsing Fans! So ein toller Stall f\u00fcr 2 Steckenpferde - Holz - Ma\u00dfe: 60 x 24,5 x 104 cm (L\u00e4nge inkl. 2 Futterkrippen: 84 cm)\",\"breadcrumb\":{\"@id\":\"https:\\\/\\\/Regalino-Shop.de\\\/?product=steckenpferd-pferdestall-by-astrup#breadcrumb\"},\"inLanguage\":\"de\",\"potentialAction\":[{\"@type\":\"ReadAction\",\"target\":[\"https:\\\/\\\/Regalino-Shop.de\\\/?product=steckenpferd-pferdestall-by-astrup\"]}]},{\"@type\":\"ImageObject\",\"inLanguage\":\"de\",\"@id\":\"https:\\\/\\\/Regalino-Shop.de\\\/?product=steckenpferd-pferdestall-by-astrup#primaryimage\",\"url\":\"https:\\\/\\\/Regalino-Shop.de\\\/wp-content\\\/uploads\\\/2024\\\/08\\\/steckenpferd-hobby-horsing-Stall-Pferdestall-astrup.jpg\",\"contentUrl\":\"https:\\\/\\\/Regalino-Shop.de\\\/wp-content\\\/uploads\\\/2024\\\/08\\\/steckenpferd-hobby-horsing-Stall-Pferdestall-astrup.jpg\",\"width\":577,\"height\":610},{\"@type\":\"BreadcrumbList\",\"@id\":\"https:\\\/\\\/Regalino-Shop.de\\\/?product=steckenpferd-pferdestall-by-astrup#breadcrumb\",\"itemListElement\":[{\"@type\":\"ListItem\",\"position\":1,\"name\":\"Startseite\",\"item\":\"https:\\\/\\\/Regalino-Shop.de\\\/\"},{\"@type\":\"ListItem\",\"position\":2,\"name\":\"Shop\",\"item\":\"https:\\\/\\\/Regalino-Shop.de\\\/?page_id=40\"},{\"@type\":\"ListItem\",\"position\":3,\"name\":\"Steckenpferd *Pferdestall* by Astrup1\"}]},{\"@type\":\"WebSite\",\"@id\":\"https:\\\/\\\/Regalino-Shop.de\\\/#website\",\"url\":\"https:\\\/\\\/Regalino-Shop.de\\\/\",\"name\":\"Regalino -Lively Style\",\"description\":\"gelebtes Zuhause\",\"potentialAction\":[{\"@type\":\"SearchAction\",\"target\":{\"@type\":\"EntryPoint\",\"urlTemplate\":\"https:\\\/\\\/Regalino-Shop.de\\\/?s={search_term_string}\"},\"query-input\":{\"@type\":\"PropertyValueSpecification\",\"valueRequired\":true,\"valueName\":\"search_term_string\"}}],\"inLanguage\":\"de\"}]}<\/script>\n<!-- \/ Yoast SEO plugin. -->","yoast_head_json":{"title":"Steckenpferd *Pferdestall* by Astrup1 - Regalino -Lively Style","description":"das perfekte Zubeh\u00f6r f\u00fcr alle Hobby Horsing Fans! So ein toller Stall f\u00fcr 2 Steckenpferde - Holz - Ma\u00dfe: 60 x 24,5 x 104 cm (L\u00e4nge inkl. 2 Futterkrippen: 84 cm)","robots":{"index":"index","follow":"follow","max-snippet":"max-snippet:-1","max-image-preview":"max-image-preview:large","max-video-preview":"max-video-preview:-1"},"canonical":"https:\/\/Regalino-Shop.de\/?product=steckenpferd-pferdestall-by-astrup","og_locale":"de_DE","og_type":"article","og_title":"Steckenpferd *Pferdestall* by Astrup1 - Regalino -Lively Style","og_description":"das perfekte Zubeh\u00f6r f\u00fcr alle Hobby Horsing Fans! So ein toller Stall f\u00fcr 2 Steckenpferde - Holz - Ma\u00dfe: 60 x 24,5 x 104 cm (L\u00e4nge inkl. 2 Futterkrippen: 84 cm)","og_url":"https:\/\/Regalino-Shop.de\/?product=steckenpferd-pferdestall-by-astrup","og_site_name":"Regalino -Lively Style","article_modified_time":"2025-09-16T11:07:07+00:00","og_image":[{"width":577,"height":610,"url":"https:\/\/Regalino-Shop.de\/wp-content\/uploads\/2024\/08\/steckenpferd-hobby-horsing-Stall-Pferdestall-astrup.jpg","type":"image\/jpeg"}],"twitter_card":"summary_large_image","twitter_misc":{"Gesch\u00e4tzte Lesezeit":"1\u00a0Minute"},"schema":{"@context":"https:\/\/schema.org","@graph":[{"@type":"WebPage","@id":"https:\/\/Regalino-Shop.de\/?product=steckenpferd-pferdestall-by-astrup","url":"https:\/\/Regalino-Shop.de\/?product=steckenpferd-pferdestall-by-astrup","name":"Steckenpferd *Pferdestall* by Astrup1 - Regalino -Lively Style","isPartOf":{"@id":"https:\/\/Regalino-Shop.de\/#website"},"primaryImageOfPage":{"@id":"https:\/\/Regalino-Shop.de\/?product=steckenpferd-pferdestall-by-astrup#primaryimage"},"image":{"@id":"https:\/\/Regalino-Shop.de\/?product=steckenpferd-pferdestall-by-astrup#primaryimage"},"thumbnailUrl":"https:\/\/Regalino-Shop.de\/wp-content\/uploads\/2024\/08\/steckenpferd-hobby-horsing-Stall-Pferdestall-astrup.jpg","datePublished":"2024-08-29T12:45:13+00:00","dateModified":"2025-09-16T11:07:07+00:00","description":"das perfekte Zubeh\u00f6r f\u00fcr alle Hobby Horsing Fans! So ein toller Stall f\u00fcr 2 Steckenpferde - Holz - Ma\u00dfe: 60 x 24,5 x 104 cm (L\u00e4nge inkl. 2 Futterkrippen: 84 cm)","breadcrumb":{"@id":"https:\/\/Regalino-Shop.de\/?product=steckenpferd-pferdestall-by-astrup#breadcrumb"},"inLanguage":"de","potentialAction":[{"@type":"ReadAction","target":["https:\/\/Regalino-Shop.de\/?product=steckenpferd-pferdestall-by-astrup"]}]},{"@type":"ImageObject","inLanguage":"de","@id":"https:\/\/Regalino-Shop.de\/?product=steckenpferd-pferdestall-by-astrup#primaryimage","url":"https:\/\/Regalino-Shop.de\/wp-content\/uploads\/2024\/08\/steckenpferd-hobby-horsing-Stall-Pferdestall-astrup.jpg","contentUrl":"https:\/\/Regalino-Shop.de\/wp-content\/uploads\/2024\/08\/steckenpferd-hobby-horsing-Stall-Pferdestall-astrup.jpg","width":577,"height":610},{"@type":"BreadcrumbList","@id":"https:\/\/Regalino-Shop.de\/?product=steckenpferd-pferdestall-by-astrup#breadcrumb","itemListElement":[{"@type":"ListItem","position":1,"name":"Startseite","item":"https:\/\/Regalino-Shop.de\/"},{"@type":"ListItem","position":2,"name":"Shop","item":"https:\/\/Regalino-Shop.de\/?page_id=40"},{"@type":"ListItem","position":3,"name":"Steckenpferd *Pferdestall* by Astrup1"}]},{"@type":"WebSite","@id":"https:\/\/Regalino-Shop.de\/#website","url":"https:\/\/Regalino-Shop.de\/","name":"Regalino -Lively Style","description":"gelebtes Zuhause","potentialAction":[{"@type":"SearchAction","target":{"@type":"EntryPoint","urlTemplate":"https:\/\/Regalino-Shop.de\/?s={search_term_string}"},"query-input":{"@type":"PropertyValueSpecification","valueRequired":true,"valueName":"search_term_string"}}],"inLanguage":"de"}]}},"_links":{"self":[{"href":"https:\/\/Regalino-Shop.de\/index.php?rest_route=\/wp\/v2\/product\/14480","targetHints":{"allow":["GET"]}}],"collection":[{"href":"https:\/\/Regalino-Shop.de\/index.php?rest_route=\/wp\/v2\/product"}],"about":[{"href":"https:\/\/Regalino-Shop.de\/index.php?rest_route=\/wp\/v2\/types\/product"}],"wp:featuredmedia":[{"embeddable":true,"href":"https:\/\/Regalino-Shop.de\/index.php?rest_route=\/wp\/v2\/media\/14481"}],"wp:attachment":[{"href":"https:\/\/Regalino-Shop.de\/index.php?rest_route=%2Fwp%2Fv2%2Fmedia&parent=14480"}],"wp:term":[{"taxonomy":"product_brand","embeddable":true,"href":"https:\/\/Regalino-Shop.de\/index.php?rest_route=%2Fwp%2Fv2%2Fproduct_brand&post=14480"},{"taxonomy":"product_cat","embeddable":true,"href":"https:\/\/Regalino-Shop.de\/index.php?rest_route=%2Fwp%2Fv2%2Fproduct_cat&post=14480"},{"taxonomy":"product_tag","embeddable":true,"href":"https:\/\/Regalino-Shop.de\/index.php?rest_route=%2Fwp%2Fv2%2Fproduct_tag&post=14480"}],"curies":[{"name":"wp","href":"https:\/\/api.w.org\/{rel}","templated":true}]}}