{"id":15082,"date":"2024-11-14T14:24:18","date_gmt":"2024-11-14T14:24:18","guid":{"rendered":"https:\/\/Regalino-Shop.de\/?post_type=product&#038;p=15082"},"modified":"2026-02-24T14:42:01","modified_gmt":"2026-02-24T14:42:01","slug":"doppelwandiges-glas-herz-weiss-80-ml-von-bake-affair","status":"publish","type":"product","link":"https:\/\/Regalino-Shop.de\/?product=doppelwandiges-glas-herz-weiss-80-ml-von-bake-affair","title":{"rendered":"doppelwandiges Glas *Herz* wei\u00df 80 ml von Bake Affair"},"content":{"rendered":"","protected":false},"excerpt":{"rendered":"<div class=\"spacing__Spacer-sc-w504b2-0 gCtlJx\"><\/div>\n<h3 data-sanitized-data-mce-fragment=\"1\"><span class=\"Styles__Span-sc-4zz2i3-1 AccordionContainer__AccordionTextSpan-sc-10ikm52-3 fUEVZU jAkFaF\" data-test-id=\"accordion-text\">Thermoglas mit eingraviertem Herz &#8222;\u2661&#8220; <\/span><\/h3>\n<p data-sanitized-data-mce-fragment=\"1\"><span class=\"Styles__Span-sc-4zz2i3-1 AccordionContainer__AccordionTextSpan-sc-10ikm52-3 fUEVZU jAkFaF\" data-test-id=\"accordion-text\">Genie\u00dfe deinen Espresso im Glas. Das Herz-Thermoglas macht den morgendlichen Espresso zu etwas ganz Besonderem! Das h\u00fcbsche Thermoglas ist auch ideal als liebevolles Geschenk geeignet. <\/span><\/p>\n<ul>\n<li><strong>Material<\/strong>: Borosilikatglas mit Lasergravur<\/li>\n<li><strong>Fassungsverm\u00f6gen:<\/strong> 80 ml<\/li>\n<li><strong>Pflegehinweis<\/strong>: sp\u00fclmaschinenfest, k\u00e4lte-und hitzebest\u00e4ndig<\/li>\n<\/ul>\n<p data-sanitized-data-mce-fragment=\"1\">Deko nicht im Lieferumfang enthalten<\/p>\n","protected":false},"featured_media":15083,"template":"","meta":{"_et_pb_use_builder":"","_et_pb_old_content":"","_et_gb_content_width":""},"product_brand":[],"product_cat":[76],"product_tag":[1545,785,210,890,1543,1546,1544,889],"class_list":{"0":"post-15082","1":"product","2":"type-product","3":"status-publish","4":"has-post-thumbnail","6":"product_cat-geschirr-fuer-stilvolle-genussmomente-regalino","7":"product_tag-doppelwandiges-glas","8":"product_tag-espresso","9":"product_tag-eulenschnitt","10":"product_tag-glas","11":"product_tag-latte-macchiato","12":"product_tag-punschglas","13":"product_tag-thermoglas","14":"product_tag-trinkglas","16":"first","17":"instock","18":"taxable","19":"shipping-taxable","20":"purchasable","21":"product-type-simple"},"yoast_head":"<!-- This site is optimized with the Yoast SEO plugin v27.3 - https:\/\/yoast.com\/product\/yoast-seo-wordpress\/ -->\n<title>doppelwandiges Glas *Herz* wei\u00df 80 ml von Bake Affair - Regalino -Lively Style<\/title>\n<meta name=\"description\" content=\"Genie\u00dfe deinen Espresso im Glas. Das Herz-Thermoglas macht den morgendlichen Kaffee oder Tee zu etwas ganz Besonderem!\" \/>\n<meta name=\"robots\" content=\"index, follow, max-snippet:-1, max-image-preview:large, max-video-preview:-1\" \/>\n<link rel=\"canonical\" href=\"https:\/\/Regalino-Shop.de\/?product=doppelwandiges-glas-herz-weiss-80-ml-von-bake-affair\" \/>\n<meta property=\"og:locale\" content=\"de_DE\" \/>\n<meta property=\"og:type\" content=\"article\" \/>\n<meta property=\"og:title\" content=\"doppelwandiges Glas *Herz* wei\u00df 80 ml von Bake Affair - Regalino -Lively Style\" \/>\n<meta property=\"og:description\" content=\"Genie\u00dfe deinen Espresso im Glas. Das Herz-Thermoglas macht den morgendlichen Kaffee oder Tee zu etwas ganz Besonderem!\" \/>\n<meta property=\"og:url\" content=\"https:\/\/Regalino-Shop.de\/?product=doppelwandiges-glas-herz-weiss-80-ml-von-bake-affair\" \/>\n<meta property=\"og:site_name\" content=\"Regalino -Lively Style\" \/>\n<meta property=\"article:modified_time\" content=\"2026-02-24T14:42:01+00:00\" \/>\n<meta property=\"og:image\" content=\"https:\/\/Regalino-Shop.de\/wp-content\/uploads\/2024\/11\/doppelwandiges-Glas-herz-espresso.jpg\" \/>\n\t<meta property=\"og:image:width\" content=\"327\" \/>\n\t<meta property=\"og:image:height\" content=\"323\" \/>\n\t<meta property=\"og:image:type\" content=\"image\/jpeg\" \/>\n<meta name=\"twitter:card\" content=\"summary_large_image\" \/>\n<meta name=\"twitter:label1\" content=\"Gesch\u00e4tzte Lesezeit\" \/>\n\t<meta name=\"twitter:data1\" content=\"1\u00a0Minute\" \/>\n<script type=\"application\/ld+json\" class=\"yoast-schema-graph\">{\"@context\":\"https:\\\/\\\/schema.org\",\"@graph\":[{\"@type\":\"WebPage\",\"@id\":\"https:\\\/\\\/Regalino-Shop.de\\\/?product=doppelwandiges-glas-herz-weiss-80-ml-von-bake-affair\",\"url\":\"https:\\\/\\\/Regalino-Shop.de\\\/?product=doppelwandiges-glas-herz-weiss-80-ml-von-bake-affair\",\"name\":\"doppelwandiges Glas *Herz* wei\u00df 80 ml von Bake Affair - Regalino -Lively Style\",\"isPartOf\":{\"@id\":\"https:\\\/\\\/Regalino-Shop.de\\\/#website\"},\"primaryImageOfPage\":{\"@id\":\"https:\\\/\\\/Regalino-Shop.de\\\/?product=doppelwandiges-glas-herz-weiss-80-ml-von-bake-affair#primaryimage\"},\"image\":{\"@id\":\"https:\\\/\\\/Regalino-Shop.de\\\/?product=doppelwandiges-glas-herz-weiss-80-ml-von-bake-affair#primaryimage\"},\"thumbnailUrl\":\"https:\\\/\\\/Regalino-Shop.de\\\/wp-content\\\/uploads\\\/2024\\\/11\\\/doppelwandiges-Glas-herz-espresso.jpg\",\"datePublished\":\"2024-11-14T14:24:18+00:00\",\"dateModified\":\"2026-02-24T14:42:01+00:00\",\"description\":\"Genie\u00dfe deinen Espresso im Glas. Das Herz-Thermoglas macht den morgendlichen Kaffee oder Tee zu etwas ganz Besonderem!\",\"breadcrumb\":{\"@id\":\"https:\\\/\\\/Regalino-Shop.de\\\/?product=doppelwandiges-glas-herz-weiss-80-ml-von-bake-affair#breadcrumb\"},\"inLanguage\":\"de\",\"potentialAction\":[{\"@type\":\"ReadAction\",\"target\":[\"https:\\\/\\\/Regalino-Shop.de\\\/?product=doppelwandiges-glas-herz-weiss-80-ml-von-bake-affair\"]}]},{\"@type\":\"ImageObject\",\"inLanguage\":\"de\",\"@id\":\"https:\\\/\\\/Regalino-Shop.de\\\/?product=doppelwandiges-glas-herz-weiss-80-ml-von-bake-affair#primaryimage\",\"url\":\"https:\\\/\\\/Regalino-Shop.de\\\/wp-content\\\/uploads\\\/2024\\\/11\\\/doppelwandiges-Glas-herz-espresso.jpg\",\"contentUrl\":\"https:\\\/\\\/Regalino-Shop.de\\\/wp-content\\\/uploads\\\/2024\\\/11\\\/doppelwandiges-Glas-herz-espresso.jpg\",\"width\":327,\"height\":323,\"caption\":\"Espresso\"},{\"@type\":\"BreadcrumbList\",\"@id\":\"https:\\\/\\\/Regalino-Shop.de\\\/?product=doppelwandiges-glas-herz-weiss-80-ml-von-bake-affair#breadcrumb\",\"itemListElement\":[{\"@type\":\"ListItem\",\"position\":1,\"name\":\"Startseite\",\"item\":\"https:\\\/\\\/Regalino-Shop.de\\\/\"},{\"@type\":\"ListItem\",\"position\":2,\"name\":\"Shop\",\"item\":\"https:\\\/\\\/Regalino-Shop.de\\\/?page_id=40\"},{\"@type\":\"ListItem\",\"position\":3,\"name\":\"doppelwandiges Glas *Herz* wei\u00df 80 ml von Bake Affair\"}]},{\"@type\":\"WebSite\",\"@id\":\"https:\\\/\\\/Regalino-Shop.de\\\/#website\",\"url\":\"https:\\\/\\\/Regalino-Shop.de\\\/\",\"name\":\"Regalino -Lively Style\",\"description\":\"gelebtes Zuhause\",\"potentialAction\":[{\"@type\":\"SearchAction\",\"target\":{\"@type\":\"EntryPoint\",\"urlTemplate\":\"https:\\\/\\\/Regalino-Shop.de\\\/?s={search_term_string}\"},\"query-input\":{\"@type\":\"PropertyValueSpecification\",\"valueRequired\":true,\"valueName\":\"search_term_string\"}}],\"inLanguage\":\"de\"}]}<\/script>\n<!-- \/ Yoast SEO plugin. -->","yoast_head_json":{"title":"doppelwandiges Glas *Herz* wei\u00df 80 ml von Bake Affair - Regalino -Lively Style","description":"Genie\u00dfe deinen Espresso im Glas. Das Herz-Thermoglas macht den morgendlichen Kaffee oder Tee zu etwas ganz Besonderem!","robots":{"index":"index","follow":"follow","max-snippet":"max-snippet:-1","max-image-preview":"max-image-preview:large","max-video-preview":"max-video-preview:-1"},"canonical":"https:\/\/Regalino-Shop.de\/?product=doppelwandiges-glas-herz-weiss-80-ml-von-bake-affair","og_locale":"de_DE","og_type":"article","og_title":"doppelwandiges Glas *Herz* wei\u00df 80 ml von Bake Affair - Regalino -Lively Style","og_description":"Genie\u00dfe deinen Espresso im Glas. Das Herz-Thermoglas macht den morgendlichen Kaffee oder Tee zu etwas ganz Besonderem!","og_url":"https:\/\/Regalino-Shop.de\/?product=doppelwandiges-glas-herz-weiss-80-ml-von-bake-affair","og_site_name":"Regalino -Lively Style","article_modified_time":"2026-02-24T14:42:01+00:00","og_image":[{"width":327,"height":323,"url":"https:\/\/Regalino-Shop.de\/wp-content\/uploads\/2024\/11\/doppelwandiges-Glas-herz-espresso.jpg","type":"image\/jpeg"}],"twitter_card":"summary_large_image","twitter_misc":{"Gesch\u00e4tzte Lesezeit":"1\u00a0Minute"},"schema":{"@context":"https:\/\/schema.org","@graph":[{"@type":"WebPage","@id":"https:\/\/Regalino-Shop.de\/?product=doppelwandiges-glas-herz-weiss-80-ml-von-bake-affair","url":"https:\/\/Regalino-Shop.de\/?product=doppelwandiges-glas-herz-weiss-80-ml-von-bake-affair","name":"doppelwandiges Glas *Herz* wei\u00df 80 ml von Bake Affair - Regalino -Lively Style","isPartOf":{"@id":"https:\/\/Regalino-Shop.de\/#website"},"primaryImageOfPage":{"@id":"https:\/\/Regalino-Shop.de\/?product=doppelwandiges-glas-herz-weiss-80-ml-von-bake-affair#primaryimage"},"image":{"@id":"https:\/\/Regalino-Shop.de\/?product=doppelwandiges-glas-herz-weiss-80-ml-von-bake-affair#primaryimage"},"thumbnailUrl":"https:\/\/Regalino-Shop.de\/wp-content\/uploads\/2024\/11\/doppelwandiges-Glas-herz-espresso.jpg","datePublished":"2024-11-14T14:24:18+00:00","dateModified":"2026-02-24T14:42:01+00:00","description":"Genie\u00dfe deinen Espresso im Glas. Das Herz-Thermoglas macht den morgendlichen Kaffee oder Tee zu etwas ganz Besonderem!","breadcrumb":{"@id":"https:\/\/Regalino-Shop.de\/?product=doppelwandiges-glas-herz-weiss-80-ml-von-bake-affair#breadcrumb"},"inLanguage":"de","potentialAction":[{"@type":"ReadAction","target":["https:\/\/Regalino-Shop.de\/?product=doppelwandiges-glas-herz-weiss-80-ml-von-bake-affair"]}]},{"@type":"ImageObject","inLanguage":"de","@id":"https:\/\/Regalino-Shop.de\/?product=doppelwandiges-glas-herz-weiss-80-ml-von-bake-affair#primaryimage","url":"https:\/\/Regalino-Shop.de\/wp-content\/uploads\/2024\/11\/doppelwandiges-Glas-herz-espresso.jpg","contentUrl":"https:\/\/Regalino-Shop.de\/wp-content\/uploads\/2024\/11\/doppelwandiges-Glas-herz-espresso.jpg","width":327,"height":323,"caption":"Espresso"},{"@type":"BreadcrumbList","@id":"https:\/\/Regalino-Shop.de\/?product=doppelwandiges-glas-herz-weiss-80-ml-von-bake-affair#breadcrumb","itemListElement":[{"@type":"ListItem","position":1,"name":"Startseite","item":"https:\/\/Regalino-Shop.de\/"},{"@type":"ListItem","position":2,"name":"Shop","item":"https:\/\/Regalino-Shop.de\/?page_id=40"},{"@type":"ListItem","position":3,"name":"doppelwandiges Glas *Herz* wei\u00df 80 ml von Bake Affair"}]},{"@type":"WebSite","@id":"https:\/\/Regalino-Shop.de\/#website","url":"https:\/\/Regalino-Shop.de\/","name":"Regalino -Lively Style","description":"gelebtes Zuhause","potentialAction":[{"@type":"SearchAction","target":{"@type":"EntryPoint","urlTemplate":"https:\/\/Regalino-Shop.de\/?s={search_term_string}"},"query-input":{"@type":"PropertyValueSpecification","valueRequired":true,"valueName":"search_term_string"}}],"inLanguage":"de"}]}},"_links":{"self":[{"href":"https:\/\/Regalino-Shop.de\/index.php?rest_route=\/wp\/v2\/product\/15082","targetHints":{"allow":["GET"]}}],"collection":[{"href":"https:\/\/Regalino-Shop.de\/index.php?rest_route=\/wp\/v2\/product"}],"about":[{"href":"https:\/\/Regalino-Shop.de\/index.php?rest_route=\/wp\/v2\/types\/product"}],"wp:featuredmedia":[{"embeddable":true,"href":"https:\/\/Regalino-Shop.de\/index.php?rest_route=\/wp\/v2\/media\/15083"}],"wp:attachment":[{"href":"https:\/\/Regalino-Shop.de\/index.php?rest_route=%2Fwp%2Fv2%2Fmedia&parent=15082"}],"wp:term":[{"taxonomy":"product_brand","embeddable":true,"href":"https:\/\/Regalino-Shop.de\/index.php?rest_route=%2Fwp%2Fv2%2Fproduct_brand&post=15082"},{"taxonomy":"product_cat","embeddable":true,"href":"https:\/\/Regalino-Shop.de\/index.php?rest_route=%2Fwp%2Fv2%2Fproduct_cat&post=15082"},{"taxonomy":"product_tag","embeddable":true,"href":"https:\/\/Regalino-Shop.de\/index.php?rest_route=%2Fwp%2Fv2%2Fproduct_tag&post=15082"}],"curies":[{"name":"wp","href":"https:\/\/api.w.org\/{rel}","templated":true}]}}