{"id":15093,"date":"2024-11-15T11:51:31","date_gmt":"2024-11-15T11:51:31","guid":{"rendered":"https:\/\/Regalino-Shop.de\/?post_type=product&#038;p=15093"},"modified":"2025-09-18T11:51:01","modified_gmt":"2025-09-18T11:51:01","slug":"streichholz-tube-solstickan-schweden-schwarz","status":"publish","type":"product","link":"https:\/\/Regalino-Shop.de\/?product=streichholz-tube-solstickan-schweden-schwarz","title":{"rendered":"Streichholz Tube *Solstickan Schweden* schwarz"},"content":{"rendered":"","protected":false},"excerpt":{"rendered":"<h3>aus Blech mit Darstellung des klassischen Solsticke Boy,<\/h3>\n<p>der 1936 von Einar Nerman entworfen wurde. Die Tube enth\u00e4lt etwa 100 St\u00fcck extra lange Streichh\u00f6lzer von schwedischer Qualit\u00e4t, die in Tidaholm aus Espen aus schwedischen W\u00e4ldern hergestellt werden.<br \/>\nDie Streichholzschachtel hat an der Unterseite eine runde, austauschbare Platte.<\/p>\n<ul>\n<li>Farbe: schwarz<\/li>\n<li>ca 100 Streichh\u00f6lzer<\/li>\n<li>Ma\u00dfe: ca 9,8 cm H\u00f6he x 5,3 cm Durchmesser<\/li>\n<li>Material Tube: Blech<\/li>\n<\/ul>\n<p>Lieferung ohne Dekoration<\/p>\n","protected":false},"featured_media":15094,"template":"","meta":{"_et_pb_use_builder":"","_et_pb_old_content":"","_et_gb_content_width":""},"product_brand":[],"product_cat":[64],"product_tag":[1665,858,1467,1759,1758,1572,963,1756],"class_list":{"0":"post-15093","1":"product","2":"type-product","3":"status-publish","4":"has-post-thumbnail","6":"product_cat-besondere-deko-im-nordischen-stil-maritime-akzente-regalino","7":"product_tag-boot","8":"product_tag-camper","9":"product_tag-einzug","10":"product_tag-feuerloescher","11":"product_tag-haus","12":"product_tag-kamin","13":"product_tag-streichhoelzer","14":"product_tag-wohnwagen","16":"first","17":"instock","18":"taxable","19":"shipping-taxable","20":"purchasable","21":"product-type-simple"},"yoast_head":"<!-- This site is optimized with the Yoast SEO plugin v27.5 - https:\/\/yoast.com\/product\/yoast-seo-wordpress\/ -->\n<title>Streichholz Tube *Solstickan Schweden* schwarz - Regalino -Lively Style<\/title>\n<meta name=\"description\" content=\"aus Blech mit Darstellung des klassischen Solsticke Boy,der 1936 von Einar Nerman entworfen wurde. Die Tube enth\u00e4lt etwa 100 St\u00fcck extra lange Streichh\u00f6lzer von schwedischer Qualit\u00e4t, die in Tidaholm aus Espen aus schwedischen W\u00e4ldern hergestellt werden.\" \/>\n<meta name=\"robots\" content=\"index, follow, max-snippet:-1, max-image-preview:large, max-video-preview:-1\" \/>\n<link rel=\"canonical\" href=\"https:\/\/Regalino-Shop.de\/?product=streichholz-tube-solstickan-schweden-schwarz\" \/>\n<meta property=\"og:locale\" content=\"de_DE\" \/>\n<meta property=\"og:type\" content=\"article\" \/>\n<meta property=\"og:title\" content=\"Streichholz Tube *Solstickan Schweden* schwarz - Regalino -Lively Style\" \/>\n<meta property=\"og:description\" content=\"aus Blech mit Darstellung des klassischen Solsticke Boy,der 1936 von Einar Nerman entworfen wurde. Die Tube enth\u00e4lt etwa 100 St\u00fcck extra lange Streichh\u00f6lzer von schwedischer Qualit\u00e4t, die in Tidaholm aus Espen aus schwedischen W\u00e4ldern hergestellt werden.\" \/>\n<meta property=\"og:url\" content=\"https:\/\/Regalino-Shop.de\/?product=streichholz-tube-solstickan-schweden-schwarz\" \/>\n<meta property=\"og:site_name\" content=\"Regalino -Lively Style\" \/>\n<meta property=\"article:modified_time\" content=\"2025-09-18T11:51:01+00:00\" \/>\n<meta property=\"og:image\" content=\"https:\/\/Regalino-Shop.de\/wp-content\/uploads\/2024\/11\/Streichhoelzer-Solstickan.jpg\" \/>\n\t<meta property=\"og:image:width\" content=\"552\" \/>\n\t<meta property=\"og:image:height\" content=\"592\" \/>\n\t<meta property=\"og:image:type\" content=\"image\/jpeg\" \/>\n<meta name=\"twitter:card\" content=\"summary_large_image\" \/>\n<meta name=\"twitter:label1\" content=\"Gesch\u00e4tzte Lesezeit\" \/>\n\t<meta name=\"twitter:data1\" content=\"1\u00a0Minute\" \/>\n<script type=\"application\/ld+json\" class=\"yoast-schema-graph\">{\"@context\":\"https:\\\/\\\/schema.org\",\"@graph\":[{\"@type\":\"WebPage\",\"@id\":\"https:\\\/\\\/Regalino-Shop.de\\\/?product=streichholz-tube-solstickan-schweden-schwarz\",\"url\":\"https:\\\/\\\/Regalino-Shop.de\\\/?product=streichholz-tube-solstickan-schweden-schwarz\",\"name\":\"Streichholz Tube *Solstickan Schweden* schwarz - Regalino -Lively Style\",\"isPartOf\":{\"@id\":\"https:\\\/\\\/Regalino-Shop.de\\\/#website\"},\"primaryImageOfPage\":{\"@id\":\"https:\\\/\\\/Regalino-Shop.de\\\/?product=streichholz-tube-solstickan-schweden-schwarz#primaryimage\"},\"image\":{\"@id\":\"https:\\\/\\\/Regalino-Shop.de\\\/?product=streichholz-tube-solstickan-schweden-schwarz#primaryimage\"},\"thumbnailUrl\":\"https:\\\/\\\/Regalino-Shop.de\\\/wp-content\\\/uploads\\\/2024\\\/11\\\/Streichhoelzer-Solstickan.jpg\",\"datePublished\":\"2024-11-15T11:51:31+00:00\",\"dateModified\":\"2025-09-18T11:51:01+00:00\",\"description\":\"aus Blech mit Darstellung des klassischen Solsticke Boy,der 1936 von Einar Nerman entworfen wurde. Die Tube enth\u00e4lt etwa 100 St\u00fcck extra lange Streichh\u00f6lzer von schwedischer Qualit\u00e4t, die in Tidaholm aus Espen aus schwedischen W\u00e4ldern hergestellt werden.\",\"breadcrumb\":{\"@id\":\"https:\\\/\\\/Regalino-Shop.de\\\/?product=streichholz-tube-solstickan-schweden-schwarz#breadcrumb\"},\"inLanguage\":\"de\",\"potentialAction\":[{\"@type\":\"ReadAction\",\"target\":[\"https:\\\/\\\/Regalino-Shop.de\\\/?product=streichholz-tube-solstickan-schweden-schwarz\"]}]},{\"@type\":\"ImageObject\",\"inLanguage\":\"de\",\"@id\":\"https:\\\/\\\/Regalino-Shop.de\\\/?product=streichholz-tube-solstickan-schweden-schwarz#primaryimage\",\"url\":\"https:\\\/\\\/Regalino-Shop.de\\\/wp-content\\\/uploads\\\/2024\\\/11\\\/Streichhoelzer-Solstickan.jpg\",\"contentUrl\":\"https:\\\/\\\/Regalino-Shop.de\\\/wp-content\\\/uploads\\\/2024\\\/11\\\/Streichhoelzer-Solstickan.jpg\",\"width\":552,\"height\":592,\"caption\":\"solstickan-streichh\u00f6lzer\"},{\"@type\":\"BreadcrumbList\",\"@id\":\"https:\\\/\\\/Regalino-Shop.de\\\/?product=streichholz-tube-solstickan-schweden-schwarz#breadcrumb\",\"itemListElement\":[{\"@type\":\"ListItem\",\"position\":1,\"name\":\"Startseite\",\"item\":\"https:\\\/\\\/Regalino-Shop.de\\\/\"},{\"@type\":\"ListItem\",\"position\":2,\"name\":\"Shop\",\"item\":\"https:\\\/\\\/Regalino-Shop.de\\\/?page_id=40\"},{\"@type\":\"ListItem\",\"position\":3,\"name\":\"Streichholz Tube *Solstickan Schweden* schwarz\"}]},{\"@type\":\"WebSite\",\"@id\":\"https:\\\/\\\/Regalino-Shop.de\\\/#website\",\"url\":\"https:\\\/\\\/Regalino-Shop.de\\\/\",\"name\":\"Regalino -Lively Style\",\"description\":\"gelebtes Zuhause\",\"potentialAction\":[{\"@type\":\"SearchAction\",\"target\":{\"@type\":\"EntryPoint\",\"urlTemplate\":\"https:\\\/\\\/Regalino-Shop.de\\\/?s={search_term_string}\"},\"query-input\":{\"@type\":\"PropertyValueSpecification\",\"valueRequired\":true,\"valueName\":\"search_term_string\"}}],\"inLanguage\":\"de\"}]}<\/script>\n<!-- \/ Yoast SEO plugin. -->","yoast_head_json":{"title":"Streichholz Tube *Solstickan Schweden* schwarz - Regalino -Lively Style","description":"aus Blech mit Darstellung des klassischen Solsticke Boy,der 1936 von Einar Nerman entworfen wurde. Die Tube enth\u00e4lt etwa 100 St\u00fcck extra lange Streichh\u00f6lzer von schwedischer Qualit\u00e4t, die in Tidaholm aus Espen aus schwedischen W\u00e4ldern hergestellt werden.","robots":{"index":"index","follow":"follow","max-snippet":"max-snippet:-1","max-image-preview":"max-image-preview:large","max-video-preview":"max-video-preview:-1"},"canonical":"https:\/\/Regalino-Shop.de\/?product=streichholz-tube-solstickan-schweden-schwarz","og_locale":"de_DE","og_type":"article","og_title":"Streichholz Tube *Solstickan Schweden* schwarz - Regalino -Lively Style","og_description":"aus Blech mit Darstellung des klassischen Solsticke Boy,der 1936 von Einar Nerman entworfen wurde. Die Tube enth\u00e4lt etwa 100 St\u00fcck extra lange Streichh\u00f6lzer von schwedischer Qualit\u00e4t, die in Tidaholm aus Espen aus schwedischen W\u00e4ldern hergestellt werden.","og_url":"https:\/\/Regalino-Shop.de\/?product=streichholz-tube-solstickan-schweden-schwarz","og_site_name":"Regalino -Lively Style","article_modified_time":"2025-09-18T11:51:01+00:00","og_image":[{"width":552,"height":592,"url":"https:\/\/Regalino-Shop.de\/wp-content\/uploads\/2024\/11\/Streichhoelzer-Solstickan.jpg","type":"image\/jpeg"}],"twitter_card":"summary_large_image","twitter_misc":{"Gesch\u00e4tzte Lesezeit":"1\u00a0Minute"},"schema":{"@context":"https:\/\/schema.org","@graph":[{"@type":"WebPage","@id":"https:\/\/Regalino-Shop.de\/?product=streichholz-tube-solstickan-schweden-schwarz","url":"https:\/\/Regalino-Shop.de\/?product=streichholz-tube-solstickan-schweden-schwarz","name":"Streichholz Tube *Solstickan Schweden* schwarz - Regalino -Lively Style","isPartOf":{"@id":"https:\/\/Regalino-Shop.de\/#website"},"primaryImageOfPage":{"@id":"https:\/\/Regalino-Shop.de\/?product=streichholz-tube-solstickan-schweden-schwarz#primaryimage"},"image":{"@id":"https:\/\/Regalino-Shop.de\/?product=streichholz-tube-solstickan-schweden-schwarz#primaryimage"},"thumbnailUrl":"https:\/\/Regalino-Shop.de\/wp-content\/uploads\/2024\/11\/Streichhoelzer-Solstickan.jpg","datePublished":"2024-11-15T11:51:31+00:00","dateModified":"2025-09-18T11:51:01+00:00","description":"aus Blech mit Darstellung des klassischen Solsticke Boy,der 1936 von Einar Nerman entworfen wurde. Die Tube enth\u00e4lt etwa 100 St\u00fcck extra lange Streichh\u00f6lzer von schwedischer Qualit\u00e4t, die in Tidaholm aus Espen aus schwedischen W\u00e4ldern hergestellt werden.","breadcrumb":{"@id":"https:\/\/Regalino-Shop.de\/?product=streichholz-tube-solstickan-schweden-schwarz#breadcrumb"},"inLanguage":"de","potentialAction":[{"@type":"ReadAction","target":["https:\/\/Regalino-Shop.de\/?product=streichholz-tube-solstickan-schweden-schwarz"]}]},{"@type":"ImageObject","inLanguage":"de","@id":"https:\/\/Regalino-Shop.de\/?product=streichholz-tube-solstickan-schweden-schwarz#primaryimage","url":"https:\/\/Regalino-Shop.de\/wp-content\/uploads\/2024\/11\/Streichhoelzer-Solstickan.jpg","contentUrl":"https:\/\/Regalino-Shop.de\/wp-content\/uploads\/2024\/11\/Streichhoelzer-Solstickan.jpg","width":552,"height":592,"caption":"solstickan-streichh\u00f6lzer"},{"@type":"BreadcrumbList","@id":"https:\/\/Regalino-Shop.de\/?product=streichholz-tube-solstickan-schweden-schwarz#breadcrumb","itemListElement":[{"@type":"ListItem","position":1,"name":"Startseite","item":"https:\/\/Regalino-Shop.de\/"},{"@type":"ListItem","position":2,"name":"Shop","item":"https:\/\/Regalino-Shop.de\/?page_id=40"},{"@type":"ListItem","position":3,"name":"Streichholz Tube *Solstickan Schweden* schwarz"}]},{"@type":"WebSite","@id":"https:\/\/Regalino-Shop.de\/#website","url":"https:\/\/Regalino-Shop.de\/","name":"Regalino -Lively Style","description":"gelebtes Zuhause","potentialAction":[{"@type":"SearchAction","target":{"@type":"EntryPoint","urlTemplate":"https:\/\/Regalino-Shop.de\/?s={search_term_string}"},"query-input":{"@type":"PropertyValueSpecification","valueRequired":true,"valueName":"search_term_string"}}],"inLanguage":"de"}]}},"_links":{"self":[{"href":"https:\/\/Regalino-Shop.de\/index.php?rest_route=\/wp\/v2\/product\/15093","targetHints":{"allow":["GET"]}}],"collection":[{"href":"https:\/\/Regalino-Shop.de\/index.php?rest_route=\/wp\/v2\/product"}],"about":[{"href":"https:\/\/Regalino-Shop.de\/index.php?rest_route=\/wp\/v2\/types\/product"}],"wp:featuredmedia":[{"embeddable":true,"href":"https:\/\/Regalino-Shop.de\/index.php?rest_route=\/wp\/v2\/media\/15094"}],"wp:attachment":[{"href":"https:\/\/Regalino-Shop.de\/index.php?rest_route=%2Fwp%2Fv2%2Fmedia&parent=15093"}],"wp:term":[{"taxonomy":"product_brand","embeddable":true,"href":"https:\/\/Regalino-Shop.de\/index.php?rest_route=%2Fwp%2Fv2%2Fproduct_brand&post=15093"},{"taxonomy":"product_cat","embeddable":true,"href":"https:\/\/Regalino-Shop.de\/index.php?rest_route=%2Fwp%2Fv2%2Fproduct_cat&post=15093"},{"taxonomy":"product_tag","embeddable":true,"href":"https:\/\/Regalino-Shop.de\/index.php?rest_route=%2Fwp%2Fv2%2Fproduct_tag&post=15093"}],"curies":[{"name":"wp","href":"https:\/\/api.w.org\/{rel}","templated":true}]}}