{"id":15175,"date":"2024-11-22T17:40:48","date_gmt":"2024-11-22T17:40:48","guid":{"rendered":"https:\/\/Regalino-Shop.de\/?post_type=product&#038;p=15175"},"modified":"2026-04-22T12:52:50","modified_gmt":"2026-04-22T12:52:50","slug":"thermobecher-bioloco-office-take-a-sip","status":"publish","type":"product","link":"https:\/\/Regalino-Shop.de\/?product=thermobecher-bioloco-office-take-a-sip","title":{"rendered":"Thermobecher bioloco *explorer* lake"},"content":{"rendered":"","protected":false},"excerpt":{"rendered":"<h3>perfekte Wahl f\u00fcr Abenteuerlustige und Naturliebhaber<\/h3>\n<ul>\n<li>Robustes Edelstahl-Design: Langlebig und leicht, perfekt f\u00fcr jedes Abenteuer \u2013 vom Camping bis zum t\u00e4glichen Gebrauch.<\/li>\n<li>Praktischer Henkel: Der ergonomische Henkel sorgt f\u00fcr einen sicheren Halt.<\/li>\n<li>Deckel mit Trink\u00f6ffnung: Genie\u00dfen Sie Ihre Getr\u00e4nke bequem unterwegs \u2013 der Deckel bietet eine praktische Trink\u00f6ffnung.<\/li>\n<li>Fassungsverm\u00f6gen von 450 ml: Ideal f\u00fcr Kaffee, Tee oder kalte Erfrischungsgetr\u00e4nke \u2013 genau richtig f\u00fcr Ihren n\u00e4chsten Ausflug.<\/li>\n<li>H\u00e4lt Getr\u00e4nke lange warm oder kalt: Genie\u00dfen Sie hei\u00dfe Getr\u00e4nke bis zu 3 Stunden und kalte Getr\u00e4nke bis zu 10 Stunden \u2013 perfekt f\u00fcr lange Tage in der Natur.<\/li>\n<li>nicht sp\u00fclmaschinen- und mikrowellengeeignet<\/li>\n<\/ul>\n<p>&nbsp;<\/p>\n","protected":false},"featured_media":15178,"template":"","meta":{"_et_pb_use_builder":"","_et_pb_old_content":"","_et_gb_content_width":""},"product_brand":[],"product_cat":[3069,3067,82],"product_tag":[1771,288,704,394,697,1123,378,381],"class_list":{"0":"post-15175","1":"product","2":"type-product","3":"status-publish","4":"has-post-thumbnail","6":"product_cat-fuer-papa-opa","7":"product_cat-geschenkideen","8":"product_cat-unterwegs-picknick-praktische-lieblingsstuecke-regalino","9":"product_tag-coffee","10":"product_tag-geschenk","11":"product_tag-kaffee","12":"product_tag-maenner","13":"product_tag-maennergeschenk","14":"product_tag-thermobecher","15":"product_tag-thermoskanne","16":"product_tag-trinkflasche","18":"first","19":"instock","20":"taxable","21":"shipping-taxable","22":"purchasable","23":"product-type-simple"},"yoast_head":"<!-- This site is optimized with the Yoast SEO plugin v27.5 - https:\/\/yoast.com\/product\/yoast-seo-wordpress\/ -->\n<title>Thermobecher bioloco *explorer* lake - Regalino -Lively Style<\/title>\n<meta name=\"description\" content=\"Robustes Edelstahl-Design: Langlebig und leicht, perfekt f\u00fcr jedes Abenteuer \u2013 vom Camping bis zum t\u00e4glichen Gebrauch.\" \/>\n<meta name=\"robots\" content=\"index, follow, max-snippet:-1, max-image-preview:large, max-video-preview:-1\" \/>\n<link rel=\"canonical\" href=\"https:\/\/Regalino-Shop.de\/?product=thermobecher-bioloco-office-take-a-sip\" \/>\n<meta property=\"og:locale\" content=\"de_DE\" \/>\n<meta property=\"og:type\" content=\"article\" \/>\n<meta property=\"og:title\" content=\"Thermobecher bioloco *explorer* lake - Regalino -Lively Style\" \/>\n<meta property=\"og:description\" content=\"Robustes Edelstahl-Design: Langlebig und leicht, perfekt f\u00fcr jedes Abenteuer \u2013 vom Camping bis zum t\u00e4glichen Gebrauch.\" \/>\n<meta property=\"og:url\" content=\"https:\/\/Regalino-Shop.de\/?product=thermobecher-bioloco-office-take-a-sip\" \/>\n<meta property=\"og:site_name\" content=\"Regalino -Lively Style\" \/>\n<meta property=\"article:modified_time\" content=\"2026-04-22T12:52:50+00:00\" \/>\n<meta property=\"og:image\" content=\"https:\/\/Regalino-Shop.de\/wp-content\/uploads\/2024\/11\/explorer-cup-thermobecher-emaille-chic.mic_.jpg\" \/>\n\t<meta property=\"og:image:width\" content=\"476\" \/>\n\t<meta property=\"og:image:height\" content=\"390\" \/>\n\t<meta property=\"og:image:type\" content=\"image\/jpeg\" \/>\n<meta name=\"twitter:card\" content=\"summary_large_image\" \/>\n<meta name=\"twitter:label1\" content=\"Gesch\u00e4tzte Lesezeit\" \/>\n\t<meta name=\"twitter:data1\" content=\"1\u00a0Minute\" \/>\n<script type=\"application\/ld+json\" class=\"yoast-schema-graph\">{\"@context\":\"https:\\\/\\\/schema.org\",\"@graph\":[{\"@type\":\"WebPage\",\"@id\":\"https:\\\/\\\/Regalino-Shop.de\\\/?product=thermobecher-bioloco-office-take-a-sip\",\"url\":\"https:\\\/\\\/Regalino-Shop.de\\\/?product=thermobecher-bioloco-office-take-a-sip\",\"name\":\"Thermobecher bioloco *explorer* lake - Regalino -Lively Style\",\"isPartOf\":{\"@id\":\"https:\\\/\\\/Regalino-Shop.de\\\/#website\"},\"primaryImageOfPage\":{\"@id\":\"https:\\\/\\\/Regalino-Shop.de\\\/?product=thermobecher-bioloco-office-take-a-sip#primaryimage\"},\"image\":{\"@id\":\"https:\\\/\\\/Regalino-Shop.de\\\/?product=thermobecher-bioloco-office-take-a-sip#primaryimage\"},\"thumbnailUrl\":\"https:\\\/\\\/Regalino-Shop.de\\\/wp-content\\\/uploads\\\/2024\\\/11\\\/explorer-cup-thermobecher-emaille-chic.mic_.jpg\",\"datePublished\":\"2024-11-22T17:40:48+00:00\",\"dateModified\":\"2026-04-22T12:52:50+00:00\",\"description\":\"Robustes Edelstahl-Design: Langlebig und leicht, perfekt f\u00fcr jedes Abenteuer \u2013 vom Camping bis zum t\u00e4glichen Gebrauch.\",\"breadcrumb\":{\"@id\":\"https:\\\/\\\/Regalino-Shop.de\\\/?product=thermobecher-bioloco-office-take-a-sip#breadcrumb\"},\"inLanguage\":\"de\",\"potentialAction\":[{\"@type\":\"ReadAction\",\"target\":[\"https:\\\/\\\/Regalino-Shop.de\\\/?product=thermobecher-bioloco-office-take-a-sip\"]}]},{\"@type\":\"ImageObject\",\"inLanguage\":\"de\",\"@id\":\"https:\\\/\\\/Regalino-Shop.de\\\/?product=thermobecher-bioloco-office-take-a-sip#primaryimage\",\"url\":\"https:\\\/\\\/Regalino-Shop.de\\\/wp-content\\\/uploads\\\/2024\\\/11\\\/explorer-cup-thermobecher-emaille-chic.mic_.jpg\",\"contentUrl\":\"https:\\\/\\\/Regalino-Shop.de\\\/wp-content\\\/uploads\\\/2024\\\/11\\\/explorer-cup-thermobecher-emaille-chic.mic_.jpg\",\"width\":476,\"height\":390},{\"@type\":\"BreadcrumbList\",\"@id\":\"https:\\\/\\\/Regalino-Shop.de\\\/?product=thermobecher-bioloco-office-take-a-sip#breadcrumb\",\"itemListElement\":[{\"@type\":\"ListItem\",\"position\":1,\"name\":\"Startseite\",\"item\":\"https:\\\/\\\/Regalino-Shop.de\\\/\"},{\"@type\":\"ListItem\",\"position\":2,\"name\":\"Shop\",\"item\":\"https:\\\/\\\/Regalino-Shop.de\\\/?page_id=40\"},{\"@type\":\"ListItem\",\"position\":3,\"name\":\"Thermobecher bioloco *explorer* lake\"}]},{\"@type\":\"WebSite\",\"@id\":\"https:\\\/\\\/Regalino-Shop.de\\\/#website\",\"url\":\"https:\\\/\\\/Regalino-Shop.de\\\/\",\"name\":\"Regalino -Lively Style\",\"description\":\"gelebtes Zuhause\",\"potentialAction\":[{\"@type\":\"SearchAction\",\"target\":{\"@type\":\"EntryPoint\",\"urlTemplate\":\"https:\\\/\\\/Regalino-Shop.de\\\/?s={search_term_string}\"},\"query-input\":{\"@type\":\"PropertyValueSpecification\",\"valueRequired\":true,\"valueName\":\"search_term_string\"}}],\"inLanguage\":\"de\"}]}<\/script>\n<!-- \/ Yoast SEO plugin. -->","yoast_head_json":{"title":"Thermobecher bioloco *explorer* lake - Regalino -Lively Style","description":"Robustes Edelstahl-Design: Langlebig und leicht, perfekt f\u00fcr jedes Abenteuer \u2013 vom Camping bis zum t\u00e4glichen Gebrauch.","robots":{"index":"index","follow":"follow","max-snippet":"max-snippet:-1","max-image-preview":"max-image-preview:large","max-video-preview":"max-video-preview:-1"},"canonical":"https:\/\/Regalino-Shop.de\/?product=thermobecher-bioloco-office-take-a-sip","og_locale":"de_DE","og_type":"article","og_title":"Thermobecher bioloco *explorer* lake - Regalino -Lively Style","og_description":"Robustes Edelstahl-Design: Langlebig und leicht, perfekt f\u00fcr jedes Abenteuer \u2013 vom Camping bis zum t\u00e4glichen Gebrauch.","og_url":"https:\/\/Regalino-Shop.de\/?product=thermobecher-bioloco-office-take-a-sip","og_site_name":"Regalino -Lively Style","article_modified_time":"2026-04-22T12:52:50+00:00","og_image":[{"width":476,"height":390,"url":"https:\/\/Regalino-Shop.de\/wp-content\/uploads\/2024\/11\/explorer-cup-thermobecher-emaille-chic.mic_.jpg","type":"image\/jpeg"}],"twitter_card":"summary_large_image","twitter_misc":{"Gesch\u00e4tzte Lesezeit":"1\u00a0Minute"},"schema":{"@context":"https:\/\/schema.org","@graph":[{"@type":"WebPage","@id":"https:\/\/Regalino-Shop.de\/?product=thermobecher-bioloco-office-take-a-sip","url":"https:\/\/Regalino-Shop.de\/?product=thermobecher-bioloco-office-take-a-sip","name":"Thermobecher bioloco *explorer* lake - Regalino -Lively Style","isPartOf":{"@id":"https:\/\/Regalino-Shop.de\/#website"},"primaryImageOfPage":{"@id":"https:\/\/Regalino-Shop.de\/?product=thermobecher-bioloco-office-take-a-sip#primaryimage"},"image":{"@id":"https:\/\/Regalino-Shop.de\/?product=thermobecher-bioloco-office-take-a-sip#primaryimage"},"thumbnailUrl":"https:\/\/Regalino-Shop.de\/wp-content\/uploads\/2024\/11\/explorer-cup-thermobecher-emaille-chic.mic_.jpg","datePublished":"2024-11-22T17:40:48+00:00","dateModified":"2026-04-22T12:52:50+00:00","description":"Robustes Edelstahl-Design: Langlebig und leicht, perfekt f\u00fcr jedes Abenteuer \u2013 vom Camping bis zum t\u00e4glichen Gebrauch.","breadcrumb":{"@id":"https:\/\/Regalino-Shop.de\/?product=thermobecher-bioloco-office-take-a-sip#breadcrumb"},"inLanguage":"de","potentialAction":[{"@type":"ReadAction","target":["https:\/\/Regalino-Shop.de\/?product=thermobecher-bioloco-office-take-a-sip"]}]},{"@type":"ImageObject","inLanguage":"de","@id":"https:\/\/Regalino-Shop.de\/?product=thermobecher-bioloco-office-take-a-sip#primaryimage","url":"https:\/\/Regalino-Shop.de\/wp-content\/uploads\/2024\/11\/explorer-cup-thermobecher-emaille-chic.mic_.jpg","contentUrl":"https:\/\/Regalino-Shop.de\/wp-content\/uploads\/2024\/11\/explorer-cup-thermobecher-emaille-chic.mic_.jpg","width":476,"height":390},{"@type":"BreadcrumbList","@id":"https:\/\/Regalino-Shop.de\/?product=thermobecher-bioloco-office-take-a-sip#breadcrumb","itemListElement":[{"@type":"ListItem","position":1,"name":"Startseite","item":"https:\/\/Regalino-Shop.de\/"},{"@type":"ListItem","position":2,"name":"Shop","item":"https:\/\/Regalino-Shop.de\/?page_id=40"},{"@type":"ListItem","position":3,"name":"Thermobecher bioloco *explorer* lake"}]},{"@type":"WebSite","@id":"https:\/\/Regalino-Shop.de\/#website","url":"https:\/\/Regalino-Shop.de\/","name":"Regalino -Lively Style","description":"gelebtes Zuhause","potentialAction":[{"@type":"SearchAction","target":{"@type":"EntryPoint","urlTemplate":"https:\/\/Regalino-Shop.de\/?s={search_term_string}"},"query-input":{"@type":"PropertyValueSpecification","valueRequired":true,"valueName":"search_term_string"}}],"inLanguage":"de"}]}},"_links":{"self":[{"href":"https:\/\/Regalino-Shop.de\/index.php?rest_route=\/wp\/v2\/product\/15175","targetHints":{"allow":["GET"]}}],"collection":[{"href":"https:\/\/Regalino-Shop.de\/index.php?rest_route=\/wp\/v2\/product"}],"about":[{"href":"https:\/\/Regalino-Shop.de\/index.php?rest_route=\/wp\/v2\/types\/product"}],"wp:featuredmedia":[{"embeddable":true,"href":"https:\/\/Regalino-Shop.de\/index.php?rest_route=\/wp\/v2\/media\/15178"}],"wp:attachment":[{"href":"https:\/\/Regalino-Shop.de\/index.php?rest_route=%2Fwp%2Fv2%2Fmedia&parent=15175"}],"wp:term":[{"taxonomy":"product_brand","embeddable":true,"href":"https:\/\/Regalino-Shop.de\/index.php?rest_route=%2Fwp%2Fv2%2Fproduct_brand&post=15175"},{"taxonomy":"product_cat","embeddable":true,"href":"https:\/\/Regalino-Shop.de\/index.php?rest_route=%2Fwp%2Fv2%2Fproduct_cat&post=15175"},{"taxonomy":"product_tag","embeddable":true,"href":"https:\/\/Regalino-Shop.de\/index.php?rest_route=%2Fwp%2Fv2%2Fproduct_tag&post=15175"}],"curies":[{"name":"wp","href":"https:\/\/api.w.org\/{rel}","templated":true}]}}