{"id":15194,"date":"2024-11-23T11:08:17","date_gmt":"2024-11-23T11:08:17","guid":{"rendered":"https:\/\/Regalino-Shop.de\/?post_type=product&#038;p=15194"},"modified":"2025-09-16T10:47:28","modified_gmt":"2025-09-16T10:47:28","slug":"kaffeebecher-to-go-golden-aus-pflanzenzucker","status":"publish","type":"product","link":"https:\/\/Regalino-Shop.de\/?product=kaffeebecher-to-go-golden-aus-pflanzenzucker","title":{"rendered":"Kaffeebecher to go *golden* aus Pflanzenzucker"},"content":{"rendered":"","protected":false},"excerpt":{"rendered":"<h3>aus pflanzenbasierten Material PLA hergestellt<\/h3>\n<p>PLA wird aus Pflanzenzucker wie zum Beispiel aus Maisst\u00e4rke, Maniok oder Zuckerrohr gewonnen. Die Produktreihe ist Melamin- und BPA-frei<\/p>\n<ul>\n<li>nachhaltiger Trinkbecher to go aus einem pflanzenbasierten Material<\/li>\n<li>ideal f\u00fcr den Genuss von Getr\u00e4nken unterwegs<\/li>\n<li>perfekt f\u00fcr Kaffee, Tee und mehr<\/li>\n<li>praktisch f\u00fcr den t\u00e4glichen Gebrauch oder f\u00fcr Picknicks und Ausfl\u00fcge<\/li>\n<li>geruchs- und geschmacksneutral<\/li>\n<li>recycelbar und industriell kompostierbar<\/li>\n<li>Melamin- und BPA-frei<\/li>\n<li>sp\u00fclmaschinen- und mikrowellengeeignet<\/li>\n<li>Fassungsverm\u00f6gen: 350 ml<\/li>\n<\/ul>\n<p>&nbsp;<\/p>\n<p>&nbsp;<\/p>\n","protected":false},"featured_media":15195,"template":"","meta":{"_et_pb_use_builder":"","_et_pb_old_content":"","_et_gb_content_width":""},"product_brand":[],"product_cat":[82],"product_tag":[1772,785,288,394,1770,378,381],"class_list":{"0":"post-15194","1":"product","2":"type-product","3":"status-publish","4":"has-post-thumbnail","6":"product_cat-unterwegs-picknick-praktische-lieblingsstuecke-regalino","7":"product_tag-coffee-to-go","8":"product_tag-espresso","9":"product_tag-geschenk","10":"product_tag-maenner","11":"product_tag-office","12":"product_tag-thermoskanne","13":"product_tag-trinkflasche","15":"first","16":"instock","17":"taxable","18":"shipping-taxable","19":"purchasable","20":"product-type-simple"},"yoast_head":"<!-- This site is optimized with the Yoast SEO plugin v27.5 - https:\/\/yoast.com\/product\/yoast-seo-wordpress\/ -->\n<title>Kaffeebecher to go *golden* aus Pflanzenzucker - Regalino -Lively Style<\/title>\n<meta name=\"description\" content=\"aus pflanzenbasierten Material PLA hergestellt - Fassungsverm\u00f6gen 350 ml\" \/>\n<meta name=\"robots\" content=\"index, follow, max-snippet:-1, max-image-preview:large, max-video-preview:-1\" \/>\n<link rel=\"canonical\" href=\"https:\/\/Regalino-Shop.de\/?product=kaffeebecher-to-go-golden-aus-pflanzenzucker\" \/>\n<meta property=\"og:locale\" content=\"de_DE\" \/>\n<meta property=\"og:type\" content=\"article\" \/>\n<meta property=\"og:title\" content=\"Kaffeebecher to go *golden* aus Pflanzenzucker - Regalino -Lively Style\" \/>\n<meta property=\"og:description\" content=\"aus pflanzenbasierten Material PLA hergestellt - Fassungsverm\u00f6gen 350 ml\" \/>\n<meta property=\"og:url\" content=\"https:\/\/Regalino-Shop.de\/?product=kaffeebecher-to-go-golden-aus-pflanzenzucker\" \/>\n<meta property=\"og:site_name\" content=\"Regalino -Lively Style\" \/>\n<meta property=\"article:modified_time\" content=\"2025-09-16T10:47:28+00:00\" \/>\n<meta property=\"og:image\" content=\"https:\/\/Regalino-Shop.de\/wp-content\/uploads\/2024\/11\/coffee-to-go-golden-chic.mic_.jpg\" \/>\n\t<meta property=\"og:image:width\" content=\"473\" \/>\n\t<meta property=\"og:image:height\" content=\"411\" \/>\n\t<meta property=\"og:image:type\" content=\"image\/jpeg\" \/>\n<meta name=\"twitter:card\" content=\"summary_large_image\" \/>\n<meta name=\"twitter:label1\" content=\"Gesch\u00e4tzte Lesezeit\" \/>\n\t<meta name=\"twitter:data1\" content=\"1\u00a0Minute\" \/>\n<script type=\"application\/ld+json\" class=\"yoast-schema-graph\">{\"@context\":\"https:\\\/\\\/schema.org\",\"@graph\":[{\"@type\":\"WebPage\",\"@id\":\"https:\\\/\\\/Regalino-Shop.de\\\/?product=kaffeebecher-to-go-golden-aus-pflanzenzucker\",\"url\":\"https:\\\/\\\/Regalino-Shop.de\\\/?product=kaffeebecher-to-go-golden-aus-pflanzenzucker\",\"name\":\"Kaffeebecher to go *golden* aus Pflanzenzucker - Regalino -Lively Style\",\"isPartOf\":{\"@id\":\"https:\\\/\\\/Regalino-Shop.de\\\/#website\"},\"primaryImageOfPage\":{\"@id\":\"https:\\\/\\\/Regalino-Shop.de\\\/?product=kaffeebecher-to-go-golden-aus-pflanzenzucker#primaryimage\"},\"image\":{\"@id\":\"https:\\\/\\\/Regalino-Shop.de\\\/?product=kaffeebecher-to-go-golden-aus-pflanzenzucker#primaryimage\"},\"thumbnailUrl\":\"https:\\\/\\\/Regalino-Shop.de\\\/wp-content\\\/uploads\\\/2024\\\/11\\\/coffee-to-go-golden-chic.mic_.jpg\",\"datePublished\":\"2024-11-23T11:08:17+00:00\",\"dateModified\":\"2025-09-16T10:47:28+00:00\",\"description\":\"aus pflanzenbasierten Material PLA hergestellt - Fassungsverm\u00f6gen 350 ml\",\"breadcrumb\":{\"@id\":\"https:\\\/\\\/Regalino-Shop.de\\\/?product=kaffeebecher-to-go-golden-aus-pflanzenzucker#breadcrumb\"},\"inLanguage\":\"de\",\"potentialAction\":[{\"@type\":\"ReadAction\",\"target\":[\"https:\\\/\\\/Regalino-Shop.de\\\/?product=kaffeebecher-to-go-golden-aus-pflanzenzucker\"]}]},{\"@type\":\"ImageObject\",\"inLanguage\":\"de\",\"@id\":\"https:\\\/\\\/Regalino-Shop.de\\\/?product=kaffeebecher-to-go-golden-aus-pflanzenzucker#primaryimage\",\"url\":\"https:\\\/\\\/Regalino-Shop.de\\\/wp-content\\\/uploads\\\/2024\\\/11\\\/coffee-to-go-golden-chic.mic_.jpg\",\"contentUrl\":\"https:\\\/\\\/Regalino-Shop.de\\\/wp-content\\\/uploads\\\/2024\\\/11\\\/coffee-to-go-golden-chic.mic_.jpg\",\"width\":473,\"height\":411,\"caption\":\"Kaffeebecher\"},{\"@type\":\"BreadcrumbList\",\"@id\":\"https:\\\/\\\/Regalino-Shop.de\\\/?product=kaffeebecher-to-go-golden-aus-pflanzenzucker#breadcrumb\",\"itemListElement\":[{\"@type\":\"ListItem\",\"position\":1,\"name\":\"Startseite\",\"item\":\"https:\\\/\\\/Regalino-Shop.de\\\/\"},{\"@type\":\"ListItem\",\"position\":2,\"name\":\"Shop\",\"item\":\"https:\\\/\\\/Regalino-Shop.de\\\/?page_id=40\"},{\"@type\":\"ListItem\",\"position\":3,\"name\":\"Kaffeebecher to go *golden* aus Pflanzenzucker\"}]},{\"@type\":\"WebSite\",\"@id\":\"https:\\\/\\\/Regalino-Shop.de\\\/#website\",\"url\":\"https:\\\/\\\/Regalino-Shop.de\\\/\",\"name\":\"Regalino -Lively Style\",\"description\":\"gelebtes Zuhause\",\"potentialAction\":[{\"@type\":\"SearchAction\",\"target\":{\"@type\":\"EntryPoint\",\"urlTemplate\":\"https:\\\/\\\/Regalino-Shop.de\\\/?s={search_term_string}\"},\"query-input\":{\"@type\":\"PropertyValueSpecification\",\"valueRequired\":true,\"valueName\":\"search_term_string\"}}],\"inLanguage\":\"de\"}]}<\/script>\n<!-- \/ Yoast SEO plugin. -->","yoast_head_json":{"title":"Kaffeebecher to go *golden* aus Pflanzenzucker - Regalino -Lively Style","description":"aus pflanzenbasierten Material PLA hergestellt - Fassungsverm\u00f6gen 350 ml","robots":{"index":"index","follow":"follow","max-snippet":"max-snippet:-1","max-image-preview":"max-image-preview:large","max-video-preview":"max-video-preview:-1"},"canonical":"https:\/\/Regalino-Shop.de\/?product=kaffeebecher-to-go-golden-aus-pflanzenzucker","og_locale":"de_DE","og_type":"article","og_title":"Kaffeebecher to go *golden* aus Pflanzenzucker - Regalino -Lively Style","og_description":"aus pflanzenbasierten Material PLA hergestellt - Fassungsverm\u00f6gen 350 ml","og_url":"https:\/\/Regalino-Shop.de\/?product=kaffeebecher-to-go-golden-aus-pflanzenzucker","og_site_name":"Regalino -Lively Style","article_modified_time":"2025-09-16T10:47:28+00:00","og_image":[{"width":473,"height":411,"url":"https:\/\/Regalino-Shop.de\/wp-content\/uploads\/2024\/11\/coffee-to-go-golden-chic.mic_.jpg","type":"image\/jpeg"}],"twitter_card":"summary_large_image","twitter_misc":{"Gesch\u00e4tzte Lesezeit":"1\u00a0Minute"},"schema":{"@context":"https:\/\/schema.org","@graph":[{"@type":"WebPage","@id":"https:\/\/Regalino-Shop.de\/?product=kaffeebecher-to-go-golden-aus-pflanzenzucker","url":"https:\/\/Regalino-Shop.de\/?product=kaffeebecher-to-go-golden-aus-pflanzenzucker","name":"Kaffeebecher to go *golden* aus Pflanzenzucker - Regalino -Lively Style","isPartOf":{"@id":"https:\/\/Regalino-Shop.de\/#website"},"primaryImageOfPage":{"@id":"https:\/\/Regalino-Shop.de\/?product=kaffeebecher-to-go-golden-aus-pflanzenzucker#primaryimage"},"image":{"@id":"https:\/\/Regalino-Shop.de\/?product=kaffeebecher-to-go-golden-aus-pflanzenzucker#primaryimage"},"thumbnailUrl":"https:\/\/Regalino-Shop.de\/wp-content\/uploads\/2024\/11\/coffee-to-go-golden-chic.mic_.jpg","datePublished":"2024-11-23T11:08:17+00:00","dateModified":"2025-09-16T10:47:28+00:00","description":"aus pflanzenbasierten Material PLA hergestellt - Fassungsverm\u00f6gen 350 ml","breadcrumb":{"@id":"https:\/\/Regalino-Shop.de\/?product=kaffeebecher-to-go-golden-aus-pflanzenzucker#breadcrumb"},"inLanguage":"de","potentialAction":[{"@type":"ReadAction","target":["https:\/\/Regalino-Shop.de\/?product=kaffeebecher-to-go-golden-aus-pflanzenzucker"]}]},{"@type":"ImageObject","inLanguage":"de","@id":"https:\/\/Regalino-Shop.de\/?product=kaffeebecher-to-go-golden-aus-pflanzenzucker#primaryimage","url":"https:\/\/Regalino-Shop.de\/wp-content\/uploads\/2024\/11\/coffee-to-go-golden-chic.mic_.jpg","contentUrl":"https:\/\/Regalino-Shop.de\/wp-content\/uploads\/2024\/11\/coffee-to-go-golden-chic.mic_.jpg","width":473,"height":411,"caption":"Kaffeebecher"},{"@type":"BreadcrumbList","@id":"https:\/\/Regalino-Shop.de\/?product=kaffeebecher-to-go-golden-aus-pflanzenzucker#breadcrumb","itemListElement":[{"@type":"ListItem","position":1,"name":"Startseite","item":"https:\/\/Regalino-Shop.de\/"},{"@type":"ListItem","position":2,"name":"Shop","item":"https:\/\/Regalino-Shop.de\/?page_id=40"},{"@type":"ListItem","position":3,"name":"Kaffeebecher to go *golden* aus Pflanzenzucker"}]},{"@type":"WebSite","@id":"https:\/\/Regalino-Shop.de\/#website","url":"https:\/\/Regalino-Shop.de\/","name":"Regalino -Lively Style","description":"gelebtes Zuhause","potentialAction":[{"@type":"SearchAction","target":{"@type":"EntryPoint","urlTemplate":"https:\/\/Regalino-Shop.de\/?s={search_term_string}"},"query-input":{"@type":"PropertyValueSpecification","valueRequired":true,"valueName":"search_term_string"}}],"inLanguage":"de"}]}},"_links":{"self":[{"href":"https:\/\/Regalino-Shop.de\/index.php?rest_route=\/wp\/v2\/product\/15194","targetHints":{"allow":["GET"]}}],"collection":[{"href":"https:\/\/Regalino-Shop.de\/index.php?rest_route=\/wp\/v2\/product"}],"about":[{"href":"https:\/\/Regalino-Shop.de\/index.php?rest_route=\/wp\/v2\/types\/product"}],"wp:featuredmedia":[{"embeddable":true,"href":"https:\/\/Regalino-Shop.de\/index.php?rest_route=\/wp\/v2\/media\/15195"}],"wp:attachment":[{"href":"https:\/\/Regalino-Shop.de\/index.php?rest_route=%2Fwp%2Fv2%2Fmedia&parent=15194"}],"wp:term":[{"taxonomy":"product_brand","embeddable":true,"href":"https:\/\/Regalino-Shop.de\/index.php?rest_route=%2Fwp%2Fv2%2Fproduct_brand&post=15194"},{"taxonomy":"product_cat","embeddable":true,"href":"https:\/\/Regalino-Shop.de\/index.php?rest_route=%2Fwp%2Fv2%2Fproduct_cat&post=15194"},{"taxonomy":"product_tag","embeddable":true,"href":"https:\/\/Regalino-Shop.de\/index.php?rest_route=%2Fwp%2Fv2%2Fproduct_tag&post=15194"}],"curies":[{"name":"wp","href":"https:\/\/api.w.org\/{rel}","templated":true}]}}