{"id":15218,"date":"2024-11-26T13:17:21","date_gmt":"2024-11-26T13:17:21","guid":{"rendered":"https:\/\/Regalino-Shop.de\/?post_type=product&#038;p=15218"},"modified":"2025-01-24T08:07:00","modified_gmt":"2025-01-24T08:07:00","slug":"mini-puzzle-santorin","status":"publish","type":"product","link":"https:\/\/Regalino-Shop.de\/?product=mini-puzzle-santorin","title":{"rendered":"Mini Puzzle *Santorin*"},"content":{"rendered":"","protected":false},"excerpt":{"rendered":"<div id=\"tab-product-description\" class=\"ui-tabs-panel ui-widget-content ui-corner-bottom\" role=\"tabpanel\" aria-labelledby=\"ui-id-1\" aria-hidden=\"false\">\n<div class=\"description\">\n<div id=\"tab-product-description\" class=\"ui-tabs-panel ui-widget-content ui-corner-bottom\" role=\"tabpanel\" aria-labelledby=\"ui-id-1\" aria-hidden=\"false\">\n<div class=\"description\">\n<div id=\"tab-product-description\" class=\"ui-tabs-panel ui-widget-content ui-corner-bottom\" role=\"tabpanel\" aria-labelledby=\"ui-id-1\" aria-hidden=\"false\">\n<div class=\"description\">\n<div id=\"tab-product-description\" class=\"ui-tabs-panel ui-widget-content ui-corner-bottom\" role=\"tabpanel\" aria-labelledby=\"ui-id-1\" aria-hidden=\"false\">\n<div class=\"description\">\n<div id=\"tab-product-description\" class=\"ui-tabs-panel ui-widget-content ui-corner-bottom\" role=\"tabpanel\" aria-labelledby=\"ui-id-1\" aria-hidden=\"false\">\n<div class=\"description\">\n<div id=\"tab-product-description\" class=\"ui-tabs-panel ui-widget-content ui-corner-bottom\" role=\"tabpanel\" aria-labelledby=\"ui-id-1\" aria-hidden=\"false\">\n<div class=\"description\">\n<div id=\"tab-product-description\" class=\"ui-tabs-panel ui-widget-content ui-corner-bottom\" role=\"tabpanel\" aria-labelledby=\"ui-id-1\" aria-hidden=\"false\">\n<div class=\"description\">\n<div id=\"tab-product-description\" class=\"ui-tabs-panel ui-widget-content ui-corner-bottom\" role=\"tabpanel\" aria-labelledby=\"ui-id-1\" aria-hidden=\"false\">\n<div class=\"description\">\n<div id=\"tab-product-description\" class=\"ui-tabs-panel ui-widget-content ui-corner-bottom\" role=\"tabpanel\" aria-labelledby=\"ui-id-1\" aria-hidden=\"false\">\n<div class=\"description\">\n<div id=\"tab-product-description\" class=\"ui-tabs-panel ui-widget-content ui-corner-bottom\" role=\"tabpanel\" aria-labelledby=\"ui-id-1\" aria-hidden=\"false\">\n<div class=\"description\">\n<div id=\"tab-product-description\" class=\"ui-tabs-panel ui-widget-content ui-corner-bottom\" role=\"tabpanel\" aria-labelledby=\"ui-id-1\" aria-hidden=\"false\">\n<div class=\"description\">\n<div id=\"tab-product-description\" class=\"ui-tabs-panel ui-widget-content ui-corner-bottom\" role=\"tabpanel\" aria-labelledby=\"ui-id-1\" aria-hidden=\"false\">\n<div class=\"description\">\n<div id=\"tab-product-description\" class=\"ui-tabs-panel ui-widget-content ui-corner-bottom\" role=\"tabpanel\" aria-labelledby=\"ui-id-1\" aria-hidden=\"false\">\n<div class=\"description\">\n<div id=\"tab-product-description\" class=\"ui-tabs-panel ui-widget-content ui-corner-bottom\" role=\"tabpanel\" aria-labelledby=\"ui-id-1\" aria-hidden=\"false\">\n<div class=\"description\">\n<div id=\"tab-product-description\" class=\"ui-tabs-panel ui-widget-content ui-corner-bottom\" role=\"tabpanel\" aria-labelledby=\"ui-id-1\" aria-hidden=\"false\">\n<div class=\"description\">\n<div id=\"tab-product-description\" class=\"ui-tabs-panel ui-widget-content ui-corner-bottom\" role=\"tabpanel\" aria-labelledby=\"ui-id-1\" aria-hidden=\"false\">\n<div class=\"description\">\n<h3>Super s\u00fc\u00dfes Mini-Puzzle<\/h3>\n<p>Nettes, kleines und super s\u00fc\u00dfes Mini-Puzzle mit dem sch\u00f6nsten Sonnenuntergang auf Santorin. Das warme Leuchten der sanften Sonnenstrahlen in Rot, Orange, Gelb und Pink kommt im gesamten Motiv so sch\u00f6n zur Geltung und w\u00e4rmt Sie von innen.<\/p>\n<p>Die Mini-Puzzles von Penny Puzzle sind das perfekte Geschenk f\u00fcr Gastgeberinnen, ein nettes Kalender- und Adventsgeschenk und auch ein nettes kleines Puzzle f\u00fcr Sie selbst f\u00fcr Ihren t\u00e4glichen Minibreak.<\/p>\n<ul>\n<li>150 teiliges Puzzle<\/li>\n<li>Puzzlegr\u00f6\u00dfe: 15 x 10 cm<\/li>\n<\/ul>\n<p>Lieferumfang: 1 Puzzle<\/p>\n<\/div>\n<\/div>\n<\/div>\n<\/div>\n<\/div>\n<\/div>\n<\/div>\n<\/div>\n<\/div>\n<\/div>\n<\/div>\n<\/div>\n<\/div>\n<\/div>\n<\/div>\n<\/div>\n<\/div>\n<\/div>\n<\/div>\n<\/div>\n<\/div>\n<\/div>\n<\/div>\n<\/div>\n<\/div>\n<\/div>\n<\/div>\n<\/div>\n<\/div>\n<\/div>\n<\/div>\n<\/div>\n","protected":false},"featured_media":15219,"template":"","meta":{"_et_pb_use_builder":"","_et_pb_old_content":"","_et_gb_content_width":""},"product_brand":[],"product_cat":[793],"product_tag":[1775,288,795,1736,1776],"class_list":{"0":"post-15218","1":"product","2":"type-product","3":"status-publish","4":"has-post-thumbnail","6":"product_cat-puzzle-spiele-fuer-alle-schoene-lieblingsstuecke-regalino","7":"product_tag-daenemark","8":"product_tag-geschenk","9":"product_tag-puzzle","10":"product_tag-reise","11":"product_tag-santrorin","13":"first","14":"instock","15":"taxable","16":"shipping-taxable","17":"purchasable","18":"product-type-simple"},"yoast_head":"<!-- This site is optimized with the Yoast SEO plugin v27.5 - https:\/\/yoast.com\/product\/yoast-seo-wordpress\/ -->\n<title>Mini Puzzle *Santorin* - Regalino -Lively Style<\/title>\n<meta name=\"description\" content=\"Nettes, kleines und super s\u00fc\u00dfes Mini-Puzzle mit dem sch\u00f6nsten Sonnenuntergang auf Santorin. Das warme Leuchten der sanften Sonnenstrahlen in Rot, Orange, Gelb und Pink kommt im gesamten Motiv so sch\u00f6n zur Geltung und w\u00e4rmt Sie von innen.\" \/>\n<meta name=\"robots\" content=\"index, follow, max-snippet:-1, max-image-preview:large, max-video-preview:-1\" \/>\n<link rel=\"canonical\" href=\"https:\/\/Regalino-Shop.de\/?product=mini-puzzle-santorin\" \/>\n<meta property=\"og:locale\" content=\"de_DE\" \/>\n<meta property=\"og:type\" content=\"article\" \/>\n<meta property=\"og:title\" content=\"Mini Puzzle *Santorin* - Regalino -Lively Style\" \/>\n<meta property=\"og:description\" content=\"Nettes, kleines und super s\u00fc\u00dfes Mini-Puzzle mit dem sch\u00f6nsten Sonnenuntergang auf Santorin. Das warme Leuchten der sanften Sonnenstrahlen in Rot, Orange, Gelb und Pink kommt im gesamten Motiv so sch\u00f6n zur Geltung und w\u00e4rmt Sie von innen.\" \/>\n<meta property=\"og:url\" content=\"https:\/\/Regalino-Shop.de\/?product=mini-puzzle-santorin\" \/>\n<meta property=\"og:site_name\" content=\"Regalino -Lively Style\" \/>\n<meta property=\"article:modified_time\" content=\"2025-01-24T08:07:00+00:00\" \/>\n<meta property=\"og:image\" content=\"https:\/\/Regalino-Shop.de\/wp-content\/uploads\/2024\/11\/Penny-Puzzles-santorin-mini-mood.jpg\" \/>\n\t<meta property=\"og:image:width\" content=\"534\" \/>\n\t<meta property=\"og:image:height\" content=\"555\" \/>\n\t<meta property=\"og:image:type\" content=\"image\/jpeg\" \/>\n<meta name=\"twitter:card\" content=\"summary_large_image\" \/>\n<meta name=\"twitter:label1\" content=\"Gesch\u00e4tzte Lesezeit\" \/>\n\t<meta name=\"twitter:data1\" content=\"1\u00a0Minute\" \/>\n<script type=\"application\/ld+json\" class=\"yoast-schema-graph\">{\"@context\":\"https:\\\/\\\/schema.org\",\"@graph\":[{\"@type\":\"WebPage\",\"@id\":\"https:\\\/\\\/Regalino-Shop.de\\\/?product=mini-puzzle-santorin\",\"url\":\"https:\\\/\\\/Regalino-Shop.de\\\/?product=mini-puzzle-santorin\",\"name\":\"Mini Puzzle *Santorin* - Regalino -Lively Style\",\"isPartOf\":{\"@id\":\"https:\\\/\\\/Regalino-Shop.de\\\/#website\"},\"primaryImageOfPage\":{\"@id\":\"https:\\\/\\\/Regalino-Shop.de\\\/?product=mini-puzzle-santorin#primaryimage\"},\"image\":{\"@id\":\"https:\\\/\\\/Regalino-Shop.de\\\/?product=mini-puzzle-santorin#primaryimage\"},\"thumbnailUrl\":\"https:\\\/\\\/Regalino-Shop.de\\\/wp-content\\\/uploads\\\/2024\\\/11\\\/Penny-Puzzles-santorin-mini-mood.jpg\",\"datePublished\":\"2024-11-26T13:17:21+00:00\",\"dateModified\":\"2025-01-24T08:07:00+00:00\",\"description\":\"Nettes, kleines und super s\u00fc\u00dfes Mini-Puzzle mit dem sch\u00f6nsten Sonnenuntergang auf Santorin. Das warme Leuchten der sanften Sonnenstrahlen in Rot, Orange, Gelb und Pink kommt im gesamten Motiv so sch\u00f6n zur Geltung und w\u00e4rmt Sie von innen.\",\"breadcrumb\":{\"@id\":\"https:\\\/\\\/Regalino-Shop.de\\\/?product=mini-puzzle-santorin#breadcrumb\"},\"inLanguage\":\"de\",\"potentialAction\":[{\"@type\":\"ReadAction\",\"target\":[\"https:\\\/\\\/Regalino-Shop.de\\\/?product=mini-puzzle-santorin\"]}]},{\"@type\":\"ImageObject\",\"inLanguage\":\"de\",\"@id\":\"https:\\\/\\\/Regalino-Shop.de\\\/?product=mini-puzzle-santorin#primaryimage\",\"url\":\"https:\\\/\\\/Regalino-Shop.de\\\/wp-content\\\/uploads\\\/2024\\\/11\\\/Penny-Puzzles-santorin-mini-mood.jpg\",\"contentUrl\":\"https:\\\/\\\/Regalino-Shop.de\\\/wp-content\\\/uploads\\\/2024\\\/11\\\/Penny-Puzzles-santorin-mini-mood.jpg\",\"width\":534,\"height\":555,\"caption\":\"mini-Puzzle\"},{\"@type\":\"BreadcrumbList\",\"@id\":\"https:\\\/\\\/Regalino-Shop.de\\\/?product=mini-puzzle-santorin#breadcrumb\",\"itemListElement\":[{\"@type\":\"ListItem\",\"position\":1,\"name\":\"Startseite\",\"item\":\"https:\\\/\\\/Regalino-Shop.de\\\/\"},{\"@type\":\"ListItem\",\"position\":2,\"name\":\"Shop\",\"item\":\"https:\\\/\\\/Regalino-Shop.de\\\/?page_id=40\"},{\"@type\":\"ListItem\",\"position\":3,\"name\":\"Mini Puzzle *Santorin*\"}]},{\"@type\":\"WebSite\",\"@id\":\"https:\\\/\\\/Regalino-Shop.de\\\/#website\",\"url\":\"https:\\\/\\\/Regalino-Shop.de\\\/\",\"name\":\"Regalino -Lively Style\",\"description\":\"gelebtes Zuhause\",\"potentialAction\":[{\"@type\":\"SearchAction\",\"target\":{\"@type\":\"EntryPoint\",\"urlTemplate\":\"https:\\\/\\\/Regalino-Shop.de\\\/?s={search_term_string}\"},\"query-input\":{\"@type\":\"PropertyValueSpecification\",\"valueRequired\":true,\"valueName\":\"search_term_string\"}}],\"inLanguage\":\"de\"}]}<\/script>\n<!-- \/ Yoast SEO plugin. -->","yoast_head_json":{"title":"Mini Puzzle *Santorin* - Regalino -Lively Style","description":"Nettes, kleines und super s\u00fc\u00dfes Mini-Puzzle mit dem sch\u00f6nsten Sonnenuntergang auf Santorin. Das warme Leuchten der sanften Sonnenstrahlen in Rot, Orange, Gelb und Pink kommt im gesamten Motiv so sch\u00f6n zur Geltung und w\u00e4rmt Sie von innen.","robots":{"index":"index","follow":"follow","max-snippet":"max-snippet:-1","max-image-preview":"max-image-preview:large","max-video-preview":"max-video-preview:-1"},"canonical":"https:\/\/Regalino-Shop.de\/?product=mini-puzzle-santorin","og_locale":"de_DE","og_type":"article","og_title":"Mini Puzzle *Santorin* - Regalino -Lively Style","og_description":"Nettes, kleines und super s\u00fc\u00dfes Mini-Puzzle mit dem sch\u00f6nsten Sonnenuntergang auf Santorin. Das warme Leuchten der sanften Sonnenstrahlen in Rot, Orange, Gelb und Pink kommt im gesamten Motiv so sch\u00f6n zur Geltung und w\u00e4rmt Sie von innen.","og_url":"https:\/\/Regalino-Shop.de\/?product=mini-puzzle-santorin","og_site_name":"Regalino -Lively Style","article_modified_time":"2025-01-24T08:07:00+00:00","og_image":[{"width":534,"height":555,"url":"https:\/\/Regalino-Shop.de\/wp-content\/uploads\/2024\/11\/Penny-Puzzles-santorin-mini-mood.jpg","type":"image\/jpeg"}],"twitter_card":"summary_large_image","twitter_misc":{"Gesch\u00e4tzte Lesezeit":"1\u00a0Minute"},"schema":{"@context":"https:\/\/schema.org","@graph":[{"@type":"WebPage","@id":"https:\/\/Regalino-Shop.de\/?product=mini-puzzle-santorin","url":"https:\/\/Regalino-Shop.de\/?product=mini-puzzle-santorin","name":"Mini Puzzle *Santorin* - Regalino -Lively Style","isPartOf":{"@id":"https:\/\/Regalino-Shop.de\/#website"},"primaryImageOfPage":{"@id":"https:\/\/Regalino-Shop.de\/?product=mini-puzzle-santorin#primaryimage"},"image":{"@id":"https:\/\/Regalino-Shop.de\/?product=mini-puzzle-santorin#primaryimage"},"thumbnailUrl":"https:\/\/Regalino-Shop.de\/wp-content\/uploads\/2024\/11\/Penny-Puzzles-santorin-mini-mood.jpg","datePublished":"2024-11-26T13:17:21+00:00","dateModified":"2025-01-24T08:07:00+00:00","description":"Nettes, kleines und super s\u00fc\u00dfes Mini-Puzzle mit dem sch\u00f6nsten Sonnenuntergang auf Santorin. Das warme Leuchten der sanften Sonnenstrahlen in Rot, Orange, Gelb und Pink kommt im gesamten Motiv so sch\u00f6n zur Geltung und w\u00e4rmt Sie von innen.","breadcrumb":{"@id":"https:\/\/Regalino-Shop.de\/?product=mini-puzzle-santorin#breadcrumb"},"inLanguage":"de","potentialAction":[{"@type":"ReadAction","target":["https:\/\/Regalino-Shop.de\/?product=mini-puzzle-santorin"]}]},{"@type":"ImageObject","inLanguage":"de","@id":"https:\/\/Regalino-Shop.de\/?product=mini-puzzle-santorin#primaryimage","url":"https:\/\/Regalino-Shop.de\/wp-content\/uploads\/2024\/11\/Penny-Puzzles-santorin-mini-mood.jpg","contentUrl":"https:\/\/Regalino-Shop.de\/wp-content\/uploads\/2024\/11\/Penny-Puzzles-santorin-mini-mood.jpg","width":534,"height":555,"caption":"mini-Puzzle"},{"@type":"BreadcrumbList","@id":"https:\/\/Regalino-Shop.de\/?product=mini-puzzle-santorin#breadcrumb","itemListElement":[{"@type":"ListItem","position":1,"name":"Startseite","item":"https:\/\/Regalino-Shop.de\/"},{"@type":"ListItem","position":2,"name":"Shop","item":"https:\/\/Regalino-Shop.de\/?page_id=40"},{"@type":"ListItem","position":3,"name":"Mini Puzzle *Santorin*"}]},{"@type":"WebSite","@id":"https:\/\/Regalino-Shop.de\/#website","url":"https:\/\/Regalino-Shop.de\/","name":"Regalino -Lively Style","description":"gelebtes Zuhause","potentialAction":[{"@type":"SearchAction","target":{"@type":"EntryPoint","urlTemplate":"https:\/\/Regalino-Shop.de\/?s={search_term_string}"},"query-input":{"@type":"PropertyValueSpecification","valueRequired":true,"valueName":"search_term_string"}}],"inLanguage":"de"}]}},"_links":{"self":[{"href":"https:\/\/Regalino-Shop.de\/index.php?rest_route=\/wp\/v2\/product\/15218","targetHints":{"allow":["GET"]}}],"collection":[{"href":"https:\/\/Regalino-Shop.de\/index.php?rest_route=\/wp\/v2\/product"}],"about":[{"href":"https:\/\/Regalino-Shop.de\/index.php?rest_route=\/wp\/v2\/types\/product"}],"wp:featuredmedia":[{"embeddable":true,"href":"https:\/\/Regalino-Shop.de\/index.php?rest_route=\/wp\/v2\/media\/15219"}],"wp:attachment":[{"href":"https:\/\/Regalino-Shop.de\/index.php?rest_route=%2Fwp%2Fv2%2Fmedia&parent=15218"}],"wp:term":[{"taxonomy":"product_brand","embeddable":true,"href":"https:\/\/Regalino-Shop.de\/index.php?rest_route=%2Fwp%2Fv2%2Fproduct_brand&post=15218"},{"taxonomy":"product_cat","embeddable":true,"href":"https:\/\/Regalino-Shop.de\/index.php?rest_route=%2Fwp%2Fv2%2Fproduct_cat&post=15218"},{"taxonomy":"product_tag","embeddable":true,"href":"https:\/\/Regalino-Shop.de\/index.php?rest_route=%2Fwp%2Fv2%2Fproduct_tag&post=15218"}],"curies":[{"name":"wp","href":"https:\/\/api.w.org\/{rel}","templated":true}]}}