{"id":15302,"date":"2024-12-03T13:19:11","date_gmt":"2024-12-03T13:19:11","guid":{"rendered":"https:\/\/Regalino-Shop.de\/?post_type=product&#038;p=15302"},"modified":"2026-01-29T15:48:12","modified_gmt":"2026-01-29T15:48:12","slug":"bioloco-sky-kids-thermoflasche-doodles","status":"publish","type":"product","link":"https:\/\/Regalino-Shop.de\/?product=bioloco-sky-kids-thermoflasche-doodles","title":{"rendered":"bioloco sky kids Thermoflasche *Doodles*"},"content":{"rendered":"","protected":false},"excerpt":{"rendered":"<h1 class=\"product__section-title product-title\">bioloco sky kids Thermoflasche animal map<\/h1>\n<p>h\u00e4lt mit ihrer Doppelwand aus Edelstahl Getr\u00e4nke bis zu 12 Stunden warm und bis zu 24 Stunden kalt. Die Flasche verf\u00fcgt \u00fcber einen Transport- sowie einen Strohhalmdeckel, sowie eine Reinigungsb\u00fcrste. Die Flasche ist f\u00fcr kohlens\u00e4urehaltige Getr\u00e4nke geeignet. F\u00fcr die Sp\u00fclmaschine und Mikrowelle ist die kids bottle nicht geeignet.<\/p>\n<p>Fassungsverm\u00f6gen: 350 ml<\/p>\n<p>Lieferung: 1 Flasche mit 2 Deckeln in Geschenkverpackung<\/p>\n<p>&nbsp;<\/p>\n","protected":false},"featured_media":15304,"template":"","meta":{"_et_pb_use_builder":"","_et_pb_old_content":"","_et_gb_content_width":""},"product_brand":[],"product_cat":[845,82],"product_tag":[379,1780,382,381],"class_list":{"0":"post-15302","1":"product","2":"type-product","3":"status-publish","4":"has-post-thumbnail","6":"product_cat-kindergeschirr-mit-nordischem-charme-regalino","7":"product_cat-unterwegs-picknick-praktische-lieblingsstuecke-regalino","8":"product_tag-flasche","9":"product_tag-kindertrinkflasche","10":"product_tag-neues-design","11":"product_tag-trinkflasche","13":"first","14":"instock","15":"taxable","16":"shipping-taxable","17":"purchasable","18":"product-type-simple"},"yoast_head":"<!-- This site is optimized with the Yoast SEO plugin v27.5 - https:\/\/yoast.com\/product\/yoast-seo-wordpress\/ -->\n<title>bioloco sky kids Thermoflasche *Doodles* - Regalino -Lively Style<\/title>\n<meta name=\"description\" content=\"h\u00e4lt mit ihrer Doppelwand aus Edelstahl Getr\u00e4nke bis zu 12 Stunden warm und bis zu 24 Stunden kalt. Die Flasche verf\u00fcgt \u00fcber einen Transport- sowie einen Strohhalmdeckel, sowie eine Reinigungsb\u00fcrste. Die Flasche ist f\u00fcr kohlens\u00e4urehaltige Getr\u00e4nke geeignet.\" \/>\n<meta name=\"robots\" content=\"index, follow, max-snippet:-1, max-image-preview:large, max-video-preview:-1\" \/>\n<link rel=\"canonical\" href=\"https:\/\/Regalino-Shop.de\/?product=bioloco-sky-kids-thermoflasche-doodles\" \/>\n<meta property=\"og:locale\" content=\"de_DE\" \/>\n<meta property=\"og:type\" content=\"article\" \/>\n<meta property=\"og:title\" content=\"bioloco sky kids Thermoflasche *Doodles* - Regalino -Lively Style\" \/>\n<meta property=\"og:description\" content=\"h\u00e4lt mit ihrer Doppelwand aus Edelstahl Getr\u00e4nke bis zu 12 Stunden warm und bis zu 24 Stunden kalt. Die Flasche verf\u00fcgt \u00fcber einen Transport- sowie einen Strohhalmdeckel, sowie eine Reinigungsb\u00fcrste. Die Flasche ist f\u00fcr kohlens\u00e4urehaltige Getr\u00e4nke geeignet.\" \/>\n<meta property=\"og:url\" content=\"https:\/\/Regalino-Shop.de\/?product=bioloco-sky-kids-thermoflasche-doodles\" \/>\n<meta property=\"og:site_name\" content=\"Regalino -Lively Style\" \/>\n<meta property=\"article:modified_time\" content=\"2026-01-29T15:48:12+00:00\" \/>\n<meta property=\"og:image\" content=\"https:\/\/Regalino-Shop.de\/wp-content\/uploads\/2024\/12\/doodles-tiere-thermosflasche-trinkflasche-kinder-chic-mic.jpg\" \/>\n\t<meta property=\"og:image:width\" content=\"559\" \/>\n\t<meta property=\"og:image:height\" content=\"529\" \/>\n\t<meta property=\"og:image:type\" content=\"image\/jpeg\" \/>\n<meta name=\"twitter:card\" content=\"summary_large_image\" \/>\n<meta name=\"twitter:label1\" content=\"Gesch\u00e4tzte Lesezeit\" \/>\n\t<meta name=\"twitter:data1\" content=\"1\u00a0Minute\" \/>\n<script type=\"application\/ld+json\" class=\"yoast-schema-graph\">{\"@context\":\"https:\\\/\\\/schema.org\",\"@graph\":[{\"@type\":\"WebPage\",\"@id\":\"https:\\\/\\\/Regalino-Shop.de\\\/?product=bioloco-sky-kids-thermoflasche-doodles\",\"url\":\"https:\\\/\\\/Regalino-Shop.de\\\/?product=bioloco-sky-kids-thermoflasche-doodles\",\"name\":\"bioloco sky kids Thermoflasche *Doodles* - Regalino -Lively Style\",\"isPartOf\":{\"@id\":\"https:\\\/\\\/Regalino-Shop.de\\\/#website\"},\"primaryImageOfPage\":{\"@id\":\"https:\\\/\\\/Regalino-Shop.de\\\/?product=bioloco-sky-kids-thermoflasche-doodles#primaryimage\"},\"image\":{\"@id\":\"https:\\\/\\\/Regalino-Shop.de\\\/?product=bioloco-sky-kids-thermoflasche-doodles#primaryimage\"},\"thumbnailUrl\":\"https:\\\/\\\/Regalino-Shop.de\\\/wp-content\\\/uploads\\\/2024\\\/12\\\/doodles-tiere-thermosflasche-trinkflasche-kinder-chic-mic.jpg\",\"datePublished\":\"2024-12-03T13:19:11+00:00\",\"dateModified\":\"2026-01-29T15:48:12+00:00\",\"description\":\"h\u00e4lt mit ihrer Doppelwand aus Edelstahl Getr\u00e4nke bis zu 12 Stunden warm und bis zu 24 Stunden kalt. Die Flasche verf\u00fcgt \u00fcber einen Transport- sowie einen Strohhalmdeckel, sowie eine Reinigungsb\u00fcrste. Die Flasche ist f\u00fcr kohlens\u00e4urehaltige Getr\u00e4nke geeignet.\",\"breadcrumb\":{\"@id\":\"https:\\\/\\\/Regalino-Shop.de\\\/?product=bioloco-sky-kids-thermoflasche-doodles#breadcrumb\"},\"inLanguage\":\"de\",\"potentialAction\":[{\"@type\":\"ReadAction\",\"target\":[\"https:\\\/\\\/Regalino-Shop.de\\\/?product=bioloco-sky-kids-thermoflasche-doodles\"]}]},{\"@type\":\"ImageObject\",\"inLanguage\":\"de\",\"@id\":\"https:\\\/\\\/Regalino-Shop.de\\\/?product=bioloco-sky-kids-thermoflasche-doodles#primaryimage\",\"url\":\"https:\\\/\\\/Regalino-Shop.de\\\/wp-content\\\/uploads\\\/2024\\\/12\\\/doodles-tiere-thermosflasche-trinkflasche-kinder-chic-mic.jpg\",\"contentUrl\":\"https:\\\/\\\/Regalino-Shop.de\\\/wp-content\\\/uploads\\\/2024\\\/12\\\/doodles-tiere-thermosflasche-trinkflasche-kinder-chic-mic.jpg\",\"width\":559,\"height\":529,\"caption\":\"Thermo-Iso-Trinkflasche-kinder\"},{\"@type\":\"BreadcrumbList\",\"@id\":\"https:\\\/\\\/Regalino-Shop.de\\\/?product=bioloco-sky-kids-thermoflasche-doodles#breadcrumb\",\"itemListElement\":[{\"@type\":\"ListItem\",\"position\":1,\"name\":\"Startseite\",\"item\":\"https:\\\/\\\/Regalino-Shop.de\\\/\"},{\"@type\":\"ListItem\",\"position\":2,\"name\":\"Shop\",\"item\":\"https:\\\/\\\/Regalino-Shop.de\\\/?page_id=40\"},{\"@type\":\"ListItem\",\"position\":3,\"name\":\"bioloco sky kids Thermoflasche *Doodles*\"}]},{\"@type\":\"WebSite\",\"@id\":\"https:\\\/\\\/Regalino-Shop.de\\\/#website\",\"url\":\"https:\\\/\\\/Regalino-Shop.de\\\/\",\"name\":\"Regalino -Lively Style\",\"description\":\"gelebtes Zuhause\",\"potentialAction\":[{\"@type\":\"SearchAction\",\"target\":{\"@type\":\"EntryPoint\",\"urlTemplate\":\"https:\\\/\\\/Regalino-Shop.de\\\/?s={search_term_string}\"},\"query-input\":{\"@type\":\"PropertyValueSpecification\",\"valueRequired\":true,\"valueName\":\"search_term_string\"}}],\"inLanguage\":\"de\"}]}<\/script>\n<!-- \/ Yoast SEO plugin. -->","yoast_head_json":{"title":"bioloco sky kids Thermoflasche *Doodles* - Regalino -Lively Style","description":"h\u00e4lt mit ihrer Doppelwand aus Edelstahl Getr\u00e4nke bis zu 12 Stunden warm und bis zu 24 Stunden kalt. Die Flasche verf\u00fcgt \u00fcber einen Transport- sowie einen Strohhalmdeckel, sowie eine Reinigungsb\u00fcrste. Die Flasche ist f\u00fcr kohlens\u00e4urehaltige Getr\u00e4nke geeignet.","robots":{"index":"index","follow":"follow","max-snippet":"max-snippet:-1","max-image-preview":"max-image-preview:large","max-video-preview":"max-video-preview:-1"},"canonical":"https:\/\/Regalino-Shop.de\/?product=bioloco-sky-kids-thermoflasche-doodles","og_locale":"de_DE","og_type":"article","og_title":"bioloco sky kids Thermoflasche *Doodles* - Regalino -Lively Style","og_description":"h\u00e4lt mit ihrer Doppelwand aus Edelstahl Getr\u00e4nke bis zu 12 Stunden warm und bis zu 24 Stunden kalt. Die Flasche verf\u00fcgt \u00fcber einen Transport- sowie einen Strohhalmdeckel, sowie eine Reinigungsb\u00fcrste. Die Flasche ist f\u00fcr kohlens\u00e4urehaltige Getr\u00e4nke geeignet.","og_url":"https:\/\/Regalino-Shop.de\/?product=bioloco-sky-kids-thermoflasche-doodles","og_site_name":"Regalino -Lively Style","article_modified_time":"2026-01-29T15:48:12+00:00","og_image":[{"width":559,"height":529,"url":"https:\/\/Regalino-Shop.de\/wp-content\/uploads\/2024\/12\/doodles-tiere-thermosflasche-trinkflasche-kinder-chic-mic.jpg","type":"image\/jpeg"}],"twitter_card":"summary_large_image","twitter_misc":{"Gesch\u00e4tzte Lesezeit":"1\u00a0Minute"},"schema":{"@context":"https:\/\/schema.org","@graph":[{"@type":"WebPage","@id":"https:\/\/Regalino-Shop.de\/?product=bioloco-sky-kids-thermoflasche-doodles","url":"https:\/\/Regalino-Shop.de\/?product=bioloco-sky-kids-thermoflasche-doodles","name":"bioloco sky kids Thermoflasche *Doodles* - Regalino -Lively Style","isPartOf":{"@id":"https:\/\/Regalino-Shop.de\/#website"},"primaryImageOfPage":{"@id":"https:\/\/Regalino-Shop.de\/?product=bioloco-sky-kids-thermoflasche-doodles#primaryimage"},"image":{"@id":"https:\/\/Regalino-Shop.de\/?product=bioloco-sky-kids-thermoflasche-doodles#primaryimage"},"thumbnailUrl":"https:\/\/Regalino-Shop.de\/wp-content\/uploads\/2024\/12\/doodles-tiere-thermosflasche-trinkflasche-kinder-chic-mic.jpg","datePublished":"2024-12-03T13:19:11+00:00","dateModified":"2026-01-29T15:48:12+00:00","description":"h\u00e4lt mit ihrer Doppelwand aus Edelstahl Getr\u00e4nke bis zu 12 Stunden warm und bis zu 24 Stunden kalt. Die Flasche verf\u00fcgt \u00fcber einen Transport- sowie einen Strohhalmdeckel, sowie eine Reinigungsb\u00fcrste. Die Flasche ist f\u00fcr kohlens\u00e4urehaltige Getr\u00e4nke geeignet.","breadcrumb":{"@id":"https:\/\/Regalino-Shop.de\/?product=bioloco-sky-kids-thermoflasche-doodles#breadcrumb"},"inLanguage":"de","potentialAction":[{"@type":"ReadAction","target":["https:\/\/Regalino-Shop.de\/?product=bioloco-sky-kids-thermoflasche-doodles"]}]},{"@type":"ImageObject","inLanguage":"de","@id":"https:\/\/Regalino-Shop.de\/?product=bioloco-sky-kids-thermoflasche-doodles#primaryimage","url":"https:\/\/Regalino-Shop.de\/wp-content\/uploads\/2024\/12\/doodles-tiere-thermosflasche-trinkflasche-kinder-chic-mic.jpg","contentUrl":"https:\/\/Regalino-Shop.de\/wp-content\/uploads\/2024\/12\/doodles-tiere-thermosflasche-trinkflasche-kinder-chic-mic.jpg","width":559,"height":529,"caption":"Thermo-Iso-Trinkflasche-kinder"},{"@type":"BreadcrumbList","@id":"https:\/\/Regalino-Shop.de\/?product=bioloco-sky-kids-thermoflasche-doodles#breadcrumb","itemListElement":[{"@type":"ListItem","position":1,"name":"Startseite","item":"https:\/\/Regalino-Shop.de\/"},{"@type":"ListItem","position":2,"name":"Shop","item":"https:\/\/Regalino-Shop.de\/?page_id=40"},{"@type":"ListItem","position":3,"name":"bioloco sky kids Thermoflasche *Doodles*"}]},{"@type":"WebSite","@id":"https:\/\/Regalino-Shop.de\/#website","url":"https:\/\/Regalino-Shop.de\/","name":"Regalino -Lively Style","description":"gelebtes Zuhause","potentialAction":[{"@type":"SearchAction","target":{"@type":"EntryPoint","urlTemplate":"https:\/\/Regalino-Shop.de\/?s={search_term_string}"},"query-input":{"@type":"PropertyValueSpecification","valueRequired":true,"valueName":"search_term_string"}}],"inLanguage":"de"}]}},"_links":{"self":[{"href":"https:\/\/Regalino-Shop.de\/index.php?rest_route=\/wp\/v2\/product\/15302","targetHints":{"allow":["GET"]}}],"collection":[{"href":"https:\/\/Regalino-Shop.de\/index.php?rest_route=\/wp\/v2\/product"}],"about":[{"href":"https:\/\/Regalino-Shop.de\/index.php?rest_route=\/wp\/v2\/types\/product"}],"wp:featuredmedia":[{"embeddable":true,"href":"https:\/\/Regalino-Shop.de\/index.php?rest_route=\/wp\/v2\/media\/15304"}],"wp:attachment":[{"href":"https:\/\/Regalino-Shop.de\/index.php?rest_route=%2Fwp%2Fv2%2Fmedia&parent=15302"}],"wp:term":[{"taxonomy":"product_brand","embeddable":true,"href":"https:\/\/Regalino-Shop.de\/index.php?rest_route=%2Fwp%2Fv2%2Fproduct_brand&post=15302"},{"taxonomy":"product_cat","embeddable":true,"href":"https:\/\/Regalino-Shop.de\/index.php?rest_route=%2Fwp%2Fv2%2Fproduct_cat&post=15302"},{"taxonomy":"product_tag","embeddable":true,"href":"https:\/\/Regalino-Shop.de\/index.php?rest_route=%2Fwp%2Fv2%2Fproduct_tag&post=15302"}],"curies":[{"name":"wp","href":"https:\/\/api.w.org\/{rel}","templated":true}]}}