{"id":15343,"date":"2024-12-10T20:53:06","date_gmt":"2024-12-10T20:53:06","guid":{"rendered":"https:\/\/Regalino-Shop.de\/?post_type=product&#038;p=15343"},"modified":"2026-03-29T07:58:50","modified_gmt":"2026-03-29T07:58:50","slug":"guerteltasche-canvas-teddy-von-liefe","status":"publish","type":"product","link":"https:\/\/Regalino-Shop.de\/?product=guerteltasche-canvas-teddy-von-liefe","title":{"rendered":"G\u00fcrteltasche *Canvas* Teddy von Liefe"},"content":{"rendered":"","protected":false},"excerpt":{"rendered":"<h3>aus Vintage &#8211; Zeltstoff&#8230;<\/h3>\n<p>Hergestellt aus recyceltem Segeltuch und Teddybaumwolle. Mit Lederdetails versehen. Der H\u00fcft-\/Schultergurt ist leicht in der L\u00e4nge verstellbar. Die BumBag kann auf verschiedene Arten getragen werden, um die H\u00fcfte, \u00fcber der Schulter oder als Umh\u00e4ngetasche.<br \/>\nDie Farben k\u00f6nnen aufgrund der Verwendung von recycelten und gebrauchten Stoffen variieren. Au\u00dferdem kann hier und da ein Patch auf den Stoff gen\u00e4ht werden, um Besch\u00e4digungen oder Flecken abzudecken.<\/p>\n<p>kunststofffrei, recycelt, upcycelt<\/p>\n<p>Wie alle Liefe-Taschen wird auch diese Material in einem kleinen Atelier produziert, in dem Nachhaltigkeit von gro\u00dfer Bedeutung ist.<\/p>\n<ul>\n<li>Gr\u00f6\u00dfe: 37 x 4 x 15 cm<\/li>\n<li>Farbe: natur<\/li>\n<\/ul>\n<p>Lieferumfang: 1 Tasche<\/p>\n","protected":false},"featured_media":15344,"template":"","meta":{"_et_pb_use_builder":"","_et_pb_old_content":"","_et_gb_content_width":""},"product_brand":[],"product_cat":[2983,57,102],"product_tag":[1223,1390,363],"class_list":{"0":"post-15343","1":"product","2":"type-product","3":"status-publish","4":"has-post-thumbnail","6":"product_cat-accessoires","7":"product_cat-neu-eingetroffen-neue-lieblingsstuecke-bei-regalino","8":"product_cat-taschen-handtaschen-stilvolle-alltagsbegleiter-regalino","9":"product_tag-crossbody","10":"product_tag-guerteltasche","11":"product_tag-nachhaltig","13":"first","14":"instock","15":"taxable","16":"shipping-taxable","17":"purchasable","18":"product-type-simple"},"yoast_head":"<!-- This site is optimized with the Yoast SEO plugin v27.5 - https:\/\/yoast.com\/product\/yoast-seo-wordpress\/ -->\n<title>G\u00fcrteltasche *Canvas* Teddy von Liefe - Regalino -Lively Style<\/title>\n<meta name=\"description\" content=\"Hergestellt aus recyceltem Segeltuch und Teddybaumwolle. Mit Lederdetails versehen. Der H\u00fcft-\/Schultergurt ist leicht in der L\u00e4nge verstellbar. Die BumBag kann auf verschiedene Arten getragen werden, um die H\u00fcfte, \u00fcber der Schulter oder als Umh\u00e4ngetasche\" \/>\n<meta name=\"robots\" content=\"index, follow, max-snippet:-1, max-image-preview:large, max-video-preview:-1\" \/>\n<link rel=\"canonical\" href=\"https:\/\/Regalino-Shop.de\/?product=guerteltasche-canvas-teddy-von-liefe\" \/>\n<meta property=\"og:locale\" content=\"de_DE\" \/>\n<meta property=\"og:type\" content=\"article\" \/>\n<meta property=\"og:title\" content=\"G\u00fcrteltasche *Canvas* Teddy von Liefe - Regalino -Lively Style\" \/>\n<meta property=\"og:description\" content=\"Hergestellt aus recyceltem Segeltuch und Teddybaumwolle. Mit Lederdetails versehen. Der H\u00fcft-\/Schultergurt ist leicht in der L\u00e4nge verstellbar. Die BumBag kann auf verschiedene Arten getragen werden, um die H\u00fcfte, \u00fcber der Schulter oder als Umh\u00e4ngetasche\" \/>\n<meta property=\"og:url\" content=\"https:\/\/Regalino-Shop.de\/?product=guerteltasche-canvas-teddy-von-liefe\" \/>\n<meta property=\"og:site_name\" content=\"Regalino -Lively Style\" \/>\n<meta property=\"article:modified_time\" content=\"2026-03-29T07:58:50+00:00\" \/>\n<meta property=\"og:image\" content=\"https:\/\/Regalino-Shop.de\/wp-content\/uploads\/2024\/12\/Guerteltasche-Umhaengetasche-canvas-Liefe-upcycelt-teddy.jpg\" \/>\n\t<meta property=\"og:image:width\" content=\"379\" \/>\n\t<meta property=\"og:image:height\" content=\"377\" \/>\n\t<meta property=\"og:image:type\" content=\"image\/jpeg\" \/>\n<meta name=\"twitter:card\" content=\"summary_large_image\" \/>\n<meta name=\"twitter:label1\" content=\"Gesch\u00e4tzte Lesezeit\" \/>\n\t<meta name=\"twitter:data1\" content=\"1\u00a0Minute\" \/>\n<script type=\"application\/ld+json\" class=\"yoast-schema-graph\">{\"@context\":\"https:\\\/\\\/schema.org\",\"@graph\":[{\"@type\":\"WebPage\",\"@id\":\"https:\\\/\\\/Regalino-Shop.de\\\/?product=guerteltasche-canvas-teddy-von-liefe\",\"url\":\"https:\\\/\\\/Regalino-Shop.de\\\/?product=guerteltasche-canvas-teddy-von-liefe\",\"name\":\"G\u00fcrteltasche *Canvas* Teddy von Liefe - Regalino -Lively Style\",\"isPartOf\":{\"@id\":\"https:\\\/\\\/Regalino-Shop.de\\\/#website\"},\"primaryImageOfPage\":{\"@id\":\"https:\\\/\\\/Regalino-Shop.de\\\/?product=guerteltasche-canvas-teddy-von-liefe#primaryimage\"},\"image\":{\"@id\":\"https:\\\/\\\/Regalino-Shop.de\\\/?product=guerteltasche-canvas-teddy-von-liefe#primaryimage\"},\"thumbnailUrl\":\"https:\\\/\\\/Regalino-Shop.de\\\/wp-content\\\/uploads\\\/2024\\\/12\\\/Guerteltasche-Umhaengetasche-canvas-Liefe-upcycelt-teddy.jpg\",\"datePublished\":\"2024-12-10T20:53:06+00:00\",\"dateModified\":\"2026-03-29T07:58:50+00:00\",\"description\":\"Hergestellt aus recyceltem Segeltuch und Teddybaumwolle. Mit Lederdetails versehen. Der H\u00fcft-\\\/Schultergurt ist leicht in der L\u00e4nge verstellbar. Die BumBag kann auf verschiedene Arten getragen werden, um die H\u00fcfte, \u00fcber der Schulter oder als Umh\u00e4ngetasche\",\"breadcrumb\":{\"@id\":\"https:\\\/\\\/Regalino-Shop.de\\\/?product=guerteltasche-canvas-teddy-von-liefe#breadcrumb\"},\"inLanguage\":\"de\",\"potentialAction\":[{\"@type\":\"ReadAction\",\"target\":[\"https:\\\/\\\/Regalino-Shop.de\\\/?product=guerteltasche-canvas-teddy-von-liefe\"]}]},{\"@type\":\"ImageObject\",\"inLanguage\":\"de\",\"@id\":\"https:\\\/\\\/Regalino-Shop.de\\\/?product=guerteltasche-canvas-teddy-von-liefe#primaryimage\",\"url\":\"https:\\\/\\\/Regalino-Shop.de\\\/wp-content\\\/uploads\\\/2024\\\/12\\\/Guerteltasche-Umhaengetasche-canvas-Liefe-upcycelt-teddy.jpg\",\"contentUrl\":\"https:\\\/\\\/Regalino-Shop.de\\\/wp-content\\\/uploads\\\/2024\\\/12\\\/Guerteltasche-Umhaengetasche-canvas-Liefe-upcycelt-teddy.jpg\",\"width\":379,\"height\":377,\"caption\":\"g\u00fcrteltasche\"},{\"@type\":\"BreadcrumbList\",\"@id\":\"https:\\\/\\\/Regalino-Shop.de\\\/?product=guerteltasche-canvas-teddy-von-liefe#breadcrumb\",\"itemListElement\":[{\"@type\":\"ListItem\",\"position\":1,\"name\":\"Startseite\",\"item\":\"https:\\\/\\\/Regalino-Shop.de\\\/\"},{\"@type\":\"ListItem\",\"position\":2,\"name\":\"Shop\",\"item\":\"https:\\\/\\\/Regalino-Shop.de\\\/?page_id=40\"},{\"@type\":\"ListItem\",\"position\":3,\"name\":\"G\u00fcrteltasche *Canvas* Teddy von Liefe\"}]},{\"@type\":\"WebSite\",\"@id\":\"https:\\\/\\\/Regalino-Shop.de\\\/#website\",\"url\":\"https:\\\/\\\/Regalino-Shop.de\\\/\",\"name\":\"Regalino -Lively Style\",\"description\":\"gelebtes Zuhause\",\"potentialAction\":[{\"@type\":\"SearchAction\",\"target\":{\"@type\":\"EntryPoint\",\"urlTemplate\":\"https:\\\/\\\/Regalino-Shop.de\\\/?s={search_term_string}\"},\"query-input\":{\"@type\":\"PropertyValueSpecification\",\"valueRequired\":true,\"valueName\":\"search_term_string\"}}],\"inLanguage\":\"de\"}]}<\/script>\n<!-- \/ Yoast SEO plugin. -->","yoast_head_json":{"title":"G\u00fcrteltasche *Canvas* Teddy von Liefe - Regalino -Lively Style","description":"Hergestellt aus recyceltem Segeltuch und Teddybaumwolle. Mit Lederdetails versehen. Der H\u00fcft-\/Schultergurt ist leicht in der L\u00e4nge verstellbar. Die BumBag kann auf verschiedene Arten getragen werden, um die H\u00fcfte, \u00fcber der Schulter oder als Umh\u00e4ngetasche","robots":{"index":"index","follow":"follow","max-snippet":"max-snippet:-1","max-image-preview":"max-image-preview:large","max-video-preview":"max-video-preview:-1"},"canonical":"https:\/\/Regalino-Shop.de\/?product=guerteltasche-canvas-teddy-von-liefe","og_locale":"de_DE","og_type":"article","og_title":"G\u00fcrteltasche *Canvas* Teddy von Liefe - Regalino -Lively Style","og_description":"Hergestellt aus recyceltem Segeltuch und Teddybaumwolle. Mit Lederdetails versehen. Der H\u00fcft-\/Schultergurt ist leicht in der L\u00e4nge verstellbar. Die BumBag kann auf verschiedene Arten getragen werden, um die H\u00fcfte, \u00fcber der Schulter oder als Umh\u00e4ngetasche","og_url":"https:\/\/Regalino-Shop.de\/?product=guerteltasche-canvas-teddy-von-liefe","og_site_name":"Regalino -Lively Style","article_modified_time":"2026-03-29T07:58:50+00:00","og_image":[{"width":379,"height":377,"url":"https:\/\/Regalino-Shop.de\/wp-content\/uploads\/2024\/12\/Guerteltasche-Umhaengetasche-canvas-Liefe-upcycelt-teddy.jpg","type":"image\/jpeg"}],"twitter_card":"summary_large_image","twitter_misc":{"Gesch\u00e4tzte Lesezeit":"1\u00a0Minute"},"schema":{"@context":"https:\/\/schema.org","@graph":[{"@type":"WebPage","@id":"https:\/\/Regalino-Shop.de\/?product=guerteltasche-canvas-teddy-von-liefe","url":"https:\/\/Regalino-Shop.de\/?product=guerteltasche-canvas-teddy-von-liefe","name":"G\u00fcrteltasche *Canvas* Teddy von Liefe - Regalino -Lively Style","isPartOf":{"@id":"https:\/\/Regalino-Shop.de\/#website"},"primaryImageOfPage":{"@id":"https:\/\/Regalino-Shop.de\/?product=guerteltasche-canvas-teddy-von-liefe#primaryimage"},"image":{"@id":"https:\/\/Regalino-Shop.de\/?product=guerteltasche-canvas-teddy-von-liefe#primaryimage"},"thumbnailUrl":"https:\/\/Regalino-Shop.de\/wp-content\/uploads\/2024\/12\/Guerteltasche-Umhaengetasche-canvas-Liefe-upcycelt-teddy.jpg","datePublished":"2024-12-10T20:53:06+00:00","dateModified":"2026-03-29T07:58:50+00:00","description":"Hergestellt aus recyceltem Segeltuch und Teddybaumwolle. Mit Lederdetails versehen. Der H\u00fcft-\/Schultergurt ist leicht in der L\u00e4nge verstellbar. Die BumBag kann auf verschiedene Arten getragen werden, um die H\u00fcfte, \u00fcber der Schulter oder als Umh\u00e4ngetasche","breadcrumb":{"@id":"https:\/\/Regalino-Shop.de\/?product=guerteltasche-canvas-teddy-von-liefe#breadcrumb"},"inLanguage":"de","potentialAction":[{"@type":"ReadAction","target":["https:\/\/Regalino-Shop.de\/?product=guerteltasche-canvas-teddy-von-liefe"]}]},{"@type":"ImageObject","inLanguage":"de","@id":"https:\/\/Regalino-Shop.de\/?product=guerteltasche-canvas-teddy-von-liefe#primaryimage","url":"https:\/\/Regalino-Shop.de\/wp-content\/uploads\/2024\/12\/Guerteltasche-Umhaengetasche-canvas-Liefe-upcycelt-teddy.jpg","contentUrl":"https:\/\/Regalino-Shop.de\/wp-content\/uploads\/2024\/12\/Guerteltasche-Umhaengetasche-canvas-Liefe-upcycelt-teddy.jpg","width":379,"height":377,"caption":"g\u00fcrteltasche"},{"@type":"BreadcrumbList","@id":"https:\/\/Regalino-Shop.de\/?product=guerteltasche-canvas-teddy-von-liefe#breadcrumb","itemListElement":[{"@type":"ListItem","position":1,"name":"Startseite","item":"https:\/\/Regalino-Shop.de\/"},{"@type":"ListItem","position":2,"name":"Shop","item":"https:\/\/Regalino-Shop.de\/?page_id=40"},{"@type":"ListItem","position":3,"name":"G\u00fcrteltasche *Canvas* Teddy von Liefe"}]},{"@type":"WebSite","@id":"https:\/\/Regalino-Shop.de\/#website","url":"https:\/\/Regalino-Shop.de\/","name":"Regalino -Lively Style","description":"gelebtes Zuhause","potentialAction":[{"@type":"SearchAction","target":{"@type":"EntryPoint","urlTemplate":"https:\/\/Regalino-Shop.de\/?s={search_term_string}"},"query-input":{"@type":"PropertyValueSpecification","valueRequired":true,"valueName":"search_term_string"}}],"inLanguage":"de"}]}},"_links":{"self":[{"href":"https:\/\/Regalino-Shop.de\/index.php?rest_route=\/wp\/v2\/product\/15343","targetHints":{"allow":["GET"]}}],"collection":[{"href":"https:\/\/Regalino-Shop.de\/index.php?rest_route=\/wp\/v2\/product"}],"about":[{"href":"https:\/\/Regalino-Shop.de\/index.php?rest_route=\/wp\/v2\/types\/product"}],"wp:featuredmedia":[{"embeddable":true,"href":"https:\/\/Regalino-Shop.de\/index.php?rest_route=\/wp\/v2\/media\/15344"}],"wp:attachment":[{"href":"https:\/\/Regalino-Shop.de\/index.php?rest_route=%2Fwp%2Fv2%2Fmedia&parent=15343"}],"wp:term":[{"taxonomy":"product_brand","embeddable":true,"href":"https:\/\/Regalino-Shop.de\/index.php?rest_route=%2Fwp%2Fv2%2Fproduct_brand&post=15343"},{"taxonomy":"product_cat","embeddable":true,"href":"https:\/\/Regalino-Shop.de\/index.php?rest_route=%2Fwp%2Fv2%2Fproduct_cat&post=15343"},{"taxonomy":"product_tag","embeddable":true,"href":"https:\/\/Regalino-Shop.de\/index.php?rest_route=%2Fwp%2Fv2%2Fproduct_tag&post=15343"}],"curies":[{"name":"wp","href":"https:\/\/api.w.org\/{rel}","templated":true}]}}