{"id":15648,"date":"2025-02-01T13:54:49","date_gmt":"2025-02-01T13:54:49","guid":{"rendered":"https:\/\/Regalino-Shop.de\/?post_type=product&#038;p=15648"},"modified":"2025-07-18T11:11:34","modified_gmt":"2025-07-18T11:11:34","slug":"schaelchen-rund-2-varianten","status":"publish","type":"product","link":"https:\/\/Regalino-Shop.de\/?product=schaelchen-rund-2-varianten","title":{"rendered":"Sch\u00e4lchen rund -2 Varianten-"},"content":{"rendered":"","protected":false},"excerpt":{"rendered":"<h3>sch\u00f6n schlicht &#8211; italienische Keramik aus Umbrien<\/h3>\n<p>in 2 Farbvarianten verf\u00fcgbar<\/p>\n<p>f\u00fcr Dips, Salat, N\u00fcsse und mehr<\/p>\n<ul>\n<li>Material: Keramik<\/li>\n<li>Ma\u00dfe: Durchmesser 9 cm &#8211; H\u00f6he 4,7 cm<\/li>\n<li>Farbe: innen natur &#8211; au\u00dfen mint bzw. innen natur &#8211; au\u00dfen t\u00fcrkis<\/li>\n<li>Pflegehinweis: <span class=\"tag\">Sp\u00fclmaschinengeeignet bis 40 \u00b0C. Bitte beachten, dass die Keramik in der Sp\u00fclmaschine nicht aneinander geraten sollte, da es sonst zum Abplatzen der Lasur kommen kann. Das Geschirr ist nicht mikrowellengeeignet. <\/span><\/li>\n<li class=\"flx-ac\"><span class=\"tag\">Auflaufform ist backofenfest bis 220 Grad. Temperaturspr\u00fcnge (K\u00fchlschrank in den Backofen) vermeiden. Backofen nicht vorheizen.<\/span><\/li>\n<\/ul>\n<p>Lieferung: 1 Sch\u00e4lchen<\/p>\n","protected":false},"featured_media":15651,"template":"","meta":{"_et_pb_use_builder":"","_et_pb_old_content":"","_et_gb_content_width":""},"product_brand":[],"product_cat":[76,57],"product_tag":[1082,1792,922,340],"class_list":{"0":"post-15648","1":"product","2":"type-product","3":"status-publish","4":"has-post-thumbnail","6":"product_cat-geschirr-fuer-stilvolle-genussmomente-regalino","7":"product_cat-neu-eingetroffen-neue-lieblingsstuecke-bei-regalino","8":"product_tag-auflaufform","9":"product_tag-brotkorb","10":"product_tag-salatschale","11":"product_tag-tablett","13":"first","14":"instock","15":"taxable","16":"shipping-taxable","17":"purchasable","18":"product-type-variable"},"yoast_head":"<!-- This site is optimized with the Yoast SEO plugin v27.5 - https:\/\/yoast.com\/product\/yoast-seo-wordpress\/ -->\n<title>Sch\u00e4lchen rund -2 Varianten- Regalino -Lively Style<\/title>\n<meta name=\"description\" content=\"sch\u00f6n schlicht - italienische Keramik aus Umbrien\" \/>\n<meta name=\"robots\" content=\"index, follow, max-snippet:-1, max-image-preview:large, max-video-preview:-1\" \/>\n<link rel=\"canonical\" href=\"https:\/\/Regalino-Shop.de\/?product=schaelchen-rund-2-varianten\" \/>\n<meta property=\"og:locale\" content=\"de_DE\" \/>\n<meta property=\"og:type\" content=\"article\" \/>\n<meta property=\"og:title\" content=\"Sch\u00e4lchen rund -2 Varianten- Regalino -Lively Style\" \/>\n<meta property=\"og:description\" content=\"sch\u00f6n schlicht - italienische Keramik aus Umbrien\" \/>\n<meta property=\"og:url\" content=\"https:\/\/Regalino-Shop.de\/?product=schaelchen-rund-2-varianten\" \/>\n<meta property=\"og:site_name\" content=\"Regalino -Lively Style\" \/>\n<meta property=\"article:modified_time\" content=\"2025-07-18T11:11:34+00:00\" \/>\n<meta property=\"og:image\" content=\"https:\/\/Regalino-Shop.de\/wp-content\/uploads\/2025\/02\/schaelchen-dip-tuerkis-keramik-gruen-und-form-mood.jpg\" \/>\n\t<meta property=\"og:image:width\" content=\"1120\" \/>\n\t<meta property=\"og:image:height\" content=\"1120\" \/>\n\t<meta property=\"og:image:type\" content=\"image\/jpeg\" \/>\n<meta name=\"twitter:card\" content=\"summary_large_image\" \/>\n<meta name=\"twitter:label1\" content=\"Gesch\u00e4tzte Lesezeit\" \/>\n\t<meta name=\"twitter:data1\" content=\"1\u00a0Minute\" \/>\n<script type=\"application\/ld+json\" class=\"yoast-schema-graph\">{\"@context\":\"https:\\\/\\\/schema.org\",\"@graph\":[{\"@type\":\"WebPage\",\"@id\":\"https:\\\/\\\/Regalino-Shop.de\\\/?product=schaelchen-rund-2-varianten\",\"url\":\"https:\\\/\\\/Regalino-Shop.de\\\/?product=schaelchen-rund-2-varianten\",\"name\":\"Sch\u00e4lchen rund -2 Varianten- Regalino -Lively Style\",\"isPartOf\":{\"@id\":\"https:\\\/\\\/Regalino-Shop.de\\\/#website\"},\"primaryImageOfPage\":{\"@id\":\"https:\\\/\\\/Regalino-Shop.de\\\/?product=schaelchen-rund-2-varianten#primaryimage\"},\"image\":{\"@id\":\"https:\\\/\\\/Regalino-Shop.de\\\/?product=schaelchen-rund-2-varianten#primaryimage\"},\"thumbnailUrl\":\"https:\\\/\\\/Regalino-Shop.de\\\/wp-content\\\/uploads\\\/2025\\\/02\\\/schaelchen-dip-tuerkis-keramik-gruen-und-form-mood.jpg\",\"datePublished\":\"2025-02-01T13:54:49+00:00\",\"dateModified\":\"2025-07-18T11:11:34+00:00\",\"description\":\"sch\u00f6n schlicht - italienische Keramik aus Umbrien\",\"breadcrumb\":{\"@id\":\"https:\\\/\\\/Regalino-Shop.de\\\/?product=schaelchen-rund-2-varianten#breadcrumb\"},\"inLanguage\":\"de\",\"potentialAction\":[{\"@type\":\"ReadAction\",\"target\":[\"https:\\\/\\\/Regalino-Shop.de\\\/?product=schaelchen-rund-2-varianten\"]}]},{\"@type\":\"ImageObject\",\"inLanguage\":\"de\",\"@id\":\"https:\\\/\\\/Regalino-Shop.de\\\/?product=schaelchen-rund-2-varianten#primaryimage\",\"url\":\"https:\\\/\\\/Regalino-Shop.de\\\/wp-content\\\/uploads\\\/2025\\\/02\\\/schaelchen-dip-tuerkis-keramik-gruen-und-form-mood.jpg\",\"contentUrl\":\"https:\\\/\\\/Regalino-Shop.de\\\/wp-content\\\/uploads\\\/2025\\\/02\\\/schaelchen-dip-tuerkis-keramik-gruen-und-form-mood.jpg\",\"width\":1120,\"height\":1120,\"caption\":\"Siehe Titel\"},{\"@type\":\"BreadcrumbList\",\"@id\":\"https:\\\/\\\/Regalino-Shop.de\\\/?product=schaelchen-rund-2-varianten#breadcrumb\",\"itemListElement\":[{\"@type\":\"ListItem\",\"position\":1,\"name\":\"Startseite\",\"item\":\"https:\\\/\\\/Regalino-Shop.de\\\/\"},{\"@type\":\"ListItem\",\"position\":2,\"name\":\"Shop\",\"item\":\"https:\\\/\\\/Regalino-Shop.de\\\/?page_id=40\"},{\"@type\":\"ListItem\",\"position\":3,\"name\":\"Sch\u00e4lchen rund -2 Varianten-\"}]},{\"@type\":\"WebSite\",\"@id\":\"https:\\\/\\\/Regalino-Shop.de\\\/#website\",\"url\":\"https:\\\/\\\/Regalino-Shop.de\\\/\",\"name\":\"Regalino -Lively Style\",\"description\":\"gelebtes Zuhause\",\"potentialAction\":[{\"@type\":\"SearchAction\",\"target\":{\"@type\":\"EntryPoint\",\"urlTemplate\":\"https:\\\/\\\/Regalino-Shop.de\\\/?s={search_term_string}\"},\"query-input\":{\"@type\":\"PropertyValueSpecification\",\"valueRequired\":true,\"valueName\":\"search_term_string\"}}],\"inLanguage\":\"de\"}]}<\/script>\n<!-- \/ Yoast SEO plugin. -->","yoast_head_json":{"title":"Sch\u00e4lchen rund -2 Varianten- Regalino -Lively Style","description":"sch\u00f6n schlicht - italienische Keramik aus Umbrien","robots":{"index":"index","follow":"follow","max-snippet":"max-snippet:-1","max-image-preview":"max-image-preview:large","max-video-preview":"max-video-preview:-1"},"canonical":"https:\/\/Regalino-Shop.de\/?product=schaelchen-rund-2-varianten","og_locale":"de_DE","og_type":"article","og_title":"Sch\u00e4lchen rund -2 Varianten- Regalino -Lively Style","og_description":"sch\u00f6n schlicht - italienische Keramik aus Umbrien","og_url":"https:\/\/Regalino-Shop.de\/?product=schaelchen-rund-2-varianten","og_site_name":"Regalino -Lively Style","article_modified_time":"2025-07-18T11:11:34+00:00","og_image":[{"width":1120,"height":1120,"url":"https:\/\/Regalino-Shop.de\/wp-content\/uploads\/2025\/02\/schaelchen-dip-tuerkis-keramik-gruen-und-form-mood.jpg","type":"image\/jpeg"}],"twitter_card":"summary_large_image","twitter_misc":{"Gesch\u00e4tzte Lesezeit":"1\u00a0Minute"},"schema":{"@context":"https:\/\/schema.org","@graph":[{"@type":"WebPage","@id":"https:\/\/Regalino-Shop.de\/?product=schaelchen-rund-2-varianten","url":"https:\/\/Regalino-Shop.de\/?product=schaelchen-rund-2-varianten","name":"Sch\u00e4lchen rund -2 Varianten- Regalino -Lively Style","isPartOf":{"@id":"https:\/\/Regalino-Shop.de\/#website"},"primaryImageOfPage":{"@id":"https:\/\/Regalino-Shop.de\/?product=schaelchen-rund-2-varianten#primaryimage"},"image":{"@id":"https:\/\/Regalino-Shop.de\/?product=schaelchen-rund-2-varianten#primaryimage"},"thumbnailUrl":"https:\/\/Regalino-Shop.de\/wp-content\/uploads\/2025\/02\/schaelchen-dip-tuerkis-keramik-gruen-und-form-mood.jpg","datePublished":"2025-02-01T13:54:49+00:00","dateModified":"2025-07-18T11:11:34+00:00","description":"sch\u00f6n schlicht - italienische Keramik aus Umbrien","breadcrumb":{"@id":"https:\/\/Regalino-Shop.de\/?product=schaelchen-rund-2-varianten#breadcrumb"},"inLanguage":"de","potentialAction":[{"@type":"ReadAction","target":["https:\/\/Regalino-Shop.de\/?product=schaelchen-rund-2-varianten"]}]},{"@type":"ImageObject","inLanguage":"de","@id":"https:\/\/Regalino-Shop.de\/?product=schaelchen-rund-2-varianten#primaryimage","url":"https:\/\/Regalino-Shop.de\/wp-content\/uploads\/2025\/02\/schaelchen-dip-tuerkis-keramik-gruen-und-form-mood.jpg","contentUrl":"https:\/\/Regalino-Shop.de\/wp-content\/uploads\/2025\/02\/schaelchen-dip-tuerkis-keramik-gruen-und-form-mood.jpg","width":1120,"height":1120,"caption":"Siehe Titel"},{"@type":"BreadcrumbList","@id":"https:\/\/Regalino-Shop.de\/?product=schaelchen-rund-2-varianten#breadcrumb","itemListElement":[{"@type":"ListItem","position":1,"name":"Startseite","item":"https:\/\/Regalino-Shop.de\/"},{"@type":"ListItem","position":2,"name":"Shop","item":"https:\/\/Regalino-Shop.de\/?page_id=40"},{"@type":"ListItem","position":3,"name":"Sch\u00e4lchen rund -2 Varianten-"}]},{"@type":"WebSite","@id":"https:\/\/Regalino-Shop.de\/#website","url":"https:\/\/Regalino-Shop.de\/","name":"Regalino -Lively Style","description":"gelebtes Zuhause","potentialAction":[{"@type":"SearchAction","target":{"@type":"EntryPoint","urlTemplate":"https:\/\/Regalino-Shop.de\/?s={search_term_string}"},"query-input":{"@type":"PropertyValueSpecification","valueRequired":true,"valueName":"search_term_string"}}],"inLanguage":"de"}]}},"_links":{"self":[{"href":"https:\/\/Regalino-Shop.de\/index.php?rest_route=\/wp\/v2\/product\/15648","targetHints":{"allow":["GET"]}}],"collection":[{"href":"https:\/\/Regalino-Shop.de\/index.php?rest_route=\/wp\/v2\/product"}],"about":[{"href":"https:\/\/Regalino-Shop.de\/index.php?rest_route=\/wp\/v2\/types\/product"}],"wp:featuredmedia":[{"embeddable":true,"href":"https:\/\/Regalino-Shop.de\/index.php?rest_route=\/wp\/v2\/media\/15651"}],"wp:attachment":[{"href":"https:\/\/Regalino-Shop.de\/index.php?rest_route=%2Fwp%2Fv2%2Fmedia&parent=15648"}],"wp:term":[{"taxonomy":"product_brand","embeddable":true,"href":"https:\/\/Regalino-Shop.de\/index.php?rest_route=%2Fwp%2Fv2%2Fproduct_brand&post=15648"},{"taxonomy":"product_cat","embeddable":true,"href":"https:\/\/Regalino-Shop.de\/index.php?rest_route=%2Fwp%2Fv2%2Fproduct_cat&post=15648"},{"taxonomy":"product_tag","embeddable":true,"href":"https:\/\/Regalino-Shop.de\/index.php?rest_route=%2Fwp%2Fv2%2Fproduct_tag&post=15648"}],"curies":[{"name":"wp","href":"https:\/\/api.w.org\/{rel}","templated":true}]}}