{"id":15843,"date":"2025-02-08T11:30:07","date_gmt":"2025-02-08T11:30:07","guid":{"rendered":"https:\/\/Regalino-Shop.de\/?post_type=product&#038;p=15843"},"modified":"2026-03-29T08:05:43","modified_gmt":"2026-03-29T08:05:43","slug":"statement-armband-namaste-gewebt-bestickt-von-parsleypepper","status":"publish","type":"product","link":"https:\/\/Regalino-Shop.de\/?product=statement-armband-namaste-gewebt-bestickt-von-parsleypepper","title":{"rendered":"Statement Armband *Namaste* gewebt, bestickt von Parsley&#038;Pepper"},"content":{"rendered":"","protected":false},"excerpt":{"rendered":"<h3>DAILY REMINDER<br \/>\n&#8222;Do it with your soul.&#8220;<\/h3>\n<p>Statement Message Armband im Boho Style<\/p>\n<p>Angenehm und weich am Handgelenk avanciert dieses l\u00e4ssige Statement Armband sicherlich schnell zu deinem t\u00e4glichen Begleiter.<br \/>\nDas ideale Geschenk f\u00fcr deine Crew, deine Besties und deine Liebsten.<\/p>\n<ul>\n<li>Armband: Sage Eukalytus<br \/>\nText: Ton in Ton<\/li>\n<li>ONE SIZE Gr\u00f6\u00dfenverstellbar &#8211; die Gr\u00f6\u00dfe wird \u00fcber die Kordeln (Schiebeknoten) angepasst -Ca.15,5-23,5 cm &#8211; H\u00f6he: ca.19mm<\/li>\n<li>MATERIAL:100 % Polyester, waschbar<\/li>\n<li>Fest gewebt und bestickt<\/li>\n<\/ul>\n<p>Lieferung: 1 Statementarmband<\/p>\n","protected":false},"featured_media":15845,"template":"","meta":{"_et_pb_use_builder":"","_et_pb_old_content":"","_et_gb_content_width":""},"product_brand":[],"product_cat":[2983,103],"product_tag":[730,750,1397],"class_list":{"0":"post-15843","1":"product","2":"type-product","3":"status-publish","4":"has-post-thumbnail","6":"product_cat-accessoires","7":"product_cat-schmuck-fuer-damen-stilvolle-accessoires-regalino","8":"product_tag-armband","9":"product_tag-boho","10":"product_tag-statement","12":"first","13":"instock","14":"taxable","15":"shipping-taxable","16":"purchasable","17":"product-type-simple"},"yoast_head":"<!-- This site is optimized with the Yoast SEO plugin v27.5 - https:\/\/yoast.com\/product\/yoast-seo-wordpress\/ -->\n<title>Statement Armband *Namaste* gewebt, bestickt von Parsley&amp;Pepper - Regalino -Lively Style<\/title>\n<meta name=\"description\" content=\"Angenehm und weich am Handgelenk avanciert dieses l\u00e4ssige Statement Armband sicherlich schnell zu deinem t\u00e4glichen Begleiter.\" \/>\n<meta name=\"robots\" content=\"index, follow, max-snippet:-1, max-image-preview:large, max-video-preview:-1\" \/>\n<link rel=\"canonical\" href=\"https:\/\/Regalino-Shop.de\/?product=statement-armband-namaste-gewebt-bestickt-von-parsleypepper\" \/>\n<meta property=\"og:locale\" content=\"de_DE\" \/>\n<meta property=\"og:type\" content=\"article\" \/>\n<meta property=\"og:title\" content=\"Statement Armband *Namaste* gewebt, bestickt von Parsley&amp;Pepper - Regalino -Lively Style\" \/>\n<meta property=\"og:description\" content=\"Angenehm und weich am Handgelenk avanciert dieses l\u00e4ssige Statement Armband sicherlich schnell zu deinem t\u00e4glichen Begleiter.\" \/>\n<meta property=\"og:url\" content=\"https:\/\/Regalino-Shop.de\/?product=statement-armband-namaste-gewebt-bestickt-von-parsleypepper\" \/>\n<meta property=\"og:site_name\" content=\"Regalino -Lively Style\" \/>\n<meta property=\"article:modified_time\" content=\"2026-03-29T08:05:43+00:00\" \/>\n<meta property=\"og:image\" content=\"https:\/\/Regalino-Shop.de\/wp-content\/uploads\/2025\/02\/NAMASTE-parsley-pepper-statement-armband-1.jpg\" \/>\n\t<meta property=\"og:image:width\" content=\"673\" \/>\n\t<meta property=\"og:image:height\" content=\"505\" \/>\n\t<meta property=\"og:image:type\" content=\"image\/jpeg\" \/>\n<meta name=\"twitter:card\" content=\"summary_large_image\" \/>\n<meta name=\"twitter:label1\" content=\"Gesch\u00e4tzte Lesezeit\" \/>\n\t<meta name=\"twitter:data1\" content=\"1\u00a0Minute\" \/>\n<script type=\"application\/ld+json\" class=\"yoast-schema-graph\">{\"@context\":\"https:\\\/\\\/schema.org\",\"@graph\":[{\"@type\":\"WebPage\",\"@id\":\"https:\\\/\\\/Regalino-Shop.de\\\/?product=statement-armband-namaste-gewebt-bestickt-von-parsleypepper\",\"url\":\"https:\\\/\\\/Regalino-Shop.de\\\/?product=statement-armband-namaste-gewebt-bestickt-von-parsleypepper\",\"name\":\"Statement Armband *Namaste* gewebt, bestickt von Parsley&Pepper - Regalino -Lively Style\",\"isPartOf\":{\"@id\":\"https:\\\/\\\/Regalino-Shop.de\\\/#website\"},\"primaryImageOfPage\":{\"@id\":\"https:\\\/\\\/Regalino-Shop.de\\\/?product=statement-armband-namaste-gewebt-bestickt-von-parsleypepper#primaryimage\"},\"image\":{\"@id\":\"https:\\\/\\\/Regalino-Shop.de\\\/?product=statement-armband-namaste-gewebt-bestickt-von-parsleypepper#primaryimage\"},\"thumbnailUrl\":\"https:\\\/\\\/Regalino-Shop.de\\\/wp-content\\\/uploads\\\/2025\\\/02\\\/NAMASTE-parsley-pepper-statement-armband-1.jpg\",\"datePublished\":\"2025-02-08T11:30:07+00:00\",\"dateModified\":\"2026-03-29T08:05:43+00:00\",\"description\":\"Angenehm und weich am Handgelenk avanciert dieses l\u00e4ssige Statement Armband sicherlich schnell zu deinem t\u00e4glichen Begleiter.\",\"breadcrumb\":{\"@id\":\"https:\\\/\\\/Regalino-Shop.de\\\/?product=statement-armband-namaste-gewebt-bestickt-von-parsleypepper#breadcrumb\"},\"inLanguage\":\"de\",\"potentialAction\":[{\"@type\":\"ReadAction\",\"target\":[\"https:\\\/\\\/Regalino-Shop.de\\\/?product=statement-armband-namaste-gewebt-bestickt-von-parsleypepper\"]}]},{\"@type\":\"ImageObject\",\"inLanguage\":\"de\",\"@id\":\"https:\\\/\\\/Regalino-Shop.de\\\/?product=statement-armband-namaste-gewebt-bestickt-von-parsleypepper#primaryimage\",\"url\":\"https:\\\/\\\/Regalino-Shop.de\\\/wp-content\\\/uploads\\\/2025\\\/02\\\/NAMASTE-parsley-pepper-statement-armband-1.jpg\",\"contentUrl\":\"https:\\\/\\\/Regalino-Shop.de\\\/wp-content\\\/uploads\\\/2025\\\/02\\\/NAMASTE-parsley-pepper-statement-armband-1.jpg\",\"width\":673,\"height\":505},{\"@type\":\"BreadcrumbList\",\"@id\":\"https:\\\/\\\/Regalino-Shop.de\\\/?product=statement-armband-namaste-gewebt-bestickt-von-parsleypepper#breadcrumb\",\"itemListElement\":[{\"@type\":\"ListItem\",\"position\":1,\"name\":\"Startseite\",\"item\":\"https:\\\/\\\/Regalino-Shop.de\\\/\"},{\"@type\":\"ListItem\",\"position\":2,\"name\":\"Shop\",\"item\":\"https:\\\/\\\/Regalino-Shop.de\\\/?page_id=40\"},{\"@type\":\"ListItem\",\"position\":3,\"name\":\"Statement Armband *Namaste* gewebt, bestickt von Parsley&#038;Pepper\"}]},{\"@type\":\"WebSite\",\"@id\":\"https:\\\/\\\/Regalino-Shop.de\\\/#website\",\"url\":\"https:\\\/\\\/Regalino-Shop.de\\\/\",\"name\":\"Regalino -Lively Style\",\"description\":\"gelebtes Zuhause\",\"potentialAction\":[{\"@type\":\"SearchAction\",\"target\":{\"@type\":\"EntryPoint\",\"urlTemplate\":\"https:\\\/\\\/Regalino-Shop.de\\\/?s={search_term_string}\"},\"query-input\":{\"@type\":\"PropertyValueSpecification\",\"valueRequired\":true,\"valueName\":\"search_term_string\"}}],\"inLanguage\":\"de\"}]}<\/script>\n<!-- \/ Yoast SEO plugin. -->","yoast_head_json":{"title":"Statement Armband *Namaste* gewebt, bestickt von Parsley&Pepper - Regalino -Lively Style","description":"Angenehm und weich am Handgelenk avanciert dieses l\u00e4ssige Statement Armband sicherlich schnell zu deinem t\u00e4glichen Begleiter.","robots":{"index":"index","follow":"follow","max-snippet":"max-snippet:-1","max-image-preview":"max-image-preview:large","max-video-preview":"max-video-preview:-1"},"canonical":"https:\/\/Regalino-Shop.de\/?product=statement-armband-namaste-gewebt-bestickt-von-parsleypepper","og_locale":"de_DE","og_type":"article","og_title":"Statement Armband *Namaste* gewebt, bestickt von Parsley&Pepper - Regalino -Lively Style","og_description":"Angenehm und weich am Handgelenk avanciert dieses l\u00e4ssige Statement Armband sicherlich schnell zu deinem t\u00e4glichen Begleiter.","og_url":"https:\/\/Regalino-Shop.de\/?product=statement-armband-namaste-gewebt-bestickt-von-parsleypepper","og_site_name":"Regalino -Lively Style","article_modified_time":"2026-03-29T08:05:43+00:00","og_image":[{"width":673,"height":505,"url":"https:\/\/Regalino-Shop.de\/wp-content\/uploads\/2025\/02\/NAMASTE-parsley-pepper-statement-armband-1.jpg","type":"image\/jpeg"}],"twitter_card":"summary_large_image","twitter_misc":{"Gesch\u00e4tzte Lesezeit":"1\u00a0Minute"},"schema":{"@context":"https:\/\/schema.org","@graph":[{"@type":"WebPage","@id":"https:\/\/Regalino-Shop.de\/?product=statement-armband-namaste-gewebt-bestickt-von-parsleypepper","url":"https:\/\/Regalino-Shop.de\/?product=statement-armband-namaste-gewebt-bestickt-von-parsleypepper","name":"Statement Armband *Namaste* gewebt, bestickt von Parsley&Pepper - Regalino -Lively Style","isPartOf":{"@id":"https:\/\/Regalino-Shop.de\/#website"},"primaryImageOfPage":{"@id":"https:\/\/Regalino-Shop.de\/?product=statement-armband-namaste-gewebt-bestickt-von-parsleypepper#primaryimage"},"image":{"@id":"https:\/\/Regalino-Shop.de\/?product=statement-armband-namaste-gewebt-bestickt-von-parsleypepper#primaryimage"},"thumbnailUrl":"https:\/\/Regalino-Shop.de\/wp-content\/uploads\/2025\/02\/NAMASTE-parsley-pepper-statement-armband-1.jpg","datePublished":"2025-02-08T11:30:07+00:00","dateModified":"2026-03-29T08:05:43+00:00","description":"Angenehm und weich am Handgelenk avanciert dieses l\u00e4ssige Statement Armband sicherlich schnell zu deinem t\u00e4glichen Begleiter.","breadcrumb":{"@id":"https:\/\/Regalino-Shop.de\/?product=statement-armband-namaste-gewebt-bestickt-von-parsleypepper#breadcrumb"},"inLanguage":"de","potentialAction":[{"@type":"ReadAction","target":["https:\/\/Regalino-Shop.de\/?product=statement-armband-namaste-gewebt-bestickt-von-parsleypepper"]}]},{"@type":"ImageObject","inLanguage":"de","@id":"https:\/\/Regalino-Shop.de\/?product=statement-armband-namaste-gewebt-bestickt-von-parsleypepper#primaryimage","url":"https:\/\/Regalino-Shop.de\/wp-content\/uploads\/2025\/02\/NAMASTE-parsley-pepper-statement-armband-1.jpg","contentUrl":"https:\/\/Regalino-Shop.de\/wp-content\/uploads\/2025\/02\/NAMASTE-parsley-pepper-statement-armband-1.jpg","width":673,"height":505},{"@type":"BreadcrumbList","@id":"https:\/\/Regalino-Shop.de\/?product=statement-armband-namaste-gewebt-bestickt-von-parsleypepper#breadcrumb","itemListElement":[{"@type":"ListItem","position":1,"name":"Startseite","item":"https:\/\/Regalino-Shop.de\/"},{"@type":"ListItem","position":2,"name":"Shop","item":"https:\/\/Regalino-Shop.de\/?page_id=40"},{"@type":"ListItem","position":3,"name":"Statement Armband *Namaste* gewebt, bestickt von Parsley&#038;Pepper"}]},{"@type":"WebSite","@id":"https:\/\/Regalino-Shop.de\/#website","url":"https:\/\/Regalino-Shop.de\/","name":"Regalino -Lively Style","description":"gelebtes Zuhause","potentialAction":[{"@type":"SearchAction","target":{"@type":"EntryPoint","urlTemplate":"https:\/\/Regalino-Shop.de\/?s={search_term_string}"},"query-input":{"@type":"PropertyValueSpecification","valueRequired":true,"valueName":"search_term_string"}}],"inLanguage":"de"}]}},"_links":{"self":[{"href":"https:\/\/Regalino-Shop.de\/index.php?rest_route=\/wp\/v2\/product\/15843","targetHints":{"allow":["GET"]}}],"collection":[{"href":"https:\/\/Regalino-Shop.de\/index.php?rest_route=\/wp\/v2\/product"}],"about":[{"href":"https:\/\/Regalino-Shop.de\/index.php?rest_route=\/wp\/v2\/types\/product"}],"wp:featuredmedia":[{"embeddable":true,"href":"https:\/\/Regalino-Shop.de\/index.php?rest_route=\/wp\/v2\/media\/15845"}],"wp:attachment":[{"href":"https:\/\/Regalino-Shop.de\/index.php?rest_route=%2Fwp%2Fv2%2Fmedia&parent=15843"}],"wp:term":[{"taxonomy":"product_brand","embeddable":true,"href":"https:\/\/Regalino-Shop.de\/index.php?rest_route=%2Fwp%2Fv2%2Fproduct_brand&post=15843"},{"taxonomy":"product_cat","embeddable":true,"href":"https:\/\/Regalino-Shop.de\/index.php?rest_route=%2Fwp%2Fv2%2Fproduct_cat&post=15843"},{"taxonomy":"product_tag","embeddable":true,"href":"https:\/\/Regalino-Shop.de\/index.php?rest_route=%2Fwp%2Fv2%2Fproduct_tag&post=15843"}],"curies":[{"name":"wp","href":"https:\/\/api.w.org\/{rel}","templated":true}]}}