{"id":16008,"date":"2025-03-06T13:45:24","date_gmt":"2025-03-06T13:45:24","guid":{"rendered":"https:\/\/Regalino-Shop.de\/?post_type=product&#038;p=16008"},"modified":"2025-07-22T12:17:49","modified_gmt":"2025-07-22T12:17:49","slug":"bean-bag-maus","status":"publish","type":"product","link":"https:\/\/Regalino-Shop.de\/?product=bean-bag-maus","title":{"rendered":"Bean Bag *Maus*"},"content":{"rendered":"","protected":false},"excerpt":{"rendered":"<h2 class=\"uk-h5 uk-margin-remove-top\">Spielgef\u00e4hrte, Besch\u00fctzer &amp; Kuschelfreund<\/h2>\n<ul class=\"uk-list uk-list-bullet\">\n<li>Ob als Kuschelfreundin, als wachsame Besch\u00fctzerin in der Nacht oder zum Spielen \u00fcber den Tag: Die Tanz-Maus zeichnet sich vor allem durch ihre Vielfalt an Nutzungsm\u00f6glichkeiten aus<\/li>\n<li>Gro\u00dfe Freude f\u00fcr kleine Kuschelfreunde &#8211; Zarte Farben, ein vielf\u00e4ltiger Materialmix mit \u201eGlow-in-the-dark\u201c Bestickung laden zum Spielen &amp; Erkunden ein<\/li>\n<li>Mit niedlichen Ohren und traumhaftem Tanzoutfit verzaubert die Maus jedes Babyherz \u2013 mit Granulat-F\u00fcllung ist sie die perfekte erste Freundin zum Knuddeln<\/li>\n<li>Beim Einschlafen ist die Bean Bag Maus eine echte Hilfe \u2013 sie knuddelt sich ganz leicht in das Herz m\u00fcder Abenteurer und wird zur treuen Begleiterin ob Zuhause oder auf Reisen<\/li>\n<li>Gr\u00f6\u00dfe: 30 cm<\/li>\n<li>Altersempfehlung: 0+ Monate<\/li>\n<li>eingearbeitetes Gl\u00f6ckchen<\/li>\n<\/ul>\n<p>Lieferumfang: 1 Bean Bag Maus<\/p>\n","protected":false},"featured_media":16009,"template":"","meta":{"_et_pb_use_builder":"","_et_pb_old_content":"","_et_gb_content_width":""},"product_brand":[],"product_cat":[93],"product_tag":[837,272,1797,280,264,268,894,282,273,284],"class_list":{"0":"post-16008","1":"product","2":"type-product","3":"status-publish","4":"has-post-thumbnail","6":"product_cat-spielzeug-kuscheltiere-mit-liebevollen-details-regalino","7":"product_tag-baby","8":"product_tag-geburt","9":"product_tag-kinderwagen","10":"product_tag-kuscheltier","11":"product_tag-maus","12":"product_tag-ostern","13":"product_tag-schmusetuch","14":"product_tag-tanzmaus","15":"product_tag-taufe","16":"product_tag-tiere","18":"first","19":"instock","20":"taxable","21":"shipping-taxable","22":"purchasable","23":"product-type-simple"},"yoast_head":"<!-- This site is optimized with the Yoast SEO plugin v27.5 - https:\/\/yoast.com\/product\/yoast-seo-wordpress\/ -->\n<title>Bean Bag *Maus* - Regalino -Lively Style<\/title>\n<meta name=\"description\" content=\"Ob als Kuschelfreundin, als wachsame Besch\u00fctzerin in der Nacht oder zum Spielen \u00fcber den Tag: Die Tanz-Maus zeichnet sich vor allem durch ihre Vielfalt an Nutzungsm\u00f6glichkeiten aus\" \/>\n<meta name=\"robots\" content=\"index, follow, max-snippet:-1, max-image-preview:large, max-video-preview:-1\" \/>\n<link rel=\"canonical\" href=\"https:\/\/Regalino-Shop.de\/?product=bean-bag-maus\" \/>\n<meta property=\"og:locale\" content=\"de_DE\" \/>\n<meta property=\"og:type\" content=\"article\" \/>\n<meta property=\"og:title\" content=\"Bean Bag *Maus* - Regalino -Lively Style\" \/>\n<meta property=\"og:description\" content=\"Ob als Kuschelfreundin, als wachsame Besch\u00fctzerin in der Nacht oder zum Spielen \u00fcber den Tag: Die Tanz-Maus zeichnet sich vor allem durch ihre Vielfalt an Nutzungsm\u00f6glichkeiten aus\" \/>\n<meta property=\"og:url\" content=\"https:\/\/Regalino-Shop.de\/?product=bean-bag-maus\" \/>\n<meta property=\"og:site_name\" content=\"Regalino -Lively Style\" \/>\n<meta property=\"article:modified_time\" content=\"2025-07-22T12:17:49+00:00\" \/>\n<meta property=\"og:image\" content=\"https:\/\/Regalino-Shop.de\/wp-content\/uploads\/2025\/03\/Tanzmaus-Rasseltier-Fehn.jpg\" \/>\n\t<meta property=\"og:image:width\" content=\"1000\" \/>\n\t<meta property=\"og:image:height\" content=\"1000\" \/>\n\t<meta property=\"og:image:type\" content=\"image\/jpeg\" \/>\n<meta name=\"twitter:card\" content=\"summary_large_image\" \/>\n<meta name=\"twitter:label1\" content=\"Gesch\u00e4tzte Lesezeit\" \/>\n\t<meta name=\"twitter:data1\" content=\"1\u00a0Minute\" \/>\n<script type=\"application\/ld+json\" class=\"yoast-schema-graph\">{\"@context\":\"https:\\\/\\\/schema.org\",\"@graph\":[{\"@type\":\"WebPage\",\"@id\":\"https:\\\/\\\/Regalino-Shop.de\\\/?product=bean-bag-maus\",\"url\":\"https:\\\/\\\/Regalino-Shop.de\\\/?product=bean-bag-maus\",\"name\":\"Bean Bag *Maus* - Regalino -Lively Style\",\"isPartOf\":{\"@id\":\"https:\\\/\\\/Regalino-Shop.de\\\/#website\"},\"primaryImageOfPage\":{\"@id\":\"https:\\\/\\\/Regalino-Shop.de\\\/?product=bean-bag-maus#primaryimage\"},\"image\":{\"@id\":\"https:\\\/\\\/Regalino-Shop.de\\\/?product=bean-bag-maus#primaryimage\"},\"thumbnailUrl\":\"https:\\\/\\\/Regalino-Shop.de\\\/wp-content\\\/uploads\\\/2025\\\/03\\\/Tanzmaus-Rasseltier-Fehn.jpg\",\"datePublished\":\"2025-03-06T13:45:24+00:00\",\"dateModified\":\"2025-07-22T12:17:49+00:00\",\"description\":\"Ob als Kuschelfreundin, als wachsame Besch\u00fctzerin in der Nacht oder zum Spielen \u00fcber den Tag: Die Tanz-Maus zeichnet sich vor allem durch ihre Vielfalt an Nutzungsm\u00f6glichkeiten aus\",\"breadcrumb\":{\"@id\":\"https:\\\/\\\/Regalino-Shop.de\\\/?product=bean-bag-maus#breadcrumb\"},\"inLanguage\":\"de\",\"potentialAction\":[{\"@type\":\"ReadAction\",\"target\":[\"https:\\\/\\\/Regalino-Shop.de\\\/?product=bean-bag-maus\"]}]},{\"@type\":\"ImageObject\",\"inLanguage\":\"de\",\"@id\":\"https:\\\/\\\/Regalino-Shop.de\\\/?product=bean-bag-maus#primaryimage\",\"url\":\"https:\\\/\\\/Regalino-Shop.de\\\/wp-content\\\/uploads\\\/2025\\\/03\\\/Tanzmaus-Rasseltier-Fehn.jpg\",\"contentUrl\":\"https:\\\/\\\/Regalino-Shop.de\\\/wp-content\\\/uploads\\\/2025\\\/03\\\/Tanzmaus-Rasseltier-Fehn.jpg\",\"width\":1000,\"height\":1000,\"caption\":\"Tanzmaus\"},{\"@type\":\"BreadcrumbList\",\"@id\":\"https:\\\/\\\/Regalino-Shop.de\\\/?product=bean-bag-maus#breadcrumb\",\"itemListElement\":[{\"@type\":\"ListItem\",\"position\":1,\"name\":\"Startseite\",\"item\":\"https:\\\/\\\/Regalino-Shop.de\\\/\"},{\"@type\":\"ListItem\",\"position\":2,\"name\":\"Shop\",\"item\":\"https:\\\/\\\/Regalino-Shop.de\\\/?page_id=40\"},{\"@type\":\"ListItem\",\"position\":3,\"name\":\"Bean Bag *Maus*\"}]},{\"@type\":\"WebSite\",\"@id\":\"https:\\\/\\\/Regalino-Shop.de\\\/#website\",\"url\":\"https:\\\/\\\/Regalino-Shop.de\\\/\",\"name\":\"Regalino -Lively Style\",\"description\":\"gelebtes Zuhause\",\"potentialAction\":[{\"@type\":\"SearchAction\",\"target\":{\"@type\":\"EntryPoint\",\"urlTemplate\":\"https:\\\/\\\/Regalino-Shop.de\\\/?s={search_term_string}\"},\"query-input\":{\"@type\":\"PropertyValueSpecification\",\"valueRequired\":true,\"valueName\":\"search_term_string\"}}],\"inLanguage\":\"de\"}]}<\/script>\n<!-- \/ Yoast SEO plugin. -->","yoast_head_json":{"title":"Bean Bag *Maus* - Regalino -Lively Style","description":"Ob als Kuschelfreundin, als wachsame Besch\u00fctzerin in der Nacht oder zum Spielen \u00fcber den Tag: Die Tanz-Maus zeichnet sich vor allem durch ihre Vielfalt an Nutzungsm\u00f6glichkeiten aus","robots":{"index":"index","follow":"follow","max-snippet":"max-snippet:-1","max-image-preview":"max-image-preview:large","max-video-preview":"max-video-preview:-1"},"canonical":"https:\/\/Regalino-Shop.de\/?product=bean-bag-maus","og_locale":"de_DE","og_type":"article","og_title":"Bean Bag *Maus* - Regalino -Lively Style","og_description":"Ob als Kuschelfreundin, als wachsame Besch\u00fctzerin in der Nacht oder zum Spielen \u00fcber den Tag: Die Tanz-Maus zeichnet sich vor allem durch ihre Vielfalt an Nutzungsm\u00f6glichkeiten aus","og_url":"https:\/\/Regalino-Shop.de\/?product=bean-bag-maus","og_site_name":"Regalino -Lively Style","article_modified_time":"2025-07-22T12:17:49+00:00","og_image":[{"width":1000,"height":1000,"url":"https:\/\/Regalino-Shop.de\/wp-content\/uploads\/2025\/03\/Tanzmaus-Rasseltier-Fehn.jpg","type":"image\/jpeg"}],"twitter_card":"summary_large_image","twitter_misc":{"Gesch\u00e4tzte Lesezeit":"1\u00a0Minute"},"schema":{"@context":"https:\/\/schema.org","@graph":[{"@type":"WebPage","@id":"https:\/\/Regalino-Shop.de\/?product=bean-bag-maus","url":"https:\/\/Regalino-Shop.de\/?product=bean-bag-maus","name":"Bean Bag *Maus* - Regalino -Lively Style","isPartOf":{"@id":"https:\/\/Regalino-Shop.de\/#website"},"primaryImageOfPage":{"@id":"https:\/\/Regalino-Shop.de\/?product=bean-bag-maus#primaryimage"},"image":{"@id":"https:\/\/Regalino-Shop.de\/?product=bean-bag-maus#primaryimage"},"thumbnailUrl":"https:\/\/Regalino-Shop.de\/wp-content\/uploads\/2025\/03\/Tanzmaus-Rasseltier-Fehn.jpg","datePublished":"2025-03-06T13:45:24+00:00","dateModified":"2025-07-22T12:17:49+00:00","description":"Ob als Kuschelfreundin, als wachsame Besch\u00fctzerin in der Nacht oder zum Spielen \u00fcber den Tag: Die Tanz-Maus zeichnet sich vor allem durch ihre Vielfalt an Nutzungsm\u00f6glichkeiten aus","breadcrumb":{"@id":"https:\/\/Regalino-Shop.de\/?product=bean-bag-maus#breadcrumb"},"inLanguage":"de","potentialAction":[{"@type":"ReadAction","target":["https:\/\/Regalino-Shop.de\/?product=bean-bag-maus"]}]},{"@type":"ImageObject","inLanguage":"de","@id":"https:\/\/Regalino-Shop.de\/?product=bean-bag-maus#primaryimage","url":"https:\/\/Regalino-Shop.de\/wp-content\/uploads\/2025\/03\/Tanzmaus-Rasseltier-Fehn.jpg","contentUrl":"https:\/\/Regalino-Shop.de\/wp-content\/uploads\/2025\/03\/Tanzmaus-Rasseltier-Fehn.jpg","width":1000,"height":1000,"caption":"Tanzmaus"},{"@type":"BreadcrumbList","@id":"https:\/\/Regalino-Shop.de\/?product=bean-bag-maus#breadcrumb","itemListElement":[{"@type":"ListItem","position":1,"name":"Startseite","item":"https:\/\/Regalino-Shop.de\/"},{"@type":"ListItem","position":2,"name":"Shop","item":"https:\/\/Regalino-Shop.de\/?page_id=40"},{"@type":"ListItem","position":3,"name":"Bean Bag *Maus*"}]},{"@type":"WebSite","@id":"https:\/\/Regalino-Shop.de\/#website","url":"https:\/\/Regalino-Shop.de\/","name":"Regalino -Lively Style","description":"gelebtes Zuhause","potentialAction":[{"@type":"SearchAction","target":{"@type":"EntryPoint","urlTemplate":"https:\/\/Regalino-Shop.de\/?s={search_term_string}"},"query-input":{"@type":"PropertyValueSpecification","valueRequired":true,"valueName":"search_term_string"}}],"inLanguage":"de"}]}},"_links":{"self":[{"href":"https:\/\/Regalino-Shop.de\/index.php?rest_route=\/wp\/v2\/product\/16008","targetHints":{"allow":["GET"]}}],"collection":[{"href":"https:\/\/Regalino-Shop.de\/index.php?rest_route=\/wp\/v2\/product"}],"about":[{"href":"https:\/\/Regalino-Shop.de\/index.php?rest_route=\/wp\/v2\/types\/product"}],"wp:featuredmedia":[{"embeddable":true,"href":"https:\/\/Regalino-Shop.de\/index.php?rest_route=\/wp\/v2\/media\/16009"}],"wp:attachment":[{"href":"https:\/\/Regalino-Shop.de\/index.php?rest_route=%2Fwp%2Fv2%2Fmedia&parent=16008"}],"wp:term":[{"taxonomy":"product_brand","embeddable":true,"href":"https:\/\/Regalino-Shop.de\/index.php?rest_route=%2Fwp%2Fv2%2Fproduct_brand&post=16008"},{"taxonomy":"product_cat","embeddable":true,"href":"https:\/\/Regalino-Shop.de\/index.php?rest_route=%2Fwp%2Fv2%2Fproduct_cat&post=16008"},{"taxonomy":"product_tag","embeddable":true,"href":"https:\/\/Regalino-Shop.de\/index.php?rest_route=%2Fwp%2Fv2%2Fproduct_tag&post=16008"}],"curies":[{"name":"wp","href":"https:\/\/api.w.org\/{rel}","templated":true}]}}