{"id":16063,"date":"2025-04-08T14:04:51","date_gmt":"2025-04-08T14:04:51","guid":{"rendered":"https:\/\/Regalino-Shop.de\/?post_type=product&#038;p=16063"},"modified":"2025-04-08T14:32:59","modified_gmt":"2025-04-08T14:32:59","slug":"jessi-die-raubhaesin","status":"publish","type":"product","link":"https:\/\/Regalino-Shop.de\/?product=jessi-die-raubhaesin","title":{"rendered":"Jessi, die Raubh\u00e4sin"},"content":{"rendered":"","protected":false},"excerpt":{"rendered":"<p>Klein, aber oho!<\/p>\n<p>Das neue Bilderbuch vom Furzipups-Erfolgsteam Kai L\u00fcftner und Wiebke Rauers. Eine Geschichte \u00fcber Freundschaft, die Kraft des Andersseins und die verborgene Wildheit, die in jedem von uns schlummert. Egal wie niedlich und kuschelig man ist.<\/p>\n<p>Hunderttausende Geschichten wei\u00df im Wald man zu berichten,\u00a0\u00fcber die H\u00e4sin, von der man sagt<br \/>\ndass nun sie die J\u00e4ger jagt \u2026<\/p>\n<p>Raubh\u00e4sin Jessi hat keine Angst vor niemandem \u2013 selbst den Fuchs lehrt sie das F\u00fcrchten!<\/p>\n<p>Doch als sie eines Tages ein kleines Meerschwein aus den F\u00e4ngen der Schlange rettet, ist es mit dem sch\u00f6nen wilden R\u00e4uberdasein vorbei \u2026<\/p>\n<section class=\"artikeldetail\">\n<ul>\n<li>Altersempfehlung 4 &#8211; 6 Jahr(e)<\/li>\n<li>Seitenanzahl:\u00a0 40<\/li>\n<li>ISBN 978-3-649-64335-7<\/li>\n<\/ul>\n<\/section>\n","protected":false},"featured_media":16064,"template":"","meta":{"_et_pb_use_builder":"","_et_pb_old_content":"","_et_gb_content_width":""},"product_brand":[],"product_cat":[1781,96],"product_tag":[1821,268,1818],"class_list":{"0":"post-16063","1":"product","2":"type-product","3":"status-publish","4":"has-post-thumbnail","6":"product_cat-vorlesen-bilderbuecher-fuer-kinder-regalino","7":"product_cat-buecher-fuer-erwachsene-besondere-lieblingsstuecke-regalino","8":"product_tag-bilderbuch","9":"product_tag-ostern","10":"product_tag-zuckowski","12":"first","13":"instock","14":"taxable","15":"shipping-taxable","16":"purchasable","17":"product-type-simple"},"yoast_head":"<!-- This site is optimized with the Yoast SEO plugin v27.5 - https:\/\/yoast.com\/product\/yoast-seo-wordpress\/ -->\n<title>Jessi, die Raubh\u00e4sin - Regalino -Lively Style<\/title>\n<meta name=\"description\" content=\"Eine Geschichte \u00fcber Freundschaft, die Kraft des Andersseins und die verborgene Wildheit, die in jedem von uns schlummert. Egal wie niedlich und kuschelig man ist.\" \/>\n<meta name=\"robots\" content=\"index, follow, max-snippet:-1, max-image-preview:large, max-video-preview:-1\" \/>\n<link rel=\"canonical\" href=\"https:\/\/Regalino-Shop.de\/?product=jessi-die-raubhaesin\" \/>\n<meta property=\"og:locale\" content=\"de_DE\" \/>\n<meta property=\"og:type\" content=\"article\" \/>\n<meta property=\"og:title\" content=\"Jessi, die Raubh\u00e4sin - Regalino -Lively Style\" \/>\n<meta property=\"og:description\" content=\"Eine Geschichte \u00fcber Freundschaft, die Kraft des Andersseins und die verborgene Wildheit, die in jedem von uns schlummert. Egal wie niedlich und kuschelig man ist.\" \/>\n<meta property=\"og:url\" content=\"https:\/\/Regalino-Shop.de\/?product=jessi-die-raubhaesin\" \/>\n<meta property=\"og:site_name\" content=\"Regalino -Lively Style\" \/>\n<meta property=\"article:modified_time\" content=\"2025-04-08T14:32:59+00:00\" \/>\n<meta property=\"og:image\" content=\"https:\/\/Regalino-Shop.de\/wp-content\/uploads\/2025\/04\/Jessi-die-Raubhaesin.jpg\" \/>\n\t<meta property=\"og:image:width\" content=\"1290\" \/>\n\t<meta property=\"og:image:height\" content=\"1500\" \/>\n\t<meta property=\"og:image:type\" content=\"image\/jpeg\" \/>\n<meta name=\"twitter:card\" content=\"summary_large_image\" \/>\n<meta name=\"twitter:label1\" content=\"Gesch\u00e4tzte Lesezeit\" \/>\n\t<meta name=\"twitter:data1\" content=\"1\u00a0Minute\" \/>\n<script type=\"application\/ld+json\" class=\"yoast-schema-graph\">{\"@context\":\"https:\\\/\\\/schema.org\",\"@graph\":[{\"@type\":\"WebPage\",\"@id\":\"https:\\\/\\\/Regalino-Shop.de\\\/?product=jessi-die-raubhaesin\",\"url\":\"https:\\\/\\\/Regalino-Shop.de\\\/?product=jessi-die-raubhaesin\",\"name\":\"Jessi, die Raubh\u00e4sin - Regalino -Lively Style\",\"isPartOf\":{\"@id\":\"https:\\\/\\\/Regalino-Shop.de\\\/#website\"},\"primaryImageOfPage\":{\"@id\":\"https:\\\/\\\/Regalino-Shop.de\\\/?product=jessi-die-raubhaesin#primaryimage\"},\"image\":{\"@id\":\"https:\\\/\\\/Regalino-Shop.de\\\/?product=jessi-die-raubhaesin#primaryimage\"},\"thumbnailUrl\":\"https:\\\/\\\/Regalino-Shop.de\\\/wp-content\\\/uploads\\\/2025\\\/04\\\/Jessi-die-Raubhaesin.jpg\",\"datePublished\":\"2025-04-08T14:04:51+00:00\",\"dateModified\":\"2025-04-08T14:32:59+00:00\",\"description\":\"Eine Geschichte \u00fcber Freundschaft, die Kraft des Andersseins und die verborgene Wildheit, die in jedem von uns schlummert. Egal wie niedlich und kuschelig man ist.\",\"breadcrumb\":{\"@id\":\"https:\\\/\\\/Regalino-Shop.de\\\/?product=jessi-die-raubhaesin#breadcrumb\"},\"inLanguage\":\"de\",\"potentialAction\":[{\"@type\":\"ReadAction\",\"target\":[\"https:\\\/\\\/Regalino-Shop.de\\\/?product=jessi-die-raubhaesin\"]}]},{\"@type\":\"ImageObject\",\"inLanguage\":\"de\",\"@id\":\"https:\\\/\\\/Regalino-Shop.de\\\/?product=jessi-die-raubhaesin#primaryimage\",\"url\":\"https:\\\/\\\/Regalino-Shop.de\\\/wp-content\\\/uploads\\\/2025\\\/04\\\/Jessi-die-Raubhaesin.jpg\",\"contentUrl\":\"https:\\\/\\\/Regalino-Shop.de\\\/wp-content\\\/uploads\\\/2025\\\/04\\\/Jessi-die-Raubhaesin.jpg\",\"width\":1290,\"height\":1500,\"caption\":\"Bilderbuch Coppenrath\"},{\"@type\":\"BreadcrumbList\",\"@id\":\"https:\\\/\\\/Regalino-Shop.de\\\/?product=jessi-die-raubhaesin#breadcrumb\",\"itemListElement\":[{\"@type\":\"ListItem\",\"position\":1,\"name\":\"Startseite\",\"item\":\"https:\\\/\\\/Regalino-Shop.de\\\/\"},{\"@type\":\"ListItem\",\"position\":2,\"name\":\"Shop\",\"item\":\"https:\\\/\\\/Regalino-Shop.de\\\/?page_id=40\"},{\"@type\":\"ListItem\",\"position\":3,\"name\":\"Jessi, die Raubh\u00e4sin\"}]},{\"@type\":\"WebSite\",\"@id\":\"https:\\\/\\\/Regalino-Shop.de\\\/#website\",\"url\":\"https:\\\/\\\/Regalino-Shop.de\\\/\",\"name\":\"Regalino -Lively Style\",\"description\":\"gelebtes Zuhause\",\"potentialAction\":[{\"@type\":\"SearchAction\",\"target\":{\"@type\":\"EntryPoint\",\"urlTemplate\":\"https:\\\/\\\/Regalino-Shop.de\\\/?s={search_term_string}\"},\"query-input\":{\"@type\":\"PropertyValueSpecification\",\"valueRequired\":true,\"valueName\":\"search_term_string\"}}],\"inLanguage\":\"de\"}]}<\/script>\n<!-- \/ Yoast SEO plugin. -->","yoast_head_json":{"title":"Jessi, die Raubh\u00e4sin - Regalino -Lively Style","description":"Eine Geschichte \u00fcber Freundschaft, die Kraft des Andersseins und die verborgene Wildheit, die in jedem von uns schlummert. Egal wie niedlich und kuschelig man ist.","robots":{"index":"index","follow":"follow","max-snippet":"max-snippet:-1","max-image-preview":"max-image-preview:large","max-video-preview":"max-video-preview:-1"},"canonical":"https:\/\/Regalino-Shop.de\/?product=jessi-die-raubhaesin","og_locale":"de_DE","og_type":"article","og_title":"Jessi, die Raubh\u00e4sin - Regalino -Lively Style","og_description":"Eine Geschichte \u00fcber Freundschaft, die Kraft des Andersseins und die verborgene Wildheit, die in jedem von uns schlummert. Egal wie niedlich und kuschelig man ist.","og_url":"https:\/\/Regalino-Shop.de\/?product=jessi-die-raubhaesin","og_site_name":"Regalino -Lively Style","article_modified_time":"2025-04-08T14:32:59+00:00","og_image":[{"width":1290,"height":1500,"url":"https:\/\/Regalino-Shop.de\/wp-content\/uploads\/2025\/04\/Jessi-die-Raubhaesin.jpg","type":"image\/jpeg"}],"twitter_card":"summary_large_image","twitter_misc":{"Gesch\u00e4tzte Lesezeit":"1\u00a0Minute"},"schema":{"@context":"https:\/\/schema.org","@graph":[{"@type":"WebPage","@id":"https:\/\/Regalino-Shop.de\/?product=jessi-die-raubhaesin","url":"https:\/\/Regalino-Shop.de\/?product=jessi-die-raubhaesin","name":"Jessi, die Raubh\u00e4sin - Regalino -Lively Style","isPartOf":{"@id":"https:\/\/Regalino-Shop.de\/#website"},"primaryImageOfPage":{"@id":"https:\/\/Regalino-Shop.de\/?product=jessi-die-raubhaesin#primaryimage"},"image":{"@id":"https:\/\/Regalino-Shop.de\/?product=jessi-die-raubhaesin#primaryimage"},"thumbnailUrl":"https:\/\/Regalino-Shop.de\/wp-content\/uploads\/2025\/04\/Jessi-die-Raubhaesin.jpg","datePublished":"2025-04-08T14:04:51+00:00","dateModified":"2025-04-08T14:32:59+00:00","description":"Eine Geschichte \u00fcber Freundschaft, die Kraft des Andersseins und die verborgene Wildheit, die in jedem von uns schlummert. Egal wie niedlich und kuschelig man ist.","breadcrumb":{"@id":"https:\/\/Regalino-Shop.de\/?product=jessi-die-raubhaesin#breadcrumb"},"inLanguage":"de","potentialAction":[{"@type":"ReadAction","target":["https:\/\/Regalino-Shop.de\/?product=jessi-die-raubhaesin"]}]},{"@type":"ImageObject","inLanguage":"de","@id":"https:\/\/Regalino-Shop.de\/?product=jessi-die-raubhaesin#primaryimage","url":"https:\/\/Regalino-Shop.de\/wp-content\/uploads\/2025\/04\/Jessi-die-Raubhaesin.jpg","contentUrl":"https:\/\/Regalino-Shop.de\/wp-content\/uploads\/2025\/04\/Jessi-die-Raubhaesin.jpg","width":1290,"height":1500,"caption":"Bilderbuch Coppenrath"},{"@type":"BreadcrumbList","@id":"https:\/\/Regalino-Shop.de\/?product=jessi-die-raubhaesin#breadcrumb","itemListElement":[{"@type":"ListItem","position":1,"name":"Startseite","item":"https:\/\/Regalino-Shop.de\/"},{"@type":"ListItem","position":2,"name":"Shop","item":"https:\/\/Regalino-Shop.de\/?page_id=40"},{"@type":"ListItem","position":3,"name":"Jessi, die Raubh\u00e4sin"}]},{"@type":"WebSite","@id":"https:\/\/Regalino-Shop.de\/#website","url":"https:\/\/Regalino-Shop.de\/","name":"Regalino -Lively Style","description":"gelebtes Zuhause","potentialAction":[{"@type":"SearchAction","target":{"@type":"EntryPoint","urlTemplate":"https:\/\/Regalino-Shop.de\/?s={search_term_string}"},"query-input":{"@type":"PropertyValueSpecification","valueRequired":true,"valueName":"search_term_string"}}],"inLanguage":"de"}]}},"_links":{"self":[{"href":"https:\/\/Regalino-Shop.de\/index.php?rest_route=\/wp\/v2\/product\/16063","targetHints":{"allow":["GET"]}}],"collection":[{"href":"https:\/\/Regalino-Shop.de\/index.php?rest_route=\/wp\/v2\/product"}],"about":[{"href":"https:\/\/Regalino-Shop.de\/index.php?rest_route=\/wp\/v2\/types\/product"}],"wp:featuredmedia":[{"embeddable":true,"href":"https:\/\/Regalino-Shop.de\/index.php?rest_route=\/wp\/v2\/media\/16064"}],"wp:attachment":[{"href":"https:\/\/Regalino-Shop.de\/index.php?rest_route=%2Fwp%2Fv2%2Fmedia&parent=16063"}],"wp:term":[{"taxonomy":"product_brand","embeddable":true,"href":"https:\/\/Regalino-Shop.de\/index.php?rest_route=%2Fwp%2Fv2%2Fproduct_brand&post=16063"},{"taxonomy":"product_cat","embeddable":true,"href":"https:\/\/Regalino-Shop.de\/index.php?rest_route=%2Fwp%2Fv2%2Fproduct_cat&post=16063"},{"taxonomy":"product_tag","embeddable":true,"href":"https:\/\/Regalino-Shop.de\/index.php?rest_route=%2Fwp%2Fv2%2Fproduct_tag&post=16063"}],"curies":[{"name":"wp","href":"https:\/\/api.w.org\/{rel}","templated":true}]}}