{"id":16326,"date":"2025-07-18T14:14:18","date_gmt":"2025-07-18T14:14:18","guid":{"rendered":"https:\/\/Regalino-Shop.de\/?post_type=product&#038;p=16326"},"modified":"2025-07-18T14:45:56","modified_gmt":"2025-07-18T14:45:56","slug":"furzipups-und-ruediger-ruelps-ruessel","status":"publish","type":"product","link":"https:\/\/Regalino-Shop.de\/?product=furzipups-und-ruediger-ruelps-ruessel","title":{"rendered":"Furzipups und R\u00fcdiger R\u00fclps R\u00fcssel"},"content":{"rendered":"","protected":false},"excerpt":{"rendered":"<p>Oh, welche Ruhe, h\u00f6rt doch mal!<br \/>\nDa vor uns das Drachental<br \/>\nliegt im fr\u00fchen D\u00e4mmerlicht.<br \/>\nEs furzt, es hickst und h\u00e4mmert nicht.<br \/>\nSo wie es die Alten wollen.<br \/>\nDoch! Von Ferne naht ein Grollen&#8230;<\/p>\n<p>Furzipups &#8211; eine Figur von Kai L\u00fcfter &#8211; ist ein kleiner Drache, der statt Feuer zu spucken pupsen muss.<\/p>\n<p><span data-huuid=\"6698003508625857296\">Die Geschichte ist in Reimform geschrieben. Die Reihe behandelt humorvoll Themen wie Pupsen, R\u00fclpsen, Schnarchen und Hicksen<\/span><\/p>\n<div class=\"WaaZC\">\n<div class=\"rPeykc\" data-hveid=\"CBEQAQ\" data-ved=\"2ahUKEwix5PiPxsaOAxVR3QIHHfjHHlUQo_EKegQIERAB\"><span data-huuid=\"6698003508625857467\">Die Hauptfigur, Furzipups, ist ein Drache, der aufgrund seiner besonderen F\u00e4higkeit, statt Feuer zu pupsen, zun\u00e4chst Schwierigkeiten hat, sich in seiner Welt zurechtzufinden. <\/span><span data-huuid=\"6698003508625857524\">Die Geschichten thematisieren auf humorvolle Weise, dass Anderssein normal ist und man zu sich und seinen Talenten stehen sollte.<\/span><\/div>\n<\/div>\n<div class=\"WaaZC\">\n<div class=\"rPeykc\" data-hveid=\"CBEQAQ\" data-ved=\"2ahUKEwix5PiPxsaOAxVR3QIHHfjHHlUQo_EKegQIERAB\"><\/div>\n<\/div>\n<div class=\"WaaZC\">\n<div class=\"rPeykc\" data-hveid=\"CBgQAQ\" data-ved=\"2ahUKEwix5PiPxsaOAxVR3QIHHfjHHlUQo_EKegQIGBAB\"><span data-huuid=\"6698003508625857638\">Die Reime laden zum Mitsprechen und -lachen ein\u00a0<\/span><\/div>\n<div data-hveid=\"CBgQAQ\" data-ved=\"2ahUKEwix5PiPxsaOAxVR3QIHHfjHHlUQo_EKegQIGBAB\"><\/div>\n<div class=\"rPeykc\" data-hveid=\"CBgQAQ\" data-ved=\"2ahUKEwix5PiPxsaOAxVR3QIHHfjHHlUQo_EKegQIGBAB\"><span data-huuid=\"6698003508625857638\">Mit R\u00fclps Button<\/span><\/div>\n<\/div>\n<div class=\"WaaZC\">\n<div data-hveid=\"CBgQAQ\" data-ved=\"2ahUKEwix5PiPxsaOAxVR3QIHHfjHHlUQo_EKegQIGBAB\"><\/div>\n<div class=\"rPeykc\" data-hveid=\"CBgQAQ\" data-ved=\"2ahUKEwix5PiPxsaOAxVR3QIHHfjHHlUQo_EKegQIGBAB\"><span data-huuid=\"6698003508625857638\">Illustrationen von Wiebke Rauers<\/span><\/div>\n<\/div>\n<section class=\"artikeldetail\">\n<ul>\n<li>Altersempfehlung ab 3 Jahren<\/li>\n<li>Seitenanzahl:\u00a0 32<\/li>\n<li>ISBN 978-3-649-64177-3<\/li>\n<\/ul>\n<\/section>\n","protected":false},"featured_media":16327,"template":"","meta":{"_et_pb_use_builder":"","_et_pb_old_content":"","_et_gb_content_width":""},"product_brand":[1855],"product_cat":[1781,96],"product_tag":[1856,1821],"class_list":{"0":"post-16326","1":"product","2":"type-product","3":"status-publish","4":"has-post-thumbnail","6":"product_brand-coppenrath-verlag","7":"product_cat-vorlesen-bilderbuecher-fuer-kinder-regalino","8":"product_cat-buecher-fuer-erwachsene-besondere-lieblingsstuecke-regalino","9":"product_tag-anderssein","10":"product_tag-bilderbuch","12":"first","13":"instock","14":"taxable","15":"shipping-taxable","16":"purchasable","17":"product-type-simple"},"yoast_head":"<!-- This site is optimized with the Yoast SEO plugin v27.5 - https:\/\/yoast.com\/product\/yoast-seo-wordpress\/ -->\n<title>Furzipups und R\u00fcdiger R\u00fclps R\u00fcssel - Regalino -Lively Style<\/title>\n<meta name=\"description\" content=\"Die Geschichte ist in Reimform geschrieben. Die Reihe behandelt humorvoll Themen wie Pupsen, R\u00fclpsen, Schnarchen und Hicksen\" \/>\n<meta name=\"robots\" content=\"index, follow, max-snippet:-1, max-image-preview:large, max-video-preview:-1\" \/>\n<link rel=\"canonical\" href=\"https:\/\/Regalino-Shop.de\/?product=furzipups-und-ruediger-ruelps-ruessel\" \/>\n<meta property=\"og:locale\" content=\"de_DE\" \/>\n<meta property=\"og:type\" content=\"article\" \/>\n<meta property=\"og:title\" content=\"Furzipups und R\u00fcdiger R\u00fclps R\u00fcssel - Regalino -Lively Style\" \/>\n<meta property=\"og:description\" content=\"Die Geschichte ist in Reimform geschrieben. Die Reihe behandelt humorvoll Themen wie Pupsen, R\u00fclpsen, Schnarchen und Hicksen\" \/>\n<meta property=\"og:url\" content=\"https:\/\/Regalino-Shop.de\/?product=furzipups-und-ruediger-ruelps-ruessel\" \/>\n<meta property=\"og:site_name\" content=\"Regalino -Lively Style\" \/>\n<meta property=\"article:modified_time\" content=\"2025-07-18T14:45:56+00:00\" \/>\n<meta property=\"og:image\" content=\"https:\/\/Regalino-Shop.de\/wp-content\/uploads\/2025\/07\/Furzipups-ruediger-ruessel-Kinderbuch.jpg\" \/>\n\t<meta property=\"og:image:width\" content=\"755\" \/>\n\t<meta property=\"og:image:height\" content=\"1000\" \/>\n\t<meta property=\"og:image:type\" content=\"image\/jpeg\" \/>\n<meta name=\"twitter:card\" content=\"summary_large_image\" \/>\n<meta name=\"twitter:label1\" content=\"Gesch\u00e4tzte Lesezeit\" \/>\n\t<meta name=\"twitter:data1\" content=\"1\u00a0Minute\" \/>\n<script type=\"application\/ld+json\" class=\"yoast-schema-graph\">{\"@context\":\"https:\\\/\\\/schema.org\",\"@graph\":[{\"@type\":\"WebPage\",\"@id\":\"https:\\\/\\\/Regalino-Shop.de\\\/?product=furzipups-und-ruediger-ruelps-ruessel\",\"url\":\"https:\\\/\\\/Regalino-Shop.de\\\/?product=furzipups-und-ruediger-ruelps-ruessel\",\"name\":\"Furzipups und R\u00fcdiger R\u00fclps R\u00fcssel - Regalino -Lively Style\",\"isPartOf\":{\"@id\":\"https:\\\/\\\/Regalino-Shop.de\\\/#website\"},\"primaryImageOfPage\":{\"@id\":\"https:\\\/\\\/Regalino-Shop.de\\\/?product=furzipups-und-ruediger-ruelps-ruessel#primaryimage\"},\"image\":{\"@id\":\"https:\\\/\\\/Regalino-Shop.de\\\/?product=furzipups-und-ruediger-ruelps-ruessel#primaryimage\"},\"thumbnailUrl\":\"https:\\\/\\\/Regalino-Shop.de\\\/wp-content\\\/uploads\\\/2025\\\/07\\\/Furzipups-ruediger-ruessel-Kinderbuch.jpg\",\"datePublished\":\"2025-07-18T14:14:18+00:00\",\"dateModified\":\"2025-07-18T14:45:56+00:00\",\"description\":\"Die Geschichte ist in Reimform geschrieben. Die Reihe behandelt humorvoll Themen wie Pupsen, R\u00fclpsen, Schnarchen und Hicksen\",\"breadcrumb\":{\"@id\":\"https:\\\/\\\/Regalino-Shop.de\\\/?product=furzipups-und-ruediger-ruelps-ruessel#breadcrumb\"},\"inLanguage\":\"de\",\"potentialAction\":[{\"@type\":\"ReadAction\",\"target\":[\"https:\\\/\\\/Regalino-Shop.de\\\/?product=furzipups-und-ruediger-ruelps-ruessel\"]}]},{\"@type\":\"ImageObject\",\"inLanguage\":\"de\",\"@id\":\"https:\\\/\\\/Regalino-Shop.de\\\/?product=furzipups-und-ruediger-ruelps-ruessel#primaryimage\",\"url\":\"https:\\\/\\\/Regalino-Shop.de\\\/wp-content\\\/uploads\\\/2025\\\/07\\\/Furzipups-ruediger-ruessel-Kinderbuch.jpg\",\"contentUrl\":\"https:\\\/\\\/Regalino-Shop.de\\\/wp-content\\\/uploads\\\/2025\\\/07\\\/Furzipups-ruediger-ruessel-Kinderbuch.jpg\",\"width\":755,\"height\":1000},{\"@type\":\"BreadcrumbList\",\"@id\":\"https:\\\/\\\/Regalino-Shop.de\\\/?product=furzipups-und-ruediger-ruelps-ruessel#breadcrumb\",\"itemListElement\":[{\"@type\":\"ListItem\",\"position\":1,\"name\":\"Startseite\",\"item\":\"https:\\\/\\\/Regalino-Shop.de\\\/\"},{\"@type\":\"ListItem\",\"position\":2,\"name\":\"Shop\",\"item\":\"https:\\\/\\\/Regalino-Shop.de\\\/?page_id=40\"},{\"@type\":\"ListItem\",\"position\":3,\"name\":\"Furzipups und R\u00fcdiger R\u00fclps R\u00fcssel\"}]},{\"@type\":\"WebSite\",\"@id\":\"https:\\\/\\\/Regalino-Shop.de\\\/#website\",\"url\":\"https:\\\/\\\/Regalino-Shop.de\\\/\",\"name\":\"Regalino -Lively Style\",\"description\":\"gelebtes Zuhause\",\"potentialAction\":[{\"@type\":\"SearchAction\",\"target\":{\"@type\":\"EntryPoint\",\"urlTemplate\":\"https:\\\/\\\/Regalino-Shop.de\\\/?s={search_term_string}\"},\"query-input\":{\"@type\":\"PropertyValueSpecification\",\"valueRequired\":true,\"valueName\":\"search_term_string\"}}],\"inLanguage\":\"de\"}]}<\/script>\n<!-- \/ Yoast SEO plugin. -->","yoast_head_json":{"title":"Furzipups und R\u00fcdiger R\u00fclps R\u00fcssel - Regalino -Lively Style","description":"Die Geschichte ist in Reimform geschrieben. Die Reihe behandelt humorvoll Themen wie Pupsen, R\u00fclpsen, Schnarchen und Hicksen","robots":{"index":"index","follow":"follow","max-snippet":"max-snippet:-1","max-image-preview":"max-image-preview:large","max-video-preview":"max-video-preview:-1"},"canonical":"https:\/\/Regalino-Shop.de\/?product=furzipups-und-ruediger-ruelps-ruessel","og_locale":"de_DE","og_type":"article","og_title":"Furzipups und R\u00fcdiger R\u00fclps R\u00fcssel - Regalino -Lively Style","og_description":"Die Geschichte ist in Reimform geschrieben. Die Reihe behandelt humorvoll Themen wie Pupsen, R\u00fclpsen, Schnarchen und Hicksen","og_url":"https:\/\/Regalino-Shop.de\/?product=furzipups-und-ruediger-ruelps-ruessel","og_site_name":"Regalino -Lively Style","article_modified_time":"2025-07-18T14:45:56+00:00","og_image":[{"width":755,"height":1000,"url":"https:\/\/Regalino-Shop.de\/wp-content\/uploads\/2025\/07\/Furzipups-ruediger-ruessel-Kinderbuch.jpg","type":"image\/jpeg"}],"twitter_card":"summary_large_image","twitter_misc":{"Gesch\u00e4tzte Lesezeit":"1\u00a0Minute"},"schema":{"@context":"https:\/\/schema.org","@graph":[{"@type":"WebPage","@id":"https:\/\/Regalino-Shop.de\/?product=furzipups-und-ruediger-ruelps-ruessel","url":"https:\/\/Regalino-Shop.de\/?product=furzipups-und-ruediger-ruelps-ruessel","name":"Furzipups und R\u00fcdiger R\u00fclps R\u00fcssel - Regalino -Lively Style","isPartOf":{"@id":"https:\/\/Regalino-Shop.de\/#website"},"primaryImageOfPage":{"@id":"https:\/\/Regalino-Shop.de\/?product=furzipups-und-ruediger-ruelps-ruessel#primaryimage"},"image":{"@id":"https:\/\/Regalino-Shop.de\/?product=furzipups-und-ruediger-ruelps-ruessel#primaryimage"},"thumbnailUrl":"https:\/\/Regalino-Shop.de\/wp-content\/uploads\/2025\/07\/Furzipups-ruediger-ruessel-Kinderbuch.jpg","datePublished":"2025-07-18T14:14:18+00:00","dateModified":"2025-07-18T14:45:56+00:00","description":"Die Geschichte ist in Reimform geschrieben. Die Reihe behandelt humorvoll Themen wie Pupsen, R\u00fclpsen, Schnarchen und Hicksen","breadcrumb":{"@id":"https:\/\/Regalino-Shop.de\/?product=furzipups-und-ruediger-ruelps-ruessel#breadcrumb"},"inLanguage":"de","potentialAction":[{"@type":"ReadAction","target":["https:\/\/Regalino-Shop.de\/?product=furzipups-und-ruediger-ruelps-ruessel"]}]},{"@type":"ImageObject","inLanguage":"de","@id":"https:\/\/Regalino-Shop.de\/?product=furzipups-und-ruediger-ruelps-ruessel#primaryimage","url":"https:\/\/Regalino-Shop.de\/wp-content\/uploads\/2025\/07\/Furzipups-ruediger-ruessel-Kinderbuch.jpg","contentUrl":"https:\/\/Regalino-Shop.de\/wp-content\/uploads\/2025\/07\/Furzipups-ruediger-ruessel-Kinderbuch.jpg","width":755,"height":1000},{"@type":"BreadcrumbList","@id":"https:\/\/Regalino-Shop.de\/?product=furzipups-und-ruediger-ruelps-ruessel#breadcrumb","itemListElement":[{"@type":"ListItem","position":1,"name":"Startseite","item":"https:\/\/Regalino-Shop.de\/"},{"@type":"ListItem","position":2,"name":"Shop","item":"https:\/\/Regalino-Shop.de\/?page_id=40"},{"@type":"ListItem","position":3,"name":"Furzipups und R\u00fcdiger R\u00fclps R\u00fcssel"}]},{"@type":"WebSite","@id":"https:\/\/Regalino-Shop.de\/#website","url":"https:\/\/Regalino-Shop.de\/","name":"Regalino -Lively Style","description":"gelebtes Zuhause","potentialAction":[{"@type":"SearchAction","target":{"@type":"EntryPoint","urlTemplate":"https:\/\/Regalino-Shop.de\/?s={search_term_string}"},"query-input":{"@type":"PropertyValueSpecification","valueRequired":true,"valueName":"search_term_string"}}],"inLanguage":"de"}]}},"_links":{"self":[{"href":"https:\/\/Regalino-Shop.de\/index.php?rest_route=\/wp\/v2\/product\/16326","targetHints":{"allow":["GET"]}}],"collection":[{"href":"https:\/\/Regalino-Shop.de\/index.php?rest_route=\/wp\/v2\/product"}],"about":[{"href":"https:\/\/Regalino-Shop.de\/index.php?rest_route=\/wp\/v2\/types\/product"}],"wp:featuredmedia":[{"embeddable":true,"href":"https:\/\/Regalino-Shop.de\/index.php?rest_route=\/wp\/v2\/media\/16327"}],"wp:attachment":[{"href":"https:\/\/Regalino-Shop.de\/index.php?rest_route=%2Fwp%2Fv2%2Fmedia&parent=16326"}],"wp:term":[{"taxonomy":"product_brand","embeddable":true,"href":"https:\/\/Regalino-Shop.de\/index.php?rest_route=%2Fwp%2Fv2%2Fproduct_brand&post=16326"},{"taxonomy":"product_cat","embeddable":true,"href":"https:\/\/Regalino-Shop.de\/index.php?rest_route=%2Fwp%2Fv2%2Fproduct_cat&post=16326"},{"taxonomy":"product_tag","embeddable":true,"href":"https:\/\/Regalino-Shop.de\/index.php?rest_route=%2Fwp%2Fv2%2Fproduct_tag&post=16326"}],"curies":[{"name":"wp","href":"https:\/\/api.w.org\/{rel}","templated":true}]}}