{"id":16338,"date":"2025-07-21T16:03:09","date_gmt":"2025-07-21T16:03:09","guid":{"rendered":"https:\/\/Regalino-Shop.de\/?post_type=product&#038;p=16338"},"modified":"2026-03-29T08:02:51","modified_gmt":"2026-03-29T08:02:51","slug":"handtuchponcho-loewe","status":"publish","type":"product","link":"https:\/\/Regalino-Shop.de\/?product=handtuchponcho-loewe","title":{"rendered":"Handtuchponcho *L\u00f6we*"},"content":{"rendered":"","protected":false},"excerpt":{"rendered":"<h3><strong>Handtuchponcho mit Kapuze<\/strong><\/h3>\n<ul>\n<li>Aus 100\u202f% hochwertiger Baumwolle \u2013 weich, atmungsaktiv &amp; saugstark<\/li>\n<li>Gr\u00f6\u00dfe 58 x 80 cm<\/li>\n<li>Mit Kapuze \u2013 sch\u00fctzt Kopf und Haare vor Zugluft<\/li>\n<li>Bequemer Schnitt \u2013 einfach \u00fcberziehen, kein Verrutschen<\/li>\n<li>Ideal f\u00fcr Strand, Schwimmbad oder Zuhause<\/li>\n<li>Maschinenwaschbar bis 40\u00b0C &amp; pflegeleicht<\/li>\n<\/ul>\n<p>Lieferumfang: 1 Poncho<\/p>\n","protected":false},"featured_media":16340,"template":"","meta":{"_et_pb_use_builder":"","_et_pb_old_content":"","_et_gb_content_width":""},"product_brand":[1857],"product_cat":[2983,83,93,2637],"product_tag":[837,893,551,1241,1858],"class_list":{"0":"post-16338","1":"product","2":"type-product","3":"status-publish","4":"has-post-thumbnail","6":"product_brand-chic-mic","7":"product_cat-accessoires","8":"product_cat-bad-spa-besondere-wohlfuehlmomente-regalino","9":"product_cat-spielzeug-kuscheltiere-mit-liebevollen-details-regalino","10":"product_cat-strandtaschen-reiseaccessoires-mit-maritimem-flair-regalino","11":"product_tag-baby","12":"product_tag-geschenk-zur-geburt","13":"product_tag-handtuch","14":"product_tag-kapuzenhandtuch","15":"product_tag-poncho","17":"first","18":"instock","19":"taxable","20":"shipping-taxable","21":"purchasable","22":"product-type-simple"},"yoast_head":"<!-- This site is optimized with the Yoast SEO plugin v27.5 - https:\/\/yoast.com\/product\/yoast-seo-wordpress\/ -->\n<title>Handtuchponcho *L\u00f6we* - Regalino -Lively Style<\/title>\n<meta name=\"description\" content=\"Aus 100\u202f% hochwertiger Baumwolle \u2013 weich, atmungsaktiv &amp; saugstark Mit Kapuze \u2013 sch\u00fctzt Kopf und Haare vor Zugluft Gr\u00f6\u00dfe: 58 x 80cm\" \/>\n<meta name=\"robots\" content=\"index, follow, max-snippet:-1, max-image-preview:large, max-video-preview:-1\" \/>\n<link rel=\"canonical\" href=\"https:\/\/Regalino-Shop.de\/?product=handtuchponcho-loewe\" \/>\n<meta property=\"og:locale\" content=\"de_DE\" \/>\n<meta property=\"og:type\" content=\"article\" \/>\n<meta property=\"og:title\" content=\"Handtuchponcho *L\u00f6we* - Regalino -Lively Style\" \/>\n<meta property=\"og:description\" content=\"Aus 100\u202f% hochwertiger Baumwolle \u2013 weich, atmungsaktiv &amp; saugstark Mit Kapuze \u2013 sch\u00fctzt Kopf und Haare vor Zugluft Gr\u00f6\u00dfe: 58 x 80cm\" \/>\n<meta property=\"og:url\" content=\"https:\/\/Regalino-Shop.de\/?product=handtuchponcho-loewe\" \/>\n<meta property=\"og:site_name\" content=\"Regalino -Lively Style\" \/>\n<meta property=\"article:modified_time\" content=\"2026-03-29T08:02:51+00:00\" \/>\n<meta property=\"og:image\" content=\"https:\/\/Regalino-Shop.de\/wp-content\/uploads\/2025\/07\/poncho-Loewe-chicmic.webp\" \/>\n\t<meta property=\"og:image:width\" content=\"1200\" \/>\n\t<meta property=\"og:image:height\" content=\"1500\" \/>\n\t<meta property=\"og:image:type\" content=\"image\/webp\" \/>\n<meta name=\"twitter:card\" content=\"summary_large_image\" \/>\n<meta name=\"twitter:label1\" content=\"Gesch\u00e4tzte Lesezeit\" \/>\n\t<meta name=\"twitter:data1\" content=\"1\u00a0Minute\" \/>\n<script type=\"application\/ld+json\" class=\"yoast-schema-graph\">{\"@context\":\"https:\\\/\\\/schema.org\",\"@graph\":[{\"@type\":\"WebPage\",\"@id\":\"https:\\\/\\\/Regalino-Shop.de\\\/?product=handtuchponcho-loewe\",\"url\":\"https:\\\/\\\/Regalino-Shop.de\\\/?product=handtuchponcho-loewe\",\"name\":\"Handtuchponcho *L\u00f6we* - Regalino -Lively Style\",\"isPartOf\":{\"@id\":\"https:\\\/\\\/Regalino-Shop.de\\\/#website\"},\"primaryImageOfPage\":{\"@id\":\"https:\\\/\\\/Regalino-Shop.de\\\/?product=handtuchponcho-loewe#primaryimage\"},\"image\":{\"@id\":\"https:\\\/\\\/Regalino-Shop.de\\\/?product=handtuchponcho-loewe#primaryimage\"},\"thumbnailUrl\":\"https:\\\/\\\/Regalino-Shop.de\\\/wp-content\\\/uploads\\\/2025\\\/07\\\/poncho-Loewe-chicmic.webp\",\"datePublished\":\"2025-07-21T16:03:09+00:00\",\"dateModified\":\"2026-03-29T08:02:51+00:00\",\"description\":\"Aus 100\u202f% hochwertiger Baumwolle \u2013 weich, atmungsaktiv & saugstark Mit Kapuze \u2013 sch\u00fctzt Kopf und Haare vor Zugluft Gr\u00f6\u00dfe: 58 x 80cm\",\"breadcrumb\":{\"@id\":\"https:\\\/\\\/Regalino-Shop.de\\\/?product=handtuchponcho-loewe#breadcrumb\"},\"inLanguage\":\"de\",\"potentialAction\":[{\"@type\":\"ReadAction\",\"target\":[\"https:\\\/\\\/Regalino-Shop.de\\\/?product=handtuchponcho-loewe\"]}]},{\"@type\":\"ImageObject\",\"inLanguage\":\"de\",\"@id\":\"https:\\\/\\\/Regalino-Shop.de\\\/?product=handtuchponcho-loewe#primaryimage\",\"url\":\"https:\\\/\\\/Regalino-Shop.de\\\/wp-content\\\/uploads\\\/2025\\\/07\\\/poncho-Loewe-chicmic.webp\",\"contentUrl\":\"https:\\\/\\\/Regalino-Shop.de\\\/wp-content\\\/uploads\\\/2025\\\/07\\\/poncho-Loewe-chicmic.webp\",\"width\":1200,\"height\":1500},{\"@type\":\"BreadcrumbList\",\"@id\":\"https:\\\/\\\/Regalino-Shop.de\\\/?product=handtuchponcho-loewe#breadcrumb\",\"itemListElement\":[{\"@type\":\"ListItem\",\"position\":1,\"name\":\"Startseite\",\"item\":\"https:\\\/\\\/Regalino-Shop.de\\\/\"},{\"@type\":\"ListItem\",\"position\":2,\"name\":\"Shop\",\"item\":\"https:\\\/\\\/Regalino-Shop.de\\\/?page_id=40\"},{\"@type\":\"ListItem\",\"position\":3,\"name\":\"Handtuchponcho *L\u00f6we*\"}]},{\"@type\":\"WebSite\",\"@id\":\"https:\\\/\\\/Regalino-Shop.de\\\/#website\",\"url\":\"https:\\\/\\\/Regalino-Shop.de\\\/\",\"name\":\"Regalino -Lively Style\",\"description\":\"gelebtes Zuhause\",\"potentialAction\":[{\"@type\":\"SearchAction\",\"target\":{\"@type\":\"EntryPoint\",\"urlTemplate\":\"https:\\\/\\\/Regalino-Shop.de\\\/?s={search_term_string}\"},\"query-input\":{\"@type\":\"PropertyValueSpecification\",\"valueRequired\":true,\"valueName\":\"search_term_string\"}}],\"inLanguage\":\"de\"}]}<\/script>\n<!-- \/ Yoast SEO plugin. -->","yoast_head_json":{"title":"Handtuchponcho *L\u00f6we* - Regalino -Lively Style","description":"Aus 100\u202f% hochwertiger Baumwolle \u2013 weich, atmungsaktiv & saugstark Mit Kapuze \u2013 sch\u00fctzt Kopf und Haare vor Zugluft Gr\u00f6\u00dfe: 58 x 80cm","robots":{"index":"index","follow":"follow","max-snippet":"max-snippet:-1","max-image-preview":"max-image-preview:large","max-video-preview":"max-video-preview:-1"},"canonical":"https:\/\/Regalino-Shop.de\/?product=handtuchponcho-loewe","og_locale":"de_DE","og_type":"article","og_title":"Handtuchponcho *L\u00f6we* - Regalino -Lively Style","og_description":"Aus 100\u202f% hochwertiger Baumwolle \u2013 weich, atmungsaktiv & saugstark Mit Kapuze \u2013 sch\u00fctzt Kopf und Haare vor Zugluft Gr\u00f6\u00dfe: 58 x 80cm","og_url":"https:\/\/Regalino-Shop.de\/?product=handtuchponcho-loewe","og_site_name":"Regalino -Lively Style","article_modified_time":"2026-03-29T08:02:51+00:00","og_image":[{"width":1200,"height":1500,"url":"https:\/\/Regalino-Shop.de\/wp-content\/uploads\/2025\/07\/poncho-Loewe-chicmic.webp","type":"image\/webp"}],"twitter_card":"summary_large_image","twitter_misc":{"Gesch\u00e4tzte Lesezeit":"1\u00a0Minute"},"schema":{"@context":"https:\/\/schema.org","@graph":[{"@type":"WebPage","@id":"https:\/\/Regalino-Shop.de\/?product=handtuchponcho-loewe","url":"https:\/\/Regalino-Shop.de\/?product=handtuchponcho-loewe","name":"Handtuchponcho *L\u00f6we* - Regalino -Lively Style","isPartOf":{"@id":"https:\/\/Regalino-Shop.de\/#website"},"primaryImageOfPage":{"@id":"https:\/\/Regalino-Shop.de\/?product=handtuchponcho-loewe#primaryimage"},"image":{"@id":"https:\/\/Regalino-Shop.de\/?product=handtuchponcho-loewe#primaryimage"},"thumbnailUrl":"https:\/\/Regalino-Shop.de\/wp-content\/uploads\/2025\/07\/poncho-Loewe-chicmic.webp","datePublished":"2025-07-21T16:03:09+00:00","dateModified":"2026-03-29T08:02:51+00:00","description":"Aus 100\u202f% hochwertiger Baumwolle \u2013 weich, atmungsaktiv & saugstark Mit Kapuze \u2013 sch\u00fctzt Kopf und Haare vor Zugluft Gr\u00f6\u00dfe: 58 x 80cm","breadcrumb":{"@id":"https:\/\/Regalino-Shop.de\/?product=handtuchponcho-loewe#breadcrumb"},"inLanguage":"de","potentialAction":[{"@type":"ReadAction","target":["https:\/\/Regalino-Shop.de\/?product=handtuchponcho-loewe"]}]},{"@type":"ImageObject","inLanguage":"de","@id":"https:\/\/Regalino-Shop.de\/?product=handtuchponcho-loewe#primaryimage","url":"https:\/\/Regalino-Shop.de\/wp-content\/uploads\/2025\/07\/poncho-Loewe-chicmic.webp","contentUrl":"https:\/\/Regalino-Shop.de\/wp-content\/uploads\/2025\/07\/poncho-Loewe-chicmic.webp","width":1200,"height":1500},{"@type":"BreadcrumbList","@id":"https:\/\/Regalino-Shop.de\/?product=handtuchponcho-loewe#breadcrumb","itemListElement":[{"@type":"ListItem","position":1,"name":"Startseite","item":"https:\/\/Regalino-Shop.de\/"},{"@type":"ListItem","position":2,"name":"Shop","item":"https:\/\/Regalino-Shop.de\/?page_id=40"},{"@type":"ListItem","position":3,"name":"Handtuchponcho *L\u00f6we*"}]},{"@type":"WebSite","@id":"https:\/\/Regalino-Shop.de\/#website","url":"https:\/\/Regalino-Shop.de\/","name":"Regalino -Lively Style","description":"gelebtes Zuhause","potentialAction":[{"@type":"SearchAction","target":{"@type":"EntryPoint","urlTemplate":"https:\/\/Regalino-Shop.de\/?s={search_term_string}"},"query-input":{"@type":"PropertyValueSpecification","valueRequired":true,"valueName":"search_term_string"}}],"inLanguage":"de"}]}},"_links":{"self":[{"href":"https:\/\/Regalino-Shop.de\/index.php?rest_route=\/wp\/v2\/product\/16338","targetHints":{"allow":["GET"]}}],"collection":[{"href":"https:\/\/Regalino-Shop.de\/index.php?rest_route=\/wp\/v2\/product"}],"about":[{"href":"https:\/\/Regalino-Shop.de\/index.php?rest_route=\/wp\/v2\/types\/product"}],"wp:featuredmedia":[{"embeddable":true,"href":"https:\/\/Regalino-Shop.de\/index.php?rest_route=\/wp\/v2\/media\/16340"}],"wp:attachment":[{"href":"https:\/\/Regalino-Shop.de\/index.php?rest_route=%2Fwp%2Fv2%2Fmedia&parent=16338"}],"wp:term":[{"taxonomy":"product_brand","embeddable":true,"href":"https:\/\/Regalino-Shop.de\/index.php?rest_route=%2Fwp%2Fv2%2Fproduct_brand&post=16338"},{"taxonomy":"product_cat","embeddable":true,"href":"https:\/\/Regalino-Shop.de\/index.php?rest_route=%2Fwp%2Fv2%2Fproduct_cat&post=16338"},{"taxonomy":"product_tag","embeddable":true,"href":"https:\/\/Regalino-Shop.de\/index.php?rest_route=%2Fwp%2Fv2%2Fproduct_tag&post=16338"}],"curies":[{"name":"wp","href":"https:\/\/api.w.org\/{rel}","templated":true}]}}