{"id":16397,"date":"2025-07-24T07:33:31","date_gmt":"2025-07-24T07:33:31","guid":{"rendered":"https:\/\/Regalino-Shop.de\/?post_type=product&#038;p=16397"},"modified":"2025-08-20T11:09:22","modified_gmt":"2025-08-20T11:09:22","slug":"irgendwie-anders","status":"publish","type":"product","link":"https:\/\/Regalino-Shop.de\/?product=irgendwie-anders","title":{"rendered":"Irgendwie Anders"},"content":{"rendered":"","protected":false},"excerpt":{"rendered":"<p>&#8222;Irgendwie Anders&#8220; ist ein bezauberndes Bilderbuch von Kathryn Cave, illustriert von Chris Riddell, das von einem kleinen Wesen namens Irgendwie Anders erz\u00e4hlt, das sich von allen anderen unterscheidet und deshalb ausgeschlossen f\u00fchlt. Trotz aller Bem\u00fchungen, sich anzupassen, bleibt Irgendwie Anders allein, bis eines Tages ein seltsames Etwas an seine T\u00fcr klopft, das behauptet, genau wie er zu sein. Die Geschichte entwickelt sich zu einem warmherzigen Abenteuer \u00fcber Freundschaft, Akzeptanz und die Erkenntnis, dass jeder auf seine Art besonders ist. Dieses Buch, das den ersten internationalen UNESCO-Preis f\u00fcr Kinder- und Jugendliteratur im Dienst der Toleranz erhalten hat, lehrt Kinder auf einf\u00fchlsame Weise die Bedeutung von Toleranz und Empathie.<\/p>\n<ul class=\"a-unordered-list a-vertical\">\n<li><span class=\"a-list-item\"><span class=\"a-text-bold\">Gewinner des ersten internationalen UNESCO-Preises<\/span>\u00a0f\u00fcr Kinder- und Jugendliteratur im Dienst der Toleranz.<\/span><\/li>\n<li><span class=\"a-list-item\">Bietet eine\u00a0<span class=\"a-text-bold\">wichtige Botschaft \u00fcber Toleranz, Akzeptanz und das Feiern von Unterschieden<\/span>\u00a0in einer f\u00fcr Kinder leicht verst\u00e4ndlichen Weise.<\/span><\/li>\n<li><span class=\"a-list-item\"><span class=\"a-text-bold\">F\u00f6rdert Empathie und Mitgef\u00fchl<\/span>\u00a0durch eine Geschichte, die zeigt, wie wertvoll Freundschaft und Akzeptanz sind.<\/span><\/li>\n<li><span class=\"a-list-item\">Illustriert von Chris Riddell, dessen\u00a0<span class=\"a-text-bold\">faszinierende Bilder<\/span>\u00a0die Geschichte lebendig machen und die Fantasie der Kinder anregen.<\/span><\/li>\n<li><span class=\"a-list-item\">Eignet sich\u00a0<span class=\"a-text-bold\">hervorragend als Lehrmittel f\u00fcr Eltern und Lehrkr\u00e4fte<\/span>, um Themen wie Individualit\u00e4t und das Anderssein zu besprechen.<\/span><\/li>\n<li><span class=\"a-list-item\">Von Lesern gelobt f\u00fcr seine F\u00e4higkeit,<span class=\"a-text-bold\">\u00a0sowohl Kinder als auch Erwachsene zu ber\u00fchren und zum Nachdenken anzuregen.<\/span><\/span><\/li>\n<li><span class=\"a-list-item\">Ein<span class=\"a-text-bold\">\u00a0unverzichtbares Buch f\u00fcr jede Kinderbibliothek<\/span>, das eine Br\u00fccke zwischen Unterhaltung und p\u00e4dagogischem Wert schl\u00e4gt.<\/span><\/li>\n<li><span class=\"a-list-item\">Wird als effektives Werkzeug angesehen, um fr\u00fchzeitig ein<span class=\"a-text-bold\">\u00a0Verst\u00e4ndnis f\u00fcr die Vielfalt der Menschen<\/span>\u00a0und die Akzeptanz von Unterschieden zu f\u00f6rdern.<\/span><\/li>\n<\/ul>\n<section class=\"artikeldetail\">\n<ul>\n<li>Altersempfehlung ab 4 Jahren<\/li>\n<li>Seitenanzahl:\u00a0 32<\/li>\n<li>ISBN 978-3789163524<\/li>\n<\/ul>\n<\/section>\n","protected":false},"featured_media":16398,"template":"","meta":{"_et_pb_use_builder":"","_et_pb_old_content":"","_et_gb_content_width":""},"product_brand":[],"product_cat":[1781,96],"product_tag":[1856,1821,912],"class_list":{"0":"post-16397","1":"product","2":"type-product","3":"status-publish","4":"has-post-thumbnail","6":"product_cat-vorlesen-bilderbuecher-fuer-kinder-regalino","7":"product_cat-buecher-fuer-erwachsene-besondere-lieblingsstuecke-regalino","8":"product_tag-anderssein","9":"product_tag-bilderbuch","10":"product_tag-vorlesebuch","12":"first","13":"instock","14":"taxable","15":"shipping-taxable","16":"purchasable","17":"product-type-simple"},"yoast_head":"<!-- This site is optimized with the Yoast SEO plugin v27.5 - https:\/\/yoast.com\/product\/yoast-seo-wordpress\/ -->\n<title>Irgendwie Anders - Regalino -Lively Style<\/title>\n<meta name=\"description\" content=\"erz\u00e4hlt von einem kleinen Wesen namens Irgendwie Anders, das sich von allen anderen unterscheidet und deshalb ausgeschlossen f\u00fchlt\" \/>\n<meta name=\"robots\" content=\"index, follow, max-snippet:-1, max-image-preview:large, max-video-preview:-1\" \/>\n<link rel=\"canonical\" href=\"https:\/\/Regalino-Shop.de\/?product=irgendwie-anders\" \/>\n<meta property=\"og:locale\" content=\"de_DE\" \/>\n<meta property=\"og:type\" content=\"article\" \/>\n<meta property=\"og:title\" content=\"Irgendwie Anders - Regalino -Lively Style\" \/>\n<meta property=\"og:description\" content=\"erz\u00e4hlt von einem kleinen Wesen namens Irgendwie Anders, das sich von allen anderen unterscheidet und deshalb ausgeschlossen f\u00fchlt\" \/>\n<meta property=\"og:url\" content=\"https:\/\/Regalino-Shop.de\/?product=irgendwie-anders\" \/>\n<meta property=\"og:site_name\" content=\"Regalino -Lively Style\" \/>\n<meta property=\"article:modified_time\" content=\"2025-08-20T11:09:22+00:00\" \/>\n<meta property=\"og:image\" content=\"https:\/\/Regalino-Shop.de\/wp-content\/uploads\/2025\/07\/Irgendwie-An-ders-Vorlesebuch-Oetinger-Kinderbuch.jpg\" \/>\n\t<meta property=\"og:image:width\" content=\"1135\" \/>\n\t<meta property=\"og:image:height\" content=\"1500\" \/>\n\t<meta property=\"og:image:type\" content=\"image\/jpeg\" \/>\n<meta name=\"twitter:card\" content=\"summary_large_image\" \/>\n<meta name=\"twitter:label1\" content=\"Gesch\u00e4tzte Lesezeit\" \/>\n\t<meta name=\"twitter:data1\" content=\"1\u00a0Minute\" \/>\n<script type=\"application\/ld+json\" class=\"yoast-schema-graph\">{\"@context\":\"https:\\\/\\\/schema.org\",\"@graph\":[{\"@type\":\"WebPage\",\"@id\":\"https:\\\/\\\/Regalino-Shop.de\\\/?product=irgendwie-anders\",\"url\":\"https:\\\/\\\/Regalino-Shop.de\\\/?product=irgendwie-anders\",\"name\":\"Irgendwie Anders - Regalino -Lively Style\",\"isPartOf\":{\"@id\":\"https:\\\/\\\/Regalino-Shop.de\\\/#website\"},\"primaryImageOfPage\":{\"@id\":\"https:\\\/\\\/Regalino-Shop.de\\\/?product=irgendwie-anders#primaryimage\"},\"image\":{\"@id\":\"https:\\\/\\\/Regalino-Shop.de\\\/?product=irgendwie-anders#primaryimage\"},\"thumbnailUrl\":\"https:\\\/\\\/Regalino-Shop.de\\\/wp-content\\\/uploads\\\/2025\\\/07\\\/Irgendwie-An-ders-Vorlesebuch-Oetinger-Kinderbuch.jpg\",\"datePublished\":\"2025-07-24T07:33:31+00:00\",\"dateModified\":\"2025-08-20T11:09:22+00:00\",\"description\":\"erz\u00e4hlt von einem kleinen Wesen namens Irgendwie Anders, das sich von allen anderen unterscheidet und deshalb ausgeschlossen f\u00fchlt\",\"breadcrumb\":{\"@id\":\"https:\\\/\\\/Regalino-Shop.de\\\/?product=irgendwie-anders#breadcrumb\"},\"inLanguage\":\"de\",\"potentialAction\":[{\"@type\":\"ReadAction\",\"target\":[\"https:\\\/\\\/Regalino-Shop.de\\\/?product=irgendwie-anders\"]}]},{\"@type\":\"ImageObject\",\"inLanguage\":\"de\",\"@id\":\"https:\\\/\\\/Regalino-Shop.de\\\/?product=irgendwie-anders#primaryimage\",\"url\":\"https:\\\/\\\/Regalino-Shop.de\\\/wp-content\\\/uploads\\\/2025\\\/07\\\/Irgendwie-An-ders-Vorlesebuch-Oetinger-Kinderbuch.jpg\",\"contentUrl\":\"https:\\\/\\\/Regalino-Shop.de\\\/wp-content\\\/uploads\\\/2025\\\/07\\\/Irgendwie-An-ders-Vorlesebuch-Oetinger-Kinderbuch.jpg\",\"width\":1135,\"height\":1500},{\"@type\":\"BreadcrumbList\",\"@id\":\"https:\\\/\\\/Regalino-Shop.de\\\/?product=irgendwie-anders#breadcrumb\",\"itemListElement\":[{\"@type\":\"ListItem\",\"position\":1,\"name\":\"Startseite\",\"item\":\"https:\\\/\\\/Regalino-Shop.de\\\/\"},{\"@type\":\"ListItem\",\"position\":2,\"name\":\"Shop\",\"item\":\"https:\\\/\\\/Regalino-Shop.de\\\/?page_id=40\"},{\"@type\":\"ListItem\",\"position\":3,\"name\":\"Irgendwie Anders\"}]},{\"@type\":\"WebSite\",\"@id\":\"https:\\\/\\\/Regalino-Shop.de\\\/#website\",\"url\":\"https:\\\/\\\/Regalino-Shop.de\\\/\",\"name\":\"Regalino -Lively Style\",\"description\":\"gelebtes Zuhause\",\"potentialAction\":[{\"@type\":\"SearchAction\",\"target\":{\"@type\":\"EntryPoint\",\"urlTemplate\":\"https:\\\/\\\/Regalino-Shop.de\\\/?s={search_term_string}\"},\"query-input\":{\"@type\":\"PropertyValueSpecification\",\"valueRequired\":true,\"valueName\":\"search_term_string\"}}],\"inLanguage\":\"de\"}]}<\/script>\n<!-- \/ Yoast SEO plugin. -->","yoast_head_json":{"title":"Irgendwie Anders - Regalino -Lively Style","description":"erz\u00e4hlt von einem kleinen Wesen namens Irgendwie Anders, das sich von allen anderen unterscheidet und deshalb ausgeschlossen f\u00fchlt","robots":{"index":"index","follow":"follow","max-snippet":"max-snippet:-1","max-image-preview":"max-image-preview:large","max-video-preview":"max-video-preview:-1"},"canonical":"https:\/\/Regalino-Shop.de\/?product=irgendwie-anders","og_locale":"de_DE","og_type":"article","og_title":"Irgendwie Anders - Regalino -Lively Style","og_description":"erz\u00e4hlt von einem kleinen Wesen namens Irgendwie Anders, das sich von allen anderen unterscheidet und deshalb ausgeschlossen f\u00fchlt","og_url":"https:\/\/Regalino-Shop.de\/?product=irgendwie-anders","og_site_name":"Regalino -Lively Style","article_modified_time":"2025-08-20T11:09:22+00:00","og_image":[{"width":1135,"height":1500,"url":"https:\/\/Regalino-Shop.de\/wp-content\/uploads\/2025\/07\/Irgendwie-An-ders-Vorlesebuch-Oetinger-Kinderbuch.jpg","type":"image\/jpeg"}],"twitter_card":"summary_large_image","twitter_misc":{"Gesch\u00e4tzte Lesezeit":"1\u00a0Minute"},"schema":{"@context":"https:\/\/schema.org","@graph":[{"@type":"WebPage","@id":"https:\/\/Regalino-Shop.de\/?product=irgendwie-anders","url":"https:\/\/Regalino-Shop.de\/?product=irgendwie-anders","name":"Irgendwie Anders - Regalino -Lively Style","isPartOf":{"@id":"https:\/\/Regalino-Shop.de\/#website"},"primaryImageOfPage":{"@id":"https:\/\/Regalino-Shop.de\/?product=irgendwie-anders#primaryimage"},"image":{"@id":"https:\/\/Regalino-Shop.de\/?product=irgendwie-anders#primaryimage"},"thumbnailUrl":"https:\/\/Regalino-Shop.de\/wp-content\/uploads\/2025\/07\/Irgendwie-An-ders-Vorlesebuch-Oetinger-Kinderbuch.jpg","datePublished":"2025-07-24T07:33:31+00:00","dateModified":"2025-08-20T11:09:22+00:00","description":"erz\u00e4hlt von einem kleinen Wesen namens Irgendwie Anders, das sich von allen anderen unterscheidet und deshalb ausgeschlossen f\u00fchlt","breadcrumb":{"@id":"https:\/\/Regalino-Shop.de\/?product=irgendwie-anders#breadcrumb"},"inLanguage":"de","potentialAction":[{"@type":"ReadAction","target":["https:\/\/Regalino-Shop.de\/?product=irgendwie-anders"]}]},{"@type":"ImageObject","inLanguage":"de","@id":"https:\/\/Regalino-Shop.de\/?product=irgendwie-anders#primaryimage","url":"https:\/\/Regalino-Shop.de\/wp-content\/uploads\/2025\/07\/Irgendwie-An-ders-Vorlesebuch-Oetinger-Kinderbuch.jpg","contentUrl":"https:\/\/Regalino-Shop.de\/wp-content\/uploads\/2025\/07\/Irgendwie-An-ders-Vorlesebuch-Oetinger-Kinderbuch.jpg","width":1135,"height":1500},{"@type":"BreadcrumbList","@id":"https:\/\/Regalino-Shop.de\/?product=irgendwie-anders#breadcrumb","itemListElement":[{"@type":"ListItem","position":1,"name":"Startseite","item":"https:\/\/Regalino-Shop.de\/"},{"@type":"ListItem","position":2,"name":"Shop","item":"https:\/\/Regalino-Shop.de\/?page_id=40"},{"@type":"ListItem","position":3,"name":"Irgendwie Anders"}]},{"@type":"WebSite","@id":"https:\/\/Regalino-Shop.de\/#website","url":"https:\/\/Regalino-Shop.de\/","name":"Regalino -Lively Style","description":"gelebtes Zuhause","potentialAction":[{"@type":"SearchAction","target":{"@type":"EntryPoint","urlTemplate":"https:\/\/Regalino-Shop.de\/?s={search_term_string}"},"query-input":{"@type":"PropertyValueSpecification","valueRequired":true,"valueName":"search_term_string"}}],"inLanguage":"de"}]}},"_links":{"self":[{"href":"https:\/\/Regalino-Shop.de\/index.php?rest_route=\/wp\/v2\/product\/16397","targetHints":{"allow":["GET"]}}],"collection":[{"href":"https:\/\/Regalino-Shop.de\/index.php?rest_route=\/wp\/v2\/product"}],"about":[{"href":"https:\/\/Regalino-Shop.de\/index.php?rest_route=\/wp\/v2\/types\/product"}],"wp:featuredmedia":[{"embeddable":true,"href":"https:\/\/Regalino-Shop.de\/index.php?rest_route=\/wp\/v2\/media\/16398"}],"wp:attachment":[{"href":"https:\/\/Regalino-Shop.de\/index.php?rest_route=%2Fwp%2Fv2%2Fmedia&parent=16397"}],"wp:term":[{"taxonomy":"product_brand","embeddable":true,"href":"https:\/\/Regalino-Shop.de\/index.php?rest_route=%2Fwp%2Fv2%2Fproduct_brand&post=16397"},{"taxonomy":"product_cat","embeddable":true,"href":"https:\/\/Regalino-Shop.de\/index.php?rest_route=%2Fwp%2Fv2%2Fproduct_cat&post=16397"},{"taxonomy":"product_tag","embeddable":true,"href":"https:\/\/Regalino-Shop.de\/index.php?rest_route=%2Fwp%2Fv2%2Fproduct_tag&post=16397"}],"curies":[{"name":"wp","href":"https:\/\/api.w.org\/{rel}","templated":true}]}}