{"id":16410,"date":"2025-07-29T11:05:09","date_gmt":"2025-07-29T11:05:09","guid":{"rendered":"https:\/\/Regalino-Shop.de\/?post_type=product&#038;p=16410"},"modified":"2025-10-27T12:26:54","modified_gmt":"2025-10-27T12:26:54","slug":"das-grosse-buch-vom-apfelbaum","status":"publish","type":"product","link":"https:\/\/Regalino-Shop.de\/?product=das-grosse-buch-vom-apfelbaum","title":{"rendered":"Das gro\u00dfe Buch vom Apfelbaum"},"content":{"rendered":"","protected":false},"excerpt":{"rendered":"<p>Wie ver\u00e4ndert sich der Apfelbaum im Laufe eines Jahres? Welche Tiere leben auf ihm und um ihn herum? Und was l\u00e4sst sich alles aus \u00c4pfeln machen? Dieses Buch nimmt Gro\u00df und Klein mit auf eine faszinierende Reise in die wunderbare Welt unseres Lieblingsbaums.<\/p>\n<div class=\"WaaZC\">\n<div class=\"rPeykc\" data-hveid=\"CBEQAQ\" data-ved=\"2ahUKEwix5PiPxsaOAxVR3QIHHfjHHlUQo_EKegQIERAB\"><\/div>\n<\/div>\n<section class=\"artikeldetail\">\n<ul>\n<li>Altersempfehlung ab 5 Jahren<\/li>\n<li>Seitenanzahl:\u00a0 56<\/li>\n<li>ISBN 978-3-649637752<\/li>\n<\/ul>\n<\/section>\n","protected":false},"featured_media":16411,"template":"","meta":{"_et_pb_use_builder":"","_et_pb_old_content":"","_et_gb_content_width":""},"product_brand":[1855],"product_cat":[1781,96,57],"product_tag":[1870,1871,1821,1177,1180,1869],"class_list":{"0":"post-16410","1":"product","2":"type-product","3":"status-publish","4":"has-post-thumbnail","6":"product_brand-coppenrath-verlag","7":"product_cat-vorlesen-bilderbuecher-fuer-kinder-regalino","8":"product_cat-buecher-fuer-erwachsene-besondere-lieblingsstuecke-regalino","9":"product_cat-neu-eingetroffen-neue-lieblingsstuecke-bei-regalino","10":"product_tag-apfel","11":"product_tag-apfelbaum","12":"product_tag-bilderbuch","13":"product_tag-natur","14":"product_tag-naturschutz","15":"product_tag-sacgbilderbuch","17":"first","18":"instock","19":"taxable","20":"shipping-taxable","21":"purchasable","22":"product-type-simple"},"yoast_head":"<!-- This site is optimized with the Yoast SEO plugin v27.5 - https:\/\/yoast.com\/product\/yoast-seo-wordpress\/ -->\n<title>Das gro\u00dfe Buch vom Apfelbaum - Regalino -Lively Style<\/title>\n<meta name=\"description\" content=\"Dieses Buch nimmt Gro\u00df und Klein mit auf eine faszinierende Reise in die wunderbare Welt unseres Lieblingsbaums.\" \/>\n<meta name=\"robots\" content=\"index, follow, max-snippet:-1, max-image-preview:large, max-video-preview:-1\" \/>\n<link rel=\"canonical\" href=\"https:\/\/Regalino-Shop.de\/?product=das-grosse-buch-vom-apfelbaum\" \/>\n<meta property=\"og:locale\" content=\"de_DE\" \/>\n<meta property=\"og:type\" content=\"article\" \/>\n<meta property=\"og:title\" content=\"Das gro\u00dfe Buch vom Apfelbaum - Regalino -Lively Style\" \/>\n<meta property=\"og:description\" content=\"Dieses Buch nimmt Gro\u00df und Klein mit auf eine faszinierende Reise in die wunderbare Welt unseres Lieblingsbaums.\" \/>\n<meta property=\"og:url\" content=\"https:\/\/Regalino-Shop.de\/?product=das-grosse-buch-vom-apfelbaum\" \/>\n<meta property=\"og:site_name\" content=\"Regalino -Lively Style\" \/>\n<meta property=\"article:modified_time\" content=\"2025-10-27T12:26:54+00:00\" \/>\n<meta property=\"og:image\" content=\"https:\/\/Regalino-Shop.de\/wp-content\/uploads\/2025\/07\/das-grosse-Buch-vom-Apfelbaum-Sachbilderbuch.jpg\" \/>\n\t<meta property=\"og:image:width\" content=\"722\" \/>\n\t<meta property=\"og:image:height\" content=\"1000\" \/>\n\t<meta property=\"og:image:type\" content=\"image\/jpeg\" \/>\n<meta name=\"twitter:card\" content=\"summary_large_image\" \/>\n<meta name=\"twitter:label1\" content=\"Gesch\u00e4tzte Lesezeit\" \/>\n\t<meta name=\"twitter:data1\" content=\"1\u00a0Minute\" \/>\n<script type=\"application\/ld+json\" class=\"yoast-schema-graph\">{\"@context\":\"https:\\\/\\\/schema.org\",\"@graph\":[{\"@type\":\"WebPage\",\"@id\":\"https:\\\/\\\/Regalino-Shop.de\\\/?product=das-grosse-buch-vom-apfelbaum\",\"url\":\"https:\\\/\\\/Regalino-Shop.de\\\/?product=das-grosse-buch-vom-apfelbaum\",\"name\":\"Das gro\u00dfe Buch vom Apfelbaum - Regalino -Lively Style\",\"isPartOf\":{\"@id\":\"https:\\\/\\\/Regalino-Shop.de\\\/#website\"},\"primaryImageOfPage\":{\"@id\":\"https:\\\/\\\/Regalino-Shop.de\\\/?product=das-grosse-buch-vom-apfelbaum#primaryimage\"},\"image\":{\"@id\":\"https:\\\/\\\/Regalino-Shop.de\\\/?product=das-grosse-buch-vom-apfelbaum#primaryimage\"},\"thumbnailUrl\":\"https:\\\/\\\/Regalino-Shop.de\\\/wp-content\\\/uploads\\\/2025\\\/07\\\/das-grosse-Buch-vom-Apfelbaum-Sachbilderbuch.jpg\",\"datePublished\":\"2025-07-29T11:05:09+00:00\",\"dateModified\":\"2025-10-27T12:26:54+00:00\",\"description\":\"Dieses Buch nimmt Gro\u00df und Klein mit auf eine faszinierende Reise in die wunderbare Welt unseres Lieblingsbaums.\",\"breadcrumb\":{\"@id\":\"https:\\\/\\\/Regalino-Shop.de\\\/?product=das-grosse-buch-vom-apfelbaum#breadcrumb\"},\"inLanguage\":\"de\",\"potentialAction\":[{\"@type\":\"ReadAction\",\"target\":[\"https:\\\/\\\/Regalino-Shop.de\\\/?product=das-grosse-buch-vom-apfelbaum\"]}]},{\"@type\":\"ImageObject\",\"inLanguage\":\"de\",\"@id\":\"https:\\\/\\\/Regalino-Shop.de\\\/?product=das-grosse-buch-vom-apfelbaum#primaryimage\",\"url\":\"https:\\\/\\\/Regalino-Shop.de\\\/wp-content\\\/uploads\\\/2025\\\/07\\\/das-grosse-Buch-vom-Apfelbaum-Sachbilderbuch.jpg\",\"contentUrl\":\"https:\\\/\\\/Regalino-Shop.de\\\/wp-content\\\/uploads\\\/2025\\\/07\\\/das-grosse-Buch-vom-Apfelbaum-Sachbilderbuch.jpg\",\"width\":722,\"height\":1000},{\"@type\":\"BreadcrumbList\",\"@id\":\"https:\\\/\\\/Regalino-Shop.de\\\/?product=das-grosse-buch-vom-apfelbaum#breadcrumb\",\"itemListElement\":[{\"@type\":\"ListItem\",\"position\":1,\"name\":\"Startseite\",\"item\":\"https:\\\/\\\/Regalino-Shop.de\\\/\"},{\"@type\":\"ListItem\",\"position\":2,\"name\":\"Shop\",\"item\":\"https:\\\/\\\/Regalino-Shop.de\\\/?page_id=40\"},{\"@type\":\"ListItem\",\"position\":3,\"name\":\"Das gro\u00dfe Buch vom Apfelbaum\"}]},{\"@type\":\"WebSite\",\"@id\":\"https:\\\/\\\/Regalino-Shop.de\\\/#website\",\"url\":\"https:\\\/\\\/Regalino-Shop.de\\\/\",\"name\":\"Regalino -Lively Style\",\"description\":\"gelebtes Zuhause\",\"potentialAction\":[{\"@type\":\"SearchAction\",\"target\":{\"@type\":\"EntryPoint\",\"urlTemplate\":\"https:\\\/\\\/Regalino-Shop.de\\\/?s={search_term_string}\"},\"query-input\":{\"@type\":\"PropertyValueSpecification\",\"valueRequired\":true,\"valueName\":\"search_term_string\"}}],\"inLanguage\":\"de\"}]}<\/script>\n<!-- \/ Yoast SEO plugin. -->","yoast_head_json":{"title":"Das gro\u00dfe Buch vom Apfelbaum - Regalino -Lively Style","description":"Dieses Buch nimmt Gro\u00df und Klein mit auf eine faszinierende Reise in die wunderbare Welt unseres Lieblingsbaums.","robots":{"index":"index","follow":"follow","max-snippet":"max-snippet:-1","max-image-preview":"max-image-preview:large","max-video-preview":"max-video-preview:-1"},"canonical":"https:\/\/Regalino-Shop.de\/?product=das-grosse-buch-vom-apfelbaum","og_locale":"de_DE","og_type":"article","og_title":"Das gro\u00dfe Buch vom Apfelbaum - Regalino -Lively Style","og_description":"Dieses Buch nimmt Gro\u00df und Klein mit auf eine faszinierende Reise in die wunderbare Welt unseres Lieblingsbaums.","og_url":"https:\/\/Regalino-Shop.de\/?product=das-grosse-buch-vom-apfelbaum","og_site_name":"Regalino -Lively Style","article_modified_time":"2025-10-27T12:26:54+00:00","og_image":[{"width":722,"height":1000,"url":"https:\/\/Regalino-Shop.de\/wp-content\/uploads\/2025\/07\/das-grosse-Buch-vom-Apfelbaum-Sachbilderbuch.jpg","type":"image\/jpeg"}],"twitter_card":"summary_large_image","twitter_misc":{"Gesch\u00e4tzte Lesezeit":"1\u00a0Minute"},"schema":{"@context":"https:\/\/schema.org","@graph":[{"@type":"WebPage","@id":"https:\/\/Regalino-Shop.de\/?product=das-grosse-buch-vom-apfelbaum","url":"https:\/\/Regalino-Shop.de\/?product=das-grosse-buch-vom-apfelbaum","name":"Das gro\u00dfe Buch vom Apfelbaum - Regalino -Lively Style","isPartOf":{"@id":"https:\/\/Regalino-Shop.de\/#website"},"primaryImageOfPage":{"@id":"https:\/\/Regalino-Shop.de\/?product=das-grosse-buch-vom-apfelbaum#primaryimage"},"image":{"@id":"https:\/\/Regalino-Shop.de\/?product=das-grosse-buch-vom-apfelbaum#primaryimage"},"thumbnailUrl":"https:\/\/Regalino-Shop.de\/wp-content\/uploads\/2025\/07\/das-grosse-Buch-vom-Apfelbaum-Sachbilderbuch.jpg","datePublished":"2025-07-29T11:05:09+00:00","dateModified":"2025-10-27T12:26:54+00:00","description":"Dieses Buch nimmt Gro\u00df und Klein mit auf eine faszinierende Reise in die wunderbare Welt unseres Lieblingsbaums.","breadcrumb":{"@id":"https:\/\/Regalino-Shop.de\/?product=das-grosse-buch-vom-apfelbaum#breadcrumb"},"inLanguage":"de","potentialAction":[{"@type":"ReadAction","target":["https:\/\/Regalino-Shop.de\/?product=das-grosse-buch-vom-apfelbaum"]}]},{"@type":"ImageObject","inLanguage":"de","@id":"https:\/\/Regalino-Shop.de\/?product=das-grosse-buch-vom-apfelbaum#primaryimage","url":"https:\/\/Regalino-Shop.de\/wp-content\/uploads\/2025\/07\/das-grosse-Buch-vom-Apfelbaum-Sachbilderbuch.jpg","contentUrl":"https:\/\/Regalino-Shop.de\/wp-content\/uploads\/2025\/07\/das-grosse-Buch-vom-Apfelbaum-Sachbilderbuch.jpg","width":722,"height":1000},{"@type":"BreadcrumbList","@id":"https:\/\/Regalino-Shop.de\/?product=das-grosse-buch-vom-apfelbaum#breadcrumb","itemListElement":[{"@type":"ListItem","position":1,"name":"Startseite","item":"https:\/\/Regalino-Shop.de\/"},{"@type":"ListItem","position":2,"name":"Shop","item":"https:\/\/Regalino-Shop.de\/?page_id=40"},{"@type":"ListItem","position":3,"name":"Das gro\u00dfe Buch vom Apfelbaum"}]},{"@type":"WebSite","@id":"https:\/\/Regalino-Shop.de\/#website","url":"https:\/\/Regalino-Shop.de\/","name":"Regalino -Lively Style","description":"gelebtes Zuhause","potentialAction":[{"@type":"SearchAction","target":{"@type":"EntryPoint","urlTemplate":"https:\/\/Regalino-Shop.de\/?s={search_term_string}"},"query-input":{"@type":"PropertyValueSpecification","valueRequired":true,"valueName":"search_term_string"}}],"inLanguage":"de"}]}},"_links":{"self":[{"href":"https:\/\/Regalino-Shop.de\/index.php?rest_route=\/wp\/v2\/product\/16410","targetHints":{"allow":["GET"]}}],"collection":[{"href":"https:\/\/Regalino-Shop.de\/index.php?rest_route=\/wp\/v2\/product"}],"about":[{"href":"https:\/\/Regalino-Shop.de\/index.php?rest_route=\/wp\/v2\/types\/product"}],"wp:featuredmedia":[{"embeddable":true,"href":"https:\/\/Regalino-Shop.de\/index.php?rest_route=\/wp\/v2\/media\/16411"}],"wp:attachment":[{"href":"https:\/\/Regalino-Shop.de\/index.php?rest_route=%2Fwp%2Fv2%2Fmedia&parent=16410"}],"wp:term":[{"taxonomy":"product_brand","embeddable":true,"href":"https:\/\/Regalino-Shop.de\/index.php?rest_route=%2Fwp%2Fv2%2Fproduct_brand&post=16410"},{"taxonomy":"product_cat","embeddable":true,"href":"https:\/\/Regalino-Shop.de\/index.php?rest_route=%2Fwp%2Fv2%2Fproduct_cat&post=16410"},{"taxonomy":"product_tag","embeddable":true,"href":"https:\/\/Regalino-Shop.de\/index.php?rest_route=%2Fwp%2Fv2%2Fproduct_tag&post=16410"}],"curies":[{"name":"wp","href":"https:\/\/api.w.org\/{rel}","templated":true}]}}