{"id":16457,"date":"2025-07-31T11:19:17","date_gmt":"2025-07-31T11:19:17","guid":{"rendered":"https:\/\/Regalino-Shop.de\/?post_type=product&#038;p=16457"},"modified":"2025-10-27T12:34:21","modified_gmt":"2025-10-27T12:34:21","slug":"tablett-mangoholz-handgearbeitet-3-varianten-lebensmittelecht","status":"publish","type":"product","link":"https:\/\/Regalino-Shop.de\/?product=tablett-mangoholz-handgearbeitet-3-varianten-lebensmittelecht","title":{"rendered":"Tablett Mangoholz handgearbeitet -3 Varianten- lebensmittelecht"},"content":{"rendered":"","protected":false},"excerpt":{"rendered":"<h3>f\u00fcr Salat, N\u00fcsse, Pasta oder zur Dekoration<\/h3>\n<p>in 3 Farbvarianten bzw. Gr\u00f6\u00dfen erh\u00e4ltlich<\/p>\n<p>mit M\u00f6belschonern<\/p>\n<ul>\n<li>Material: Mango<\/li>\n<li>Ma\u00dfe: staubig blau: ca 30 x 20 x 1,5 cm\/ staubig gr\u00fcn ca 26 x 17,5 x 1,5 cm\/ staubig beige ca 20 x 13,5 x 1,5 cm<\/li>\n<li>Farbe: natur mit Farbauflage staubig blau, staubig gr\u00fcn, staubig beige mit floralem Design<\/li>\n<li>Pflegehinweis: f\u00fcr Lebensmittel zugelassen, mit einem feuchten Tuch abwischen &#8211; nicht sp\u00fclmaschinenfest<\/li>\n<li>Es kann Unregelm\u00e4\u00dfigkeiten in der Farbe\/Gr\u00f6sse des Holzes geben<\/li>\n<\/ul>\n<p>Lieferung: 1 Tablett im gew\u00e4hlten Design ohne Dekoration<\/p>\n","protected":false},"featured_media":16461,"template":"","meta":{"_et_pb_use_builder":"","_et_pb_old_content":"","_et_gb_content_width":""},"product_brand":[1887],"product_cat":[64,76,80,57],"product_tag":[225,340],"class_list":{"0":"post-16457","1":"product","2":"type-product","3":"status-publish","4":"has-post-thumbnail","6":"product_brand-by-room-scandinavian-living","7":"product_cat-besondere-deko-im-nordischen-stil-maritime-akzente-regalino","8":"product_cat-geschirr-fuer-stilvolle-genussmomente-regalino","9":"product_cat-kueche-servieren-im-scandi-breton-stil-regalino","10":"product_cat-neu-eingetroffen-neue-lieblingsstuecke-bei-regalino","11":"product_tag-servierplatte","12":"product_tag-tablett","14":"first","15":"instock","16":"taxable","17":"shipping-taxable","18":"purchasable","19":"product-type-variable"},"yoast_head":"<!-- This site is optimized with the Yoast SEO plugin v27.5 - https:\/\/yoast.com\/product\/yoast-seo-wordpress\/ -->\n<title>Tablett Mangoholz handgearbeitet -3 Varianten- lebensmittelecht - Regalino -Lively Style<\/title>\n<meta name=\"description\" content=\"f\u00fcr Salat, N\u00fcsse, Pasta oder zur Dekoration\" \/>\n<meta name=\"robots\" content=\"index, follow, max-snippet:-1, max-image-preview:large, max-video-preview:-1\" \/>\n<link rel=\"canonical\" href=\"https:\/\/Regalino-Shop.de\/?product=tablett-mangoholz-handgearbeitet-3-varianten-lebensmittelecht\" \/>\n<meta property=\"og:locale\" content=\"de_DE\" \/>\n<meta property=\"og:type\" content=\"article\" \/>\n<meta property=\"og:title\" content=\"Tablett Mangoholz handgearbeitet -3 Varianten- lebensmittelecht - Regalino -Lively Style\" \/>\n<meta property=\"og:description\" content=\"f\u00fcr Salat, N\u00fcsse, Pasta oder zur Dekoration\" \/>\n<meta property=\"og:url\" content=\"https:\/\/Regalino-Shop.de\/?product=tablett-mangoholz-handgearbeitet-3-varianten-lebensmittelecht\" \/>\n<meta property=\"og:site_name\" content=\"Regalino -Lively Style\" \/>\n<meta property=\"article:modified_time\" content=\"2025-10-27T12:34:21+00:00\" \/>\n<meta property=\"og:image\" content=\"https:\/\/Regalino-Shop.de\/wp-content\/uploads\/2025\/07\/Mangotabletts-Servierbrett-by-room-tablett.png\" \/>\n\t<meta property=\"og:image:width\" content=\"600\" \/>\n\t<meta property=\"og:image:height\" content=\"600\" \/>\n\t<meta property=\"og:image:type\" content=\"image\/png\" \/>\n<meta name=\"twitter:card\" content=\"summary_large_image\" \/>\n<meta name=\"twitter:label1\" content=\"Gesch\u00e4tzte Lesezeit\" \/>\n\t<meta name=\"twitter:data1\" content=\"1\u00a0Minute\" \/>\n<script type=\"application\/ld+json\" class=\"yoast-schema-graph\">{\"@context\":\"https:\\\/\\\/schema.org\",\"@graph\":[{\"@type\":\"WebPage\",\"@id\":\"https:\\\/\\\/Regalino-Shop.de\\\/?product=tablett-mangoholz-handgearbeitet-3-varianten-lebensmittelecht\",\"url\":\"https:\\\/\\\/Regalino-Shop.de\\\/?product=tablett-mangoholz-handgearbeitet-3-varianten-lebensmittelecht\",\"name\":\"Tablett Mangoholz handgearbeitet -3 Varianten- lebensmittelecht - Regalino -Lively Style\",\"isPartOf\":{\"@id\":\"https:\\\/\\\/Regalino-Shop.de\\\/#website\"},\"primaryImageOfPage\":{\"@id\":\"https:\\\/\\\/Regalino-Shop.de\\\/?product=tablett-mangoholz-handgearbeitet-3-varianten-lebensmittelecht#primaryimage\"},\"image\":{\"@id\":\"https:\\\/\\\/Regalino-Shop.de\\\/?product=tablett-mangoholz-handgearbeitet-3-varianten-lebensmittelecht#primaryimage\"},\"thumbnailUrl\":\"https:\\\/\\\/Regalino-Shop.de\\\/wp-content\\\/uploads\\\/2025\\\/07\\\/Mangotabletts-Servierbrett-by-room-tablett.png\",\"datePublished\":\"2025-07-31T11:19:17+00:00\",\"dateModified\":\"2025-10-27T12:34:21+00:00\",\"description\":\"f\u00fcr Salat, N\u00fcsse, Pasta oder zur Dekoration\",\"breadcrumb\":{\"@id\":\"https:\\\/\\\/Regalino-Shop.de\\\/?product=tablett-mangoholz-handgearbeitet-3-varianten-lebensmittelecht#breadcrumb\"},\"inLanguage\":\"de\",\"potentialAction\":[{\"@type\":\"ReadAction\",\"target\":[\"https:\\\/\\\/Regalino-Shop.de\\\/?product=tablett-mangoholz-handgearbeitet-3-varianten-lebensmittelecht\"]}]},{\"@type\":\"ImageObject\",\"inLanguage\":\"de\",\"@id\":\"https:\\\/\\\/Regalino-Shop.de\\\/?product=tablett-mangoholz-handgearbeitet-3-varianten-lebensmittelecht#primaryimage\",\"url\":\"https:\\\/\\\/Regalino-Shop.de\\\/wp-content\\\/uploads\\\/2025\\\/07\\\/Mangotabletts-Servierbrett-by-room-tablett.png\",\"contentUrl\":\"https:\\\/\\\/Regalino-Shop.de\\\/wp-content\\\/uploads\\\/2025\\\/07\\\/Mangotabletts-Servierbrett-by-room-tablett.png\",\"width\":600,\"height\":600},{\"@type\":\"BreadcrumbList\",\"@id\":\"https:\\\/\\\/Regalino-Shop.de\\\/?product=tablett-mangoholz-handgearbeitet-3-varianten-lebensmittelecht#breadcrumb\",\"itemListElement\":[{\"@type\":\"ListItem\",\"position\":1,\"name\":\"Startseite\",\"item\":\"https:\\\/\\\/Regalino-Shop.de\\\/\"},{\"@type\":\"ListItem\",\"position\":2,\"name\":\"Shop\",\"item\":\"https:\\\/\\\/Regalino-Shop.de\\\/?page_id=40\"},{\"@type\":\"ListItem\",\"position\":3,\"name\":\"Tablett Mangoholz handgearbeitet -3 Varianten- lebensmittelecht\"}]},{\"@type\":\"WebSite\",\"@id\":\"https:\\\/\\\/Regalino-Shop.de\\\/#website\",\"url\":\"https:\\\/\\\/Regalino-Shop.de\\\/\",\"name\":\"Regalino -Lively Style\",\"description\":\"gelebtes Zuhause\",\"potentialAction\":[{\"@type\":\"SearchAction\",\"target\":{\"@type\":\"EntryPoint\",\"urlTemplate\":\"https:\\\/\\\/Regalino-Shop.de\\\/?s={search_term_string}\"},\"query-input\":{\"@type\":\"PropertyValueSpecification\",\"valueRequired\":true,\"valueName\":\"search_term_string\"}}],\"inLanguage\":\"de\"}]}<\/script>\n<!-- \/ Yoast SEO plugin. -->","yoast_head_json":{"title":"Tablett Mangoholz handgearbeitet -3 Varianten- lebensmittelecht - Regalino -Lively Style","description":"f\u00fcr Salat, N\u00fcsse, Pasta oder zur Dekoration","robots":{"index":"index","follow":"follow","max-snippet":"max-snippet:-1","max-image-preview":"max-image-preview:large","max-video-preview":"max-video-preview:-1"},"canonical":"https:\/\/Regalino-Shop.de\/?product=tablett-mangoholz-handgearbeitet-3-varianten-lebensmittelecht","og_locale":"de_DE","og_type":"article","og_title":"Tablett Mangoholz handgearbeitet -3 Varianten- lebensmittelecht - Regalino -Lively Style","og_description":"f\u00fcr Salat, N\u00fcsse, Pasta oder zur Dekoration","og_url":"https:\/\/Regalino-Shop.de\/?product=tablett-mangoholz-handgearbeitet-3-varianten-lebensmittelecht","og_site_name":"Regalino -Lively Style","article_modified_time":"2025-10-27T12:34:21+00:00","og_image":[{"width":600,"height":600,"url":"https:\/\/Regalino-Shop.de\/wp-content\/uploads\/2025\/07\/Mangotabletts-Servierbrett-by-room-tablett.png","type":"image\/png"}],"twitter_card":"summary_large_image","twitter_misc":{"Gesch\u00e4tzte Lesezeit":"1\u00a0Minute"},"schema":{"@context":"https:\/\/schema.org","@graph":[{"@type":"WebPage","@id":"https:\/\/Regalino-Shop.de\/?product=tablett-mangoholz-handgearbeitet-3-varianten-lebensmittelecht","url":"https:\/\/Regalino-Shop.de\/?product=tablett-mangoholz-handgearbeitet-3-varianten-lebensmittelecht","name":"Tablett Mangoholz handgearbeitet -3 Varianten- lebensmittelecht - Regalino -Lively Style","isPartOf":{"@id":"https:\/\/Regalino-Shop.de\/#website"},"primaryImageOfPage":{"@id":"https:\/\/Regalino-Shop.de\/?product=tablett-mangoholz-handgearbeitet-3-varianten-lebensmittelecht#primaryimage"},"image":{"@id":"https:\/\/Regalino-Shop.de\/?product=tablett-mangoholz-handgearbeitet-3-varianten-lebensmittelecht#primaryimage"},"thumbnailUrl":"https:\/\/Regalino-Shop.de\/wp-content\/uploads\/2025\/07\/Mangotabletts-Servierbrett-by-room-tablett.png","datePublished":"2025-07-31T11:19:17+00:00","dateModified":"2025-10-27T12:34:21+00:00","description":"f\u00fcr Salat, N\u00fcsse, Pasta oder zur Dekoration","breadcrumb":{"@id":"https:\/\/Regalino-Shop.de\/?product=tablett-mangoholz-handgearbeitet-3-varianten-lebensmittelecht#breadcrumb"},"inLanguage":"de","potentialAction":[{"@type":"ReadAction","target":["https:\/\/Regalino-Shop.de\/?product=tablett-mangoholz-handgearbeitet-3-varianten-lebensmittelecht"]}]},{"@type":"ImageObject","inLanguage":"de","@id":"https:\/\/Regalino-Shop.de\/?product=tablett-mangoholz-handgearbeitet-3-varianten-lebensmittelecht#primaryimage","url":"https:\/\/Regalino-Shop.de\/wp-content\/uploads\/2025\/07\/Mangotabletts-Servierbrett-by-room-tablett.png","contentUrl":"https:\/\/Regalino-Shop.de\/wp-content\/uploads\/2025\/07\/Mangotabletts-Servierbrett-by-room-tablett.png","width":600,"height":600},{"@type":"BreadcrumbList","@id":"https:\/\/Regalino-Shop.de\/?product=tablett-mangoholz-handgearbeitet-3-varianten-lebensmittelecht#breadcrumb","itemListElement":[{"@type":"ListItem","position":1,"name":"Startseite","item":"https:\/\/Regalino-Shop.de\/"},{"@type":"ListItem","position":2,"name":"Shop","item":"https:\/\/Regalino-Shop.de\/?page_id=40"},{"@type":"ListItem","position":3,"name":"Tablett Mangoholz handgearbeitet -3 Varianten- lebensmittelecht"}]},{"@type":"WebSite","@id":"https:\/\/Regalino-Shop.de\/#website","url":"https:\/\/Regalino-Shop.de\/","name":"Regalino -Lively Style","description":"gelebtes Zuhause","potentialAction":[{"@type":"SearchAction","target":{"@type":"EntryPoint","urlTemplate":"https:\/\/Regalino-Shop.de\/?s={search_term_string}"},"query-input":{"@type":"PropertyValueSpecification","valueRequired":true,"valueName":"search_term_string"}}],"inLanguage":"de"}]}},"_links":{"self":[{"href":"https:\/\/Regalino-Shop.de\/index.php?rest_route=\/wp\/v2\/product\/16457","targetHints":{"allow":["GET"]}}],"collection":[{"href":"https:\/\/Regalino-Shop.de\/index.php?rest_route=\/wp\/v2\/product"}],"about":[{"href":"https:\/\/Regalino-Shop.de\/index.php?rest_route=\/wp\/v2\/types\/product"}],"wp:featuredmedia":[{"embeddable":true,"href":"https:\/\/Regalino-Shop.de\/index.php?rest_route=\/wp\/v2\/media\/16461"}],"wp:attachment":[{"href":"https:\/\/Regalino-Shop.de\/index.php?rest_route=%2Fwp%2Fv2%2Fmedia&parent=16457"}],"wp:term":[{"taxonomy":"product_brand","embeddable":true,"href":"https:\/\/Regalino-Shop.de\/index.php?rest_route=%2Fwp%2Fv2%2Fproduct_brand&post=16457"},{"taxonomy":"product_cat","embeddable":true,"href":"https:\/\/Regalino-Shop.de\/index.php?rest_route=%2Fwp%2Fv2%2Fproduct_cat&post=16457"},{"taxonomy":"product_tag","embeddable":true,"href":"https:\/\/Regalino-Shop.de\/index.php?rest_route=%2Fwp%2Fv2%2Fproduct_tag&post=16457"}],"curies":[{"name":"wp","href":"https:\/\/api.w.org\/{rel}","templated":true}]}}