{"id":16508,"date":"2025-08-11T14:25:21","date_gmt":"2025-08-11T14:25:21","guid":{"rendered":"https:\/\/Regalino-Shop.de\/?post_type=product&#038;p=16508"},"modified":"2026-04-22T12:42:39","modified_gmt":"2026-04-22T12:42:39","slug":"mini-kissen-schoen-dass-es-dich-gibt","status":"publish","type":"product","link":"https:\/\/Regalino-Shop.de\/?product=mini-kissen-schoen-dass-es-dich-gibt","title":{"rendered":"Mini Kissen *Sch\u00f6n, dass es dich gibt*"},"content":{"rendered":"","protected":false},"excerpt":{"rendered":"<h3>so ein s\u00fc\u00dfes Dekoelement<\/h3>\n<div>liebevoll bestickt mit herzlicher Botschaft\u00a0 &#8211; mit Rei\u00dfverschluss<\/div>\n<div><\/div>\n<ul>\n<li>Material: Bezug 100% Baumwolle &#8211; Inlay 100 % Polyester<\/li>\n<li>Format: 25 x 25 cm<\/li>\n<li>Bezug waschbar bis 40\u00b0C<\/li>\n<\/ul>\n<p>Lieferung 1 Kissen incl. Inlay<\/p>\n<p>&nbsp;<\/p>\n","protected":false},"featured_media":16509,"template":"","meta":{"_et_pb_use_builder":"","_et_pb_old_content":"","_et_gb_content_width":""},"product_brand":[1900],"product_cat":[3068,3067,57,94,68],"product_tag":[1901,607,1902,1888],"class_list":{"0":"post-16508","1":"product","2":"type-product","3":"status-publish","4":"has-post-thumbnail","6":"product_brand-good-old-friends","7":"product_cat-fuer-mama-oma","8":"product_cat-geschenkideen","9":"product_cat-neu-eingetroffen-neue-lieblingsstuecke-bei-regalino","10":"product_cat-kinderzimmer-deko-im-scandi-breton-stil-regalino","11":"product_cat-wohntextilien-fuer-ein-stilvolles-zuhause-regalino","12":"product_tag-dekokissen","13":"product_tag-kissen","14":"product_tag-minikissen","15":"product_tag-sofakissen","17":"first","18":"instock","19":"taxable","20":"shipping-taxable","21":"purchasable","22":"product-type-simple"},"yoast_head":"<!-- This site is optimized with the Yoast SEO plugin v27.3 - https:\/\/yoast.com\/product\/yoast-seo-wordpress\/ -->\n<title>Mini Kissen *Sch\u00f6n, dass es dich gibt* - Regalino -Lively Style<\/title>\n<meta name=\"description\" content=\"so ein s\u00fc\u00dfes Dekoelement - liebevoll bestickt mit herzlicher Botschaft - 25 x 25 cm\" \/>\n<meta name=\"robots\" content=\"index, follow, max-snippet:-1, max-image-preview:large, max-video-preview:-1\" \/>\n<link rel=\"canonical\" href=\"https:\/\/Regalino-Shop.de\/?product=mini-kissen-schoen-dass-es-dich-gibt\" \/>\n<meta property=\"og:locale\" content=\"de_DE\" \/>\n<meta property=\"og:type\" content=\"article\" \/>\n<meta property=\"og:title\" content=\"Mini Kissen *Sch\u00f6n, dass es dich gibt* - Regalino -Lively Style\" \/>\n<meta property=\"og:description\" content=\"so ein s\u00fc\u00dfes Dekoelement - liebevoll bestickt mit herzlicher Botschaft - 25 x 25 cm\" \/>\n<meta property=\"og:url\" content=\"https:\/\/Regalino-Shop.de\/?product=mini-kissen-schoen-dass-es-dich-gibt\" \/>\n<meta property=\"og:site_name\" content=\"Regalino -Lively Style\" \/>\n<meta property=\"article:modified_time\" content=\"2026-04-22T12:42:39+00:00\" \/>\n<meta property=\"og:image\" content=\"https:\/\/Regalino-Shop.de\/wp-content\/uploads\/2025\/08\/Mini-Kissen-Schoen-dass-es-dich-gibt-good-old-friends-16075-frei.jpg\" \/>\n\t<meta property=\"og:image:width\" content=\"600\" \/>\n\t<meta property=\"og:image:height\" content=\"556\" \/>\n\t<meta property=\"og:image:type\" content=\"image\/jpeg\" \/>\n<meta name=\"twitter:card\" content=\"summary_large_image\" \/>\n<meta name=\"twitter:label1\" content=\"Gesch\u00e4tzte Lesezeit\" \/>\n\t<meta name=\"twitter:data1\" content=\"1\u00a0Minute\" \/>\n<script type=\"application\/ld+json\" class=\"yoast-schema-graph\">{\"@context\":\"https:\\\/\\\/schema.org\",\"@graph\":[{\"@type\":\"WebPage\",\"@id\":\"https:\\\/\\\/Regalino-Shop.de\\\/?product=mini-kissen-schoen-dass-es-dich-gibt\",\"url\":\"https:\\\/\\\/Regalino-Shop.de\\\/?product=mini-kissen-schoen-dass-es-dich-gibt\",\"name\":\"Mini Kissen *Sch\u00f6n, dass es dich gibt* - Regalino -Lively Style\",\"isPartOf\":{\"@id\":\"https:\\\/\\\/Regalino-Shop.de\\\/#website\"},\"primaryImageOfPage\":{\"@id\":\"https:\\\/\\\/Regalino-Shop.de\\\/?product=mini-kissen-schoen-dass-es-dich-gibt#primaryimage\"},\"image\":{\"@id\":\"https:\\\/\\\/Regalino-Shop.de\\\/?product=mini-kissen-schoen-dass-es-dich-gibt#primaryimage\"},\"thumbnailUrl\":\"https:\\\/\\\/Regalino-Shop.de\\\/wp-content\\\/uploads\\\/2025\\\/08\\\/Mini-Kissen-Schoen-dass-es-dich-gibt-good-old-friends-16075-frei.jpg\",\"datePublished\":\"2025-08-11T14:25:21+00:00\",\"dateModified\":\"2026-04-22T12:42:39+00:00\",\"description\":\"so ein s\u00fc\u00dfes Dekoelement - liebevoll bestickt mit herzlicher Botschaft - 25 x 25 cm\",\"breadcrumb\":{\"@id\":\"https:\\\/\\\/Regalino-Shop.de\\\/?product=mini-kissen-schoen-dass-es-dich-gibt#breadcrumb\"},\"inLanguage\":\"de\",\"potentialAction\":[{\"@type\":\"ReadAction\",\"target\":[\"https:\\\/\\\/Regalino-Shop.de\\\/?product=mini-kissen-schoen-dass-es-dich-gibt\"]}]},{\"@type\":\"ImageObject\",\"inLanguage\":\"de\",\"@id\":\"https:\\\/\\\/Regalino-Shop.de\\\/?product=mini-kissen-schoen-dass-es-dich-gibt#primaryimage\",\"url\":\"https:\\\/\\\/Regalino-Shop.de\\\/wp-content\\\/uploads\\\/2025\\\/08\\\/Mini-Kissen-Schoen-dass-es-dich-gibt-good-old-friends-16075-frei.jpg\",\"contentUrl\":\"https:\\\/\\\/Regalino-Shop.de\\\/wp-content\\\/uploads\\\/2025\\\/08\\\/Mini-Kissen-Schoen-dass-es-dich-gibt-good-old-friends-16075-frei.jpg\",\"width\":600,\"height\":556,\"caption\":\"Minikissen\"},{\"@type\":\"BreadcrumbList\",\"@id\":\"https:\\\/\\\/Regalino-Shop.de\\\/?product=mini-kissen-schoen-dass-es-dich-gibt#breadcrumb\",\"itemListElement\":[{\"@type\":\"ListItem\",\"position\":1,\"name\":\"Startseite\",\"item\":\"https:\\\/\\\/Regalino-Shop.de\\\/\"},{\"@type\":\"ListItem\",\"position\":2,\"name\":\"Shop\",\"item\":\"https:\\\/\\\/Regalino-Shop.de\\\/?page_id=40\"},{\"@type\":\"ListItem\",\"position\":3,\"name\":\"Mini Kissen *Sch\u00f6n, dass es dich gibt*\"}]},{\"@type\":\"WebSite\",\"@id\":\"https:\\\/\\\/Regalino-Shop.de\\\/#website\",\"url\":\"https:\\\/\\\/Regalino-Shop.de\\\/\",\"name\":\"Regalino -Lively Style\",\"description\":\"gelebtes Zuhause\",\"potentialAction\":[{\"@type\":\"SearchAction\",\"target\":{\"@type\":\"EntryPoint\",\"urlTemplate\":\"https:\\\/\\\/Regalino-Shop.de\\\/?s={search_term_string}\"},\"query-input\":{\"@type\":\"PropertyValueSpecification\",\"valueRequired\":true,\"valueName\":\"search_term_string\"}}],\"inLanguage\":\"de\"}]}<\/script>\n<!-- \/ Yoast SEO plugin. -->","yoast_head_json":{"title":"Mini Kissen *Sch\u00f6n, dass es dich gibt* - Regalino -Lively Style","description":"so ein s\u00fc\u00dfes Dekoelement - liebevoll bestickt mit herzlicher Botschaft - 25 x 25 cm","robots":{"index":"index","follow":"follow","max-snippet":"max-snippet:-1","max-image-preview":"max-image-preview:large","max-video-preview":"max-video-preview:-1"},"canonical":"https:\/\/Regalino-Shop.de\/?product=mini-kissen-schoen-dass-es-dich-gibt","og_locale":"de_DE","og_type":"article","og_title":"Mini Kissen *Sch\u00f6n, dass es dich gibt* - Regalino -Lively Style","og_description":"so ein s\u00fc\u00dfes Dekoelement - liebevoll bestickt mit herzlicher Botschaft - 25 x 25 cm","og_url":"https:\/\/Regalino-Shop.de\/?product=mini-kissen-schoen-dass-es-dich-gibt","og_site_name":"Regalino -Lively Style","article_modified_time":"2026-04-22T12:42:39+00:00","og_image":[{"width":600,"height":556,"url":"https:\/\/Regalino-Shop.de\/wp-content\/uploads\/2025\/08\/Mini-Kissen-Schoen-dass-es-dich-gibt-good-old-friends-16075-frei.jpg","type":"image\/jpeg"}],"twitter_card":"summary_large_image","twitter_misc":{"Gesch\u00e4tzte Lesezeit":"1\u00a0Minute"},"schema":{"@context":"https:\/\/schema.org","@graph":[{"@type":"WebPage","@id":"https:\/\/Regalino-Shop.de\/?product=mini-kissen-schoen-dass-es-dich-gibt","url":"https:\/\/Regalino-Shop.de\/?product=mini-kissen-schoen-dass-es-dich-gibt","name":"Mini Kissen *Sch\u00f6n, dass es dich gibt* - Regalino -Lively Style","isPartOf":{"@id":"https:\/\/Regalino-Shop.de\/#website"},"primaryImageOfPage":{"@id":"https:\/\/Regalino-Shop.de\/?product=mini-kissen-schoen-dass-es-dich-gibt#primaryimage"},"image":{"@id":"https:\/\/Regalino-Shop.de\/?product=mini-kissen-schoen-dass-es-dich-gibt#primaryimage"},"thumbnailUrl":"https:\/\/Regalino-Shop.de\/wp-content\/uploads\/2025\/08\/Mini-Kissen-Schoen-dass-es-dich-gibt-good-old-friends-16075-frei.jpg","datePublished":"2025-08-11T14:25:21+00:00","dateModified":"2026-04-22T12:42:39+00:00","description":"so ein s\u00fc\u00dfes Dekoelement - liebevoll bestickt mit herzlicher Botschaft - 25 x 25 cm","breadcrumb":{"@id":"https:\/\/Regalino-Shop.de\/?product=mini-kissen-schoen-dass-es-dich-gibt#breadcrumb"},"inLanguage":"de","potentialAction":[{"@type":"ReadAction","target":["https:\/\/Regalino-Shop.de\/?product=mini-kissen-schoen-dass-es-dich-gibt"]}]},{"@type":"ImageObject","inLanguage":"de","@id":"https:\/\/Regalino-Shop.de\/?product=mini-kissen-schoen-dass-es-dich-gibt#primaryimage","url":"https:\/\/Regalino-Shop.de\/wp-content\/uploads\/2025\/08\/Mini-Kissen-Schoen-dass-es-dich-gibt-good-old-friends-16075-frei.jpg","contentUrl":"https:\/\/Regalino-Shop.de\/wp-content\/uploads\/2025\/08\/Mini-Kissen-Schoen-dass-es-dich-gibt-good-old-friends-16075-frei.jpg","width":600,"height":556,"caption":"Minikissen"},{"@type":"BreadcrumbList","@id":"https:\/\/Regalino-Shop.de\/?product=mini-kissen-schoen-dass-es-dich-gibt#breadcrumb","itemListElement":[{"@type":"ListItem","position":1,"name":"Startseite","item":"https:\/\/Regalino-Shop.de\/"},{"@type":"ListItem","position":2,"name":"Shop","item":"https:\/\/Regalino-Shop.de\/?page_id=40"},{"@type":"ListItem","position":3,"name":"Mini Kissen *Sch\u00f6n, dass es dich gibt*"}]},{"@type":"WebSite","@id":"https:\/\/Regalino-Shop.de\/#website","url":"https:\/\/Regalino-Shop.de\/","name":"Regalino -Lively Style","description":"gelebtes Zuhause","potentialAction":[{"@type":"SearchAction","target":{"@type":"EntryPoint","urlTemplate":"https:\/\/Regalino-Shop.de\/?s={search_term_string}"},"query-input":{"@type":"PropertyValueSpecification","valueRequired":true,"valueName":"search_term_string"}}],"inLanguage":"de"}]}},"_links":{"self":[{"href":"https:\/\/Regalino-Shop.de\/index.php?rest_route=\/wp\/v2\/product\/16508","targetHints":{"allow":["GET"]}}],"collection":[{"href":"https:\/\/Regalino-Shop.de\/index.php?rest_route=\/wp\/v2\/product"}],"about":[{"href":"https:\/\/Regalino-Shop.de\/index.php?rest_route=\/wp\/v2\/types\/product"}],"wp:featuredmedia":[{"embeddable":true,"href":"https:\/\/Regalino-Shop.de\/index.php?rest_route=\/wp\/v2\/media\/16509"}],"wp:attachment":[{"href":"https:\/\/Regalino-Shop.de\/index.php?rest_route=%2Fwp%2Fv2%2Fmedia&parent=16508"}],"wp:term":[{"taxonomy":"product_brand","embeddable":true,"href":"https:\/\/Regalino-Shop.de\/index.php?rest_route=%2Fwp%2Fv2%2Fproduct_brand&post=16508"},{"taxonomy":"product_cat","embeddable":true,"href":"https:\/\/Regalino-Shop.de\/index.php?rest_route=%2Fwp%2Fv2%2Fproduct_cat&post=16508"},{"taxonomy":"product_tag","embeddable":true,"href":"https:\/\/Regalino-Shop.de\/index.php?rest_route=%2Fwp%2Fv2%2Fproduct_tag&post=16508"}],"curies":[{"name":"wp","href":"https:\/\/api.w.org\/{rel}","templated":true}]}}