{"id":16551,"date":"2025-08-15T09:53:38","date_gmt":"2025-08-15T09:53:38","guid":{"rendered":"https:\/\/Regalino-Shop.de\/?post_type=product&#038;p=16551"},"modified":"2026-01-14T13:13:57","modified_gmt":"2026-01-14T13:13:57","slug":"zitruspresse-retro-blau-tranquillo","status":"publish","type":"product","link":"https:\/\/Regalino-Shop.de\/?product=zitruspresse-retro-blau-tranquillo","title":{"rendered":"Zitruspresse *Retro* blau Tranquillo"},"content":{"rendered":"","protected":false},"excerpt":{"rendered":"<h3>handgestempelt<\/h3>\n<div>\n<div class=\"product-info__description\">\n<div class=\"prose\">Hol alles aus deinen Fr\u00fcchten raus, mit unserer sch\u00f6nen Zitruspresse im RETRO Stil. Unsere Presse besticht mit ihrem handgestempelten Design und sorgt f\u00fcr Freude in deiner K\u00fcche. Hol alles aus deinen Fr\u00fcchten raus, mit unserer sch\u00f6nen Zitruspresse im RETRO Stil. Unsere Presse besticht mit ihrem handgestempelten Design und sorgt f\u00fcr Freude in deiner K\u00fcche. Das Steingutmaterial liegt gut in der Hand und die Schale f\u00e4ngt den Saft perfekt auf.<\/div>\n<ul>\n<li class=\"prose\">Ma\u00dfe: 12 x 10 x 8 c<\/li>\n<li class=\"prose\">Material: Steinzeug<\/li>\n<li class=\"prose\">Sp\u00fclmaschinengeeignet<\/li>\n<li>handgestempelt<\/li>\n<\/ul>\n<p>Lieferumfang: 1 Zitruspresse<\/p>\n<\/div>\n<\/div>\n","protected":false},"featured_media":16552,"template":"","meta":{"_et_pb_use_builder":"","_et_pb_old_content":"","_et_gb_content_width":""},"product_brand":[1903],"product_cat":[76,57],"product_tag":[1914,1913],"class_list":{"0":"post-16551","1":"product","2":"type-product","3":"status-publish","4":"has-post-thumbnail","6":"product_brand-tranquillo","7":"product_cat-geschirr-fuer-stilvolle-genussmomente-regalino","8":"product_cat-neu-eingetroffen-neue-lieblingsstuecke-bei-regalino","9":"product_tag-auspresser","10":"product_tag-zitronenpresse","12":"first","13":"instock","14":"taxable","15":"shipping-taxable","16":"purchasable","17":"product-type-simple"},"yoast_head":"<!-- This site is optimized with the Yoast SEO plugin v27.5 - https:\/\/yoast.com\/product\/yoast-seo-wordpress\/ -->\n<title>Zitruspresse *Retro* blau Tranquillo - Regalino -Lively Style<\/title>\n<meta name=\"description\" content=\"Das Steingutmaterial liegt gut in der Hand und die Schale f\u00e4ngt den Saft perfekt auf.\u00a0\" \/>\n<meta name=\"robots\" content=\"index, follow, max-snippet:-1, max-image-preview:large, max-video-preview:-1\" \/>\n<link rel=\"canonical\" href=\"https:\/\/Regalino-Shop.de\/?product=zitruspresse-retro-blau-tranquillo\" \/>\n<meta property=\"og:locale\" content=\"de_DE\" \/>\n<meta property=\"og:type\" content=\"article\" \/>\n<meta property=\"og:title\" content=\"Zitruspresse *Retro* blau Tranquillo - Regalino -Lively Style\" \/>\n<meta property=\"og:description\" content=\"Das Steingutmaterial liegt gut in der Hand und die Schale f\u00e4ngt den Saft perfekt auf.\u00a0\" \/>\n<meta property=\"og:url\" content=\"https:\/\/Regalino-Shop.de\/?product=zitruspresse-retro-blau-tranquillo\" \/>\n<meta property=\"og:site_name\" content=\"Regalino -Lively Style\" \/>\n<meta property=\"article:modified_time\" content=\"2026-01-14T13:13:57+00:00\" \/>\n<meta property=\"og:image\" content=\"https:\/\/Regalino-Shop.de\/wp-content\/uploads\/2025\/08\/Zitruspresse-tranquillo-blau-retro-mood.webp\" \/>\n\t<meta property=\"og:image:width\" content=\"800\" \/>\n\t<meta property=\"og:image:height\" content=\"1200\" \/>\n\t<meta property=\"og:image:type\" content=\"image\/webp\" \/>\n<meta name=\"twitter:card\" content=\"summary_large_image\" \/>\n<meta name=\"twitter:label1\" content=\"Gesch\u00e4tzte Lesezeit\" \/>\n\t<meta name=\"twitter:data1\" content=\"1\u00a0Minute\" \/>\n<script type=\"application\/ld+json\" class=\"yoast-schema-graph\">{\"@context\":\"https:\\\/\\\/schema.org\",\"@graph\":[{\"@type\":\"WebPage\",\"@id\":\"https:\\\/\\\/Regalino-Shop.de\\\/?product=zitruspresse-retro-blau-tranquillo\",\"url\":\"https:\\\/\\\/Regalino-Shop.de\\\/?product=zitruspresse-retro-blau-tranquillo\",\"name\":\"Zitruspresse *Retro* blau Tranquillo - Regalino -Lively Style\",\"isPartOf\":{\"@id\":\"https:\\\/\\\/Regalino-Shop.de\\\/#website\"},\"primaryImageOfPage\":{\"@id\":\"https:\\\/\\\/Regalino-Shop.de\\\/?product=zitruspresse-retro-blau-tranquillo#primaryimage\"},\"image\":{\"@id\":\"https:\\\/\\\/Regalino-Shop.de\\\/?product=zitruspresse-retro-blau-tranquillo#primaryimage\"},\"thumbnailUrl\":\"https:\\\/\\\/Regalino-Shop.de\\\/wp-content\\\/uploads\\\/2025\\\/08\\\/Zitruspresse-tranquillo-blau-retro-mood.webp\",\"datePublished\":\"2025-08-15T09:53:38+00:00\",\"dateModified\":\"2026-01-14T13:13:57+00:00\",\"description\":\"Das Steingutmaterial liegt gut in der Hand und die Schale f\u00e4ngt den Saft perfekt auf.\u00a0\",\"breadcrumb\":{\"@id\":\"https:\\\/\\\/Regalino-Shop.de\\\/?product=zitruspresse-retro-blau-tranquillo#breadcrumb\"},\"inLanguage\":\"de\",\"potentialAction\":[{\"@type\":\"ReadAction\",\"target\":[\"https:\\\/\\\/Regalino-Shop.de\\\/?product=zitruspresse-retro-blau-tranquillo\"]}]},{\"@type\":\"ImageObject\",\"inLanguage\":\"de\",\"@id\":\"https:\\\/\\\/Regalino-Shop.de\\\/?product=zitruspresse-retro-blau-tranquillo#primaryimage\",\"url\":\"https:\\\/\\\/Regalino-Shop.de\\\/wp-content\\\/uploads\\\/2025\\\/08\\\/Zitruspresse-tranquillo-blau-retro-mood.webp\",\"contentUrl\":\"https:\\\/\\\/Regalino-Shop.de\\\/wp-content\\\/uploads\\\/2025\\\/08\\\/Zitruspresse-tranquillo-blau-retro-mood.webp\",\"width\":800,\"height\":1200},{\"@type\":\"BreadcrumbList\",\"@id\":\"https:\\\/\\\/Regalino-Shop.de\\\/?product=zitruspresse-retro-blau-tranquillo#breadcrumb\",\"itemListElement\":[{\"@type\":\"ListItem\",\"position\":1,\"name\":\"Startseite\",\"item\":\"https:\\\/\\\/Regalino-Shop.de\\\/\"},{\"@type\":\"ListItem\",\"position\":2,\"name\":\"Shop\",\"item\":\"https:\\\/\\\/Regalino-Shop.de\\\/?page_id=40\"},{\"@type\":\"ListItem\",\"position\":3,\"name\":\"Zitruspresse *Retro* blau Tranquillo\"}]},{\"@type\":\"WebSite\",\"@id\":\"https:\\\/\\\/Regalino-Shop.de\\\/#website\",\"url\":\"https:\\\/\\\/Regalino-Shop.de\\\/\",\"name\":\"Regalino -Lively Style\",\"description\":\"gelebtes Zuhause\",\"potentialAction\":[{\"@type\":\"SearchAction\",\"target\":{\"@type\":\"EntryPoint\",\"urlTemplate\":\"https:\\\/\\\/Regalino-Shop.de\\\/?s={search_term_string}\"},\"query-input\":{\"@type\":\"PropertyValueSpecification\",\"valueRequired\":true,\"valueName\":\"search_term_string\"}}],\"inLanguage\":\"de\"}]}<\/script>\n<!-- \/ Yoast SEO plugin. -->","yoast_head_json":{"title":"Zitruspresse *Retro* blau Tranquillo - Regalino -Lively Style","description":"Das Steingutmaterial liegt gut in der Hand und die Schale f\u00e4ngt den Saft perfekt auf.\u00a0","robots":{"index":"index","follow":"follow","max-snippet":"max-snippet:-1","max-image-preview":"max-image-preview:large","max-video-preview":"max-video-preview:-1"},"canonical":"https:\/\/Regalino-Shop.de\/?product=zitruspresse-retro-blau-tranquillo","og_locale":"de_DE","og_type":"article","og_title":"Zitruspresse *Retro* blau Tranquillo - Regalino -Lively Style","og_description":"Das Steingutmaterial liegt gut in der Hand und die Schale f\u00e4ngt den Saft perfekt auf.\u00a0","og_url":"https:\/\/Regalino-Shop.de\/?product=zitruspresse-retro-blau-tranquillo","og_site_name":"Regalino -Lively Style","article_modified_time":"2026-01-14T13:13:57+00:00","og_image":[{"width":800,"height":1200,"url":"https:\/\/Regalino-Shop.de\/wp-content\/uploads\/2025\/08\/Zitruspresse-tranquillo-blau-retro-mood.webp","type":"image\/webp"}],"twitter_card":"summary_large_image","twitter_misc":{"Gesch\u00e4tzte Lesezeit":"1\u00a0Minute"},"schema":{"@context":"https:\/\/schema.org","@graph":[{"@type":"WebPage","@id":"https:\/\/Regalino-Shop.de\/?product=zitruspresse-retro-blau-tranquillo","url":"https:\/\/Regalino-Shop.de\/?product=zitruspresse-retro-blau-tranquillo","name":"Zitruspresse *Retro* blau Tranquillo - Regalino -Lively Style","isPartOf":{"@id":"https:\/\/Regalino-Shop.de\/#website"},"primaryImageOfPage":{"@id":"https:\/\/Regalino-Shop.de\/?product=zitruspresse-retro-blau-tranquillo#primaryimage"},"image":{"@id":"https:\/\/Regalino-Shop.de\/?product=zitruspresse-retro-blau-tranquillo#primaryimage"},"thumbnailUrl":"https:\/\/Regalino-Shop.de\/wp-content\/uploads\/2025\/08\/Zitruspresse-tranquillo-blau-retro-mood.webp","datePublished":"2025-08-15T09:53:38+00:00","dateModified":"2026-01-14T13:13:57+00:00","description":"Das Steingutmaterial liegt gut in der Hand und die Schale f\u00e4ngt den Saft perfekt auf.\u00a0","breadcrumb":{"@id":"https:\/\/Regalino-Shop.de\/?product=zitruspresse-retro-blau-tranquillo#breadcrumb"},"inLanguage":"de","potentialAction":[{"@type":"ReadAction","target":["https:\/\/Regalino-Shop.de\/?product=zitruspresse-retro-blau-tranquillo"]}]},{"@type":"ImageObject","inLanguage":"de","@id":"https:\/\/Regalino-Shop.de\/?product=zitruspresse-retro-blau-tranquillo#primaryimage","url":"https:\/\/Regalino-Shop.de\/wp-content\/uploads\/2025\/08\/Zitruspresse-tranquillo-blau-retro-mood.webp","contentUrl":"https:\/\/Regalino-Shop.de\/wp-content\/uploads\/2025\/08\/Zitruspresse-tranquillo-blau-retro-mood.webp","width":800,"height":1200},{"@type":"BreadcrumbList","@id":"https:\/\/Regalino-Shop.de\/?product=zitruspresse-retro-blau-tranquillo#breadcrumb","itemListElement":[{"@type":"ListItem","position":1,"name":"Startseite","item":"https:\/\/Regalino-Shop.de\/"},{"@type":"ListItem","position":2,"name":"Shop","item":"https:\/\/Regalino-Shop.de\/?page_id=40"},{"@type":"ListItem","position":3,"name":"Zitruspresse *Retro* blau Tranquillo"}]},{"@type":"WebSite","@id":"https:\/\/Regalino-Shop.de\/#website","url":"https:\/\/Regalino-Shop.de\/","name":"Regalino -Lively Style","description":"gelebtes Zuhause","potentialAction":[{"@type":"SearchAction","target":{"@type":"EntryPoint","urlTemplate":"https:\/\/Regalino-Shop.de\/?s={search_term_string}"},"query-input":{"@type":"PropertyValueSpecification","valueRequired":true,"valueName":"search_term_string"}}],"inLanguage":"de"}]}},"_links":{"self":[{"href":"https:\/\/Regalino-Shop.de\/index.php?rest_route=\/wp\/v2\/product\/16551","targetHints":{"allow":["GET"]}}],"collection":[{"href":"https:\/\/Regalino-Shop.de\/index.php?rest_route=\/wp\/v2\/product"}],"about":[{"href":"https:\/\/Regalino-Shop.de\/index.php?rest_route=\/wp\/v2\/types\/product"}],"wp:featuredmedia":[{"embeddable":true,"href":"https:\/\/Regalino-Shop.de\/index.php?rest_route=\/wp\/v2\/media\/16552"}],"wp:attachment":[{"href":"https:\/\/Regalino-Shop.de\/index.php?rest_route=%2Fwp%2Fv2%2Fmedia&parent=16551"}],"wp:term":[{"taxonomy":"product_brand","embeddable":true,"href":"https:\/\/Regalino-Shop.de\/index.php?rest_route=%2Fwp%2Fv2%2Fproduct_brand&post=16551"},{"taxonomy":"product_cat","embeddable":true,"href":"https:\/\/Regalino-Shop.de\/index.php?rest_route=%2Fwp%2Fv2%2Fproduct_cat&post=16551"},{"taxonomy":"product_tag","embeddable":true,"href":"https:\/\/Regalino-Shop.de\/index.php?rest_route=%2Fwp%2Fv2%2Fproduct_tag&post=16551"}],"curies":[{"name":"wp","href":"https:\/\/api.w.org\/{rel}","templated":true}]}}