{"id":16588,"date":"2025-08-19T08:11:42","date_gmt":"2025-08-19T08:11:42","guid":{"rendered":"https:\/\/Regalino-Shop.de\/?post_type=product&#038;p=16588"},"modified":"2026-03-11T14:44:39","modified_gmt":"2026-03-11T14:44:39","slug":"ofenhandschuh-leaves-tranquillo","status":"publish","type":"product","link":"https:\/\/Regalino-Shop.de\/?product=ofenhandschuh-leaves-tranquillo","title":{"rendered":"Ofenhandschuh *Leaves* Tranquillo"},"content":{"rendered":"","protected":false},"excerpt":{"rendered":"<h3>Mit diesem Ofenhandschuh l\u00e4sst du nichts mehr anbrennen<\/h3>\n<p>Der h\u00fcbsche Helfer sch\u00fctzt deine H\u00e4nde, wenn du in Kontakt mit hei\u00dfem Kochgeschirr kommst. Durch die praktische Aufh\u00e4ngeschlaufe ist er leicht zu verstauen und immer parat, wenn du ihn brauchst.<\/p>\n<div>\n<div class=\"product-info__description\">\n<ul>\n<li class=\"prose\">Ma\u00dfe: 32 x 18 cm<\/li>\n<li class=\"prose\">Material: 100 % Baumwolle (bio), GOTS-zertifiziert<\/li>\n<li class=\"metafield-single_line_text_field\">Waschbar bei 30\u00b0 C<\/li>\n<\/ul>\n<p>Lieferumfang: 1 Ofenhandschuh ohne Deko<\/p>\n<\/div>\n<\/div>\n","protected":false},"featured_media":16589,"template":"","meta":{"_et_pb_use_builder":"","_et_pb_old_content":"","_et_gb_content_width":""},"product_brand":[1903],"product_cat":[57,81],"product_tag":[741,534],"class_list":{"0":"post-16588","1":"product","2":"type-product","3":"status-publish","4":"has-post-thumbnail","6":"product_brand-tranquillo","7":"product_cat-neu-eingetroffen-neue-lieblingsstuecke-bei-regalino","8":"product_cat-kuechentextilien-im-scandi-breton-stil-regalino","9":"product_tag-ofenhandschuh","10":"product_tag-topflappen","12":"first","13":"instock","14":"taxable","15":"shipping-taxable","16":"purchasable","17":"product-type-simple"},"yoast_head":"<!-- This site is optimized with the Yoast SEO plugin v27.5 - https:\/\/yoast.com\/product\/yoast-seo-wordpress\/ -->\n<title>Ofenhandschuh *Leaves* Tranquillo - Regalino -Lively Style<\/title>\n<meta name=\"description\" content=\"Mit diesem Ofenhandschuh l\u00e4sst du nichts mehr anbrennen - Bio Baumwolle\" \/>\n<meta name=\"robots\" content=\"index, follow, max-snippet:-1, max-image-preview:large, max-video-preview:-1\" \/>\n<link rel=\"canonical\" href=\"https:\/\/Regalino-Shop.de\/?product=ofenhandschuh-leaves-tranquillo\" \/>\n<meta property=\"og:locale\" content=\"de_DE\" \/>\n<meta property=\"og:type\" content=\"article\" \/>\n<meta property=\"og:title\" content=\"Ofenhandschuh *Leaves* Tranquillo - Regalino -Lively Style\" \/>\n<meta property=\"og:description\" content=\"Mit diesem Ofenhandschuh l\u00e4sst du nichts mehr anbrennen - Bio Baumwolle\" \/>\n<meta property=\"og:url\" content=\"https:\/\/Regalino-Shop.de\/?product=ofenhandschuh-leaves-tranquillo\" \/>\n<meta property=\"og:site_name\" content=\"Regalino -Lively Style\" \/>\n<meta property=\"article:modified_time\" content=\"2026-03-11T14:44:39+00:00\" \/>\n<meta property=\"og:image\" content=\"https:\/\/Regalino-Shop.de\/wp-content\/uploads\/2025\/08\/Ofenhandschuh-Blaetter-tranquillo-nah.webp\" \/>\n\t<meta property=\"og:image:width\" content=\"800\" \/>\n\t<meta property=\"og:image:height\" content=\"1200\" \/>\n\t<meta property=\"og:image:type\" content=\"image\/webp\" \/>\n<meta name=\"twitter:card\" content=\"summary_large_image\" \/>\n<meta name=\"twitter:label1\" content=\"Gesch\u00e4tzte Lesezeit\" \/>\n\t<meta name=\"twitter:data1\" content=\"1\u00a0Minute\" \/>\n<script type=\"application\/ld+json\" class=\"yoast-schema-graph\">{\"@context\":\"https:\\\/\\\/schema.org\",\"@graph\":[{\"@type\":\"WebPage\",\"@id\":\"https:\\\/\\\/Regalino-Shop.de\\\/?product=ofenhandschuh-leaves-tranquillo\",\"url\":\"https:\\\/\\\/Regalino-Shop.de\\\/?product=ofenhandschuh-leaves-tranquillo\",\"name\":\"Ofenhandschuh *Leaves* Tranquillo - Regalino -Lively Style\",\"isPartOf\":{\"@id\":\"https:\\\/\\\/Regalino-Shop.de\\\/#website\"},\"primaryImageOfPage\":{\"@id\":\"https:\\\/\\\/Regalino-Shop.de\\\/?product=ofenhandschuh-leaves-tranquillo#primaryimage\"},\"image\":{\"@id\":\"https:\\\/\\\/Regalino-Shop.de\\\/?product=ofenhandschuh-leaves-tranquillo#primaryimage\"},\"thumbnailUrl\":\"https:\\\/\\\/Regalino-Shop.de\\\/wp-content\\\/uploads\\\/2025\\\/08\\\/Ofenhandschuh-Blaetter-tranquillo-nah.webp\",\"datePublished\":\"2025-08-19T08:11:42+00:00\",\"dateModified\":\"2026-03-11T14:44:39+00:00\",\"description\":\"Mit diesem Ofenhandschuh l\u00e4sst du nichts mehr anbrennen - Bio Baumwolle\",\"breadcrumb\":{\"@id\":\"https:\\\/\\\/Regalino-Shop.de\\\/?product=ofenhandschuh-leaves-tranquillo#breadcrumb\"},\"inLanguage\":\"de\",\"potentialAction\":[{\"@type\":\"ReadAction\",\"target\":[\"https:\\\/\\\/Regalino-Shop.de\\\/?product=ofenhandschuh-leaves-tranquillo\"]}]},{\"@type\":\"ImageObject\",\"inLanguage\":\"de\",\"@id\":\"https:\\\/\\\/Regalino-Shop.de\\\/?product=ofenhandschuh-leaves-tranquillo#primaryimage\",\"url\":\"https:\\\/\\\/Regalino-Shop.de\\\/wp-content\\\/uploads\\\/2025\\\/08\\\/Ofenhandschuh-Blaetter-tranquillo-nah.webp\",\"contentUrl\":\"https:\\\/\\\/Regalino-Shop.de\\\/wp-content\\\/uploads\\\/2025\\\/08\\\/Ofenhandschuh-Blaetter-tranquillo-nah.webp\",\"width\":800,\"height\":1200,\"caption\":\"Topflappen\"},{\"@type\":\"BreadcrumbList\",\"@id\":\"https:\\\/\\\/Regalino-Shop.de\\\/?product=ofenhandschuh-leaves-tranquillo#breadcrumb\",\"itemListElement\":[{\"@type\":\"ListItem\",\"position\":1,\"name\":\"Startseite\",\"item\":\"https:\\\/\\\/Regalino-Shop.de\\\/\"},{\"@type\":\"ListItem\",\"position\":2,\"name\":\"Shop\",\"item\":\"https:\\\/\\\/Regalino-Shop.de\\\/?page_id=40\"},{\"@type\":\"ListItem\",\"position\":3,\"name\":\"Ofenhandschuh *Leaves* Tranquillo\"}]},{\"@type\":\"WebSite\",\"@id\":\"https:\\\/\\\/Regalino-Shop.de\\\/#website\",\"url\":\"https:\\\/\\\/Regalino-Shop.de\\\/\",\"name\":\"Regalino -Lively Style\",\"description\":\"gelebtes Zuhause\",\"potentialAction\":[{\"@type\":\"SearchAction\",\"target\":{\"@type\":\"EntryPoint\",\"urlTemplate\":\"https:\\\/\\\/Regalino-Shop.de\\\/?s={search_term_string}\"},\"query-input\":{\"@type\":\"PropertyValueSpecification\",\"valueRequired\":true,\"valueName\":\"search_term_string\"}}],\"inLanguage\":\"de\"}]}<\/script>\n<!-- \/ Yoast SEO plugin. -->","yoast_head_json":{"title":"Ofenhandschuh *Leaves* Tranquillo - Regalino -Lively Style","description":"Mit diesem Ofenhandschuh l\u00e4sst du nichts mehr anbrennen - Bio Baumwolle","robots":{"index":"index","follow":"follow","max-snippet":"max-snippet:-1","max-image-preview":"max-image-preview:large","max-video-preview":"max-video-preview:-1"},"canonical":"https:\/\/Regalino-Shop.de\/?product=ofenhandschuh-leaves-tranquillo","og_locale":"de_DE","og_type":"article","og_title":"Ofenhandschuh *Leaves* Tranquillo - Regalino -Lively Style","og_description":"Mit diesem Ofenhandschuh l\u00e4sst du nichts mehr anbrennen - Bio Baumwolle","og_url":"https:\/\/Regalino-Shop.de\/?product=ofenhandschuh-leaves-tranquillo","og_site_name":"Regalino -Lively Style","article_modified_time":"2026-03-11T14:44:39+00:00","og_image":[{"width":800,"height":1200,"url":"https:\/\/Regalino-Shop.de\/wp-content\/uploads\/2025\/08\/Ofenhandschuh-Blaetter-tranquillo-nah.webp","type":"image\/webp"}],"twitter_card":"summary_large_image","twitter_misc":{"Gesch\u00e4tzte Lesezeit":"1\u00a0Minute"},"schema":{"@context":"https:\/\/schema.org","@graph":[{"@type":"WebPage","@id":"https:\/\/Regalino-Shop.de\/?product=ofenhandschuh-leaves-tranquillo","url":"https:\/\/Regalino-Shop.de\/?product=ofenhandschuh-leaves-tranquillo","name":"Ofenhandschuh *Leaves* Tranquillo - Regalino -Lively Style","isPartOf":{"@id":"https:\/\/Regalino-Shop.de\/#website"},"primaryImageOfPage":{"@id":"https:\/\/Regalino-Shop.de\/?product=ofenhandschuh-leaves-tranquillo#primaryimage"},"image":{"@id":"https:\/\/Regalino-Shop.de\/?product=ofenhandschuh-leaves-tranquillo#primaryimage"},"thumbnailUrl":"https:\/\/Regalino-Shop.de\/wp-content\/uploads\/2025\/08\/Ofenhandschuh-Blaetter-tranquillo-nah.webp","datePublished":"2025-08-19T08:11:42+00:00","dateModified":"2026-03-11T14:44:39+00:00","description":"Mit diesem Ofenhandschuh l\u00e4sst du nichts mehr anbrennen - Bio Baumwolle","breadcrumb":{"@id":"https:\/\/Regalino-Shop.de\/?product=ofenhandschuh-leaves-tranquillo#breadcrumb"},"inLanguage":"de","potentialAction":[{"@type":"ReadAction","target":["https:\/\/Regalino-Shop.de\/?product=ofenhandschuh-leaves-tranquillo"]}]},{"@type":"ImageObject","inLanguage":"de","@id":"https:\/\/Regalino-Shop.de\/?product=ofenhandschuh-leaves-tranquillo#primaryimage","url":"https:\/\/Regalino-Shop.de\/wp-content\/uploads\/2025\/08\/Ofenhandschuh-Blaetter-tranquillo-nah.webp","contentUrl":"https:\/\/Regalino-Shop.de\/wp-content\/uploads\/2025\/08\/Ofenhandschuh-Blaetter-tranquillo-nah.webp","width":800,"height":1200,"caption":"Topflappen"},{"@type":"BreadcrumbList","@id":"https:\/\/Regalino-Shop.de\/?product=ofenhandschuh-leaves-tranquillo#breadcrumb","itemListElement":[{"@type":"ListItem","position":1,"name":"Startseite","item":"https:\/\/Regalino-Shop.de\/"},{"@type":"ListItem","position":2,"name":"Shop","item":"https:\/\/Regalino-Shop.de\/?page_id=40"},{"@type":"ListItem","position":3,"name":"Ofenhandschuh *Leaves* Tranquillo"}]},{"@type":"WebSite","@id":"https:\/\/Regalino-Shop.de\/#website","url":"https:\/\/Regalino-Shop.de\/","name":"Regalino -Lively Style","description":"gelebtes Zuhause","potentialAction":[{"@type":"SearchAction","target":{"@type":"EntryPoint","urlTemplate":"https:\/\/Regalino-Shop.de\/?s={search_term_string}"},"query-input":{"@type":"PropertyValueSpecification","valueRequired":true,"valueName":"search_term_string"}}],"inLanguage":"de"}]}},"_links":{"self":[{"href":"https:\/\/Regalino-Shop.de\/index.php?rest_route=\/wp\/v2\/product\/16588","targetHints":{"allow":["GET"]}}],"collection":[{"href":"https:\/\/Regalino-Shop.de\/index.php?rest_route=\/wp\/v2\/product"}],"about":[{"href":"https:\/\/Regalino-Shop.de\/index.php?rest_route=\/wp\/v2\/types\/product"}],"wp:featuredmedia":[{"embeddable":true,"href":"https:\/\/Regalino-Shop.de\/index.php?rest_route=\/wp\/v2\/media\/16589"}],"wp:attachment":[{"href":"https:\/\/Regalino-Shop.de\/index.php?rest_route=%2Fwp%2Fv2%2Fmedia&parent=16588"}],"wp:term":[{"taxonomy":"product_brand","embeddable":true,"href":"https:\/\/Regalino-Shop.de\/index.php?rest_route=%2Fwp%2Fv2%2Fproduct_brand&post=16588"},{"taxonomy":"product_cat","embeddable":true,"href":"https:\/\/Regalino-Shop.de\/index.php?rest_route=%2Fwp%2Fv2%2Fproduct_cat&post=16588"},{"taxonomy":"product_tag","embeddable":true,"href":"https:\/\/Regalino-Shop.de\/index.php?rest_route=%2Fwp%2Fv2%2Fproduct_tag&post=16588"}],"curies":[{"name":"wp","href":"https:\/\/api.w.org\/{rel}","templated":true}]}}