{"id":16636,"date":"2025-08-21T12:08:51","date_gmt":"2025-08-21T12:08:51","guid":{"rendered":"https:\/\/Regalino-Shop.de\/?post_type=product&#038;p=16636"},"modified":"2025-12-27T14:59:37","modified_gmt":"2025-12-27T14:59:37","slug":"tasse-fahrrad","status":"publish","type":"product","link":"https:\/\/Regalino-Shop.de\/?product=tasse-fahrrad","title":{"rendered":"Tasse *Fahrrad*"},"content":{"rendered":"","protected":false},"excerpt":{"rendered":"<h3 class=\"product--description block\">&#8230; mit Ballons<\/h3>\n<div class=\"product--description block\">\n<ul>\n<li>Material:\u00a0 Porzellan<\/li>\n<li>Ma\u00dfe: \u00d8 10 cm, H\u00f6he 9 cm<\/li>\n<li>Fassungsverm\u00f6gen 400 ml<\/li>\n<li>Farbe: wei\u00df, grau, rosa<\/li>\n<li>sp\u00fclmaschinenfest<\/li>\n<\/ul>\n<p>handgemacht, leichte Abweichungen in Form &amp; Farbe m\u00f6glich<\/p>\n<p>Lieferumfang: 1 Tasse ohne Dekoration<\/p>\n<\/div>\n","protected":false},"featured_media":16637,"template":"","meta":{"_et_pb_use_builder":"","_et_pb_old_content":"","_et_gb_content_width":""},"product_brand":[],"product_cat":[76],"product_tag":[353,830,1138,288,1018,1450,352],"class_list":{"0":"post-16636","1":"product","2":"type-product","3":"status-publish","4":"has-post-thumbnail","6":"product_cat-geschirr-fuer-stilvolle-genussmomente-regalino","7":"product_tag-becher","8":"product_tag-blumenfahrrad","9":"product_tag-fahrrad","10":"product_tag-geschenk","11":"product_tag-kaffeebecher","12":"product_tag-krasilnikoff","13":"product_tag-tasse","15":"first","16":"instock","17":"taxable","18":"shipping-taxable","19":"purchasable","20":"product-type-simple"},"yoast_head":"<!-- This site is optimized with the Yoast SEO plugin v27.5 - https:\/\/yoast.com\/product\/yoast-seo-wordpress\/ -->\n<title>Tasse *Fahrrad* - Regalino -Lively Style<\/title>\n<meta name=\"description\" content=\"von Krasilnikoff - Porzellantasse - Fassungsverm\u00f6gen 400 ml\" \/>\n<meta name=\"robots\" content=\"index, follow, max-snippet:-1, max-image-preview:large, max-video-preview:-1\" \/>\n<link rel=\"canonical\" href=\"https:\/\/Regalino-Shop.de\/?product=tasse-fahrrad\" \/>\n<meta property=\"og:locale\" content=\"de_DE\" \/>\n<meta property=\"og:type\" content=\"article\" \/>\n<meta property=\"og:title\" content=\"Tasse *Fahrrad* - Regalino -Lively Style\" \/>\n<meta property=\"og:description\" content=\"von Krasilnikoff - Porzellantasse - Fassungsverm\u00f6gen 400 ml\" \/>\n<meta property=\"og:url\" content=\"https:\/\/Regalino-Shop.de\/?product=tasse-fahrrad\" \/>\n<meta property=\"og:site_name\" content=\"Regalino -Lively Style\" \/>\n<meta property=\"article:modified_time\" content=\"2025-12-27T14:59:37+00:00\" \/>\n<meta property=\"og:image\" content=\"https:\/\/Regalino-Shop.de\/wp-content\/uploads\/2025\/08\/cup-happy-fahrrad-mit-ballons-Tasse.jpg\" \/>\n\t<meta property=\"og:image:width\" content=\"350\" \/>\n\t<meta property=\"og:image:height\" content=\"350\" \/>\n\t<meta property=\"og:image:type\" content=\"image\/jpeg\" \/>\n<meta name=\"twitter:card\" content=\"summary_large_image\" \/>\n<meta name=\"twitter:label1\" content=\"Gesch\u00e4tzte Lesezeit\" \/>\n\t<meta name=\"twitter:data1\" content=\"1\u00a0Minute\" \/>\n<script type=\"application\/ld+json\" class=\"yoast-schema-graph\">{\"@context\":\"https:\\\/\\\/schema.org\",\"@graph\":[{\"@type\":\"WebPage\",\"@id\":\"https:\\\/\\\/Regalino-Shop.de\\\/?product=tasse-fahrrad\",\"url\":\"https:\\\/\\\/Regalino-Shop.de\\\/?product=tasse-fahrrad\",\"name\":\"Tasse *Fahrrad* - Regalino -Lively Style\",\"isPartOf\":{\"@id\":\"https:\\\/\\\/Regalino-Shop.de\\\/#website\"},\"primaryImageOfPage\":{\"@id\":\"https:\\\/\\\/Regalino-Shop.de\\\/?product=tasse-fahrrad#primaryimage\"},\"image\":{\"@id\":\"https:\\\/\\\/Regalino-Shop.de\\\/?product=tasse-fahrrad#primaryimage\"},\"thumbnailUrl\":\"https:\\\/\\\/Regalino-Shop.de\\\/wp-content\\\/uploads\\\/2025\\\/08\\\/cup-happy-fahrrad-mit-ballons-Tasse.jpg\",\"datePublished\":\"2025-08-21T12:08:51+00:00\",\"dateModified\":\"2025-12-27T14:59:37+00:00\",\"description\":\"von Krasilnikoff - Porzellantasse - Fassungsverm\u00f6gen 400 ml\",\"breadcrumb\":{\"@id\":\"https:\\\/\\\/Regalino-Shop.de\\\/?product=tasse-fahrrad#breadcrumb\"},\"inLanguage\":\"de\",\"potentialAction\":[{\"@type\":\"ReadAction\",\"target\":[\"https:\\\/\\\/Regalino-Shop.de\\\/?product=tasse-fahrrad\"]}]},{\"@type\":\"ImageObject\",\"inLanguage\":\"de\",\"@id\":\"https:\\\/\\\/Regalino-Shop.de\\\/?product=tasse-fahrrad#primaryimage\",\"url\":\"https:\\\/\\\/Regalino-Shop.de\\\/wp-content\\\/uploads\\\/2025\\\/08\\\/cup-happy-fahrrad-mit-ballons-Tasse.jpg\",\"contentUrl\":\"https:\\\/\\\/Regalino-Shop.de\\\/wp-content\\\/uploads\\\/2025\\\/08\\\/cup-happy-fahrrad-mit-ballons-Tasse.jpg\",\"width\":350,\"height\":350},{\"@type\":\"BreadcrumbList\",\"@id\":\"https:\\\/\\\/Regalino-Shop.de\\\/?product=tasse-fahrrad#breadcrumb\",\"itemListElement\":[{\"@type\":\"ListItem\",\"position\":1,\"name\":\"Startseite\",\"item\":\"https:\\\/\\\/Regalino-Shop.de\\\/\"},{\"@type\":\"ListItem\",\"position\":2,\"name\":\"Shop\",\"item\":\"https:\\\/\\\/Regalino-Shop.de\\\/?page_id=40\"},{\"@type\":\"ListItem\",\"position\":3,\"name\":\"Tasse *Fahrrad*\"}]},{\"@type\":\"WebSite\",\"@id\":\"https:\\\/\\\/Regalino-Shop.de\\\/#website\",\"url\":\"https:\\\/\\\/Regalino-Shop.de\\\/\",\"name\":\"Regalino -Lively Style\",\"description\":\"gelebtes Zuhause\",\"potentialAction\":[{\"@type\":\"SearchAction\",\"target\":{\"@type\":\"EntryPoint\",\"urlTemplate\":\"https:\\\/\\\/Regalino-Shop.de\\\/?s={search_term_string}\"},\"query-input\":{\"@type\":\"PropertyValueSpecification\",\"valueRequired\":true,\"valueName\":\"search_term_string\"}}],\"inLanguage\":\"de\"}]}<\/script>\n<!-- \/ Yoast SEO plugin. -->","yoast_head_json":{"title":"Tasse *Fahrrad* - Regalino -Lively Style","description":"von Krasilnikoff - Porzellantasse - Fassungsverm\u00f6gen 400 ml","robots":{"index":"index","follow":"follow","max-snippet":"max-snippet:-1","max-image-preview":"max-image-preview:large","max-video-preview":"max-video-preview:-1"},"canonical":"https:\/\/Regalino-Shop.de\/?product=tasse-fahrrad","og_locale":"de_DE","og_type":"article","og_title":"Tasse *Fahrrad* - Regalino -Lively Style","og_description":"von Krasilnikoff - Porzellantasse - Fassungsverm\u00f6gen 400 ml","og_url":"https:\/\/Regalino-Shop.de\/?product=tasse-fahrrad","og_site_name":"Regalino -Lively Style","article_modified_time":"2025-12-27T14:59:37+00:00","og_image":[{"width":350,"height":350,"url":"https:\/\/Regalino-Shop.de\/wp-content\/uploads\/2025\/08\/cup-happy-fahrrad-mit-ballons-Tasse.jpg","type":"image\/jpeg"}],"twitter_card":"summary_large_image","twitter_misc":{"Gesch\u00e4tzte Lesezeit":"1\u00a0Minute"},"schema":{"@context":"https:\/\/schema.org","@graph":[{"@type":"WebPage","@id":"https:\/\/Regalino-Shop.de\/?product=tasse-fahrrad","url":"https:\/\/Regalino-Shop.de\/?product=tasse-fahrrad","name":"Tasse *Fahrrad* - Regalino -Lively Style","isPartOf":{"@id":"https:\/\/Regalino-Shop.de\/#website"},"primaryImageOfPage":{"@id":"https:\/\/Regalino-Shop.de\/?product=tasse-fahrrad#primaryimage"},"image":{"@id":"https:\/\/Regalino-Shop.de\/?product=tasse-fahrrad#primaryimage"},"thumbnailUrl":"https:\/\/Regalino-Shop.de\/wp-content\/uploads\/2025\/08\/cup-happy-fahrrad-mit-ballons-Tasse.jpg","datePublished":"2025-08-21T12:08:51+00:00","dateModified":"2025-12-27T14:59:37+00:00","description":"von Krasilnikoff - Porzellantasse - Fassungsverm\u00f6gen 400 ml","breadcrumb":{"@id":"https:\/\/Regalino-Shop.de\/?product=tasse-fahrrad#breadcrumb"},"inLanguage":"de","potentialAction":[{"@type":"ReadAction","target":["https:\/\/Regalino-Shop.de\/?product=tasse-fahrrad"]}]},{"@type":"ImageObject","inLanguage":"de","@id":"https:\/\/Regalino-Shop.de\/?product=tasse-fahrrad#primaryimage","url":"https:\/\/Regalino-Shop.de\/wp-content\/uploads\/2025\/08\/cup-happy-fahrrad-mit-ballons-Tasse.jpg","contentUrl":"https:\/\/Regalino-Shop.de\/wp-content\/uploads\/2025\/08\/cup-happy-fahrrad-mit-ballons-Tasse.jpg","width":350,"height":350},{"@type":"BreadcrumbList","@id":"https:\/\/Regalino-Shop.de\/?product=tasse-fahrrad#breadcrumb","itemListElement":[{"@type":"ListItem","position":1,"name":"Startseite","item":"https:\/\/Regalino-Shop.de\/"},{"@type":"ListItem","position":2,"name":"Shop","item":"https:\/\/Regalino-Shop.de\/?page_id=40"},{"@type":"ListItem","position":3,"name":"Tasse *Fahrrad*"}]},{"@type":"WebSite","@id":"https:\/\/Regalino-Shop.de\/#website","url":"https:\/\/Regalino-Shop.de\/","name":"Regalino -Lively Style","description":"gelebtes Zuhause","potentialAction":[{"@type":"SearchAction","target":{"@type":"EntryPoint","urlTemplate":"https:\/\/Regalino-Shop.de\/?s={search_term_string}"},"query-input":{"@type":"PropertyValueSpecification","valueRequired":true,"valueName":"search_term_string"}}],"inLanguage":"de"}]}},"_links":{"self":[{"href":"https:\/\/Regalino-Shop.de\/index.php?rest_route=\/wp\/v2\/product\/16636","targetHints":{"allow":["GET"]}}],"collection":[{"href":"https:\/\/Regalino-Shop.de\/index.php?rest_route=\/wp\/v2\/product"}],"about":[{"href":"https:\/\/Regalino-Shop.de\/index.php?rest_route=\/wp\/v2\/types\/product"}],"wp:featuredmedia":[{"embeddable":true,"href":"https:\/\/Regalino-Shop.de\/index.php?rest_route=\/wp\/v2\/media\/16637"}],"wp:attachment":[{"href":"https:\/\/Regalino-Shop.de\/index.php?rest_route=%2Fwp%2Fv2%2Fmedia&parent=16636"}],"wp:term":[{"taxonomy":"product_brand","embeddable":true,"href":"https:\/\/Regalino-Shop.de\/index.php?rest_route=%2Fwp%2Fv2%2Fproduct_brand&post=16636"},{"taxonomy":"product_cat","embeddable":true,"href":"https:\/\/Regalino-Shop.de\/index.php?rest_route=%2Fwp%2Fv2%2Fproduct_cat&post=16636"},{"taxonomy":"product_tag","embeddable":true,"href":"https:\/\/Regalino-Shop.de\/index.php?rest_route=%2Fwp%2Fv2%2Fproduct_tag&post=16636"}],"curies":[{"name":"wp","href":"https:\/\/api.w.org\/{rel}","templated":true}]}}