{"id":16667,"date":"2025-08-23T10:42:05","date_gmt":"2025-08-23T10:42:05","guid":{"rendered":"https:\/\/Regalino-Shop.de\/?post_type=product&#038;p=16667"},"modified":"2025-10-27T12:23:32","modified_gmt":"2025-10-27T12:23:32","slug":"handgefertigte-tasse-kalmar-streifen-ib-laursen","status":"publish","type":"product","link":"https:\/\/Regalino-Shop.de\/?product=handgefertigte-tasse-kalmar-streifen-ib-laursen","title":{"rendered":"handgefertigte Tasse *Kalmar* Streifen Ib Laursen"},"content":{"rendered":"","protected":false},"excerpt":{"rendered":"<h3>Echte Handwerkskunst ist sp\u00fcrbar!<\/h3>\n<p>Jede Tasse ist ein kleines Kunstwerk \u2013 von Hand auf der T\u00f6pferscheibe geformt und mit einer lebendigen, reaktiven Glasur glasiert, die ihre volle Sch\u00f6nheit erst nach dem Brennen enth\u00fcllt. Farbe, Form und Dicke variieren auf wunderbare Weise von Tasse zu Tasse. Gerade diese feinen Unterschiede machen jede Tasse einzigartig und besonders \u2013 als w\u00e4re sie nur f\u00fcr Dich gemacht<\/p>\n<ul>\n<li>Farbe:\u00a0 natur, staubig blau, rosa<\/li>\n<li>Ma\u00dfe: <span data-sheets-root=\"1\">: B: 9 H: 6,5 L: 12,5 cm<\/span><\/li>\n<li>Fassungsverm\u00f6gen: 210 ml<\/li>\n<li>Material: Steingut<\/li>\n<li>handgefertigt<\/li>\n<li>lebensmittelecht<\/li>\n<li>ofenfest, mikrowellen- &amp; sp\u00fclmaschinengeeignet<\/li>\n<\/ul>\n<p>Lieferumfang: 1 Tasse ohne Deko<\/p>\n<p>&nbsp;<\/p>\n","protected":false},"featured_media":16665,"template":"","meta":{"_et_pb_use_builder":"","_et_pb_old_content":"","_et_gb_content_width":""},"product_brand":[1851],"product_cat":[76,57],"product_tag":[1917,352,1918],"class_list":{"0":"post-16667","1":"product","2":"type-product","3":"status-publish","4":"has-post-thumbnail","6":"product_brand-ib-laursen","7":"product_cat-geschirr-fuer-stilvolle-genussmomente-regalino","8":"product_cat-neu-eingetroffen-neue-lieblingsstuecke-bei-regalino","9":"product_tag-handgefertigt","10":"product_tag-tasse","11":"product_tag-tasse-mit-henkel","13":"first","14":"instock","15":"taxable","16":"shipping-taxable","17":"purchasable","18":"product-type-simple"},"yoast_head":"<!-- This site is optimized with the Yoast SEO plugin v27.5 - https:\/\/yoast.com\/product\/yoast-seo-wordpress\/ -->\n<title>handgefertigte Tasse *Kalmar* Streifen Ib Laursen - Regalino -Lively Style<\/title>\n<meta name=\"description\" content=\"Jede Tasse ist ein kleines Kunstwerk \u2013 von Hand auf der T\u00f6pferscheibe geformt\" \/>\n<meta name=\"robots\" content=\"index, follow, max-snippet:-1, max-image-preview:large, max-video-preview:-1\" \/>\n<link rel=\"canonical\" href=\"https:\/\/Regalino-Shop.de\/?product=handgefertigte-tasse-kalmar-streifen-ib-laursen\" \/>\n<meta property=\"og:locale\" content=\"de_DE\" \/>\n<meta property=\"og:type\" content=\"article\" \/>\n<meta property=\"og:title\" content=\"handgefertigte Tasse *Kalmar* Streifen Ib Laursen - Regalino -Lively Style\" \/>\n<meta property=\"og:description\" content=\"Jede Tasse ist ein kleines Kunstwerk \u2013 von Hand auf der T\u00f6pferscheibe geformt\" \/>\n<meta property=\"og:url\" content=\"https:\/\/Regalino-Shop.de\/?product=handgefertigte-tasse-kalmar-streifen-ib-laursen\" \/>\n<meta property=\"og:site_name\" content=\"Regalino -Lively Style\" \/>\n<meta property=\"article:modified_time\" content=\"2025-10-27T12:23:32+00:00\" \/>\n<meta property=\"og:image\" content=\"https:\/\/Regalino-Shop.de\/wp-content\/uploads\/2025\/08\/Trend039_24020-00_Trend01.jpg\" \/>\n\t<meta property=\"og:image:width\" content=\"933\" \/>\n\t<meta property=\"og:image:height\" content=\"1400\" \/>\n\t<meta property=\"og:image:type\" content=\"image\/jpeg\" \/>\n<meta name=\"twitter:card\" content=\"summary_large_image\" \/>\n<meta name=\"twitter:label1\" content=\"Gesch\u00e4tzte Lesezeit\" \/>\n\t<meta name=\"twitter:data1\" content=\"1\u00a0Minute\" \/>\n<script type=\"application\/ld+json\" class=\"yoast-schema-graph\">{\"@context\":\"https:\\\/\\\/schema.org\",\"@graph\":[{\"@type\":\"WebPage\",\"@id\":\"https:\\\/\\\/Regalino-Shop.de\\\/?product=handgefertigte-tasse-kalmar-streifen-ib-laursen\",\"url\":\"https:\\\/\\\/Regalino-Shop.de\\\/?product=handgefertigte-tasse-kalmar-streifen-ib-laursen\",\"name\":\"handgefertigte Tasse *Kalmar* Streifen Ib Laursen - Regalino -Lively Style\",\"isPartOf\":{\"@id\":\"https:\\\/\\\/Regalino-Shop.de\\\/#website\"},\"primaryImageOfPage\":{\"@id\":\"https:\\\/\\\/Regalino-Shop.de\\\/?product=handgefertigte-tasse-kalmar-streifen-ib-laursen#primaryimage\"},\"image\":{\"@id\":\"https:\\\/\\\/Regalino-Shop.de\\\/?product=handgefertigte-tasse-kalmar-streifen-ib-laursen#primaryimage\"},\"thumbnailUrl\":\"https:\\\/\\\/Regalino-Shop.de\\\/wp-content\\\/uploads\\\/2025\\\/08\\\/Trend039_24020-00_Trend01.jpg\",\"datePublished\":\"2025-08-23T10:42:05+00:00\",\"dateModified\":\"2025-10-27T12:23:32+00:00\",\"description\":\"Jede Tasse ist ein kleines Kunstwerk \u2013 von Hand auf der T\u00f6pferscheibe geformt\",\"breadcrumb\":{\"@id\":\"https:\\\/\\\/Regalino-Shop.de\\\/?product=handgefertigte-tasse-kalmar-streifen-ib-laursen#breadcrumb\"},\"inLanguage\":\"de\",\"potentialAction\":[{\"@type\":\"ReadAction\",\"target\":[\"https:\\\/\\\/Regalino-Shop.de\\\/?product=handgefertigte-tasse-kalmar-streifen-ib-laursen\"]}]},{\"@type\":\"ImageObject\",\"inLanguage\":\"de\",\"@id\":\"https:\\\/\\\/Regalino-Shop.de\\\/?product=handgefertigte-tasse-kalmar-streifen-ib-laursen#primaryimage\",\"url\":\"https:\\\/\\\/Regalino-Shop.de\\\/wp-content\\\/uploads\\\/2025\\\/08\\\/Trend039_24020-00_Trend01.jpg\",\"contentUrl\":\"https:\\\/\\\/Regalino-Shop.de\\\/wp-content\\\/uploads\\\/2025\\\/08\\\/Trend039_24020-00_Trend01.jpg\",\"width\":933,\"height\":1400,\"caption\":\"handgefertigte Tasse mit Henkel\"},{\"@type\":\"BreadcrumbList\",\"@id\":\"https:\\\/\\\/Regalino-Shop.de\\\/?product=handgefertigte-tasse-kalmar-streifen-ib-laursen#breadcrumb\",\"itemListElement\":[{\"@type\":\"ListItem\",\"position\":1,\"name\":\"Startseite\",\"item\":\"https:\\\/\\\/Regalino-Shop.de\\\/\"},{\"@type\":\"ListItem\",\"position\":2,\"name\":\"Shop\",\"item\":\"https:\\\/\\\/Regalino-Shop.de\\\/?page_id=40\"},{\"@type\":\"ListItem\",\"position\":3,\"name\":\"handgefertigte Tasse *Kalmar* Streifen Ib Laursen\"}]},{\"@type\":\"WebSite\",\"@id\":\"https:\\\/\\\/Regalino-Shop.de\\\/#website\",\"url\":\"https:\\\/\\\/Regalino-Shop.de\\\/\",\"name\":\"Regalino -Lively Style\",\"description\":\"gelebtes Zuhause\",\"potentialAction\":[{\"@type\":\"SearchAction\",\"target\":{\"@type\":\"EntryPoint\",\"urlTemplate\":\"https:\\\/\\\/Regalino-Shop.de\\\/?s={search_term_string}\"},\"query-input\":{\"@type\":\"PropertyValueSpecification\",\"valueRequired\":true,\"valueName\":\"search_term_string\"}}],\"inLanguage\":\"de\"}]}<\/script>\n<!-- \/ Yoast SEO plugin. -->","yoast_head_json":{"title":"handgefertigte Tasse *Kalmar* Streifen Ib Laursen - Regalino -Lively Style","description":"Jede Tasse ist ein kleines Kunstwerk \u2013 von Hand auf der T\u00f6pferscheibe geformt","robots":{"index":"index","follow":"follow","max-snippet":"max-snippet:-1","max-image-preview":"max-image-preview:large","max-video-preview":"max-video-preview:-1"},"canonical":"https:\/\/Regalino-Shop.de\/?product=handgefertigte-tasse-kalmar-streifen-ib-laursen","og_locale":"de_DE","og_type":"article","og_title":"handgefertigte Tasse *Kalmar* Streifen Ib Laursen - Regalino -Lively Style","og_description":"Jede Tasse ist ein kleines Kunstwerk \u2013 von Hand auf der T\u00f6pferscheibe geformt","og_url":"https:\/\/Regalino-Shop.de\/?product=handgefertigte-tasse-kalmar-streifen-ib-laursen","og_site_name":"Regalino -Lively Style","article_modified_time":"2025-10-27T12:23:32+00:00","og_image":[{"width":933,"height":1400,"url":"https:\/\/Regalino-Shop.de\/wp-content\/uploads\/2025\/08\/Trend039_24020-00_Trend01.jpg","type":"image\/jpeg"}],"twitter_card":"summary_large_image","twitter_misc":{"Gesch\u00e4tzte Lesezeit":"1\u00a0Minute"},"schema":{"@context":"https:\/\/schema.org","@graph":[{"@type":"WebPage","@id":"https:\/\/Regalino-Shop.de\/?product=handgefertigte-tasse-kalmar-streifen-ib-laursen","url":"https:\/\/Regalino-Shop.de\/?product=handgefertigte-tasse-kalmar-streifen-ib-laursen","name":"handgefertigte Tasse *Kalmar* Streifen Ib Laursen - Regalino -Lively Style","isPartOf":{"@id":"https:\/\/Regalino-Shop.de\/#website"},"primaryImageOfPage":{"@id":"https:\/\/Regalino-Shop.de\/?product=handgefertigte-tasse-kalmar-streifen-ib-laursen#primaryimage"},"image":{"@id":"https:\/\/Regalino-Shop.de\/?product=handgefertigte-tasse-kalmar-streifen-ib-laursen#primaryimage"},"thumbnailUrl":"https:\/\/Regalino-Shop.de\/wp-content\/uploads\/2025\/08\/Trend039_24020-00_Trend01.jpg","datePublished":"2025-08-23T10:42:05+00:00","dateModified":"2025-10-27T12:23:32+00:00","description":"Jede Tasse ist ein kleines Kunstwerk \u2013 von Hand auf der T\u00f6pferscheibe geformt","breadcrumb":{"@id":"https:\/\/Regalino-Shop.de\/?product=handgefertigte-tasse-kalmar-streifen-ib-laursen#breadcrumb"},"inLanguage":"de","potentialAction":[{"@type":"ReadAction","target":["https:\/\/Regalino-Shop.de\/?product=handgefertigte-tasse-kalmar-streifen-ib-laursen"]}]},{"@type":"ImageObject","inLanguage":"de","@id":"https:\/\/Regalino-Shop.de\/?product=handgefertigte-tasse-kalmar-streifen-ib-laursen#primaryimage","url":"https:\/\/Regalino-Shop.de\/wp-content\/uploads\/2025\/08\/Trend039_24020-00_Trend01.jpg","contentUrl":"https:\/\/Regalino-Shop.de\/wp-content\/uploads\/2025\/08\/Trend039_24020-00_Trend01.jpg","width":933,"height":1400,"caption":"handgefertigte Tasse mit Henkel"},{"@type":"BreadcrumbList","@id":"https:\/\/Regalino-Shop.de\/?product=handgefertigte-tasse-kalmar-streifen-ib-laursen#breadcrumb","itemListElement":[{"@type":"ListItem","position":1,"name":"Startseite","item":"https:\/\/Regalino-Shop.de\/"},{"@type":"ListItem","position":2,"name":"Shop","item":"https:\/\/Regalino-Shop.de\/?page_id=40"},{"@type":"ListItem","position":3,"name":"handgefertigte Tasse *Kalmar* Streifen Ib Laursen"}]},{"@type":"WebSite","@id":"https:\/\/Regalino-Shop.de\/#website","url":"https:\/\/Regalino-Shop.de\/","name":"Regalino -Lively Style","description":"gelebtes Zuhause","potentialAction":[{"@type":"SearchAction","target":{"@type":"EntryPoint","urlTemplate":"https:\/\/Regalino-Shop.de\/?s={search_term_string}"},"query-input":{"@type":"PropertyValueSpecification","valueRequired":true,"valueName":"search_term_string"}}],"inLanguage":"de"}]}},"_links":{"self":[{"href":"https:\/\/Regalino-Shop.de\/index.php?rest_route=\/wp\/v2\/product\/16667","targetHints":{"allow":["GET"]}}],"collection":[{"href":"https:\/\/Regalino-Shop.de\/index.php?rest_route=\/wp\/v2\/product"}],"about":[{"href":"https:\/\/Regalino-Shop.de\/index.php?rest_route=\/wp\/v2\/types\/product"}],"wp:featuredmedia":[{"embeddable":true,"href":"https:\/\/Regalino-Shop.de\/index.php?rest_route=\/wp\/v2\/media\/16665"}],"wp:attachment":[{"href":"https:\/\/Regalino-Shop.de\/index.php?rest_route=%2Fwp%2Fv2%2Fmedia&parent=16667"}],"wp:term":[{"taxonomy":"product_brand","embeddable":true,"href":"https:\/\/Regalino-Shop.de\/index.php?rest_route=%2Fwp%2Fv2%2Fproduct_brand&post=16667"},{"taxonomy":"product_cat","embeddable":true,"href":"https:\/\/Regalino-Shop.de\/index.php?rest_route=%2Fwp%2Fv2%2Fproduct_cat&post=16667"},{"taxonomy":"product_tag","embeddable":true,"href":"https:\/\/Regalino-Shop.de\/index.php?rest_route=%2Fwp%2Fv2%2Fproduct_tag&post=16667"}],"curies":[{"name":"wp","href":"https:\/\/api.w.org\/{rel}","templated":true}]}}