{"id":16735,"date":"2025-08-19T08:06:33","date_gmt":"2025-08-19T08:06:33","guid":{"rendered":"https:\/\/Regalino-Shop.de\/?post_type=product&#038;p=16735"},"modified":"2025-10-27T12:24:33","modified_gmt":"2025-10-27T12:24:33","slug":"muffinform-retro-rot-tranquillo","status":"publish","type":"product","link":"https:\/\/Regalino-Shop.de\/?product=muffinform-retro-rot-tranquillo","title":{"rendered":"Muffinform *Retro* rot Tranquillo"},"content":{"rendered":"","protected":false},"excerpt":{"rendered":"<h3>handgestempelt<\/h3>\n<div>\n<div class=\"product-info__description\">\n<div class=\"prose\">\n<div class=\"product-info__block-item\" data-block-id=\"description\" data-block-type=\"description\">\n<div class=\"product-info__description\">\n<div class=\"prose\">Unsere Muffinform aus Steinzeug begeistert mit ihrem Retro-Design und erg\u00e4nzt deine K\u00fcche perfekt. Die verspielte Form und charakteristische Details erinnern an den Charme vergangener Jahrzehnte und machen die Form zu einem echten Hingucker auf deinem Tisch. Hergestellt aus robustem Steinzeug, sorgt die Form f\u00fcr eine gleichm\u00e4\u00dfige W\u00e4rmeverteilung, sodass deine Muffins immer gleichm\u00e4\u00dfig und perfekt gebacken werden. Die strapazierf\u00e4hige Glasur sch\u00fctzt die Oberfl\u00e4che, erleichtert das Herausl\u00f6sen der Muffins und macht die Reinigung besonders einfach. Ob f\u00fcr gem\u00fctliche Nachmittage mit Freunden oder das stilvolle Servieren frisch gebackener Leckereien<\/div>\n<\/div>\n<\/div>\n<\/div>\n<div><\/div>\n<ul>\n<li class=\"prose\">Ma\u00dfe: 8 x 8 x 4 cm<\/li>\n<li class=\"prose\">Material: Steinzeug<\/li>\n<li class=\"metafield-single_line_text_field\">Sp\u00fclmaschinengeeignet<\/li>\n<li class=\"metafield-single_line_text_field\">Mikrowellengeeignet<\/li>\n<li class=\"metafield-single_line_text_field\">Backofengeeignet bis 300\u00b0 C<\/li>\n<\/ul>\n<p>Lieferumfang: 1 Muffinform<\/p>\n<\/div>\n<\/div>\n","protected":false},"featured_media":16736,"template":"","meta":{"_et_pb_use_builder":"","_et_pb_old_content":"","_et_gb_content_width":""},"product_brand":[1903],"product_cat":[76,57],"product_tag":[700,1923,1922],"class_list":{"0":"post-16735","1":"product","2":"type-product","3":"status-publish","4":"has-post-thumbnail","6":"product_brand-tranquillo","7":"product_cat-geschirr-fuer-stilvolle-genussmomente-regalino","8":"product_cat-neu-eingetroffen-neue-lieblingsstuecke-bei-regalino","9":"product_tag-kuchenform","10":"product_tag-muffin","11":"product_tag-muffinform","13":"first","14":"instock","15":"taxable","16":"shipping-taxable","17":"purchasable","18":"product-type-simple"},"yoast_head":"<!-- This site is optimized with the Yoast SEO plugin v27.5 - https:\/\/yoast.com\/product\/yoast-seo-wordpress\/ -->\n<title>Muffinform *Retro* rot Tranquillo - Regalino -Lively Style<\/title>\n<meta name=\"description\" content=\"Unsere Muffinform aus Steinzeug begeistert mit ihrem Retro-Design und erg\u00e4nzt deine K\u00fcche perfekt\" \/>\n<meta name=\"robots\" content=\"index, follow, max-snippet:-1, max-image-preview:large, max-video-preview:-1\" \/>\n<link rel=\"canonical\" href=\"https:\/\/Regalino-Shop.de\/?product=muffinform-retro-rot-tranquillo\" \/>\n<meta property=\"og:locale\" content=\"de_DE\" \/>\n<meta property=\"og:type\" content=\"article\" \/>\n<meta property=\"og:title\" content=\"Muffinform *Retro* rot Tranquillo - Regalino -Lively Style\" \/>\n<meta property=\"og:description\" content=\"Unsere Muffinform aus Steinzeug begeistert mit ihrem Retro-Design und erg\u00e4nzt deine K\u00fcche perfekt\" \/>\n<meta property=\"og:url\" content=\"https:\/\/Regalino-Shop.de\/?product=muffinform-retro-rot-tranquillo\" \/>\n<meta property=\"og:site_name\" content=\"Regalino -Lively Style\" \/>\n<meta property=\"article:modified_time\" content=\"2025-10-27T12:24:33+00:00\" \/>\n<meta property=\"og:image\" content=\"https:\/\/Regalino-Shop.de\/wp-content\/uploads\/2025\/08\/Muffinform-tranquillo-rot-oben.webp\" \/>\n\t<meta property=\"og:image:width\" content=\"800\" \/>\n\t<meta property=\"og:image:height\" content=\"1200\" \/>\n\t<meta property=\"og:image:type\" content=\"image\/webp\" \/>\n<meta name=\"twitter:card\" content=\"summary_large_image\" \/>\n<meta name=\"twitter:label1\" content=\"Gesch\u00e4tzte Lesezeit\" \/>\n\t<meta name=\"twitter:data1\" content=\"1\u00a0Minute\" \/>\n<script type=\"application\/ld+json\" class=\"yoast-schema-graph\">{\"@context\":\"https:\\\/\\\/schema.org\",\"@graph\":[{\"@type\":\"WebPage\",\"@id\":\"https:\\\/\\\/Regalino-Shop.de\\\/?product=muffinform-retro-rot-tranquillo\",\"url\":\"https:\\\/\\\/Regalino-Shop.de\\\/?product=muffinform-retro-rot-tranquillo\",\"name\":\"Muffinform *Retro* rot Tranquillo - Regalino -Lively Style\",\"isPartOf\":{\"@id\":\"https:\\\/\\\/Regalino-Shop.de\\\/#website\"},\"primaryImageOfPage\":{\"@id\":\"https:\\\/\\\/Regalino-Shop.de\\\/?product=muffinform-retro-rot-tranquillo#primaryimage\"},\"image\":{\"@id\":\"https:\\\/\\\/Regalino-Shop.de\\\/?product=muffinform-retro-rot-tranquillo#primaryimage\"},\"thumbnailUrl\":\"https:\\\/\\\/Regalino-Shop.de\\\/wp-content\\\/uploads\\\/2025\\\/08\\\/Muffinform-tranquillo-rot-oben.webp\",\"datePublished\":\"2025-08-19T08:06:33+00:00\",\"dateModified\":\"2025-10-27T12:24:33+00:00\",\"description\":\"Unsere Muffinform aus Steinzeug begeistert mit ihrem Retro-Design und erg\u00e4nzt deine K\u00fcche perfekt\",\"breadcrumb\":{\"@id\":\"https:\\\/\\\/Regalino-Shop.de\\\/?product=muffinform-retro-rot-tranquillo#breadcrumb\"},\"inLanguage\":\"de\",\"potentialAction\":[{\"@type\":\"ReadAction\",\"target\":[\"https:\\\/\\\/Regalino-Shop.de\\\/?product=muffinform-retro-rot-tranquillo\"]}]},{\"@type\":\"ImageObject\",\"inLanguage\":\"de\",\"@id\":\"https:\\\/\\\/Regalino-Shop.de\\\/?product=muffinform-retro-rot-tranquillo#primaryimage\",\"url\":\"https:\\\/\\\/Regalino-Shop.de\\\/wp-content\\\/uploads\\\/2025\\\/08\\\/Muffinform-tranquillo-rot-oben.webp\",\"contentUrl\":\"https:\\\/\\\/Regalino-Shop.de\\\/wp-content\\\/uploads\\\/2025\\\/08\\\/Muffinform-tranquillo-rot-oben.webp\",\"width\":800,\"height\":1200,\"caption\":\"Muffinform\"},{\"@type\":\"BreadcrumbList\",\"@id\":\"https:\\\/\\\/Regalino-Shop.de\\\/?product=muffinform-retro-rot-tranquillo#breadcrumb\",\"itemListElement\":[{\"@type\":\"ListItem\",\"position\":1,\"name\":\"Startseite\",\"item\":\"https:\\\/\\\/Regalino-Shop.de\\\/\"},{\"@type\":\"ListItem\",\"position\":2,\"name\":\"Shop\",\"item\":\"https:\\\/\\\/Regalino-Shop.de\\\/?page_id=40\"},{\"@type\":\"ListItem\",\"position\":3,\"name\":\"Muffinform *Retro* rot Tranquillo\"}]},{\"@type\":\"WebSite\",\"@id\":\"https:\\\/\\\/Regalino-Shop.de\\\/#website\",\"url\":\"https:\\\/\\\/Regalino-Shop.de\\\/\",\"name\":\"Regalino -Lively Style\",\"description\":\"gelebtes Zuhause\",\"potentialAction\":[{\"@type\":\"SearchAction\",\"target\":{\"@type\":\"EntryPoint\",\"urlTemplate\":\"https:\\\/\\\/Regalino-Shop.de\\\/?s={search_term_string}\"},\"query-input\":{\"@type\":\"PropertyValueSpecification\",\"valueRequired\":true,\"valueName\":\"search_term_string\"}}],\"inLanguage\":\"de\"}]}<\/script>\n<!-- \/ Yoast SEO plugin. -->","yoast_head_json":{"title":"Muffinform *Retro* rot Tranquillo - Regalino -Lively Style","description":"Unsere Muffinform aus Steinzeug begeistert mit ihrem Retro-Design und erg\u00e4nzt deine K\u00fcche perfekt","robots":{"index":"index","follow":"follow","max-snippet":"max-snippet:-1","max-image-preview":"max-image-preview:large","max-video-preview":"max-video-preview:-1"},"canonical":"https:\/\/Regalino-Shop.de\/?product=muffinform-retro-rot-tranquillo","og_locale":"de_DE","og_type":"article","og_title":"Muffinform *Retro* rot Tranquillo - Regalino -Lively Style","og_description":"Unsere Muffinform aus Steinzeug begeistert mit ihrem Retro-Design und erg\u00e4nzt deine K\u00fcche perfekt","og_url":"https:\/\/Regalino-Shop.de\/?product=muffinform-retro-rot-tranquillo","og_site_name":"Regalino -Lively Style","article_modified_time":"2025-10-27T12:24:33+00:00","og_image":[{"width":800,"height":1200,"url":"https:\/\/Regalino-Shop.de\/wp-content\/uploads\/2025\/08\/Muffinform-tranquillo-rot-oben.webp","type":"image\/webp"}],"twitter_card":"summary_large_image","twitter_misc":{"Gesch\u00e4tzte Lesezeit":"1\u00a0Minute"},"schema":{"@context":"https:\/\/schema.org","@graph":[{"@type":"WebPage","@id":"https:\/\/Regalino-Shop.de\/?product=muffinform-retro-rot-tranquillo","url":"https:\/\/Regalino-Shop.de\/?product=muffinform-retro-rot-tranquillo","name":"Muffinform *Retro* rot Tranquillo - Regalino -Lively Style","isPartOf":{"@id":"https:\/\/Regalino-Shop.de\/#website"},"primaryImageOfPage":{"@id":"https:\/\/Regalino-Shop.de\/?product=muffinform-retro-rot-tranquillo#primaryimage"},"image":{"@id":"https:\/\/Regalino-Shop.de\/?product=muffinform-retro-rot-tranquillo#primaryimage"},"thumbnailUrl":"https:\/\/Regalino-Shop.de\/wp-content\/uploads\/2025\/08\/Muffinform-tranquillo-rot-oben.webp","datePublished":"2025-08-19T08:06:33+00:00","dateModified":"2025-10-27T12:24:33+00:00","description":"Unsere Muffinform aus Steinzeug begeistert mit ihrem Retro-Design und erg\u00e4nzt deine K\u00fcche perfekt","breadcrumb":{"@id":"https:\/\/Regalino-Shop.de\/?product=muffinform-retro-rot-tranquillo#breadcrumb"},"inLanguage":"de","potentialAction":[{"@type":"ReadAction","target":["https:\/\/Regalino-Shop.de\/?product=muffinform-retro-rot-tranquillo"]}]},{"@type":"ImageObject","inLanguage":"de","@id":"https:\/\/Regalino-Shop.de\/?product=muffinform-retro-rot-tranquillo#primaryimage","url":"https:\/\/Regalino-Shop.de\/wp-content\/uploads\/2025\/08\/Muffinform-tranquillo-rot-oben.webp","contentUrl":"https:\/\/Regalino-Shop.de\/wp-content\/uploads\/2025\/08\/Muffinform-tranquillo-rot-oben.webp","width":800,"height":1200,"caption":"Muffinform"},{"@type":"BreadcrumbList","@id":"https:\/\/Regalino-Shop.de\/?product=muffinform-retro-rot-tranquillo#breadcrumb","itemListElement":[{"@type":"ListItem","position":1,"name":"Startseite","item":"https:\/\/Regalino-Shop.de\/"},{"@type":"ListItem","position":2,"name":"Shop","item":"https:\/\/Regalino-Shop.de\/?page_id=40"},{"@type":"ListItem","position":3,"name":"Muffinform *Retro* rot Tranquillo"}]},{"@type":"WebSite","@id":"https:\/\/Regalino-Shop.de\/#website","url":"https:\/\/Regalino-Shop.de\/","name":"Regalino -Lively Style","description":"gelebtes Zuhause","potentialAction":[{"@type":"SearchAction","target":{"@type":"EntryPoint","urlTemplate":"https:\/\/Regalino-Shop.de\/?s={search_term_string}"},"query-input":{"@type":"PropertyValueSpecification","valueRequired":true,"valueName":"search_term_string"}}],"inLanguage":"de"}]}},"_links":{"self":[{"href":"https:\/\/Regalino-Shop.de\/index.php?rest_route=\/wp\/v2\/product\/16735","targetHints":{"allow":["GET"]}}],"collection":[{"href":"https:\/\/Regalino-Shop.de\/index.php?rest_route=\/wp\/v2\/product"}],"about":[{"href":"https:\/\/Regalino-Shop.de\/index.php?rest_route=\/wp\/v2\/types\/product"}],"wp:featuredmedia":[{"embeddable":true,"href":"https:\/\/Regalino-Shop.de\/index.php?rest_route=\/wp\/v2\/media\/16736"}],"wp:attachment":[{"href":"https:\/\/Regalino-Shop.de\/index.php?rest_route=%2Fwp%2Fv2%2Fmedia&parent=16735"}],"wp:term":[{"taxonomy":"product_brand","embeddable":true,"href":"https:\/\/Regalino-Shop.de\/index.php?rest_route=%2Fwp%2Fv2%2Fproduct_brand&post=16735"},{"taxonomy":"product_cat","embeddable":true,"href":"https:\/\/Regalino-Shop.de\/index.php?rest_route=%2Fwp%2Fv2%2Fproduct_cat&post=16735"},{"taxonomy":"product_tag","embeddable":true,"href":"https:\/\/Regalino-Shop.de\/index.php?rest_route=%2Fwp%2Fv2%2Fproduct_tag&post=16735"}],"curies":[{"name":"wp","href":"https:\/\/api.w.org\/{rel}","templated":true}]}}