{"id":16743,"date":"2025-08-26T14:28:24","date_gmt":"2025-08-26T14:28:24","guid":{"rendered":"https:\/\/Regalino-Shop.de\/?post_type=product&#038;p=16743"},"modified":"2026-03-11T14:39:50","modified_gmt":"2026-03-11T14:39:50","slug":"2-set-abwaschtuch-traditional-dunkelrot-tranquillo","status":"publish","type":"product","link":"https:\/\/Regalino-Shop.de\/?product=2-set-abwaschtuch-traditional-dunkelrot-tranquillo","title":{"rendered":"2-Set Abwaschtuch *Traditional* dunkelrot Tranquillo"},"content":{"rendered":"","protected":false},"excerpt":{"rendered":"<h3>im Doppelpack<\/h3>\n<p>liegen gut in der Hand und k\u00f6nnen mit dem angebrachten Anh\u00e4nger leicht nach Gebrauch an der Wand zum Trocknen aufgeh\u00e4ngt werden. Alternativ l\u00e4sst es sich auch zusammenfalten und \u00fcber den Wasserhahn h\u00e4ngen. Jedes Sp\u00fcltuch ist aus hochwertiger, GOTS-zertifizierter Biobaumwolle gefertigt. Durch die griffige Qualit\u00e4t sind sie besonders saugf\u00e4hig und vielseitig einsetzbar. Nutze die K\u00fcchenhelfer zum Geschirrsp\u00fclen, Tisch abwischen oder zum Badputzen. Du kannst sie aber auch als kleines G\u00e4stehandtuch oder Topflappen verwenden.<\/p>\n<ul>\n<li>Ma\u00dfe: 25 x 25 cm<\/li>\n<li>Material: 100 % Baumwolle (bio), GOTS-zertifiziert<\/li>\n<li>Farbe: dunkelrot\/rost &#8211; rost<\/li>\n<li>Maschinenw\u00e4sche bis 40\u00b0 C<\/li>\n<\/ul>\n<p>Lieferumfang: 2-Set Sp\u00fcllappen ohne Dekoration<\/p>\n<p>&nbsp;<\/p>\n<p>&nbsp;<\/p>\n<p>&nbsp;<\/p>\n","protected":false},"featured_media":16744,"template":"","meta":{"_et_pb_use_builder":"","_et_pb_old_content":"","_et_gb_content_width":""},"product_brand":[1903],"product_cat":[83,81],"product_tag":[1103,1686,535,836],"class_list":{"0":"post-16743","1":"product","2":"type-product","3":"status-publish","4":"has-post-thumbnail","6":"product_brand-tranquillo","7":"product_cat-bad-spa-besondere-wohlfuehlmomente-regalino","8":"product_cat-kuechentextilien-im-scandi-breton-stil-regalino","9":"product_tag-serviette","10":"product_tag-spuellappen","11":"product_tag-spueltuch","12":"product_tag-waschlappen","14":"first","15":"instock","16":"taxable","17":"shipping-taxable","18":"purchasable","19":"product-type-simple"},"yoast_head":"<!-- This site is optimized with the Yoast SEO plugin v27.5 - https:\/\/yoast.com\/product\/yoast-seo-wordpress\/ -->\n<title>2-Set Abwaschtuch *Traditional* dunkelrot Tranquillo - Regalino -Lively Style<\/title>\n<meta name=\"description\" content=\"Nutze die K\u00fcchenhelfer zum Geschirrsp\u00fclen, Tisch abwischen oder zum Badputzen. Du kannst sie aber auch als kleines G\u00e4stehandtuch oder Topflappen verwenden.\" \/>\n<meta name=\"robots\" content=\"index, follow, max-snippet:-1, max-image-preview:large, max-video-preview:-1\" \/>\n<link rel=\"canonical\" href=\"https:\/\/Regalino-Shop.de\/?product=2-set-abwaschtuch-traditional-dunkelrot-tranquillo\" \/>\n<meta property=\"og:locale\" content=\"de_DE\" \/>\n<meta property=\"og:type\" content=\"article\" \/>\n<meta property=\"og:title\" content=\"2-Set Abwaschtuch *Traditional* dunkelrot Tranquillo - Regalino -Lively Style\" \/>\n<meta property=\"og:description\" content=\"Nutze die K\u00fcchenhelfer zum Geschirrsp\u00fclen, Tisch abwischen oder zum Badputzen. Du kannst sie aber auch als kleines G\u00e4stehandtuch oder Topflappen verwenden.\" \/>\n<meta property=\"og:url\" content=\"https:\/\/Regalino-Shop.de\/?product=2-set-abwaschtuch-traditional-dunkelrot-tranquillo\" \/>\n<meta property=\"og:site_name\" content=\"Regalino -Lively Style\" \/>\n<meta property=\"article:modified_time\" content=\"2026-03-11T14:39:50+00:00\" \/>\n<meta property=\"og:image\" content=\"https:\/\/Regalino-Shop.de\/wp-content\/uploads\/2025\/08\/Abwaschtuch-tranquillo-dunkelrot-nah.webp\" \/>\n\t<meta property=\"og:image:width\" content=\"800\" \/>\n\t<meta property=\"og:image:height\" content=\"1200\" \/>\n\t<meta property=\"og:image:type\" content=\"image\/webp\" \/>\n<meta name=\"twitter:card\" content=\"summary_large_image\" \/>\n<meta name=\"twitter:label1\" content=\"Gesch\u00e4tzte Lesezeit\" \/>\n\t<meta name=\"twitter:data1\" content=\"1\u00a0Minute\" \/>\n<script type=\"application\/ld+json\" class=\"yoast-schema-graph\">{\"@context\":\"https:\\\/\\\/schema.org\",\"@graph\":[{\"@type\":\"WebPage\",\"@id\":\"https:\\\/\\\/Regalino-Shop.de\\\/?product=2-set-abwaschtuch-traditional-dunkelrot-tranquillo\",\"url\":\"https:\\\/\\\/Regalino-Shop.de\\\/?product=2-set-abwaschtuch-traditional-dunkelrot-tranquillo\",\"name\":\"2-Set Abwaschtuch *Traditional* dunkelrot Tranquillo - Regalino -Lively Style\",\"isPartOf\":{\"@id\":\"https:\\\/\\\/Regalino-Shop.de\\\/#website\"},\"primaryImageOfPage\":{\"@id\":\"https:\\\/\\\/Regalino-Shop.de\\\/?product=2-set-abwaschtuch-traditional-dunkelrot-tranquillo#primaryimage\"},\"image\":{\"@id\":\"https:\\\/\\\/Regalino-Shop.de\\\/?product=2-set-abwaschtuch-traditional-dunkelrot-tranquillo#primaryimage\"},\"thumbnailUrl\":\"https:\\\/\\\/Regalino-Shop.de\\\/wp-content\\\/uploads\\\/2025\\\/08\\\/Abwaschtuch-tranquillo-dunkelrot-nah.webp\",\"datePublished\":\"2025-08-26T14:28:24+00:00\",\"dateModified\":\"2026-03-11T14:39:50+00:00\",\"description\":\"Nutze die K\u00fcchenhelfer zum Geschirrsp\u00fclen, Tisch abwischen oder zum Badputzen. Du kannst sie aber auch als kleines G\u00e4stehandtuch oder Topflappen verwenden.\",\"breadcrumb\":{\"@id\":\"https:\\\/\\\/Regalino-Shop.de\\\/?product=2-set-abwaschtuch-traditional-dunkelrot-tranquillo#breadcrumb\"},\"inLanguage\":\"de\",\"potentialAction\":[{\"@type\":\"ReadAction\",\"target\":[\"https:\\\/\\\/Regalino-Shop.de\\\/?product=2-set-abwaschtuch-traditional-dunkelrot-tranquillo\"]}]},{\"@type\":\"ImageObject\",\"inLanguage\":\"de\",\"@id\":\"https:\\\/\\\/Regalino-Shop.de\\\/?product=2-set-abwaschtuch-traditional-dunkelrot-tranquillo#primaryimage\",\"url\":\"https:\\\/\\\/Regalino-Shop.de\\\/wp-content\\\/uploads\\\/2025\\\/08\\\/Abwaschtuch-tranquillo-dunkelrot-nah.webp\",\"contentUrl\":\"https:\\\/\\\/Regalino-Shop.de\\\/wp-content\\\/uploads\\\/2025\\\/08\\\/Abwaschtuch-tranquillo-dunkelrot-nah.webp\",\"width\":800,\"height\":1200},{\"@type\":\"BreadcrumbList\",\"@id\":\"https:\\\/\\\/Regalino-Shop.de\\\/?product=2-set-abwaschtuch-traditional-dunkelrot-tranquillo#breadcrumb\",\"itemListElement\":[{\"@type\":\"ListItem\",\"position\":1,\"name\":\"Startseite\",\"item\":\"https:\\\/\\\/Regalino-Shop.de\\\/\"},{\"@type\":\"ListItem\",\"position\":2,\"name\":\"Shop\",\"item\":\"https:\\\/\\\/Regalino-Shop.de\\\/?page_id=40\"},{\"@type\":\"ListItem\",\"position\":3,\"name\":\"2-Set Abwaschtuch *Traditional* dunkelrot Tranquillo\"}]},{\"@type\":\"WebSite\",\"@id\":\"https:\\\/\\\/Regalino-Shop.de\\\/#website\",\"url\":\"https:\\\/\\\/Regalino-Shop.de\\\/\",\"name\":\"Regalino -Lively Style\",\"description\":\"gelebtes Zuhause\",\"potentialAction\":[{\"@type\":\"SearchAction\",\"target\":{\"@type\":\"EntryPoint\",\"urlTemplate\":\"https:\\\/\\\/Regalino-Shop.de\\\/?s={search_term_string}\"},\"query-input\":{\"@type\":\"PropertyValueSpecification\",\"valueRequired\":true,\"valueName\":\"search_term_string\"}}],\"inLanguage\":\"de\"}]}<\/script>\n<!-- \/ Yoast SEO plugin. -->","yoast_head_json":{"title":"2-Set Abwaschtuch *Traditional* dunkelrot Tranquillo - Regalino -Lively Style","description":"Nutze die K\u00fcchenhelfer zum Geschirrsp\u00fclen, Tisch abwischen oder zum Badputzen. Du kannst sie aber auch als kleines G\u00e4stehandtuch oder Topflappen verwenden.","robots":{"index":"index","follow":"follow","max-snippet":"max-snippet:-1","max-image-preview":"max-image-preview:large","max-video-preview":"max-video-preview:-1"},"canonical":"https:\/\/Regalino-Shop.de\/?product=2-set-abwaschtuch-traditional-dunkelrot-tranquillo","og_locale":"de_DE","og_type":"article","og_title":"2-Set Abwaschtuch *Traditional* dunkelrot Tranquillo - Regalino -Lively Style","og_description":"Nutze die K\u00fcchenhelfer zum Geschirrsp\u00fclen, Tisch abwischen oder zum Badputzen. Du kannst sie aber auch als kleines G\u00e4stehandtuch oder Topflappen verwenden.","og_url":"https:\/\/Regalino-Shop.de\/?product=2-set-abwaschtuch-traditional-dunkelrot-tranquillo","og_site_name":"Regalino -Lively Style","article_modified_time":"2026-03-11T14:39:50+00:00","og_image":[{"width":800,"height":1200,"url":"https:\/\/Regalino-Shop.de\/wp-content\/uploads\/2025\/08\/Abwaschtuch-tranquillo-dunkelrot-nah.webp","type":"image\/webp"}],"twitter_card":"summary_large_image","twitter_misc":{"Gesch\u00e4tzte Lesezeit":"1\u00a0Minute"},"schema":{"@context":"https:\/\/schema.org","@graph":[{"@type":"WebPage","@id":"https:\/\/Regalino-Shop.de\/?product=2-set-abwaschtuch-traditional-dunkelrot-tranquillo","url":"https:\/\/Regalino-Shop.de\/?product=2-set-abwaschtuch-traditional-dunkelrot-tranquillo","name":"2-Set Abwaschtuch *Traditional* dunkelrot Tranquillo - Regalino -Lively Style","isPartOf":{"@id":"https:\/\/Regalino-Shop.de\/#website"},"primaryImageOfPage":{"@id":"https:\/\/Regalino-Shop.de\/?product=2-set-abwaschtuch-traditional-dunkelrot-tranquillo#primaryimage"},"image":{"@id":"https:\/\/Regalino-Shop.de\/?product=2-set-abwaschtuch-traditional-dunkelrot-tranquillo#primaryimage"},"thumbnailUrl":"https:\/\/Regalino-Shop.de\/wp-content\/uploads\/2025\/08\/Abwaschtuch-tranquillo-dunkelrot-nah.webp","datePublished":"2025-08-26T14:28:24+00:00","dateModified":"2026-03-11T14:39:50+00:00","description":"Nutze die K\u00fcchenhelfer zum Geschirrsp\u00fclen, Tisch abwischen oder zum Badputzen. Du kannst sie aber auch als kleines G\u00e4stehandtuch oder Topflappen verwenden.","breadcrumb":{"@id":"https:\/\/Regalino-Shop.de\/?product=2-set-abwaschtuch-traditional-dunkelrot-tranquillo#breadcrumb"},"inLanguage":"de","potentialAction":[{"@type":"ReadAction","target":["https:\/\/Regalino-Shop.de\/?product=2-set-abwaschtuch-traditional-dunkelrot-tranquillo"]}]},{"@type":"ImageObject","inLanguage":"de","@id":"https:\/\/Regalino-Shop.de\/?product=2-set-abwaschtuch-traditional-dunkelrot-tranquillo#primaryimage","url":"https:\/\/Regalino-Shop.de\/wp-content\/uploads\/2025\/08\/Abwaschtuch-tranquillo-dunkelrot-nah.webp","contentUrl":"https:\/\/Regalino-Shop.de\/wp-content\/uploads\/2025\/08\/Abwaschtuch-tranquillo-dunkelrot-nah.webp","width":800,"height":1200},{"@type":"BreadcrumbList","@id":"https:\/\/Regalino-Shop.de\/?product=2-set-abwaschtuch-traditional-dunkelrot-tranquillo#breadcrumb","itemListElement":[{"@type":"ListItem","position":1,"name":"Startseite","item":"https:\/\/Regalino-Shop.de\/"},{"@type":"ListItem","position":2,"name":"Shop","item":"https:\/\/Regalino-Shop.de\/?page_id=40"},{"@type":"ListItem","position":3,"name":"2-Set Abwaschtuch *Traditional* dunkelrot Tranquillo"}]},{"@type":"WebSite","@id":"https:\/\/Regalino-Shop.de\/#website","url":"https:\/\/Regalino-Shop.de\/","name":"Regalino -Lively Style","description":"gelebtes Zuhause","potentialAction":[{"@type":"SearchAction","target":{"@type":"EntryPoint","urlTemplate":"https:\/\/Regalino-Shop.de\/?s={search_term_string}"},"query-input":{"@type":"PropertyValueSpecification","valueRequired":true,"valueName":"search_term_string"}}],"inLanguage":"de"}]}},"_links":{"self":[{"href":"https:\/\/Regalino-Shop.de\/index.php?rest_route=\/wp\/v2\/product\/16743","targetHints":{"allow":["GET"]}}],"collection":[{"href":"https:\/\/Regalino-Shop.de\/index.php?rest_route=\/wp\/v2\/product"}],"about":[{"href":"https:\/\/Regalino-Shop.de\/index.php?rest_route=\/wp\/v2\/types\/product"}],"wp:featuredmedia":[{"embeddable":true,"href":"https:\/\/Regalino-Shop.de\/index.php?rest_route=\/wp\/v2\/media\/16744"}],"wp:attachment":[{"href":"https:\/\/Regalino-Shop.de\/index.php?rest_route=%2Fwp%2Fv2%2Fmedia&parent=16743"}],"wp:term":[{"taxonomy":"product_brand","embeddable":true,"href":"https:\/\/Regalino-Shop.de\/index.php?rest_route=%2Fwp%2Fv2%2Fproduct_brand&post=16743"},{"taxonomy":"product_cat","embeddable":true,"href":"https:\/\/Regalino-Shop.de\/index.php?rest_route=%2Fwp%2Fv2%2Fproduct_cat&post=16743"},{"taxonomy":"product_tag","embeddable":true,"href":"https:\/\/Regalino-Shop.de\/index.php?rest_route=%2Fwp%2Fv2%2Fproduct_tag&post=16743"}],"curies":[{"name":"wp","href":"https:\/\/api.w.org\/{rel}","templated":true}]}}