{"id":16847,"date":"2025-10-01T09:38:38","date_gmt":"2025-10-01T09:38:38","guid":{"rendered":"https:\/\/Regalino-Shop.de\/?post_type=product&#038;p=16847"},"modified":"2026-03-11T14:32:35","modified_gmt":"2026-03-11T14:32:35","slug":"pflanzschale-kim-groesse-l-wikholm-form","status":"publish","type":"product","link":"https:\/\/Regalino-Shop.de\/?product=pflanzschale-kim-groesse-l-wikholm-form","title":{"rendered":"Pflanzschale *Kim* Gr\u00f6\u00dfe L Wikholm Form"},"content":{"rendered":"","protected":false},"excerpt":{"rendered":"<h3>f\u00fcr mehr Schwein im Leben<\/h3>\n<p>Gl\u00fccksschwein zum Bepflanzen<\/p>\n<ul>\n<li>Farbe: wei\u00df<\/li>\n<li>Ma\u00dfe:\u00a0<span class=\"entry--content\"><span class=\"entry--content\">40 x 11 x 16<\/span><\/span><\/li>\n<li>Material: Keramik<\/li>\n<\/ul>\n<p>Lieferumfang: 1 Pflanzschale ohne Dekoration<\/p>\n<p>&nbsp;<\/p>\n<p>&nbsp;<\/p>\n<p>&nbsp;<\/p>\n<p>&nbsp;<\/p>\n","protected":false},"featured_media":16849,"template":"","meta":{"_et_pb_use_builder":"","_et_pb_old_content":"","_et_gb_content_width":""},"product_brand":[1933],"product_cat":[57,61],"product_tag":[445,1517],"class_list":{"0":"post-16847","1":"product","2":"type-product","3":"status-publish","4":"has-post-thumbnail","6":"product_brand-wikholm-form","7":"product_cat-neu-eingetroffen-neue-lieblingsstuecke-bei-regalino","8":"product_cat-vasen-blumentoepfe-fuer-stilvolle-wohnakzente-regalino","9":"product_tag-blumentopf","10":"product_tag-gluecksschwein","12":"first","13":"instock","14":"taxable","15":"shipping-taxable","16":"purchasable","17":"product-type-simple"},"yoast_head":"<!-- This site is optimized with the Yoast SEO plugin v27.5 - https:\/\/yoast.com\/product\/yoast-seo-wordpress\/ -->\n<title>Pflanzschale *Kim* Gr\u00f6\u00dfe L Wikholm Form - Regalino -Lively Style<\/title>\n<meta name=\"description\" content=\"f\u00fcr mehr Schwein im Leben - Pflanzschale Gl\u00fccksschwein - Material: Keramik -\" \/>\n<meta name=\"robots\" content=\"index, follow, max-snippet:-1, max-image-preview:large, max-video-preview:-1\" \/>\n<link rel=\"canonical\" href=\"https:\/\/Regalino-Shop.de\/?product=pflanzschale-kim-groesse-l-wikholm-form\" \/>\n<meta property=\"og:locale\" content=\"de_DE\" \/>\n<meta property=\"og:type\" content=\"article\" \/>\n<meta property=\"og:title\" content=\"Pflanzschale *Kim* Gr\u00f6\u00dfe L Wikholm Form - Regalino -Lively Style\" \/>\n<meta property=\"og:description\" content=\"f\u00fcr mehr Schwein im Leben - Pflanzschale Gl\u00fccksschwein - Material: Keramik -\" \/>\n<meta property=\"og:url\" content=\"https:\/\/Regalino-Shop.de\/?product=pflanzschale-kim-groesse-l-wikholm-form\" \/>\n<meta property=\"og:site_name\" content=\"Regalino -Lively Style\" \/>\n<meta property=\"article:modified_time\" content=\"2026-03-11T14:32:35+00:00\" \/>\n<meta property=\"og:image\" content=\"https:\/\/Regalino-Shop.de\/wp-content\/uploads\/2025\/09\/05238-scaled.jpg\" \/>\n\t<meta property=\"og:image:width\" content=\"2560\" \/>\n\t<meta property=\"og:image:height\" content=\"2560\" \/>\n\t<meta property=\"og:image:type\" content=\"image\/jpeg\" \/>\n<meta name=\"twitter:card\" content=\"summary_large_image\" \/>\n<meta name=\"twitter:label1\" content=\"Gesch\u00e4tzte Lesezeit\" \/>\n\t<meta name=\"twitter:data1\" content=\"1\u00a0Minute\" \/>\n<script type=\"application\/ld+json\" class=\"yoast-schema-graph\">{\"@context\":\"https:\\\/\\\/schema.org\",\"@graph\":[{\"@type\":\"WebPage\",\"@id\":\"https:\\\/\\\/Regalino-Shop.de\\\/?product=pflanzschale-kim-groesse-l-wikholm-form\",\"url\":\"https:\\\/\\\/Regalino-Shop.de\\\/?product=pflanzschale-kim-groesse-l-wikholm-form\",\"name\":\"Pflanzschale *Kim* Gr\u00f6\u00dfe L Wikholm Form - Regalino -Lively Style\",\"isPartOf\":{\"@id\":\"https:\\\/\\\/Regalino-Shop.de\\\/#website\"},\"primaryImageOfPage\":{\"@id\":\"https:\\\/\\\/Regalino-Shop.de\\\/?product=pflanzschale-kim-groesse-l-wikholm-form#primaryimage\"},\"image\":{\"@id\":\"https:\\\/\\\/Regalino-Shop.de\\\/?product=pflanzschale-kim-groesse-l-wikholm-form#primaryimage\"},\"thumbnailUrl\":\"https:\\\/\\\/Regalino-Shop.de\\\/wp-content\\\/uploads\\\/2025\\\/09\\\/05238-scaled.jpg\",\"datePublished\":\"2025-10-01T09:38:38+00:00\",\"dateModified\":\"2026-03-11T14:32:35+00:00\",\"description\":\"f\u00fcr mehr Schwein im Leben - Pflanzschale Gl\u00fccksschwein - Material: Keramik -\",\"breadcrumb\":{\"@id\":\"https:\\\/\\\/Regalino-Shop.de\\\/?product=pflanzschale-kim-groesse-l-wikholm-form#breadcrumb\"},\"inLanguage\":\"de\",\"potentialAction\":[{\"@type\":\"ReadAction\",\"target\":[\"https:\\\/\\\/Regalino-Shop.de\\\/?product=pflanzschale-kim-groesse-l-wikholm-form\"]}]},{\"@type\":\"ImageObject\",\"inLanguage\":\"de\",\"@id\":\"https:\\\/\\\/Regalino-Shop.de\\\/?product=pflanzschale-kim-groesse-l-wikholm-form#primaryimage\",\"url\":\"https:\\\/\\\/Regalino-Shop.de\\\/wp-content\\\/uploads\\\/2025\\\/09\\\/05238-scaled.jpg\",\"contentUrl\":\"https:\\\/\\\/Regalino-Shop.de\\\/wp-content\\\/uploads\\\/2025\\\/09\\\/05238-scaled.jpg\",\"width\":2560,\"height\":2560,\"caption\":\"Pflanzschale Schwein\"},{\"@type\":\"BreadcrumbList\",\"@id\":\"https:\\\/\\\/Regalino-Shop.de\\\/?product=pflanzschale-kim-groesse-l-wikholm-form#breadcrumb\",\"itemListElement\":[{\"@type\":\"ListItem\",\"position\":1,\"name\":\"Startseite\",\"item\":\"https:\\\/\\\/Regalino-Shop.de\\\/\"},{\"@type\":\"ListItem\",\"position\":2,\"name\":\"Shop\",\"item\":\"https:\\\/\\\/Regalino-Shop.de\\\/?page_id=40\"},{\"@type\":\"ListItem\",\"position\":3,\"name\":\"Pflanzschale *Kim* Gr\u00f6\u00dfe L Wikholm Form\"}]},{\"@type\":\"WebSite\",\"@id\":\"https:\\\/\\\/Regalino-Shop.de\\\/#website\",\"url\":\"https:\\\/\\\/Regalino-Shop.de\\\/\",\"name\":\"Regalino -Lively Style\",\"description\":\"gelebtes Zuhause\",\"potentialAction\":[{\"@type\":\"SearchAction\",\"target\":{\"@type\":\"EntryPoint\",\"urlTemplate\":\"https:\\\/\\\/Regalino-Shop.de\\\/?s={search_term_string}\"},\"query-input\":{\"@type\":\"PropertyValueSpecification\",\"valueRequired\":true,\"valueName\":\"search_term_string\"}}],\"inLanguage\":\"de\"}]}<\/script>\n<!-- \/ Yoast SEO plugin. -->","yoast_head_json":{"title":"Pflanzschale *Kim* Gr\u00f6\u00dfe L Wikholm Form - Regalino -Lively Style","description":"f\u00fcr mehr Schwein im Leben - Pflanzschale Gl\u00fccksschwein - Material: Keramik -","robots":{"index":"index","follow":"follow","max-snippet":"max-snippet:-1","max-image-preview":"max-image-preview:large","max-video-preview":"max-video-preview:-1"},"canonical":"https:\/\/Regalino-Shop.de\/?product=pflanzschale-kim-groesse-l-wikholm-form","og_locale":"de_DE","og_type":"article","og_title":"Pflanzschale *Kim* Gr\u00f6\u00dfe L Wikholm Form - Regalino -Lively Style","og_description":"f\u00fcr mehr Schwein im Leben - Pflanzschale Gl\u00fccksschwein - Material: Keramik -","og_url":"https:\/\/Regalino-Shop.de\/?product=pflanzschale-kim-groesse-l-wikholm-form","og_site_name":"Regalino -Lively Style","article_modified_time":"2026-03-11T14:32:35+00:00","og_image":[{"width":2560,"height":2560,"url":"https:\/\/Regalino-Shop.de\/wp-content\/uploads\/2025\/09\/05238-scaled.jpg","type":"image\/jpeg"}],"twitter_card":"summary_large_image","twitter_misc":{"Gesch\u00e4tzte Lesezeit":"1\u00a0Minute"},"schema":{"@context":"https:\/\/schema.org","@graph":[{"@type":"WebPage","@id":"https:\/\/Regalino-Shop.de\/?product=pflanzschale-kim-groesse-l-wikholm-form","url":"https:\/\/Regalino-Shop.de\/?product=pflanzschale-kim-groesse-l-wikholm-form","name":"Pflanzschale *Kim* Gr\u00f6\u00dfe L Wikholm Form - Regalino -Lively Style","isPartOf":{"@id":"https:\/\/Regalino-Shop.de\/#website"},"primaryImageOfPage":{"@id":"https:\/\/Regalino-Shop.de\/?product=pflanzschale-kim-groesse-l-wikholm-form#primaryimage"},"image":{"@id":"https:\/\/Regalino-Shop.de\/?product=pflanzschale-kim-groesse-l-wikholm-form#primaryimage"},"thumbnailUrl":"https:\/\/Regalino-Shop.de\/wp-content\/uploads\/2025\/09\/05238-scaled.jpg","datePublished":"2025-10-01T09:38:38+00:00","dateModified":"2026-03-11T14:32:35+00:00","description":"f\u00fcr mehr Schwein im Leben - Pflanzschale Gl\u00fccksschwein - Material: Keramik -","breadcrumb":{"@id":"https:\/\/Regalino-Shop.de\/?product=pflanzschale-kim-groesse-l-wikholm-form#breadcrumb"},"inLanguage":"de","potentialAction":[{"@type":"ReadAction","target":["https:\/\/Regalino-Shop.de\/?product=pflanzschale-kim-groesse-l-wikholm-form"]}]},{"@type":"ImageObject","inLanguage":"de","@id":"https:\/\/Regalino-Shop.de\/?product=pflanzschale-kim-groesse-l-wikholm-form#primaryimage","url":"https:\/\/Regalino-Shop.de\/wp-content\/uploads\/2025\/09\/05238-scaled.jpg","contentUrl":"https:\/\/Regalino-Shop.de\/wp-content\/uploads\/2025\/09\/05238-scaled.jpg","width":2560,"height":2560,"caption":"Pflanzschale Schwein"},{"@type":"BreadcrumbList","@id":"https:\/\/Regalino-Shop.de\/?product=pflanzschale-kim-groesse-l-wikholm-form#breadcrumb","itemListElement":[{"@type":"ListItem","position":1,"name":"Startseite","item":"https:\/\/Regalino-Shop.de\/"},{"@type":"ListItem","position":2,"name":"Shop","item":"https:\/\/Regalino-Shop.de\/?page_id=40"},{"@type":"ListItem","position":3,"name":"Pflanzschale *Kim* Gr\u00f6\u00dfe L Wikholm Form"}]},{"@type":"WebSite","@id":"https:\/\/Regalino-Shop.de\/#website","url":"https:\/\/Regalino-Shop.de\/","name":"Regalino -Lively Style","description":"gelebtes Zuhause","potentialAction":[{"@type":"SearchAction","target":{"@type":"EntryPoint","urlTemplate":"https:\/\/Regalino-Shop.de\/?s={search_term_string}"},"query-input":{"@type":"PropertyValueSpecification","valueRequired":true,"valueName":"search_term_string"}}],"inLanguage":"de"}]}},"_links":{"self":[{"href":"https:\/\/Regalino-Shop.de\/index.php?rest_route=\/wp\/v2\/product\/16847","targetHints":{"allow":["GET"]}}],"collection":[{"href":"https:\/\/Regalino-Shop.de\/index.php?rest_route=\/wp\/v2\/product"}],"about":[{"href":"https:\/\/Regalino-Shop.de\/index.php?rest_route=\/wp\/v2\/types\/product"}],"wp:featuredmedia":[{"embeddable":true,"href":"https:\/\/Regalino-Shop.de\/index.php?rest_route=\/wp\/v2\/media\/16849"}],"wp:attachment":[{"href":"https:\/\/Regalino-Shop.de\/index.php?rest_route=%2Fwp%2Fv2%2Fmedia&parent=16847"}],"wp:term":[{"taxonomy":"product_brand","embeddable":true,"href":"https:\/\/Regalino-Shop.de\/index.php?rest_route=%2Fwp%2Fv2%2Fproduct_brand&post=16847"},{"taxonomy":"product_cat","embeddable":true,"href":"https:\/\/Regalino-Shop.de\/index.php?rest_route=%2Fwp%2Fv2%2Fproduct_cat&post=16847"},{"taxonomy":"product_tag","embeddable":true,"href":"https:\/\/Regalino-Shop.de\/index.php?rest_route=%2Fwp%2Fv2%2Fproduct_tag&post=16847"}],"curies":[{"name":"wp","href":"https:\/\/api.w.org\/{rel}","templated":true}]}}