{"id":16859,"date":"2025-08-15T10:38:46","date_gmt":"2025-08-15T10:38:46","guid":{"rendered":"https:\/\/Regalino-Shop.de\/?post_type=product&#038;p=16859"},"modified":"2026-02-03T14:47:43","modified_gmt":"2026-02-03T14:47:43","slug":"quicheform-floral-orange-tranquillo","status":"publish","type":"product","link":"https:\/\/Regalino-Shop.de\/?product=quicheform-floral-orange-tranquillo","title":{"rendered":"Quicheform *Floral* orange Tranquillo"},"content":{"rendered":"","protected":false},"excerpt":{"rendered":"<h3>Mit Quiche bekommt man alle<\/h3>\n<div>\n<div class=\"product-info__description\">\n<div class=\"prose\">&#8211; egal ob Familie oder Freunde. Diese wundersch\u00f6ne Quicheform aus Steinzeug mit handgestempeltem Print bietet Platz f\u00fcr k\u00f6stliche Kreationen von s\u00fc\u00df bis herzhaft. Eine Apfeltarte mit Zimt oder doch lieber eine Spinatquiche mit Ziegenk\u00e4se? In dieser Form werden deine Rezeptideen knusprig lecker gebacken und du kannst sie deinen Liebsten stilecht servieren.<\/div>\n<div><\/div>\n<ul>\n<li class=\"prose\">Ma\u00dfe: \u00d8 22 x 4 cm<\/li>\n<li class=\"prose\">Material: Steinzeug<\/li>\n<li class=\"prose\">Farbe: creme, orange<\/li>\n<li class=\"metafield-single_line_text_field\">Sp\u00fclmaschinengeeignet<\/li>\n<li class=\"metafield-single_line_text_field\">Backofengeeignet bis 300\u00b0 C<\/li>\n<\/ul>\n<p>Lieferumfang: 1 Quicheform<\/p>\n<\/div>\n<\/div>\n","protected":false},"featured_media":16861,"template":"","meta":{"_et_pb_use_builder":"","_et_pb_old_content":"","_et_gb_content_width":""},"product_brand":[1903],"product_cat":[76,57],"product_tag":[786,1910,1909,1908],"class_list":{"0":"post-16859","1":"product","2":"type-product","3":"status-publish","4":"has-post-thumbnail","6":"product_brand-tranquillo","7":"product_cat-geschirr-fuer-stilvolle-genussmomente-regalino","8":"product_cat-neu-eingetroffen-neue-lieblingsstuecke-bei-regalino","9":"product_tag-backform","10":"product_tag-quiche","11":"product_tag-tarte","12":"product_tag-tarteform","14":"first","15":"instock","16":"taxable","17":"shipping-taxable","18":"purchasable","19":"product-type-simple"},"yoast_head":"<!-- This site is optimized with the Yoast SEO plugin v27.5 - https:\/\/yoast.com\/product\/yoast-seo-wordpress\/ -->\n<title>Quicheform *Floral* orange Tranquillo - Regalino -Lively Style<\/title>\n<meta name=\"description\" content=\"wundersch\u00f6ne Quicheform aus Steinzeug mit handgestempeltem Print\" \/>\n<meta name=\"robots\" content=\"index, follow, max-snippet:-1, max-image-preview:large, max-video-preview:-1\" \/>\n<link rel=\"canonical\" href=\"https:\/\/Regalino-Shop.de\/?product=quicheform-floral-orange-tranquillo\" \/>\n<meta property=\"og:locale\" content=\"de_DE\" \/>\n<meta property=\"og:type\" content=\"article\" \/>\n<meta property=\"og:title\" content=\"Quicheform *Floral* orange Tranquillo - Regalino -Lively Style\" \/>\n<meta property=\"og:description\" content=\"wundersch\u00f6ne Quicheform aus Steinzeug mit handgestempeltem Print\" \/>\n<meta property=\"og:url\" content=\"https:\/\/Regalino-Shop.de\/?product=quicheform-floral-orange-tranquillo\" \/>\n<meta property=\"og:site_name\" content=\"Regalino -Lively Style\" \/>\n<meta property=\"article:modified_time\" content=\"2026-02-03T14:47:43+00:00\" \/>\n<meta property=\"og:image\" content=\"https:\/\/Regalino-Shop.de\/wp-content\/uploads\/2025\/09\/Quiche-form-tranquillo-floral-orange-mood2.webp\" \/>\n\t<meta property=\"og:image:width\" content=\"800\" \/>\n\t<meta property=\"og:image:height\" content=\"1200\" \/>\n\t<meta property=\"og:image:type\" content=\"image\/webp\" \/>\n<meta name=\"twitter:card\" content=\"summary_large_image\" \/>\n<meta name=\"twitter:label1\" content=\"Gesch\u00e4tzte Lesezeit\" \/>\n\t<meta name=\"twitter:data1\" content=\"1\u00a0Minute\" \/>\n<script type=\"application\/ld+json\" class=\"yoast-schema-graph\">{\"@context\":\"https:\\\/\\\/schema.org\",\"@graph\":[{\"@type\":\"WebPage\",\"@id\":\"https:\\\/\\\/Regalino-Shop.de\\\/?product=quicheform-floral-orange-tranquillo\",\"url\":\"https:\\\/\\\/Regalino-Shop.de\\\/?product=quicheform-floral-orange-tranquillo\",\"name\":\"Quicheform *Floral* orange Tranquillo - Regalino -Lively Style\",\"isPartOf\":{\"@id\":\"https:\\\/\\\/Regalino-Shop.de\\\/#website\"},\"primaryImageOfPage\":{\"@id\":\"https:\\\/\\\/Regalino-Shop.de\\\/?product=quicheform-floral-orange-tranquillo#primaryimage\"},\"image\":{\"@id\":\"https:\\\/\\\/Regalino-Shop.de\\\/?product=quicheform-floral-orange-tranquillo#primaryimage\"},\"thumbnailUrl\":\"https:\\\/\\\/Regalino-Shop.de\\\/wp-content\\\/uploads\\\/2025\\\/09\\\/Quiche-form-tranquillo-floral-orange-mood2.webp\",\"datePublished\":\"2025-08-15T10:38:46+00:00\",\"dateModified\":\"2026-02-03T14:47:43+00:00\",\"description\":\"wundersch\u00f6ne Quicheform aus Steinzeug mit handgestempeltem Print\",\"breadcrumb\":{\"@id\":\"https:\\\/\\\/Regalino-Shop.de\\\/?product=quicheform-floral-orange-tranquillo#breadcrumb\"},\"inLanguage\":\"de\",\"potentialAction\":[{\"@type\":\"ReadAction\",\"target\":[\"https:\\\/\\\/Regalino-Shop.de\\\/?product=quicheform-floral-orange-tranquillo\"]}]},{\"@type\":\"ImageObject\",\"inLanguage\":\"de\",\"@id\":\"https:\\\/\\\/Regalino-Shop.de\\\/?product=quicheform-floral-orange-tranquillo#primaryimage\",\"url\":\"https:\\\/\\\/Regalino-Shop.de\\\/wp-content\\\/uploads\\\/2025\\\/09\\\/Quiche-form-tranquillo-floral-orange-mood2.webp\",\"contentUrl\":\"https:\\\/\\\/Regalino-Shop.de\\\/wp-content\\\/uploads\\\/2025\\\/09\\\/Quiche-form-tranquillo-floral-orange-mood2.webp\",\"width\":800,\"height\":1200,\"caption\":\"Auflaufform\"},{\"@type\":\"BreadcrumbList\",\"@id\":\"https:\\\/\\\/Regalino-Shop.de\\\/?product=quicheform-floral-orange-tranquillo#breadcrumb\",\"itemListElement\":[{\"@type\":\"ListItem\",\"position\":1,\"name\":\"Startseite\",\"item\":\"https:\\\/\\\/Regalino-Shop.de\\\/\"},{\"@type\":\"ListItem\",\"position\":2,\"name\":\"Shop\",\"item\":\"https:\\\/\\\/Regalino-Shop.de\\\/?page_id=40\"},{\"@type\":\"ListItem\",\"position\":3,\"name\":\"Quicheform *Floral* orange Tranquillo\"}]},{\"@type\":\"WebSite\",\"@id\":\"https:\\\/\\\/Regalino-Shop.de\\\/#website\",\"url\":\"https:\\\/\\\/Regalino-Shop.de\\\/\",\"name\":\"Regalino -Lively Style\",\"description\":\"gelebtes Zuhause\",\"potentialAction\":[{\"@type\":\"SearchAction\",\"target\":{\"@type\":\"EntryPoint\",\"urlTemplate\":\"https:\\\/\\\/Regalino-Shop.de\\\/?s={search_term_string}\"},\"query-input\":{\"@type\":\"PropertyValueSpecification\",\"valueRequired\":true,\"valueName\":\"search_term_string\"}}],\"inLanguage\":\"de\"}]}<\/script>\n<!-- \/ Yoast SEO plugin. -->","yoast_head_json":{"title":"Quicheform *Floral* orange Tranquillo - Regalino -Lively Style","description":"wundersch\u00f6ne Quicheform aus Steinzeug mit handgestempeltem Print","robots":{"index":"index","follow":"follow","max-snippet":"max-snippet:-1","max-image-preview":"max-image-preview:large","max-video-preview":"max-video-preview:-1"},"canonical":"https:\/\/Regalino-Shop.de\/?product=quicheform-floral-orange-tranquillo","og_locale":"de_DE","og_type":"article","og_title":"Quicheform *Floral* orange Tranquillo - Regalino -Lively Style","og_description":"wundersch\u00f6ne Quicheform aus Steinzeug mit handgestempeltem Print","og_url":"https:\/\/Regalino-Shop.de\/?product=quicheform-floral-orange-tranquillo","og_site_name":"Regalino -Lively Style","article_modified_time":"2026-02-03T14:47:43+00:00","og_image":[{"width":800,"height":1200,"url":"https:\/\/Regalino-Shop.de\/wp-content\/uploads\/2025\/09\/Quiche-form-tranquillo-floral-orange-mood2.webp","type":"image\/webp"}],"twitter_card":"summary_large_image","twitter_misc":{"Gesch\u00e4tzte Lesezeit":"1\u00a0Minute"},"schema":{"@context":"https:\/\/schema.org","@graph":[{"@type":"WebPage","@id":"https:\/\/Regalino-Shop.de\/?product=quicheform-floral-orange-tranquillo","url":"https:\/\/Regalino-Shop.de\/?product=quicheform-floral-orange-tranquillo","name":"Quicheform *Floral* orange Tranquillo - Regalino -Lively Style","isPartOf":{"@id":"https:\/\/Regalino-Shop.de\/#website"},"primaryImageOfPage":{"@id":"https:\/\/Regalino-Shop.de\/?product=quicheform-floral-orange-tranquillo#primaryimage"},"image":{"@id":"https:\/\/Regalino-Shop.de\/?product=quicheform-floral-orange-tranquillo#primaryimage"},"thumbnailUrl":"https:\/\/Regalino-Shop.de\/wp-content\/uploads\/2025\/09\/Quiche-form-tranquillo-floral-orange-mood2.webp","datePublished":"2025-08-15T10:38:46+00:00","dateModified":"2026-02-03T14:47:43+00:00","description":"wundersch\u00f6ne Quicheform aus Steinzeug mit handgestempeltem Print","breadcrumb":{"@id":"https:\/\/Regalino-Shop.de\/?product=quicheform-floral-orange-tranquillo#breadcrumb"},"inLanguage":"de","potentialAction":[{"@type":"ReadAction","target":["https:\/\/Regalino-Shop.de\/?product=quicheform-floral-orange-tranquillo"]}]},{"@type":"ImageObject","inLanguage":"de","@id":"https:\/\/Regalino-Shop.de\/?product=quicheform-floral-orange-tranquillo#primaryimage","url":"https:\/\/Regalino-Shop.de\/wp-content\/uploads\/2025\/09\/Quiche-form-tranquillo-floral-orange-mood2.webp","contentUrl":"https:\/\/Regalino-Shop.de\/wp-content\/uploads\/2025\/09\/Quiche-form-tranquillo-floral-orange-mood2.webp","width":800,"height":1200,"caption":"Auflaufform"},{"@type":"BreadcrumbList","@id":"https:\/\/Regalino-Shop.de\/?product=quicheform-floral-orange-tranquillo#breadcrumb","itemListElement":[{"@type":"ListItem","position":1,"name":"Startseite","item":"https:\/\/Regalino-Shop.de\/"},{"@type":"ListItem","position":2,"name":"Shop","item":"https:\/\/Regalino-Shop.de\/?page_id=40"},{"@type":"ListItem","position":3,"name":"Quicheform *Floral* orange Tranquillo"}]},{"@type":"WebSite","@id":"https:\/\/Regalino-Shop.de\/#website","url":"https:\/\/Regalino-Shop.de\/","name":"Regalino -Lively Style","description":"gelebtes Zuhause","potentialAction":[{"@type":"SearchAction","target":{"@type":"EntryPoint","urlTemplate":"https:\/\/Regalino-Shop.de\/?s={search_term_string}"},"query-input":{"@type":"PropertyValueSpecification","valueRequired":true,"valueName":"search_term_string"}}],"inLanguage":"de"}]}},"_links":{"self":[{"href":"https:\/\/Regalino-Shop.de\/index.php?rest_route=\/wp\/v2\/product\/16859","targetHints":{"allow":["GET"]}}],"collection":[{"href":"https:\/\/Regalino-Shop.de\/index.php?rest_route=\/wp\/v2\/product"}],"about":[{"href":"https:\/\/Regalino-Shop.de\/index.php?rest_route=\/wp\/v2\/types\/product"}],"wp:featuredmedia":[{"embeddable":true,"href":"https:\/\/Regalino-Shop.de\/index.php?rest_route=\/wp\/v2\/media\/16861"}],"wp:attachment":[{"href":"https:\/\/Regalino-Shop.de\/index.php?rest_route=%2Fwp%2Fv2%2Fmedia&parent=16859"}],"wp:term":[{"taxonomy":"product_brand","embeddable":true,"href":"https:\/\/Regalino-Shop.de\/index.php?rest_route=%2Fwp%2Fv2%2Fproduct_brand&post=16859"},{"taxonomy":"product_cat","embeddable":true,"href":"https:\/\/Regalino-Shop.de\/index.php?rest_route=%2Fwp%2Fv2%2Fproduct_cat&post=16859"},{"taxonomy":"product_tag","embeddable":true,"href":"https:\/\/Regalino-Shop.de\/index.php?rest_route=%2Fwp%2Fv2%2Fproduct_tag&post=16859"}],"curies":[{"name":"wp","href":"https:\/\/api.w.org\/{rel}","templated":true}]}}