{"id":16954,"date":"2025-09-09T09:41:40","date_gmt":"2025-09-09T09:41:40","guid":{"rendered":"https:\/\/Regalino-Shop.de\/?post_type=product&#038;p=16954"},"modified":"2026-03-11T14:34:34","modified_gmt":"2026-03-11T14:34:34","slug":"tragbare-tischlampe-ufo-brushed-gold-von-chic-mic","status":"publish","type":"product","link":"https:\/\/Regalino-Shop.de\/?product=tragbare-tischlampe-ufo-brushed-gold-von-chic-mic","title":{"rendered":"tragbare Tischlampe *Ufo* brushed gold von chic.mic"},"content":{"rendered":"","protected":false},"excerpt":{"rendered":"<div class=\"product--description block\">\n<h3>wow.. tolles Stimmungslicht<\/h3>\n<p>tragbare Tischlampe, f\u00fcr jeden Raum oder auch auf der Terrasse, im Camper und mehr<\/p>\n<ul>\n<li>Ber\u00fchrungsschalter: Ein sanfter Tipp gen\u00fcgt \u2013 steuer die Lampe ganz intuitiv<\/li>\n<li>Stufenlos dimmbar: Pass die Lichtintensit\u00e4t ganz nach deinen W\u00fcnschen an und schaff die perfekte Atmosph\u00e4re<\/li>\n<li>Einstellbare Farbtemperatur: W\u00e4hle zwischen warmem und k\u00fchlem Licht f\u00fcr eine individuelle Beleuchtung<\/li>\n<li>Intelligente Speicherfunktion: Die Lampe merkt sich Ihre bevorzugte Lichtintensit\u00e4t und Farbtemperatur f\u00fcr eine m\u00fchelose Nutzung<\/li>\n<li>Niedriger Batteriestand-Warnung: Keine unerwarteten \u00dcberraschungen \u2013 die Lampe informiert rechtzeitig \u00fcber den Batteriestand<\/li>\n<li>Schnelle Aufladung: In nur 5 Stunden aufgeladen, sorgt die Lampe f\u00fcr eine beeindruckende Betriebszeit von 10 bis 120 Stunden<\/li>\n<li>Schutzfunktion: Bei \u00dcberlastung der Batterie sorgt die integrierte Schutzfunktion f\u00fcr zus\u00e4tzliche Sicherheit<\/li>\n<li>Ma\u00dfe<strong>:<\/strong> 13,5 x 25,8 x 7,5 cm \u2013 perfekt f\u00fcr jeden Tisch oder Nachttisch<\/li>\n<\/ul>\n<p>Lieferumfang: 1 Tischlampe<\/p>\n<p>&nbsp;<\/p>\n<\/div>\n","protected":false},"featured_media":16956,"template":"","meta":{"_et_pb_use_builder":"","_et_pb_old_content":"","_et_gb_content_width":""},"product_brand":[1857],"product_cat":[86,62],"product_tag":[858,632,334,1400,249,1841,1842,1756],"class_list":{"0":"post-16954","1":"product","2":"type-product","3":"status-publish","4":"has-post-thumbnail","6":"product_brand-chic-mic","7":"product_cat-garten-balkon-schoene-lieblingsstuecke-fuer-draussen-regalino","8":"product_cat-licht-lampen-kerzen-im-scandi-breton-stil-regalino","9":"product_tag-camper","10":"product_tag-garten","11":"product_tag-kinderzimmer","12":"product_tag-nachtlicht","13":"product_tag-outdoor","14":"product_tag-stilllicht","15":"product_tag-tischlampe","16":"product_tag-wohnwagen","18":"first","19":"instock","20":"taxable","21":"shipping-taxable","22":"purchasable","23":"product-type-simple"},"yoast_head":"<!-- This site is optimized with the Yoast SEO plugin v27.5 - https:\/\/yoast.com\/product\/yoast-seo-wordpress\/ -->\n<title>tragbare Tischlampe *Ufo* brushed gold von chic.mic - Regalino -Lively Style<\/title>\n<meta name=\"description\" content=\"tragbare Tischlampe, f\u00fcr jeden Raum oder auch auf der Terrasse, im Camper und mehr - stufenlos dimmbar\" \/>\n<meta name=\"robots\" content=\"index, follow, max-snippet:-1, max-image-preview:large, max-video-preview:-1\" \/>\n<link rel=\"canonical\" href=\"https:\/\/Regalino-Shop.de\/?product=tragbare-tischlampe-ufo-brushed-gold-von-chic-mic\" \/>\n<meta property=\"og:locale\" content=\"de_DE\" \/>\n<meta property=\"og:type\" content=\"article\" \/>\n<meta property=\"og:title\" content=\"tragbare Tischlampe *Ufo* brushed gold von chic.mic - Regalino -Lively Style\" \/>\n<meta property=\"og:description\" content=\"tragbare Tischlampe, f\u00fcr jeden Raum oder auch auf der Terrasse, im Camper und mehr - stufenlos dimmbar\" \/>\n<meta property=\"og:url\" content=\"https:\/\/Regalino-Shop.de\/?product=tragbare-tischlampe-ufo-brushed-gold-von-chic-mic\" \/>\n<meta property=\"og:site_name\" content=\"Regalino -Lively Style\" \/>\n<meta property=\"article:modified_time\" content=\"2026-03-11T14:34:34+00:00\" \/>\n<meta property=\"og:image\" content=\"https:\/\/Regalino-Shop.de\/wp-content\/uploads\/2025\/09\/Ufo-Tischlampe-Chicmic-LED1.jpg\" \/>\n\t<meta property=\"og:image:width\" content=\"723\" \/>\n\t<meta property=\"og:image:height\" content=\"685\" \/>\n\t<meta property=\"og:image:type\" content=\"image\/jpeg\" \/>\n<meta name=\"twitter:card\" content=\"summary_large_image\" \/>\n<meta name=\"twitter:label1\" content=\"Gesch\u00e4tzte Lesezeit\" \/>\n\t<meta name=\"twitter:data1\" content=\"1\u00a0Minute\" \/>\n<script type=\"application\/ld+json\" class=\"yoast-schema-graph\">{\"@context\":\"https:\\\/\\\/schema.org\",\"@graph\":[{\"@type\":\"WebPage\",\"@id\":\"https:\\\/\\\/Regalino-Shop.de\\\/?product=tragbare-tischlampe-ufo-brushed-gold-von-chic-mic\",\"url\":\"https:\\\/\\\/Regalino-Shop.de\\\/?product=tragbare-tischlampe-ufo-brushed-gold-von-chic-mic\",\"name\":\"tragbare Tischlampe *Ufo* brushed gold von chic.mic - Regalino -Lively Style\",\"isPartOf\":{\"@id\":\"https:\\\/\\\/Regalino-Shop.de\\\/#website\"},\"primaryImageOfPage\":{\"@id\":\"https:\\\/\\\/Regalino-Shop.de\\\/?product=tragbare-tischlampe-ufo-brushed-gold-von-chic-mic#primaryimage\"},\"image\":{\"@id\":\"https:\\\/\\\/Regalino-Shop.de\\\/?product=tragbare-tischlampe-ufo-brushed-gold-von-chic-mic#primaryimage\"},\"thumbnailUrl\":\"https:\\\/\\\/Regalino-Shop.de\\\/wp-content\\\/uploads\\\/2025\\\/09\\\/Ufo-Tischlampe-Chicmic-LED1.jpg\",\"datePublished\":\"2025-09-09T09:41:40+00:00\",\"dateModified\":\"2026-03-11T14:34:34+00:00\",\"description\":\"tragbare Tischlampe, f\u00fcr jeden Raum oder auch auf der Terrasse, im Camper und mehr - stufenlos dimmbar\",\"breadcrumb\":{\"@id\":\"https:\\\/\\\/Regalino-Shop.de\\\/?product=tragbare-tischlampe-ufo-brushed-gold-von-chic-mic#breadcrumb\"},\"inLanguage\":\"de\",\"potentialAction\":[{\"@type\":\"ReadAction\",\"target\":[\"https:\\\/\\\/Regalino-Shop.de\\\/?product=tragbare-tischlampe-ufo-brushed-gold-von-chic-mic\"]}]},{\"@type\":\"ImageObject\",\"inLanguage\":\"de\",\"@id\":\"https:\\\/\\\/Regalino-Shop.de\\\/?product=tragbare-tischlampe-ufo-brushed-gold-von-chic-mic#primaryimage\",\"url\":\"https:\\\/\\\/Regalino-Shop.de\\\/wp-content\\\/uploads\\\/2025\\\/09\\\/Ufo-Tischlampe-Chicmic-LED1.jpg\",\"contentUrl\":\"https:\\\/\\\/Regalino-Shop.de\\\/wp-content\\\/uploads\\\/2025\\\/09\\\/Ufo-Tischlampe-Chicmic-LED1.jpg\",\"width\":723,\"height\":685,\"caption\":\"Ufo Tischlampe LED aufladbar\"},{\"@type\":\"BreadcrumbList\",\"@id\":\"https:\\\/\\\/Regalino-Shop.de\\\/?product=tragbare-tischlampe-ufo-brushed-gold-von-chic-mic#breadcrumb\",\"itemListElement\":[{\"@type\":\"ListItem\",\"position\":1,\"name\":\"Startseite\",\"item\":\"https:\\\/\\\/Regalino-Shop.de\\\/\"},{\"@type\":\"ListItem\",\"position\":2,\"name\":\"Shop\",\"item\":\"https:\\\/\\\/Regalino-Shop.de\\\/?page_id=40\"},{\"@type\":\"ListItem\",\"position\":3,\"name\":\"tragbare Tischlampe *Ufo* brushed gold von chic.mic\"}]},{\"@type\":\"WebSite\",\"@id\":\"https:\\\/\\\/Regalino-Shop.de\\\/#website\",\"url\":\"https:\\\/\\\/Regalino-Shop.de\\\/\",\"name\":\"Regalino -Lively Style\",\"description\":\"gelebtes Zuhause\",\"potentialAction\":[{\"@type\":\"SearchAction\",\"target\":{\"@type\":\"EntryPoint\",\"urlTemplate\":\"https:\\\/\\\/Regalino-Shop.de\\\/?s={search_term_string}\"},\"query-input\":{\"@type\":\"PropertyValueSpecification\",\"valueRequired\":true,\"valueName\":\"search_term_string\"}}],\"inLanguage\":\"de\"}]}<\/script>\n<!-- \/ Yoast SEO plugin. -->","yoast_head_json":{"title":"tragbare Tischlampe *Ufo* brushed gold von chic.mic - Regalino -Lively Style","description":"tragbare Tischlampe, f\u00fcr jeden Raum oder auch auf der Terrasse, im Camper und mehr - stufenlos dimmbar","robots":{"index":"index","follow":"follow","max-snippet":"max-snippet:-1","max-image-preview":"max-image-preview:large","max-video-preview":"max-video-preview:-1"},"canonical":"https:\/\/Regalino-Shop.de\/?product=tragbare-tischlampe-ufo-brushed-gold-von-chic-mic","og_locale":"de_DE","og_type":"article","og_title":"tragbare Tischlampe *Ufo* brushed gold von chic.mic - Regalino -Lively Style","og_description":"tragbare Tischlampe, f\u00fcr jeden Raum oder auch auf der Terrasse, im Camper und mehr - stufenlos dimmbar","og_url":"https:\/\/Regalino-Shop.de\/?product=tragbare-tischlampe-ufo-brushed-gold-von-chic-mic","og_site_name":"Regalino -Lively Style","article_modified_time":"2026-03-11T14:34:34+00:00","og_image":[{"width":723,"height":685,"url":"https:\/\/Regalino-Shop.de\/wp-content\/uploads\/2025\/09\/Ufo-Tischlampe-Chicmic-LED1.jpg","type":"image\/jpeg"}],"twitter_card":"summary_large_image","twitter_misc":{"Gesch\u00e4tzte Lesezeit":"1\u00a0Minute"},"schema":{"@context":"https:\/\/schema.org","@graph":[{"@type":"WebPage","@id":"https:\/\/Regalino-Shop.de\/?product=tragbare-tischlampe-ufo-brushed-gold-von-chic-mic","url":"https:\/\/Regalino-Shop.de\/?product=tragbare-tischlampe-ufo-brushed-gold-von-chic-mic","name":"tragbare Tischlampe *Ufo* brushed gold von chic.mic - Regalino -Lively Style","isPartOf":{"@id":"https:\/\/Regalino-Shop.de\/#website"},"primaryImageOfPage":{"@id":"https:\/\/Regalino-Shop.de\/?product=tragbare-tischlampe-ufo-brushed-gold-von-chic-mic#primaryimage"},"image":{"@id":"https:\/\/Regalino-Shop.de\/?product=tragbare-tischlampe-ufo-brushed-gold-von-chic-mic#primaryimage"},"thumbnailUrl":"https:\/\/Regalino-Shop.de\/wp-content\/uploads\/2025\/09\/Ufo-Tischlampe-Chicmic-LED1.jpg","datePublished":"2025-09-09T09:41:40+00:00","dateModified":"2026-03-11T14:34:34+00:00","description":"tragbare Tischlampe, f\u00fcr jeden Raum oder auch auf der Terrasse, im Camper und mehr - stufenlos dimmbar","breadcrumb":{"@id":"https:\/\/Regalino-Shop.de\/?product=tragbare-tischlampe-ufo-brushed-gold-von-chic-mic#breadcrumb"},"inLanguage":"de","potentialAction":[{"@type":"ReadAction","target":["https:\/\/Regalino-Shop.de\/?product=tragbare-tischlampe-ufo-brushed-gold-von-chic-mic"]}]},{"@type":"ImageObject","inLanguage":"de","@id":"https:\/\/Regalino-Shop.de\/?product=tragbare-tischlampe-ufo-brushed-gold-von-chic-mic#primaryimage","url":"https:\/\/Regalino-Shop.de\/wp-content\/uploads\/2025\/09\/Ufo-Tischlampe-Chicmic-LED1.jpg","contentUrl":"https:\/\/Regalino-Shop.de\/wp-content\/uploads\/2025\/09\/Ufo-Tischlampe-Chicmic-LED1.jpg","width":723,"height":685,"caption":"Ufo Tischlampe LED aufladbar"},{"@type":"BreadcrumbList","@id":"https:\/\/Regalino-Shop.de\/?product=tragbare-tischlampe-ufo-brushed-gold-von-chic-mic#breadcrumb","itemListElement":[{"@type":"ListItem","position":1,"name":"Startseite","item":"https:\/\/Regalino-Shop.de\/"},{"@type":"ListItem","position":2,"name":"Shop","item":"https:\/\/Regalino-Shop.de\/?page_id=40"},{"@type":"ListItem","position":3,"name":"tragbare Tischlampe *Ufo* brushed gold von chic.mic"}]},{"@type":"WebSite","@id":"https:\/\/Regalino-Shop.de\/#website","url":"https:\/\/Regalino-Shop.de\/","name":"Regalino -Lively Style","description":"gelebtes Zuhause","potentialAction":[{"@type":"SearchAction","target":{"@type":"EntryPoint","urlTemplate":"https:\/\/Regalino-Shop.de\/?s={search_term_string}"},"query-input":{"@type":"PropertyValueSpecification","valueRequired":true,"valueName":"search_term_string"}}],"inLanguage":"de"}]}},"_links":{"self":[{"href":"https:\/\/Regalino-Shop.de\/index.php?rest_route=\/wp\/v2\/product\/16954","targetHints":{"allow":["GET"]}}],"collection":[{"href":"https:\/\/Regalino-Shop.de\/index.php?rest_route=\/wp\/v2\/product"}],"about":[{"href":"https:\/\/Regalino-Shop.de\/index.php?rest_route=\/wp\/v2\/types\/product"}],"wp:featuredmedia":[{"embeddable":true,"href":"https:\/\/Regalino-Shop.de\/index.php?rest_route=\/wp\/v2\/media\/16956"}],"wp:attachment":[{"href":"https:\/\/Regalino-Shop.de\/index.php?rest_route=%2Fwp%2Fv2%2Fmedia&parent=16954"}],"wp:term":[{"taxonomy":"product_brand","embeddable":true,"href":"https:\/\/Regalino-Shop.de\/index.php?rest_route=%2Fwp%2Fv2%2Fproduct_brand&post=16954"},{"taxonomy":"product_cat","embeddable":true,"href":"https:\/\/Regalino-Shop.de\/index.php?rest_route=%2Fwp%2Fv2%2Fproduct_cat&post=16954"},{"taxonomy":"product_tag","embeddable":true,"href":"https:\/\/Regalino-Shop.de\/index.php?rest_route=%2Fwp%2Fv2%2Fproduct_tag&post=16954"}],"curies":[{"name":"wp","href":"https:\/\/api.w.org\/{rel}","templated":true}]}}