{"id":17138,"date":"2025-10-14T10:06:46","date_gmt":"2025-10-14T10:06:46","guid":{"rendered":"https:\/\/Regalino-Shop.de\/?post_type=product&#038;p=17138"},"modified":"2026-03-31T15:49:13","modified_gmt":"2026-03-31T15:49:13","slug":"trau-dich-koala","status":"publish","type":"product","link":"https:\/\/Regalino-Shop.de\/?product=trau-dich-koala","title":{"rendered":"Trau dich Koala"},"content":{"rendered":"","protected":false},"excerpt":{"rendered":"<div class=\"subtitle mt-1\">\n<h3 class=\"h3\">Ein Bilderbuch f\u00fcr Kinder ab 3 Jahren \u00fcber Gef\u00fchle wie Mut und Selbstvertrauen<\/h3>\n<\/div>\n<div class=\"description mt-3\">\n<p>Kimi Koala ist der heimliche K\u00f6nig des Dschungels: K\u00f6nig Bewegungslos! Denn\u00a0seinen geliebten Eukalyptusbaum hat er noch nie verlassen, denn hinter jeder Ver\u00e4nderung vermutet er eine Gefahr. Doch dann wird sein gesamtes Leben auf den Kopf gestellt \u2013 und Kimi erkennt, dass etwas Neues auch durchaus sch\u00f6n sein kann\u2026<\/p>\n<p>Das zweite Buch aus der erfolgreichen\u00a0<em>Bright\/Field<\/em>-Reihe. Alle B\u00fccher k\u00f6nnen unabh\u00e4ngig voneinander vorgelesen werden.<\/p>\n<p>Ein wundervolles Bilderbuch zum Vorlesen von Jim Field und Rachel Bright \u00fcber einen kleinen Koalab\u00e4ren in Australien, der gro\u00dfen Mut beweist.<\/p>\n<\/div>\n<section class=\"artikeldetail\">\n<ul>\n<li>\n<div class=\"age label col-6\">Altersempfehlung:\u00a0ab 3 Jahren<\/div>\n<\/li>\n<li>\n<div class=\"pages label col-6\">Seiten:\u00a032<\/div>\n<\/li>\n<li>\n<div class=\"pages label col-6\">\u00dcbersetzt von: Pia J\u00fcngert<\/div>\n<\/li>\n<li>\n<div class=\"date label col-6\">Erscheinungsdatum: 18. Januar 2017<\/div>\n<\/li>\n<li>\n<div class=\"date label col-6\">Format:\u00a024,5 x 30,5 x 0,9 cm<\/div>\n<\/li>\n<li>\n<div class=\"date label col-6\">ISBN: 978-3-7348-2028-1<\/div>\n<\/li>\n<\/ul>\n<p>&nbsp;<\/p>\n<\/section>\n","protected":false},"featured_media":17139,"template":"","meta":{"_et_pb_use_builder":"","_et_pb_old_content":"","_et_gb_content_width":""},"product_brand":[1961],"product_cat":[1781,96],"product_tag":[1821,1962,1178,912],"class_list":{"0":"post-17138","1":"product","2":"type-product","3":"status-publish","4":"has-post-thumbnail","6":"product_brand-magellan-verlag","7":"product_cat-vorlesen-bilderbuecher-fuer-kinder-regalino","8":"product_cat-buecher-fuer-erwachsene-besondere-lieblingsstuecke-regalino","9":"product_tag-bilderbuch","10":"product_tag-mut","11":"product_tag-selbstvertrauen","12":"product_tag-vorlesebuch","14":"first","15":"instock","16":"taxable","17":"shipping-taxable","18":"purchasable","19":"product-type-simple"},"yoast_head":"<!-- This site is optimized with the Yoast SEO plugin v27.5 - https:\/\/yoast.com\/product\/yoast-seo-wordpress\/ -->\n<title>Trau dich Koala - Regalino -Lively Style<\/title>\n<meta name=\"description\" content=\"Ein Bilderbuch f\u00fcr Kinder ab 3 Jahren \u00fcber Gef\u00fchle wie Mut und Selbstvertrauen\" \/>\n<meta name=\"robots\" content=\"index, follow, max-snippet:-1, max-image-preview:large, max-video-preview:-1\" \/>\n<link rel=\"canonical\" href=\"https:\/\/Regalino-Shop.de\/?product=trau-dich-koala\" \/>\n<meta property=\"og:locale\" content=\"de_DE\" \/>\n<meta property=\"og:type\" content=\"article\" \/>\n<meta property=\"og:title\" content=\"Trau dich Koala - Regalino -Lively Style\" \/>\n<meta property=\"og:description\" content=\"Ein Bilderbuch f\u00fcr Kinder ab 3 Jahren \u00fcber Gef\u00fchle wie Mut und Selbstvertrauen\" \/>\n<meta property=\"og:url\" content=\"https:\/\/Regalino-Shop.de\/?product=trau-dich-koala\" \/>\n<meta property=\"og:site_name\" content=\"Regalino -Lively Style\" \/>\n<meta property=\"article:modified_time\" content=\"2026-03-31T15:49:13+00:00\" \/>\n<meta property=\"og:image\" content=\"https:\/\/Regalino-Shop.de\/wp-content\/uploads\/2025\/10\/bilderbuch-vorlesen-mutig-sein-jim-field-australien-koala.jpg\" \/>\n\t<meta property=\"og:image:width\" content=\"1000\" \/>\n\t<meta property=\"og:image:height\" content=\"1244\" \/>\n\t<meta property=\"og:image:type\" content=\"image\/jpeg\" \/>\n<meta name=\"twitter:card\" content=\"summary_large_image\" \/>\n<meta name=\"twitter:label1\" content=\"Gesch\u00e4tzte Lesezeit\" \/>\n\t<meta name=\"twitter:data1\" content=\"1\u00a0Minute\" \/>\n<script type=\"application\/ld+json\" class=\"yoast-schema-graph\">{\"@context\":\"https:\\\/\\\/schema.org\",\"@graph\":[{\"@type\":\"WebPage\",\"@id\":\"https:\\\/\\\/Regalino-Shop.de\\\/?product=trau-dich-koala\",\"url\":\"https:\\\/\\\/Regalino-Shop.de\\\/?product=trau-dich-koala\",\"name\":\"Trau dich Koala - Regalino -Lively Style\",\"isPartOf\":{\"@id\":\"https:\\\/\\\/Regalino-Shop.de\\\/#website\"},\"primaryImageOfPage\":{\"@id\":\"https:\\\/\\\/Regalino-Shop.de\\\/?product=trau-dich-koala#primaryimage\"},\"image\":{\"@id\":\"https:\\\/\\\/Regalino-Shop.de\\\/?product=trau-dich-koala#primaryimage\"},\"thumbnailUrl\":\"https:\\\/\\\/Regalino-Shop.de\\\/wp-content\\\/uploads\\\/2025\\\/10\\\/bilderbuch-vorlesen-mutig-sein-jim-field-australien-koala.jpg\",\"datePublished\":\"2025-10-14T10:06:46+00:00\",\"dateModified\":\"2026-03-31T15:49:13+00:00\",\"description\":\"Ein Bilderbuch f\u00fcr Kinder ab 3 Jahren \u00fcber Gef\u00fchle wie Mut und Selbstvertrauen\",\"breadcrumb\":{\"@id\":\"https:\\\/\\\/Regalino-Shop.de\\\/?product=trau-dich-koala#breadcrumb\"},\"inLanguage\":\"de\",\"potentialAction\":[{\"@type\":\"ReadAction\",\"target\":[\"https:\\\/\\\/Regalino-Shop.de\\\/?product=trau-dich-koala\"]}]},{\"@type\":\"ImageObject\",\"inLanguage\":\"de\",\"@id\":\"https:\\\/\\\/Regalino-Shop.de\\\/?product=trau-dich-koala#primaryimage\",\"url\":\"https:\\\/\\\/Regalino-Shop.de\\\/wp-content\\\/uploads\\\/2025\\\/10\\\/bilderbuch-vorlesen-mutig-sein-jim-field-australien-koala.jpg\",\"contentUrl\":\"https:\\\/\\\/Regalino-Shop.de\\\/wp-content\\\/uploads\\\/2025\\\/10\\\/bilderbuch-vorlesen-mutig-sein-jim-field-australien-koala.jpg\",\"width\":1000,\"height\":1244,\"caption\":\"Kinderbuch Mut\"},{\"@type\":\"BreadcrumbList\",\"@id\":\"https:\\\/\\\/Regalino-Shop.de\\\/?product=trau-dich-koala#breadcrumb\",\"itemListElement\":[{\"@type\":\"ListItem\",\"position\":1,\"name\":\"Startseite\",\"item\":\"https:\\\/\\\/Regalino-Shop.de\\\/\"},{\"@type\":\"ListItem\",\"position\":2,\"name\":\"Shop\",\"item\":\"https:\\\/\\\/Regalino-Shop.de\\\/?page_id=40\"},{\"@type\":\"ListItem\",\"position\":3,\"name\":\"Trau dich Koala\"}]},{\"@type\":\"WebSite\",\"@id\":\"https:\\\/\\\/Regalino-Shop.de\\\/#website\",\"url\":\"https:\\\/\\\/Regalino-Shop.de\\\/\",\"name\":\"Regalino -Lively Style\",\"description\":\"gelebtes Zuhause\",\"potentialAction\":[{\"@type\":\"SearchAction\",\"target\":{\"@type\":\"EntryPoint\",\"urlTemplate\":\"https:\\\/\\\/Regalino-Shop.de\\\/?s={search_term_string}\"},\"query-input\":{\"@type\":\"PropertyValueSpecification\",\"valueRequired\":true,\"valueName\":\"search_term_string\"}}],\"inLanguage\":\"de\"}]}<\/script>\n<!-- \/ Yoast SEO plugin. -->","yoast_head_json":{"title":"Trau dich Koala - Regalino -Lively Style","description":"Ein Bilderbuch f\u00fcr Kinder ab 3 Jahren \u00fcber Gef\u00fchle wie Mut und Selbstvertrauen","robots":{"index":"index","follow":"follow","max-snippet":"max-snippet:-1","max-image-preview":"max-image-preview:large","max-video-preview":"max-video-preview:-1"},"canonical":"https:\/\/Regalino-Shop.de\/?product=trau-dich-koala","og_locale":"de_DE","og_type":"article","og_title":"Trau dich Koala - Regalino -Lively Style","og_description":"Ein Bilderbuch f\u00fcr Kinder ab 3 Jahren \u00fcber Gef\u00fchle wie Mut und Selbstvertrauen","og_url":"https:\/\/Regalino-Shop.de\/?product=trau-dich-koala","og_site_name":"Regalino -Lively Style","article_modified_time":"2026-03-31T15:49:13+00:00","og_image":[{"width":1000,"height":1244,"url":"https:\/\/Regalino-Shop.de\/wp-content\/uploads\/2025\/10\/bilderbuch-vorlesen-mutig-sein-jim-field-australien-koala.jpg","type":"image\/jpeg"}],"twitter_card":"summary_large_image","twitter_misc":{"Gesch\u00e4tzte Lesezeit":"1\u00a0Minute"},"schema":{"@context":"https:\/\/schema.org","@graph":[{"@type":"WebPage","@id":"https:\/\/Regalino-Shop.de\/?product=trau-dich-koala","url":"https:\/\/Regalino-Shop.de\/?product=trau-dich-koala","name":"Trau dich Koala - Regalino -Lively Style","isPartOf":{"@id":"https:\/\/Regalino-Shop.de\/#website"},"primaryImageOfPage":{"@id":"https:\/\/Regalino-Shop.de\/?product=trau-dich-koala#primaryimage"},"image":{"@id":"https:\/\/Regalino-Shop.de\/?product=trau-dich-koala#primaryimage"},"thumbnailUrl":"https:\/\/Regalino-Shop.de\/wp-content\/uploads\/2025\/10\/bilderbuch-vorlesen-mutig-sein-jim-field-australien-koala.jpg","datePublished":"2025-10-14T10:06:46+00:00","dateModified":"2026-03-31T15:49:13+00:00","description":"Ein Bilderbuch f\u00fcr Kinder ab 3 Jahren \u00fcber Gef\u00fchle wie Mut und Selbstvertrauen","breadcrumb":{"@id":"https:\/\/Regalino-Shop.de\/?product=trau-dich-koala#breadcrumb"},"inLanguage":"de","potentialAction":[{"@type":"ReadAction","target":["https:\/\/Regalino-Shop.de\/?product=trau-dich-koala"]}]},{"@type":"ImageObject","inLanguage":"de","@id":"https:\/\/Regalino-Shop.de\/?product=trau-dich-koala#primaryimage","url":"https:\/\/Regalino-Shop.de\/wp-content\/uploads\/2025\/10\/bilderbuch-vorlesen-mutig-sein-jim-field-australien-koala.jpg","contentUrl":"https:\/\/Regalino-Shop.de\/wp-content\/uploads\/2025\/10\/bilderbuch-vorlesen-mutig-sein-jim-field-australien-koala.jpg","width":1000,"height":1244,"caption":"Kinderbuch Mut"},{"@type":"BreadcrumbList","@id":"https:\/\/Regalino-Shop.de\/?product=trau-dich-koala#breadcrumb","itemListElement":[{"@type":"ListItem","position":1,"name":"Startseite","item":"https:\/\/Regalino-Shop.de\/"},{"@type":"ListItem","position":2,"name":"Shop","item":"https:\/\/Regalino-Shop.de\/?page_id=40"},{"@type":"ListItem","position":3,"name":"Trau dich Koala"}]},{"@type":"WebSite","@id":"https:\/\/Regalino-Shop.de\/#website","url":"https:\/\/Regalino-Shop.de\/","name":"Regalino -Lively Style","description":"gelebtes Zuhause","potentialAction":[{"@type":"SearchAction","target":{"@type":"EntryPoint","urlTemplate":"https:\/\/Regalino-Shop.de\/?s={search_term_string}"},"query-input":{"@type":"PropertyValueSpecification","valueRequired":true,"valueName":"search_term_string"}}],"inLanguage":"de"}]}},"_links":{"self":[{"href":"https:\/\/Regalino-Shop.de\/index.php?rest_route=\/wp\/v2\/product\/17138","targetHints":{"allow":["GET"]}}],"collection":[{"href":"https:\/\/Regalino-Shop.de\/index.php?rest_route=\/wp\/v2\/product"}],"about":[{"href":"https:\/\/Regalino-Shop.de\/index.php?rest_route=\/wp\/v2\/types\/product"}],"wp:featuredmedia":[{"embeddable":true,"href":"https:\/\/Regalino-Shop.de\/index.php?rest_route=\/wp\/v2\/media\/17139"}],"wp:attachment":[{"href":"https:\/\/Regalino-Shop.de\/index.php?rest_route=%2Fwp%2Fv2%2Fmedia&parent=17138"}],"wp:term":[{"taxonomy":"product_brand","embeddable":true,"href":"https:\/\/Regalino-Shop.de\/index.php?rest_route=%2Fwp%2Fv2%2Fproduct_brand&post=17138"},{"taxonomy":"product_cat","embeddable":true,"href":"https:\/\/Regalino-Shop.de\/index.php?rest_route=%2Fwp%2Fv2%2Fproduct_cat&post=17138"},{"taxonomy":"product_tag","embeddable":true,"href":"https:\/\/Regalino-Shop.de\/index.php?rest_route=%2Fwp%2Fv2%2Fproduct_tag&post=17138"}],"curies":[{"name":"wp","href":"https:\/\/api.w.org\/{rel}","templated":true}]}}